{"id":7488,"date":"2025-03-11T18:22:44","date_gmt":"2025-03-11T17:22:44","guid":{"rendered":"https:\/\/ai-xtech.eu\/?post_type=product&#038;p=7488"},"modified":"2026-04-08T11:57:35","modified_gmt":"2026-04-08T10:57:35","slug":"zenpeak-melleny","status":"publish","type":"product","link":"https:\/\/ai-xtech.eu\/zh\/product\/zenpeak-melleny\/","title":{"rendered":"ZenPeak \u80cc\u5fc3"},"content":{"rendered":"<h1><b>ZenPeak \u80cc\u5fc3<\/b><\/h1>\n<p>\u6570\u91cf\uff1a<strong> \u8ba2\u5355\u5904\u7406\u65f6\u95f4\uff1a4-8\u5468<\/strong><\/p>\n<p><span dir=\"auto\">\u8fd9\u6b3e\u72ec\u7acb\u80cc\u5fc3\u914d\u5907\u7535\u78c1\u573a\u611f\u5e94\u7ebf\u5708\uff0c\u5e76\u53ef\u5207\u6362\u81f3\u9759\u573a\u6a21\u5f0f\u3002\u8212\u9002\u8bbe\u8ba1\uff0c\u9002\u5408\u65e5\u5e38\u4f7f\u7528\uff0c\u65e0\u9700\u8fde\u63a5\u7535\u6e90\u63d2\u5ea7\u3002\u53d1\u751f\u5668\u53ef\u76f4\u63a5\u8fde\u63a5\u5230\u80cc\u5fc3\uff0c\u65b9\u4fbf\u5728\u623f\u95f4\u5185\u6216\u884c\u8d70\u65f6\u81ea\u7531\u6d3b\u52a8\u3002\u5176\u7279\u6027\u4e0e\u4f20\u7edf\u7ebf\u5708\u76f8\u540c\u3002.<\/span><\/p>\n<p><span dir=\"auto\">\u8be5\u6cbb\u7597\u7684\u4e00\u4e2a\u5173\u952e\u7279\u70b9\u662f\u53ef\u4ee5\u540c\u65f6\u4ece\u4e24\u4fa7\u6cbb\u7597\u66f4\u5927\u7684\u8eab\u4f53\u533a\u57df\u3002\u8fd9\u63d0\u9ad8\u4e86\u6548\u7387\u5e76\u7f29\u77ed\u4e86\u6cbb\u7597\u65f6\u95f4\u3002\u8fd9\u662f\u901a\u8fc7\u5347\u538b\u53d8\u538b\u5668\u5207\u6362\u5230\u9759\u6001\u6a21\u5f0f\u6765\u5b9e\u73b0\u7684\u3002\u6b64\u5916\uff0c\u8fd8\u91c7\u7528\u4e86\u53e6\u4e00\u79cd\u64cd\u4f5c\u80cc\u5fc3\u7684\u65b9\u6cd5\u3002\u8fd9\u79cd\u5229\u7528\u9759\u7535\u573a\u4f5c\u7528\u4e8e\u60a3\u8005\u7684\u65b9\u6cd5\u57fa\u4e8e\u8eab\u4f53\u4e0e\u4ea4\u53d8\u4f4e\u9891\u3001\u9ad8\u5f3a\u5ea6\u9759\u7535\u573a\u7684\u76f8\u4e92\u4f5c\u7528\u3002.<\/span><\/p>\n<p><span dir=\"auto\">\u9759\u7535\u573a\u4f1a\u5f15\u8d77\u4e0d\u540c\u7a0b\u5ea6\u7684\u7ec4\u7ec7\u632f\u52a8\uff0c\u5e76\u4f20\u64ad\u5230\u76f8\u5f53\u6df1\u7684\u7ec4\u7ec7\u3002\u8fd9\u4e9b\u7ec4\u7ec7\u632f\u52a8\uff08\u4f4d\u79fb\uff09\u53d6\u51b3\u4e8e\u5176\u9891\u7387\u3001\u5f3a\u5ea6\u548c\u4f5c\u7528\u6301\u7eed\u65f6\u95f4\uff0c\u53ef\u4ee5\u5f71\u54cd\u795e\u7ecf\u53d7\u4f53\u7cfb\u7edf\u3001\u5c40\u90e8\u8840\u6db2\u548c\u6dcb\u5df4\u7cfb\u7edf\uff0c\u8c03\u8282\u808c\u8089\u5f20\u529b\uff0c\u5e76\u5f71\u54cd\u5185\u810f\u5668\u5b98\u7684\u529f\u80fd\u72b6\u6001\u3002.<\/span><\/p>\n<p><span dir=\"auto\">\u6240\u63d0\u51fa\u7684\u9759\u7535\u7597\u6cd5\u53ef\u6709\u6548\u6cbb\u7597\u808c\u8089\u9aa8\u9abc\u7cfb\u7edf\u75be\u75c5\u3001\u4e2d\u67a2\u548c\u5468\u56f4\u795e\u7ecf\u7cfb\u7edf\u75be\u75c5\u3001\u6dcb\u5df4\u548c\u9759\u8109\u529f\u80fd\u4e0d\u5168\u4ee5\u53ca\u652f\u6c14\u7ba1\u80ba\u7cfb\u7edf\u548c\u6d88\u5316\u5668\u5b98\u75be\u75c5\u3002.<\/span><\/p>\n<p><span dir=\"auto\">\u7ec6\u8282\uff1a<\/span><\/p>\n<p><span dir=\"auto\">\u80cc\u5fc3\u5957\u4ef6\u5305\u62ec\u4e24\u4e2a\u4f4d\u4e8e\u80cc\u5fc3\u672c\u8eab\u7684\u96c6\u6210 MGTF \u7ebf\u5708\u3001\u4e00\u4e2a\u79fb\u52a8 300 kHz \u6b63\u5f26\u53d1\u7535\u673a\u3001\u4e00\u4e2a\u5145\u7535\u88c5\u7f6e\u548c\u4e00\u4e2a\u5347\u538b\u53d8\u538b\u5668\u3002.<\/span><\/p>","protected":false},"excerpt":{"rendered":"<p>A ZenPeak mell\u00e9ny Mennyis\u00e9g: 4-8 h\u00e9t rend\u00e9lesi ido \u00d6n\u00e1ll\u00f3 mell\u00e9ny elektrom\u00e1gneses mez\u0151 indukci\u00f3s tekercsekkel \u00e9s statikus mez\u0151 \u00fczemm\u00f3dba kapcsolhat\u00f3s\u00e1g\u00e1val. K\u00e9nyelmes, mindennapi haszn\u00e1latra tervezve, an\u00e9lk\u00fcl, hogy konnektorhoz kellene k\u00f6tni. A gener\u00e1tor k\u00f6zvetlen\u00fcl a mell\u00e9nyhez r\u00f6gz\u00edthet\u0151, \u00edgy szabad mozg\u00e1st biztos\u00edt a szob\u00e1ban vagy j\u00e1r\u00e1s k\u00f6zben. Ugyanazokkal a tulajdons\u00e1gokkal rendelkezik, mint a hagyom\u00e1nyos tekercsek. A kezel\u00e9s egyik kulcsfontoss\u00e1g\u00fa [&hellip;]<\/p>\n","protected":false},"featured_media":7489,"comment_status":"closed","ping_status":"closed","template":"","meta":{"_angie_page":false,"site-sidebar-layout":"default","site-content-layout":"","ast-site-content-layout":"default","site-content-style":"default","site-sidebar-style":"default","ast-global-header-display":"","ast-banner-title-visibility":"","ast-main-header-display":"","ast-hfb-above-header-display":"","ast-hfb-below-header-display":"","ast-hfb-mobile-header-display":"","site-post-title":"","ast-breadcrumbs-content":"","ast-featured-img":"","footer-sml-layout":"","ast-disable-related-posts":"","theme-transparent-header-meta":"default","adv-header-id-meta":"","stick-header-meta":"","header-above-stick-meta":"","header-main-stick-meta":"","header-below-stick-meta":"","astra-migrate-meta-layouts":"set","ast-page-background-enabled":"default","ast-page-background-meta":{"desktop":{"background-color":"","background-image":"","background-repeat":"repeat","background-position":"center center","background-size":"auto","background-attachment":"scroll","background-type":"","background-media":"","overlay-type":"","overlay-color":"","overlay-opacity":"","overlay-gradient":""},"tablet":{"background-color":"","background-image":"","background-repeat":"repeat","background-position":"center center","background-size":"auto","background-attachment":"scroll","background-type":"","background-media":"","overlay-type":"","overlay-color":"","overlay-opacity":"","overlay-gradient":""},"mobile":{"background-color":"","background-image":"","background-repeat":"repeat","background-position":"center center","background-size":"auto","background-attachment":"scroll","background-type":"","background-media":"","overlay-type":"","overlay-color":"","overlay-opacity":"","overlay-gradient":""}},"ast-content-background-meta":{"desktop":{"background-color":"var(--ast-global-color-5)","background-image":"","background-repeat":"repeat","background-position":"center center","background-size":"auto","background-attachment":"scroll","background-type":"","background-media":"","overlay-type":"","overlay-color":"","overlay-opacity":"","overlay-gradient":""},"tablet":{"background-color":"var(--ast-global-color-5)","background-image":"","background-repeat":"repeat","background-position":"center center","background-size":"auto","background-attachment":"scroll","background-type":"","background-media":"","overlay-type":"","overlay-color":"","overlay-opacity":"","overlay-gradient":""},"mobile":{"background-color":"var(--ast-global-color-5)","background-image":"","background-repeat":"repeat","background-position":"center center","background-size":"auto","background-attachment":"scroll","background-type":"","background-media":"","overlay-type":"","overlay-color":"","overlay-opacity":"","overlay-gradient":""}}},"product_brand":[],"product_cat":[22],"product_tag":[],"class_list":{"0":"post-7488","1":"product","2":"type-product","3":"status-publish","4":"has-post-thumbnail","6":"product_cat-hullamgenetikai-megoldasok","7":"product_shipping_class-free","8":"desktop-align-left","9":"tablet-align-left","10":"mobile-align-left","12":"first","13":"instock","14":"taxable","15":"shipping-taxable","16":"purchasable","17":"product-type-simple"},"_links":{"self":[{"href":"https:\/\/ai-xtech.eu\/zh\/wp-json\/wp\/v2\/product\/7488","targetHints":{"allow":["GET"]}}],"collection":[{"href":"https:\/\/ai-xtech.eu\/zh\/wp-json\/wp\/v2\/product"}],"about":[{"href":"https:\/\/ai-xtech.eu\/zh\/wp-json\/wp\/v2\/types\/product"}],"replies":[{"embeddable":true,"href":"https:\/\/ai-xtech.eu\/zh\/wp-json\/wp\/v2\/comments?post=7488"}],"version-history":[{"count":7,"href":"https:\/\/ai-xtech.eu\/zh\/wp-json\/wp\/v2\/product\/7488\/revisions"}],"predecessor-version":[{"id":8098,"href":"https:\/\/ai-xtech.eu\/zh\/wp-json\/wp\/v2\/product\/7488\/revisions\/8098"}],"wp:featuredmedia":[{"embeddable":true,"href":"https:\/\/ai-xtech.eu\/zh\/wp-json\/wp\/v2\/media\/7489"}],"wp:attachment":[{"href":"https:\/\/ai-xtech.eu\/zh\/wp-json\/wp\/v2\/media?parent=7488"}],"wp:term":[{"taxonomy":"product_brand","embeddable":true,"href":"https:\/\/ai-xtech.eu\/zh\/wp-json\/wp\/v2\/product_brand?post=7488"},{"taxonomy":"product_cat","embeddable":true,"href":"https:\/\/ai-xtech.eu\/zh\/wp-json\/wp\/v2\/product_cat?post=7488"},{"taxonomy":"product_tag","embeddable":true,"href":"https:\/\/ai-xtech.eu\/zh\/wp-json\/wp\/v2\/product_tag?post=7488"}],"curies":[{"name":"\u53ef\u6e7f\u6027\u7c89\u5242","href":"https:\/\/api.w.org\/{rel}","templated":true}]}}