{"id":7175,"date":"2024-08-07T15:43:32","date_gmt":"2024-08-07T14:43:32","guid":{"rendered":"https:\/\/ai-xtech.eu\/?post_type=product&#038;p=7175"},"modified":"2026-04-08T11:58:16","modified_gmt":"2026-04-08T10:58:16","slug":"zenpeak-aura-torzos-technologia","status":"publish","type":"product","link":"https:\/\/ai-xtech.eu\/zh\/product\/zenpeak-aura-torzos-technologia\/","title":{"rendered":"\u8fdc\u7a0b\u6062\u590d\u5065\u5eb7 - (ZenPeakAura)"},"content":{"rendered":"<p>\u7985\u5cf0\u5149\u73af<br \/>\n\u8fd9\u79cd\u5145\u6ee1\u6d3b\u529b\u7684\u6cbb\u7597\u65e8\u5728\u6062\u590d\u5065\u5eb7\u72b6\u6001\u3002<br \/>\n\u626d\u529b\u6881\u80fd\u91cf\u6cbb\u7597\u6301\u7eed1\u5468\u3002<\/p>\n<p>\u8fde\u7eed 4 \u5468\uff0c\u6bcf\u5468\u4e94\u4e00\u6b21\uff0c\u6211\u4eec\u4f1a\u4f7f\u7528\u60a8\u7684\u7167\u7247\u6fc0\u6d3b\u626d\u8f6c\u4fe1\u53f7\u53d1\u5c04\u5668\u88c5\u7f6e\u3002<br \/>\n\u7ed3\u5408\u5c0f\u6ce2\u9057\u4f20\u77e9\u9635\u8003\u8651\u60a8\u7684\u95ee\u9898\u3002<br \/>\n\u60a8\u5fc5\u987b\u586b\u5199\u4e00\u4efd\u6570\u636e\u8868\uff0c\u6211\u4eec\u5c06\u5728\u8d2d\u4e70\u540e\u53d1\u9001\u8be5\u6570\u636e\u8868\u3002<\/p>\n<p>\u6211\u4eec\u6269\u5c55\u4e86\u91cf\u5b50\u975e\u5c40\u57df\u6280\u672f\uff0c\u56e0\u6b64\u5b83\u4e0d\u5fc5\u5728\u80fd\u91cf\u6cbb\u7597\u8fc7\u7a0b\u4e2d\u51fa\u73b0\uff0c<br \/>\n\u60a8\u53ef\u4ee5\u7559\u5728\u4e16\u754c\u4efb\u4f55\u5730\u65b9\uff0c\u4eab\u53d7\u751f\u6d3b\u7684\u673a\u4f1a\u548c\u4e50\u8da3\uff01<\/p>\n<p>\u6b64\u5916\uff0c\u4e3a\u4e86\u786e\u4fdd\u6709\u6548\u6027\uff0c\u60a8\u8fd8\u53ef\u4ee5\u4f7f\u7528 3 \u4e2a\u901a\u7528\u6ce2\u57fa\u56e0\u77e9\u9635\uff0c\u4f46\u60a8\u5fc5\u987b\u4e8b\u5148\u4e0e\u6211\u4eec\u8fbe\u6210\u4e00\u81f4\uff0c\u6211\u4eec\u5c06\u5411\u60a8\u53d1\u9001\u4e0b\u8f7d\u94fe\u63a5\uff0c\u5982\u679c\u60a8\u4e0d\u4e86\u89e3\u6ce2\u57fa\u56e0\u6280\u672f\uff0c\u60a8\u5c06\u6536\u5230\u4e00\u4efd\u8be6\u7ec6\u7684\u57fa\u4e8e\u89c6\u9891\u7684\u7528\u6237\u6307\u5357\u3002<\/p>\n<p>\u8fd9\u4e9b\u58f0\u97f3\u6587\u4ef6\u65e8\u5728\u6062\u590d\u60a8\u8eab\u4f53\u7684\u80fd\u91cf\u5e73\u8861\u3002<\/p>\n<p>\u5230\u76ee\u524d\u4e3a\u6b62\uff0c\u8fd8\u6ca1\u6709\u4eba\u63d0\u4f9b\u8fd9\u6837\u4e00\u79cd\u7ec4\u5408\u80fd\u6e90\u65b9\u6cd5\u7684\u673a\u4f1a\uff0c\u9884\u671f\u7684\u53d8\u5316\u751a\u81f3\u53ef\u4ee5\u57281\u5468\u5185\u53d1\u751f\uff0c\u4f46\u901a\u5e38\u6574\u4e2a\u8fc7\u7a0b\u9700\u89816\u4e2a\u6708\u3002<\/p>\n<p>\u8be5\u6280\u672f\u7531\u6559\u6388\u5f00\u53d1\u3002\u535a\u58eb\u3002\u5b83\u7531\u6cd5\u56fd\u751f\u7269\u7269\u7406\u5b66\u5bb6 Luc Montaigner\uff08\u4e3a\u5b58\u50a8\u6c34\u4fe1\u606f\u3001\u57fa\u4e8e\u58f0\u97f3\u7684 DNA \u6062\u590d\u3001\u53d1\u73b0 HIV \u75c5\u6bd2\u800c\u5f00\u53d1\u7684\u539f\u7406 - \u8bfa\u8d1d\u5c14\u5956\uff09\u521b\u7acb\u3002\u535a\u58eb\u3002\u963f\u7eb3\u6258\u5229\u00b7\u5e15\u592b\u8fde\u79d1\u00b7\u963f\u57fa\u83ab\u592b\uff08Anatoly Pavlenko Akimov\uff09\uff08\u626d\u8f6c\u65f6\u7a7a\u7406\u8bba\u7684\u5f00\u53d1\u8005\u548c\u5e94\u7528\u8005\uff09\u8ba4\u8bc6\u5230\u8be5\u8fc7\u7a0b\u80cc\u540e\u7684\u80fd\u91cf\u6a21\u578b\uff0c\u6559\u6388\u3002\u535a\u58eb\u3002\u5f7c\u5f97\u00b7\u5f7c\u5f97\u7f57\u7ef4\u5947\u00b7\u52a0\u8d3e\u8036\u592b\uff08Pyotr Petrovich Garjayev\uff09\uff08\u4fc4\u7f57\u65af\u751f\u7269\u79d1\u5b66\u6559\u6388\uff09\u4ece\u751f\u7269\u6837\u672c\u4e2d\u521b\u5efa\u4e86\u7b2c\u4e00\u4e2a\u6ce2\u9057\u4f20\u6587\u4ef6\u539f\u578b\uff0c\u5e76\u5c06\u5176\u5e94\u7528\u4e8e\u7ec6\u80de\u6837\u672c\u3001\u52a8\u7269\uff0c\u7136\u540e\u5e94\u7528\u4e8e\u4eba\u7c7b\u3002<br \/>\nG\u00e1bor Roland T\u00f3th\uff08\u7814\u7a76\u5458\uff09\uff08Ai-Xtech GmbH\uff09\u9996\u5148\u66f4\u5e7f\u6cdb\u5730\u5e94\u7528\u4e86\u6280\u672f\u7ec4\u5408<\/p>\n<p><strong>\u5957\u9910\u5305\u62ec\uff1a4\u5468\u626d\u8f6c\u80fd\u91cf\u6cbb\u7597\uff08\u8fdc\u7a0b\u6cbb\u7597\uff09<\/strong><\/p>\n<p><strong>3\u4e2a\u901a\u7528\u6ce2\u57fa\u56e0\u77e9\u9635\uff0c\u60a8\u6216\u60a8\u7684\u5bb6\u4eba\u53ef\u4ee5\u968f\u65f6\u4f7f\u7528\uff01<\/strong><\/p>\n<p><strong>\u5728\u7c73\u4ec0\u79d1\u5c14\u8328\u8fdb\u884c\u534a\u5c0f\u65f6\u7684 MedBed\uff08Garjaev \u80f6\u56ca\uff09\u6cbb\u7597\u3002\u7c73\u4ec0\u79d1\u5c14\u8328\u751f\u7269\u4fe1\u606f\u5b66\u8bca\u6240\uff0cJ\u00e0nos \u00f9t 1<\/strong><\/p>\n<p>\uff08\u7985\u5cf0\u5149\u73af\uff09<\/p>","protected":false},"excerpt":{"rendered":"<p>ZenPeak Aura Ezen energetikai kezel\u00e9s, az eg\u00e9szs\u00e9ges \u00e1llapotot hivatott vissza\u00e1ll\u00edtani. Az energetikai kezel\u00e9s a torzi\u00f3s jelsug\u00e1rz\u00f3val, 1 h\u00e9tig tart. 4 h\u00e9tig, hetente 1 alkalommal, p\u00e9nteken aktiv\u00e1lunk egy torzi\u00f3s jel emitter eszk\u00f6zt, az \u00d6n fot\u00f3j\u00e1val kombin\u00e1lva a hull\u00e1mgenetikai m\u00e1trixokkal az \u00d6n probl\u00e9m\u00e1j\u00e1t figyelembe v\u00e9ve. Ki kell t\u00f6ltenie egy adatlapot, melyet a v\u00e1s\u00e1rl\u00e1s ut\u00e1n elk\u00fcld\u00fcnk. A kvantum [&hellip;]<\/p>\n","protected":false},"featured_media":7176,"comment_status":"closed","ping_status":"closed","template":"","meta":{"_angie_page":false,"site-sidebar-layout":"default","site-content-layout":"","ast-site-content-layout":"default","site-content-style":"default","site-sidebar-style":"default","ast-global-header-display":"","ast-banner-title-visibility":"","ast-main-header-display":"","ast-hfb-above-header-display":"","ast-hfb-below-header-display":"","ast-hfb-mobile-header-display":"","site-post-title":"","ast-breadcrumbs-content":"","ast-featured-img":"","footer-sml-layout":"","ast-disable-related-posts":"","theme-transparent-header-meta":"default","adv-header-id-meta":"","stick-header-meta":"","header-above-stick-meta":"","header-main-stick-meta":"","header-below-stick-meta":"","astra-migrate-meta-layouts":"set","ast-page-background-enabled":"default","ast-page-background-meta":{"desktop":{"background-color":"","background-image":"","background-repeat":"repeat","background-position":"center center","background-size":"auto","background-attachment":"scroll","background-type":"","background-media":"","overlay-type":"","overlay-color":"","overlay-opacity":"","overlay-gradient":""},"tablet":{"background-color":"","background-image":"","background-repeat":"repeat","background-position":"center center","background-size":"auto","background-attachment":"scroll","background-type":"","background-media":"","overlay-type":"","overlay-color":"","overlay-opacity":"","overlay-gradient":""},"mobile":{"background-color":"","background-image":"","background-repeat":"repeat","background-position":"center center","background-size":"auto","background-attachment":"scroll","background-type":"","background-media":"","overlay-type":"","overlay-color":"","overlay-opacity":"","overlay-gradient":""}},"ast-content-background-meta":{"desktop":{"background-color":"var(--ast-global-color-5)","background-image":"","background-repeat":"repeat","background-position":"center center","background-size":"auto","background-attachment":"scroll","background-type":"","background-media":"","overlay-type":"","overlay-color":"","overlay-opacity":"","overlay-gradient":""},"tablet":{"background-color":"var(--ast-global-color-5)","background-image":"","background-repeat":"repeat","background-position":"center center","background-size":"auto","background-attachment":"scroll","background-type":"","background-media":"","overlay-type":"","overlay-color":"","overlay-opacity":"","overlay-gradient":""},"mobile":{"background-color":"var(--ast-global-color-5)","background-image":"","background-repeat":"repeat","background-position":"center center","background-size":"auto","background-attachment":"scroll","background-type":"","background-media":"","overlay-type":"","overlay-color":"","overlay-opacity":"","overlay-gradient":""}}},"product_brand":[],"product_cat":[22],"product_tag":[],"class_list":{"0":"post-7175","1":"product","2":"type-product","3":"status-publish","4":"has-post-thumbnail","6":"product_cat-hullamgenetikai-megoldasok","7":"product_shipping_class-free","8":"desktop-align-left","9":"tablet-align-left","10":"mobile-align-left","12":"first","13":"instock","14":"taxable","15":"shipping-taxable","16":"purchasable","17":"product-type-simple"},"_links":{"self":[{"href":"https:\/\/ai-xtech.eu\/zh\/wp-json\/wp\/v2\/product\/7175","targetHints":{"allow":["GET"]}}],"collection":[{"href":"https:\/\/ai-xtech.eu\/zh\/wp-json\/wp\/v2\/product"}],"about":[{"href":"https:\/\/ai-xtech.eu\/zh\/wp-json\/wp\/v2\/types\/product"}],"replies":[{"embeddable":true,"href":"https:\/\/ai-xtech.eu\/zh\/wp-json\/wp\/v2\/comments?post=7175"}],"version-history":[{"count":8,"href":"https:\/\/ai-xtech.eu\/zh\/wp-json\/wp\/v2\/product\/7175\/revisions"}],"predecessor-version":[{"id":7309,"href":"https:\/\/ai-xtech.eu\/zh\/wp-json\/wp\/v2\/product\/7175\/revisions\/7309"}],"wp:featuredmedia":[{"embeddable":true,"href":"https:\/\/ai-xtech.eu\/zh\/wp-json\/wp\/v2\/media\/7176"}],"wp:attachment":[{"href":"https:\/\/ai-xtech.eu\/zh\/wp-json\/wp\/v2\/media?parent=7175"}],"wp:term":[{"taxonomy":"product_brand","embeddable":true,"href":"https:\/\/ai-xtech.eu\/zh\/wp-json\/wp\/v2\/product_brand?post=7175"},{"taxonomy":"product_cat","embeddable":true,"href":"https:\/\/ai-xtech.eu\/zh\/wp-json\/wp\/v2\/product_cat?post=7175"},{"taxonomy":"product_tag","embeddable":true,"href":"https:\/\/ai-xtech.eu\/zh\/wp-json\/wp\/v2\/product_tag?post=7175"}],"curies":[{"name":"\u53ef\u6e7f\u6027\u7c89\u5242","href":"https:\/\/api.w.org\/{rel}","templated":true}]}}