{"id":6263,"date":"2023-12-02T16:40:11","date_gmt":"2023-12-02T16:40:11","guid":{"rendered":"https:\/\/ai-xtech.eu\/?post_type=product&#038;p=6263"},"modified":"2026-04-08T11:59:50","modified_gmt":"2026-04-08T10:59:50","slug":"zenpeak-modulator-egyeni-matrixxal","status":"publish","type":"product","link":"https:\/\/ai-xtech.eu\/zh\/product\/zenpeak-modulator-egyeni-matrixxal\/","title":{"rendered":"ZenPeak \u6ce2\u9057\u4f20\u8c03\u5236\u5668\uff08\u5177\u6709\u6240\u6709 Garjayev \u77e9\u9635\uff09"},"content":{"rendered":"<p><strong>\u90ae\u5bc4\u65f6\u95f4\u957f\u8fbe2\u4e2a\u6708\uff01<br \/>\n<\/strong><\/p>\n<ul>\n<li data-start=\"1044\" data-end=\"1085\">\n<p data-start=\"1046\" data-end=\"1085\">60\u5206\u949f\u4e2a\u4eba\u7cfb\u7edf\u8bbe\u7f6e<\/p>\n<\/li>\n<li data-start=\"1086\" data-end=\"1115\">\n<p data-start=\"1088\" data-end=\"1115\">30\u5929\u968f\u8bbf\u68c0\u67e5<\/p>\n<\/li>\n<li data-start=\"1116\" data-end=\"1140\">\n<p data-start=\"1118\" data-end=\"1140\">\u7ed3\u6784\u5316\u534f\u8bae<\/p>\n<\/li>\n<li data-start=\"1141\" data-end=\"1170\">\n<p data-start=\"1143\" data-end=\"1170\">\u201e\u7814\u7a76\u4f19\u4f34\u201d\u8eab\u4efd<\/p>\n<\/li>\n<\/ul>\n<p><strong>\u00a0<\/strong><\/p>\n<p>ZenPeak \u6ce2\u9057\u4f20\u8c03\u5236\u5668\u5177\u6709\u6240\u6709\u539f\u59cb Garjaev \u6ce2\u9057\u4f20\u77e9\u9635\uff01<\/p>\n<p>21\u4e2a\u5065\u5eb7\u95ee\u9898\uff01<\/p>\n<p class=\" translation-block\">\u201c\u5728\u8fc7\u53bb\u7684\u51e0\u4e2a\u4e16\u7eaa\u91cc\uff0c\u75be\u75c5\u53ca\u5176\u6cbb\u7597\u65b9\u6cd5\u4e0e\u60a3\u8005\u5206\u79bb\uff0c\u53d8\u5f97\u8d8a\u6765\u8d8a\u975e\u4e2a\u4eba\u5316\uff0c\u800c\u4e14\uff0c\u5b83\u5f3a\u70c8\u8f6c\u5411\u5316\u5b66\u7269\u8d28\u7684\u4f7f\u7528\u3002\u5c31\u8fd9\u6837\uff0c\u4eba\u4eec\u5728\u75be\u75c5\u548c\u75db\u82e6\u4e2d\u53d8\u5f97\u8d8a\u6765\u8d8a\u5b64\u72ec\u548c\u7edd\u671b\u3002<br>\u4ece\u6587\u5316\u8bde\u751f\u4e4b\u65e5\u8d77\uff0c\u75c5\u4eba\u5c31\u4e00\u76f4\u4e0e\u4ed6\u7684\u75be\u75c5\u548c\u73af\u5883\u4e00\u8d77\u88ab\u770b\u5f85\u548c\u6cbb\u7597\u3002<\/p>\n<p>\u6cd5\u56fd\u4f5c\u5bb6\u3001\u8bd7\u4eba\u3001\u9662\u58eb\u4fdd\u7f57\u00b7\u514b\u6d1b\u5cb1\u5c14\u547c\u5401\u60a3\u8005\u201c\u53d7\u5230\u5173\u6ce8\u201d\u3002<\/p>\n<p>\u5728\u81f4\u529b\u4e8e\u8ba9\u4eba\u7c7b\u751f\u6d3b\u66f4\u7f8e\u597d\u3001\u66f4\u7f8e\u597d\u7684\u79d1\u5b66\u5bb6\u4e2d\uff0c\u4ed6\u4eec\u4e2d\u7684\u8bb8\u591a\u4eba\u90fd\u505a\u51fa\u4e86\u53d1\u73b0\uff0c\u8fd9\u4e9b\u53d1\u73b0\u7684\u5e94\u7528\u4e3a\u53d7\u82e6\u7684\u4eba\u5e26\u6765\u4e86\u6551\u6d4e\uff0c\u5e76\u5e2e\u52a9\u6cbb\u6108\u4e86\u4eba\u4eec\u3002\u5c3c\u53e4\u62c9\u00b7\u7279\u65af\u62c9\u662f\u6700\u65e9\u7684\u53d1\u660e\u8005\u4e4b\u4e00\uff0c\u5f7c\u5f97\u00b7\u52a0\u5c14\u8d3e\u8036\u592b\u5229\u7528\u4ed6\u7684\u53d1\u660e\uff0c\u7ed3\u5408\u591a\u4e2a\u79d1\u5b66\u9886\u57df\u5e76\u5728\u91cf\u5b50\u7269\u7406\u5b66\u7684\u5e2e\u52a9\u4e0b\u521b\u5efa\u4e86\u6ce2\u9057\u4f20\u5b66\u79d1\u5b66\u3002\u4e0e\u6b64\u540c\u65f6\uff0c\u4e9a\u5386\u5c71\u5927\u00b7\u7c73\u8f9b (Alexander Misin) \u53d1\u660e\u4e86\u4e00\u79cd\u65e8\u5728\u4f18\u5316\u4eba\u4f53\u7269\u7406\u548c\u5316\u5b66\u53d8\u5316\u7684\u8bbe\u5907\u3002 Garjajev\u6559\u6388\u719f\u6089\u4e86\u8be5\u88c5\u7f6e\u7684\u64cd\u4f5c\u540e\uff0c\u7ed3\u5408\u81ea\u5df1\u7684\u77e5\u8bc6\u5bf9\u5176\u8fdb\u884c\u4e86\u5b8c\u5584\uff0c\u4f7f\u5176\u66f4\u52a0\u6709\u6548\uff0c\u4ece\u800c\u521b\u9020\u4e86\u4e00\u79cd\u9769\u547d\u6027\u7684\u65b0\u88c5\u7f6e\uff0c\u5c06\u6cbb\u7597\u7f6e\u4e8e\u4e0d\u540c\u4e8e\u4ee5\u5f80\u65b9\u6cd5\u7684\u57fa\u7840\u4e0a\u3002<\/p>\n<p>\u6700\u540e\uff0c\u6709\u4e86\u8fd9\u4e2a\u5de5\u5177\uff0c\u6211\u4eec\u53ef\u4ee5\u5f00\u542f\u4e00\u4e2a\u65b0\u65f6\u4ee3\uff0c\u56e0\u4e3a\u6574\u4e2a\u4e16\u754c\u90fd\u5fc5\u987b\u5ea6\u8fc7\u533b\u5b66\u548c\u75be\u75c5\u7684\u9ed1\u6697\u65f6\u4ee3\u3002<\/p>\n<p>\u7b2c\u4e8c\u5341\u4e00\u3002\u4e16\u7eaa\u4eba\u5df2\u7ecf\u8d70\u5230\u4e86\u5341\u5b57\u8def\u53e3\uff0c\u9762\u4e34\u7740\u4e24\u96be\u7684\u5883\u5730\u3002\u4f5c\u4e3a\u4e00\u4e2a\u76f2\u76ee\u7684\u6d88\u8d39\u8005\uff0c\u4ed6\u4f7f\u81ea\u5df1\u672a\u6765\u7684\u751f\u5b58\u4f9d\u8d56\u4e8e\u65b0\u6280\u672f\u7684\u4e0d\u65ad\u53d1\u5c55\u548c\u7269\u8d28\u4ea7\u54c1\u7684\u8fdb\u4e00\u6b65\u4f7f\u7528\uff0c\u5426\u5219\u4ed6\u4f1a\u627e\u5230\u901a\u5411\u7cbe\u795e\u548c\u7cbe\u795e\u8d23\u4efb\u7684\u9053\u8def\uff0c\u4ee5\u53ca\u80fd\u591f\u514b\u670d\u8fd9\u4e9b\u95ee\u9898\u7684\u5065\u5eb7\u610f\u8bc6\u884c\u4e3a\u3002\u4ed6\u7684\u75be\u75c5\u5e76\u5de9\u56fa\u4ed6\u7684\u4e2a\u4eba\u798f\u7949\u548c\u5b58\u5728\u3002<\/p>\n<p>\u5065\u5eb7\u4e0d\u4ec5\u4ec5\u610f\u5473\u7740\u4e0d\u751f\u75c5\u3002\u4f5c\u4e3a\u5065\u5eb7\u7684\u4eba\uff0c\u6211\u4eec\u611f\u89c9\u5f88\u68d2\u3002<\/p>\n<p>\u5065\u5eb7\u5c31\u50cf\u6211\u4eec\u56de\u5fc6\u8d77\u7ae5\u5e74\u7684\u5feb\u4e50\u65f6\u5149\uff0c\u5e76\u76f8\u4fe1\u8fd8\u6709\u66f4\u591a\u8fd9\u6837\u7684\u7ecf\u5386\u5728\u7b49\u5f85\u7740\u6211\u4eec\u201d<\/p>\n<p class=\" translation-block\"><em><strong>\u62c9\u65af\u6d1b\u00b7\u83b1\u970d\u65af\u57fa<\/strong><\/em><br>\u7535\u89c6\u7f16\u8f91\u517c\u5bfc\u6f14<br>\u675c\u7eb3\u7535\u89c6\u53f0\u5b97\u6559\u7f16\u8f91\u90e8\u521b\u59cb\u4e3b\u7f16<br>\u5308\u7259\u5229\u6587\u5316\u7684\u9a91\u58eb<\/p>\n<p>\uff08\u77e9\u9635\u663e\u793a\u5728\u5217\u8868\u4e2d\uff09<\/p>\n<p>\u4e0d\u662f\u3002 1\u201c\u514d\u75ab\u7cfb\u7edf\u7684\u6821\u6b63\u201d\u3002 21 \u7c73\u3002 2\u79d2\u3002<br \/>\n\u4e0d\u662f\u3002 2\u201c\u9aa8\u9abc\u7cfb\u7edf\u7684\u6821\u6b63\u201d\u3002 1\u5c0f\u65f6\u3002 36 m\u3002<br \/>\n\u4e0d\u662f\u3002 3\u201c\u7ea0\u6b63\u5fc3\u8840\u7ba1\u7cfb\u7edf\u201d\u3002 1\u5c0f\u65f6\u3002 59 \u7c73\u3002<br \/>\n\u4e0d\u662f\u3002 4\u201c\u7ea0\u6b63\u795e\u7ecf\u7cfb\u7edf\u7d0a\u4e71\u201d2h\u3002 22\u7c73\u3002<br \/>\n\u4e0d\u662f\u3002 5\u201c\u6297\u764c\u8ba1\u5212\u201d\u3002 1\u5c0f\u65f6\u3002 9\u7c73<br \/>\n\u4e0d\u662f\u3002 6\u201c\u7ea0\u6b63\u4e00\u822c\u65b0\u9648\u4ee3\u8c22\u548c\u6d88\u5316\u7cfb\u7edf\u3002\u201d 1\u5c0f\u65f6\u3002 55 m\u3002<br \/>\n\u4e0d\u662f\u3002 7\u201c\u6297\u8870\u8001\u201d\u3002 2\u5c0f\u65f6\u3002 2\u7c73<br \/>\n\u4e0d\u662f\u3002 8\u3001\u300a\u7537\u7ebf\u300b\u3002 1\u5c0f\u65f6\u3002 38 m\u3002<br \/>\n\u4e0d\u662f\u3002 9\u3001\u300a\u5973\u4eba\u7ebf\u300b\u3002 1\u5c0f\u65f6\u3002 18 m\u3002<br \/>\n\u4e0d\u662f\u3002 10\u201c\u672a\u6765\u7684\u652f\u6301\u201d\u3002 1\u5c0f\u65f6\u3002 16\u7c73\u3002<br \/>\n\u4e0d\u662f\u3002 11\u201c40-50\u5e74\u540e\u7ec4\u7ec7\u7684\u6062\u590d\u201d\u3002 1\u5c0f\u65f6\u3002 0\u7c73<br \/>\n\u4e0d\u662f\u3002 12\u201c\u6297\u5bc4\u751f\u866b\u7a0b\u5e8f\u201d\u3002 1\u5c0f\u65f6\u3002 50 m\u3002<br \/>\n\u4e0d\u662f\u3002 13\u3001\u201c\u82d7\u6761\u8eab\u6750\u201d\u3002 34 m\u3002 2\u79d2\u3002<br \/>\n\u4e0d\u662f\u3002 14\u3001\u201c\u6297\u8fc7\u654f\u201d\u3002 29 \u7c73\u3002 2\u79d2\u3002<br \/>\n\u4e0d\u662f\u3002 15\u201c\u9752\u6625\u4e0e\u76ae\u80a4\u5065\u5eb7\u201d\u3002 1\u5c0f\u65f6\u3002 45 m\u3002<br \/>\n\u4e0d\u662f\u3002 16\u201c\u6297\u75c5\u6bd2\u6ce2\u514d\u75ab\u201d\u3002 58 m\u3002 54\u79d2\u3002<br \/>\n\u4e0d\u662f\u3002 17 \u201c\u53cd\u5bf9\u5438\u70df\u201d\u3002 21 \u7c73\u3002 0\u79d2\u3002<br \/>\n\u4e0d\u662f\u3002 18 \u201c\u6ccc\u5c3f\u7cfb\u7edf\u6b63\u5e38\u5316\u201d 1 \u5c0f\u65f6\u3002 56 \u7c73\u3002<br \/>\n\u4e0d\u662f\u3002 19\u300a70\u5e74\u540e\u8eab\u4f53\u7684\u6062\u590d\u300b1\u5c0f\u65f6\u3002 38 m\u3002<br \/>\n\u4e0d\u662f\u3002 20\u201c\u53cd\u5bf9\u9152\u7cbe\u6210\u763e\u201d1\u5c0f\u65f6\u3002 5\u7c73<br \/>\n\u4e0d\u662f\u3002 21\u201c\u51c0\u5316\u8eab\u4f53\u201d30m\u3002 2\u79d2\u3002<\/p>\n<p>\u7528\u6237\u624b\u518c ENG<\/p>\n<div class=\"ast-oembed-container\" style=\"height: 100%;\"><iframe title=\"ZenPeak Wavegenetics \u8c03\u5236\u5668\uff0c\u5177\u6709\u8d1f\u71b5\u6cbb\u7597\u6548\u679c\u7684\u7528\u6237\u6307\u5357\uff01\" width=\"500\" height=\"281\" src=\"https:\/\/www.youtube.com\/embed\/ccemXKrgNBc?feature=oembed\" frameborder=\"0\" allow=\"accelerometer; autoplay; clipboard-write; encrypted-media; gyroscope; picture-in-picture; web-share\" referrerpolicy=\"strict-origin-when-cross-origin\" allowfullscreen><\/iframe><\/div>\n<p>\u7528\u6237\u624b\u518c \u2013 \u82f1\u6587<\/p>\n<div class=\"ast-oembed-container\" style=\"height: 100%;\"><iframe title=\"ZenPeak hull\u00e1mgenetikai modul\u00e1tor - Teljes \u00datmutat\u00f3 @lifacademy\" width=\"500\" height=\"281\" src=\"https:\/\/www.youtube.com\/embed\/p8MpDbPm7UY?feature=oembed\" frameborder=\"0\" allow=\"accelerometer; autoplay; clipboard-write; encrypted-media; gyroscope; picture-in-picture; web-share\" referrerpolicy=\"strict-origin-when-cross-origin\" allowfullscreen><\/iframe><\/div>","protected":false},"excerpt":{"rendered":"<p>Post\u00e1z\u00e1si id\u00f5 2 h\u00f3nap! 60 perces szem\u00e9lyes rendszer-be\u00e1ll\u00edt\u00e1s 30 napos follow-up check-in struktur\u00e1lt protokoll \u201eresearch partner\u201d st\u00e1tusz \u00a0 ZenPeak hull\u00e1mgenetikai modul\u00e1tor az \u00f6sszes eredeti Garjajev hull\u00e1mgenetikai m\u00e1trixxal! 21 eg\u00e9szs\u00e9g\u00fcgyi probl\u00e9m\u00e1ra! \u201cA betegs\u00e9g, \u00e9s annak gy\u00f3gy\u00edt\u00e1sa az elm\u00falt sz\u00e1zadok sor\u00e1n elszakadt a p\u00e1cienst\u0151l \u00e9s egyre szem\u00e9lytelenebb\u00e9 v\u00e1lt, r\u00e1ad\u00e1sul er\u0151sen eltol\u00f3dott a k\u00e9miai anyagok alkalmaz\u00e1sa fel\u00e9. \u00cdgy [&hellip;]<\/p>\n","protected":false},"featured_media":6825,"comment_status":"closed","ping_status":"closed","template":"","meta":{"_angie_page":false,"site-sidebar-layout":"default","site-content-layout":"","ast-site-content-layout":"default","site-content-style":"default","site-sidebar-style":"default","ast-global-header-display":"","ast-banner-title-visibility":"","ast-main-header-display":"","ast-hfb-above-header-display":"","ast-hfb-below-header-display":"","ast-hfb-mobile-header-display":"","site-post-title":"","ast-breadcrumbs-content":"","ast-featured-img":"","footer-sml-layout":"","ast-disable-related-posts":"","theme-transparent-header-meta":"default","adv-header-id-meta":"","stick-header-meta":"","header-above-stick-meta":"","header-main-stick-meta":"","header-below-stick-meta":"","astra-migrate-meta-layouts":"set","ast-page-background-enabled":"default","ast-page-background-meta":{"desktop":{"background-color":"","background-image":"","background-repeat":"repeat","background-position":"center center","background-size":"auto","background-attachment":"scroll","background-type":"","background-media":"","overlay-type":"","overlay-color":"","overlay-opacity":"","overlay-gradient":""},"tablet":{"background-color":"","background-image":"","background-repeat":"repeat","background-position":"center center","background-size":"auto","background-attachment":"scroll","background-type":"","background-media":"","overlay-type":"","overlay-color":"","overlay-opacity":"","overlay-gradient":""},"mobile":{"background-color":"","background-image":"","background-repeat":"repeat","background-position":"center center","background-size":"auto","background-attachment":"scroll","background-type":"","background-media":"","overlay-type":"","overlay-color":"","overlay-opacity":"","overlay-gradient":""}},"ast-content-background-meta":{"desktop":{"background-color":"var(--ast-global-color-5)","background-image":"","background-repeat":"repeat","background-position":"center center","background-size":"auto","background-attachment":"scroll","background-type":"","background-media":"","overlay-type":"","overlay-color":"","overlay-opacity":"","overlay-gradient":""},"tablet":{"background-color":"var(--ast-global-color-5)","background-image":"","background-repeat":"repeat","background-position":"center center","background-size":"auto","background-attachment":"scroll","background-type":"","background-media":"","overlay-type":"","overlay-color":"","overlay-opacity":"","overlay-gradient":""},"mobile":{"background-color":"var(--ast-global-color-5)","background-image":"","background-repeat":"repeat","background-position":"center center","background-size":"auto","background-attachment":"scroll","background-type":"","background-media":"","overlay-type":"","overlay-color":"","overlay-opacity":"","overlay-gradient":""}}},"product_brand":[],"product_cat":[22],"product_tag":[71],"class_list":{"0":"post-6263","1":"product","2":"type-product","3":"status-publish","4":"has-post-thumbnail","6":"product_cat-hullamgenetikai-megoldasok","7":"product_tag-zenpeak","8":"product_shipping_class-free","9":"desktop-align-left","10":"tablet-align-left","11":"mobile-align-left","13":"first","14":"instock","15":"sale","16":"taxable","17":"shipping-taxable","18":"purchasable","19":"product-type-simple"},"_links":{"self":[{"href":"https:\/\/ai-xtech.eu\/zh\/wp-json\/wp\/v2\/product\/6263","targetHints":{"allow":["GET"]}}],"collection":[{"href":"https:\/\/ai-xtech.eu\/zh\/wp-json\/wp\/v2\/product"}],"about":[{"href":"https:\/\/ai-xtech.eu\/zh\/wp-json\/wp\/v2\/types\/product"}],"replies":[{"embeddable":true,"href":"https:\/\/ai-xtech.eu\/zh\/wp-json\/wp\/v2\/comments?post=6263"}],"version-history":[{"count":17,"href":"https:\/\/ai-xtech.eu\/zh\/wp-json\/wp\/v2\/product\/6263\/revisions"}],"predecessor-version":[{"id":8097,"href":"https:\/\/ai-xtech.eu\/zh\/wp-json\/wp\/v2\/product\/6263\/revisions\/8097"}],"wp:featuredmedia":[{"embeddable":true,"href":"https:\/\/ai-xtech.eu\/zh\/wp-json\/wp\/v2\/media\/6825"}],"wp:attachment":[{"href":"https:\/\/ai-xtech.eu\/zh\/wp-json\/wp\/v2\/media?parent=6263"}],"wp:term":[{"taxonomy":"product_brand","embeddable":true,"href":"https:\/\/ai-xtech.eu\/zh\/wp-json\/wp\/v2\/product_brand?post=6263"},{"taxonomy":"product_cat","embeddable":true,"href":"https:\/\/ai-xtech.eu\/zh\/wp-json\/wp\/v2\/product_cat?post=6263"},{"taxonomy":"product_tag","embeddable":true,"href":"https:\/\/ai-xtech.eu\/zh\/wp-json\/wp\/v2\/product_tag?post=6263"}],"curies":[{"name":"\u53ef\u6e7f\u6027\u7c89\u5242","href":"https:\/\/api.w.org\/{rel}","templated":true}]}}