{"id":6554,"date":"2024-02-06T12:06:31","date_gmt":"2024-02-06T12:06:31","guid":{"rendered":"https:\/\/ai-xtech.eu\/?page_id=6554"},"modified":"2024-02-06T13:22:39","modified_gmt":"2024-02-06T13:22:39","slug":"theories","status":"publish","type":"page","link":"https:\/\/ai-xtech.eu\/zh\/theories\/","title":{"rendered":"\u7406\u8bba"},"content":{"rendered":"<div data-elementor-type=\"wp-page\" data-elementor-id=\"6554\" class=\"elementor elementor-6554\" data-elementor-post-type=\"page\">\n\t\t\t\t\t\t<section class=\"elementor-section elementor-top-section elementor-element elementor-element-636e6846 elementor-section-full_width elementor-section-content-middle elementor-section-height-default elementor-section-height-default\" data-id=\"636e6846\" data-element_type=\"section\" data-e-type=\"section\" data-settings=\"{&quot;background_background&quot;:&quot;classic&quot;}\">\n\t\t\t\t\t\t<div class=\"elementor-container elementor-column-gap-no\">\n\t\t\t\t\t<div class=\"elementor-column elementor-col-50 elementor-top-column elementor-element elementor-element-29ffe393\" data-id=\"29ffe393\" data-element_type=\"column\" data-e-type=\"column\" data-settings=\"{&quot;background_background&quot;:&quot;classic&quot;}\">\n\t\t\t<div class=\"elementor-widget-wrap elementor-element-populated\">\n\t\t\t\t\t<div class=\"elementor-background-overlay\"><\/div>\n\t\t\t\t\t\t<div class=\"elementor-element elementor-element-58d44b0f elementor-widget elementor-widget-heading\" data-id=\"58d44b0f\" data-element_type=\"widget\" data-e-type=\"widget\" data-widget_type=\"heading.default\">\n\t\t\t\t<div class=\"elementor-widget-container\">\n\t\t\t\t\t<h4 class=\"elementor-heading-title elementor-size-default\">\u9057\u4f20\u88c5\u7f6e\u7684\u9690\u542b\u529f\u80fd<\/h4>\t\t\t\t<\/div>\n\t\t\t\t<\/div>\n\t\t\t\t\t<\/div>\n\t\t<\/div>\n\t\t\t\t<div class=\"elementor-column elementor-col-50 elementor-top-column elementor-element elementor-element-21e1ea87\" data-id=\"21e1ea87\" data-element_type=\"column\" data-e-type=\"column\">\n\t\t\t<div class=\"elementor-widget-wrap elementor-element-populated\">\n\t\t\t\t\t\t<div class=\"elementor-element elementor-element-71fb893e elementor-widget elementor-widget-text-editor\" data-id=\"71fb893e\" data-element_type=\"widget\" data-e-type=\"widget\" data-widget_type=\"text-editor.default\">\n\t\t\t\t<div class=\"elementor-widget-container\">\n\t\t\t\t\t\t\t\t\t<p><b><span class=\"Apple-converted-space\">\u00a0<\/span>Fa Poppa (FAPopp)\uff0c\u4e00\u79cd\u76f8\u5e72\u5149\u6e90\uff0c\u53ef\u53d1\u5c04 250-800 nm \u8303\u56f4\u5185\u7684\u8d85\u5f31\u5149\u5b50\u3002\u8fd9\u662f\u6700\u201c\u9886\u57df\u7b49\u6548\u7684\u67d3\u8272\u4f53\u201d\u3002\u7136\u800c\uff0c\u8fd9\u4e9b\u9057\u4f20\u8f90\u5c04\u7684\u4f5c\u7528\u5c1a\u4e0d\u6e05\u695a\u3002\u81ea 1984 \u5e74\u4ee5\u6765\uff0c\u6211\u548c\u6211\u7684\u540c\u4e8b\u5728\u82cf\u8054\u79d1\u5b66\u9662\u7269\u7406\u4e0e\u6280\u672f\u95ee\u9898\u7814\u7a76\u6240\uff08IFP\uff09\uff08\u73b0\u4e3a rasformirovannom\uff09\u53c2\u4e0e\u4e86\u8fd9\u4e9b\u7814\u7a76\u3002 1984\u5e74\u81f31988\u5e74\u3002\u5229\u7528\u6fc0\u5149\u5149\u8c31\u7684\u76f8\u5173\u65b9\u6cd5\uff0c\u6211\u4eec\u53d1\u73b0\u4e86 DNA \u7684\u4e24\u4e2a\u57fa\u672c\u7279\u6027 - \u4ea7\u751f\u81ea\u53d1\u592a\u9633\u6ce2 TN \u7684\u80fd\u529b\u3002\u8d39\u7c73-\u610f\u5927\u5229\u9762-\u4e4c\u62c9\u59c6\u73b0\u8c61 (FPU)<span class=\"Apple-converted-space\">\u00a0 <\/span>\u4ea7\u751f\u6ce2\u5e7b\u5f71\u7ed3\u6784\uff08DNA\u5e7b\u5f71\u6548\u5e94\uff09\u3002\u4f60\u53ef\u4ee5\u5728\u6211\u7684\u4e13\u7740\u300aWave Genome\u300b\uff081994\uff09\u3001\u300aThe Wave of the Genetic Code\u300b\uff081997\uff09\u548c\u300aLinguistic Wave Gene\u300b\u4e2d\u8bfb\u5230\u66f4\u591a\u76f8\u5173\u5185\u5bb9\u3002\u7406\u8bba\u4e0e\u5b9e\u8df5\u201d\uff082009\uff09\uff0c\u4ee5\u53ca\u6211\u4eec\u7684\u6587\u7ae0\u3002\u8fd9\u4e24\u4e2a\u5c5e\u6027\u672c\u8d28\u4e0a\u662f\u672a\u77e5\u7684<span class=\"Apple-converted-space\">\u00a0 <\/span>\u4f0f\u7279\u3002<br \/><br \/><span class=\"Apple-converted-space\">PP Garyaev \u6559\u6388\u3001\u535a\u58eb<\/span><\/b><\/p>\t\t\t\t\t\t\t\t<\/div>\n\t\t\t\t<\/div>\n\t\t\t\t<div class=\"elementor-element elementor-element-acc9d45 elementor-widget elementor-widget-button\" data-id=\"acc9d45\" data-element_type=\"widget\" data-e-type=\"widget\" data-widget_type=\"button.default\">\n\t\t\t\t<div class=\"elementor-widget-container\">\n\t\t\t\t\t\t\t\t\t<div class=\"elementor-button-wrapper\">\n\t\t\t\t\t<a class=\"elementor-button elementor-button-link elementor-size-sm\" href=\"https:\/\/ai-xtech.eu\/function-of-genetics-apparatus\/\">\n\t\t\t\t\t\t<span class=\"elementor-button-content-wrapper\">\n\t\t\t\t\t\t\t\t\t<span class=\"elementor-button-text\">\u66f4\u591a\u7684<\/span>\n\t\t\t\t\t<\/span>\n\t\t\t\t\t<\/a>\n\t\t\t\t<\/div>\n\t\t\t\t\t\t\t\t<\/div>\n\t\t\t\t<\/div>\n\t\t\t\t\t<\/div>\n\t\t<\/div>\n\t\t\t\t\t<\/div>\n\t\t<\/section>\n\t\t\t\t<\/div>","protected":false},"excerpt":{"rendered":"<p>A genetikai appar\u00e1tus implicit funkci\u00f3i \u00a0F.a. Poppa (F.A.Popp), egy koherens forr\u00e1st tal\u00e1lt az ultra-gyenge foton emisszi\u00f3 a tartom\u00e1nyban 250-800 nm. Ez a legink\u00e1bb &#8220;mez\u0151egyen\u00e9rt\u00e9k\u0171 kromosz\u00f3ma\u201d. Ezeknek az \u00f6r\u00f6k\u00edt\u0151 sug\u00e1rz\u00e1soknak a szerep\u00e9t azonban nem \u00e9rtett\u00e9k meg. A koll\u00e9g\u00e1im \u00e9s \u00e9n r\u00e9szt vett\u00fcnk ezekben a vizsg\u00e1latokban, 1984 \u00f3ta, az Institute of Physical and technical problems (IFTP) ACADEMY [&hellip;]<\/p>\n","protected":false},"author":1,"featured_media":0,"parent":0,"menu_order":0,"comment_status":"closed","ping_status":"closed","template":"elementor_header_footer","meta":{"_angie_page":false,"site-sidebar-layout":"no-sidebar","site-content-layout":"page-builder","ast-site-content-layout":"full-width-container","site-content-style":"default","site-sidebar-style":"default","ast-global-header-display":"","ast-banner-title-visibility":"","ast-main-header-display":"","ast-hfb-above-header-display":"","ast-hfb-below-header-display":"","ast-hfb-mobile-header-display":"","site-post-title":"disabled","ast-breadcrumbs-content":"","ast-featured-img":"disabled","footer-sml-layout":"","ast-disable-related-posts":"","theme-transparent-header-meta":"","adv-header-id-meta":"","stick-header-meta":"","header-above-stick-meta":"","header-main-stick-meta":"","header-below-stick-meta":"","astra-migrate-meta-layouts":"set","ast-page-background-enabled":"default","ast-page-background-meta":{"desktop":{"background-color":"","background-image":"","background-repeat":"repeat","background-position":"center center","background-size":"auto","background-attachment":"scroll","background-type":"","background-media":"","overlay-type":"","overlay-color":"","overlay-opacity":"","overlay-gradient":""},"tablet":{"background-color":"","background-image":"","background-repeat":"repeat","background-position":"center center","background-size":"auto","background-attachment":"scroll","background-type":"","background-media":"","overlay-type":"","overlay-color":"","overlay-opacity":"","overlay-gradient":""},"mobile":{"background-color":"","background-image":"","background-repeat":"repeat","background-position":"center center","background-size":"auto","background-attachment":"scroll","background-type":"","background-media":"","overlay-type":"","overlay-color":"","overlay-opacity":"","overlay-gradient":""}},"ast-content-background-meta":{"desktop":{"background-color":"var(--ast-global-color-5)","background-image":"","background-repeat":"repeat","background-position":"center center","background-size":"auto","background-attachment":"scroll","background-type":"","background-media":"","overlay-type":"","overlay-color":"","overlay-opacity":"","overlay-gradient":""},"tablet":{"background-color":"var(--ast-global-color-5)","background-image":"","background-repeat":"repeat","background-position":"center center","background-size":"auto","background-attachment":"scroll","background-type":"","background-media":"","overlay-type":"","overlay-color":"","overlay-opacity":"","overlay-gradient":""},"mobile":{"background-color":"var(--ast-global-color-5)","background-image":"","background-repeat":"repeat","background-position":"center center","background-size":"auto","background-attachment":"scroll","background-type":"","background-media":"","overlay-type":"","overlay-color":"","overlay-opacity":"","overlay-gradient":""}},"footnotes":""},"class_list":["post-6554","page","type-page","status-publish","hentry"],"_links":{"self":[{"href":"https:\/\/ai-xtech.eu\/zh\/wp-json\/wp\/v2\/pages\/6554","targetHints":{"allow":["GET"]}}],"collection":[{"href":"https:\/\/ai-xtech.eu\/zh\/wp-json\/wp\/v2\/pages"}],"about":[{"href":"https:\/\/ai-xtech.eu\/zh\/wp-json\/wp\/v2\/types\/page"}],"author":[{"embeddable":true,"href":"https:\/\/ai-xtech.eu\/zh\/wp-json\/wp\/v2\/users\/1"}],"replies":[{"embeddable":true,"href":"https:\/\/ai-xtech.eu\/zh\/wp-json\/wp\/v2\/comments?post=6554"}],"version-history":[{"count":5,"href":"https:\/\/ai-xtech.eu\/zh\/wp-json\/wp\/v2\/pages\/6554\/revisions"}],"predecessor-version":[{"id":6575,"href":"https:\/\/ai-xtech.eu\/zh\/wp-json\/wp\/v2\/pages\/6554\/revisions\/6575"}],"wp:attachment":[{"href":"https:\/\/ai-xtech.eu\/zh\/wp-json\/wp\/v2\/media?parent=6554"}],"curies":[{"name":"\u53ef\u6e7f\u6027\u7c89\u5242","href":"https:\/\/api.w.org\/{rel}","templated":true}]}}