{"id":6532,"date":"2024-02-05T15:28:05","date_gmt":"2024-02-05T15:28:05","guid":{"rendered":"https:\/\/ai-xtech.eu\/?page_id=6532"},"modified":"2024-02-05T15:30:53","modified_gmt":"2024-02-05T15:30:53","slug":"localised-photons","status":"publish","type":"page","link":"https:\/\/ai-xtech.eu\/zh\/localised-photons\/","title":{"rendered":"\u5c40\u57df\u5149\u5b50"},"content":{"rendered":"\n<h4 class=\"wp-block-heading\"><strong>A fotonok kromosz\u00f3m\u00e1lis biokonverzi\u00f3ja sz\u00e9less\u00e1v\u00fa\u00a0elektrom\u00e1gneses\u00a0mez\u0151kk\u00e9.Lokaliz\u00e1lt\u00a0fotonok<\/strong><\/h4>\n\n\n\n<p>Ezeket a rendelkez\u00e9seket figyelembe kell venni az itt t\u00e1rgyalt, genetikai molekul\u00e1kon dolgoz\u00f3 biokomputer hipotetikus modellj\u00e9ben. N\u00e9zz\u00fck meg, hogyan alakulnak ki a fotonokb\u00f3l r\u00e1di\u00f3sug\u00e1rz\u00e1ssal \u00e1talak\u00edtott &#8220;in vitro&#8221; g\u00e9nszerkezetek (DNS folyad\u00e9kkrist\u00e1lyok k\u00e9sz\u00edtm\u00e9nyei). K\u00eds\u00e9rleteinkben [Prangishvili, Garyaev et al., 2000]\u00a0val\u00f3sz\u00edn\u0171leg\u00a0az \u00fagynevezett lokaliz\u00e1lt vagy \u00f6sszefon\u00f3dott (entangle) koherens fotonokat kaptuk, azok\u00a0k\u00e9s\u0151bbi\u00a0permissive-teleport\u00e1ci\u00f3s \u00e1talak\u00edt\u00e1s\u00e1val r\u00e1di\u00f3hull\u00e1mokk\u00e1. Ez a folyamat egy 2 mW sug\u00e1rz\u00e1si teljes\u00edtm\u00e9ny\u0171, 632,8 nm hull\u00e1mhossz\u00fa, egyr\u00e9szes HeNe-l\u00e9zerrel t\u00f6rt\u00e9nt, amelynek stabil rezon\u00e1tora elektronikus termosztatikus elemmel szab\u00e1lyozott [99\/01\/L sz\u00e1m\u00fa, 1999.01.06-i nemzetk\u00f6zi tal\u00e1lm\u00e1nyi bejelent\u00e9s szerinti szabadalmi\u00a0els\u0151bbs\u00e9g].\u00a0Amikor a l\u00e9zersug\u00e1r foly\u00e9kony DNS-krist\u00e1lyokkal (vagy m\u00e1s t\u00e1rgyakkal) l\u00e9pett k\u00f6lcs\u00f6nhat\u00e1sba, a l\u00e9zer olyan r\u00e1di\u00f3jeleket gener\u00e1lt, amelyek karaktere (Fourier- spektrum) a vizsg\u00e1lt mint\u00e1k t\u00edpus\u00e1t\u00f3l \u00e9s az\u00a0el\u0151k\u00e9sz\u00edt\u00e9s\u00fck\u00a0m\u00f3dj\u00e1t\u00f3l\u00a0f\u00fcgg\u0151en\u00a0k\u00fcl\u00f6nb\u00f6z\u00f6tt. A DNS-jeleket ad\u00f3 bioakt\u00edv r\u00e1di\u00f3hull\u00e1mok l\u00e9trehoz\u00e1s\u00e1nak egyik sz\u00fcks\u00e9ges felt\u00e9tele a &#8220;h\u00e1romt\u00fckr\u00f6s s\u00e9ma&#8221;. E s\u00e9ma szerint a vizsg\u00e1lt objektum (DNS) visszaveri a l\u00e9zersugarat a l\u00e9zerrezon\u00e1torba.\u00a0Jellemz\u0151,\u00a0hogy a r\u00e1di\u00f3jel saj\u00e1tos modul\u00e1ci\u00f3i ebben az esetben teljes m\u00e9rt\u00e9kben megfelelnek a DNS-k\u00e9sz\u00edtm\u00e9nyek \u00e1ltal sz\u00f3rt f\u00e9ny k\u00e9tdimenzi\u00f3s speckle-mint\u00e1zatainak\u00a0id\u0151beli\u00a0v\u00e1ltoz\u00e1s\u00e1nak.<\/p>\n\n\n\n<p>Ezekben a k\u00eds\u00e9rletekben&nbsp;els\u0151dleges&nbsp;inform\u00e1ci\u00f3kat szerezt\u00fcnk arr\u00f3l, hogy a l\u00e9zert\u00fckr\u00f6k\u00f6n \u00e9s a l\u00e9zer r\u00e9sz\u00e9t nem&nbsp;k\u00e9pez\u0151 k\u00fcls\u0151&nbsp;l\u00e9zert\u00fckr\u00f6k\u00f6n (l\u00e1sd al\u00e1bb) a DNS- prepar\u00e1tumokon&nbsp;l\u00e9v\u0151,&nbsp;biol\u00f3giailag akt\u00edv, dinamikus polariz\u00e1ci\u00f3s l\u00e9zer-r\u00e1di\u00f3hull\u00e1m genetikai inform\u00e1ci\u00f3k hossz\u00fa t\u00e1v\u00fa r\u00f6gz\u00edt\u00e9s\u00e9nek&nbsp;lehet\u0151s\u00e9g\u00e9r\u0151l.&nbsp;Felt\u00e9telezz\u00fck, hogy ez a jelens\u00e9g a&nbsp;fotonmez\u0151k&nbsp;lokaliz\u00e1ci\u00f3j\u00e1nak (t\u00f6m\u00f6r\u00edt\u00e9s\u00e9nek) jelens\u00e9g\u00e9vel f\u00fcgg \u00f6ssze a l\u00e9zert\u00fckr\u00f6k korrel\u00e1lt sz\u00f3r\u00f3k rendszer\u00e9ben. Az ilyen sz\u00f3r\u00f3k anyag\u00e1nak gyenge saj\u00e1t sug\u00e1rz\u00e1selnyel\u00e9s\u00e9nek felt\u00e9telei mellett a&nbsp;k\u00fcls\u0151 f\u00e9nymez\u0151&nbsp;hossz\u00fa ideig megmaradhat a rendszerben an\u00e9lk\u00fcl, hogy m\u00e1s energiaform\u00e1kba disszip\u00e1l\u00f3dna. A lokaliz\u00e1ci\u00f3 oka a t\u00f6bbsz\u00f6r\u00f6sen sz\u00f3rt hull\u00e1mok interferenci\u00e1j\u00e1val f\u00fcgg \u00f6ssze. A&nbsp;k\u00fcls\u0151&nbsp;elektrom\u00e1gneses jel (a mi eset\u00fcnkben<\/p>\n\n\n\n<p>egy DNS-prepar\u00e1tummal polariz\u00e1ci\u00f3san modul\u00e1lt l\u00e9zersugarat kalibr\u00e1lnak (&#8220;r\u00f6gz\u00edtenek&#8221;) a l\u00e9zert\u00fckr\u00f6k f\u00e9mtartalm\u00fa inhomogenit\u00e1s\u00fa rendszer\u00e9ben. Ez a jel&nbsp;jelent\u0151s&nbsp;inform\u00e1ci\u00f3vesztes\u00e9g n\u00e9lk\u00fcl tov\u00e1bb &#8220;kiolvashat\u00f3&#8221; izomorf (a fotonokhoz k\u00e9pest) polariz\u00e1lt r\u00e1di\u00f3hull\u00e1mok form\u00e1j\u00e1ban. Ezeket a megfontol\u00e1sokat a lokaliz\u00e1lt fotonok t\u00f6m\u00f6r\u00edtett \u00e1llapotaira vonatkoz\u00f3 elm\u00e9leti vizsg\u00e1latok t\u00e1masztj\u00e1k al\u00e1 [Maksimenko, 1999 (a);&nbsp;Maksimenko, 1999 (b); Maksimenko, 1999&nbsp;(c)]. Ha egy ilyen<\/p>\n\n\n\n<p>a t\u00fckr\u00f6k\u00f6n val\u00f3 &#8220;r\u00f6gz\u00edt\u00e9s&#8221; val\u00f3s, akkor a kromosz\u00f3maappar\u00e1tus foly\u00e9kony krist\u00e1lyos DNS-r\u00e9tegei, amelyek f\u00e9matomokat tartalmaznak (t\u00fckr\u00f6k anal\u00f3gjai), szint\u00e9n&nbsp;tekinthet\u0151k&nbsp;a lokaliz\u00e1lt fotonok felhalmoz\u00f3d\u00e1s\u00e1nak frakt\u00e1lis k\u00f6zeg\u00e9nek, amely egy koherens kontinuumot hoz l\u00e9tre kvantumos, nem lok\u00e1lisan elosztott polariz\u00e1ci\u00f3s- r\u00e1di\u00f3hull\u00e1mos g\u00e9n-inform\u00e1ci\u00f3val. Ez bizonyos m\u00e9rt\u00e9kig megfelel kor\u00e1bbi elk\u00e9pzel\u00e9s\u00fcnknek a genom kvantum-nonlokalit\u00e1s\u00e1r\u00f3l, illetve annak egyik form\u00e1j\u00e1r\u00f3l [Gariaev et al., 1999; Gariaev, Tertishniy, 1999; Gariaev et al., 1999]. Tal\u00e1n van egy m\u00e1sik mechanizmusa is a f\u00e9nykvantumok szolitonokk\u00e9nt val\u00f3 \u00e1tmenet\u00e9nek r\u00e1di\u00f3hull\u00e1mokk\u00e1. Tuszinski et al [Tuszinski et al, 1984] munk\u00e1ja k\u00e9t l\u00e1tsz\u00f3lag f\u00fcggetlen elm\u00e9let kapcsolat\u00e1t, egym\u00e1st kieg\u00e9sz\u00edt\u0151&nbsp;jelleg\u00e9t mutatja, amelyek k\u00e9t olyan fizikai modellt vesznek figyelembe, amelyek a biol\u00f3giai rendszerek szokatlan viselked\u00e9s\u00e9t magyar\u00e1zz\u00e1k. Ezeket a modelleket Herbert Frelich \u00e9s Alexander Davidov javasolta. Az elektronok gerjeszt\u00e9s\u00e9t, delokaliz\u00e1ci\u00f3j\u00e1t \u00e9s mozg\u00e1s\u00e1t a feh\u00e9rjemolekul\u00e1k peptidl\u00e1ncai ment\u00e9n szoliter hull\u00e1mok (szolitonok) form\u00e1j\u00e1ban le\u00edr\u00f3 \u00fan. davidovi szolitonok kieg\u00e9sz\u00edtik Frellich j\u00f3l ismert modellj\u00e9t [Frellich, 1968; Frellich, 1972; Frellich, 1975; Frellich, 1977], amelyet munk\u00e1nkban [Blagodatskikh, Garyaev et al, 1996], az inform\u00e1ci\u00f3s biomakromolekul\u00e1k oszcill\u00e1l\u00f3 dip\u00f3lusainak, a feh\u00e9rj\u00e9k (1012&nbsp;-1013&nbsp;Hz), DNS (109&nbsp;Hz), membr\u00e1nok (0,5-1011&nbsp;Hz) elektrom\u00e1gneses hull\u00e1mainak fononjainak Bose- kondenz\u00e1ci\u00f3j\u00e1b\u00f3l sz\u00e1rmaz\u00f3 dip\u00f3lusok (10 -10 Hz)&nbsp;er\u0151sen&nbsp;polariz\u00e1lt (koherens,&nbsp;l\u00e9zerszer\u0171)&nbsp;\u00e1llapotainak&nbsp;lehet\u0151s\u00e9g\u00e9r\u0151l.&nbsp;Tuzynski et al. fenti dolgozat\u00e1ban a Davidov-Hamilt\u00f3ni\u00e1t norm\u00e1lkoordin\u00e1t\u00e1kba transzform\u00e1lj\u00e1k, a Frelich-Hamilt\u00f3ni\u00e1t pedig kanonikusan a Hartree-Fock-k\u00f6zel\u00edt\u00e9sen bel\u00fcl&nbsp;egyen\u00e9rt\u00e9k\u0171&nbsp;form\u00e1ba alak\u00edtj\u00e1k \u00e1t. A&nbsp;szerz\u0151k&nbsp;\u00fagy v\u00e9lik, hogy a Hamilton-modell k\u00e9pes \u00f6sszekapcsolni a k\u00e9t elm\u00e9letet, amelyek matematikailag ekvivalensek. R\u00e1ad\u00e1sul a k\u00e9t modell fizikailag kieg\u00e9sz\u00edti egym\u00e1st. A biopolimerek rezg\u00e9sm\u00f3djainak Bose-kondenz\u00e1ci\u00f3ja megfelel a polariz\u00e1ci\u00f3s hull\u00e1m szolitonterjed\u00e9s\u00e9nek. Megford\u00edtva, a peptidl\u00e1nc ment\u00e9n a hat\u00e1renergi\u00e1k szolitontranszportja a bioszerkezetek r\u00e1csrezg\u00e9seinek Bose-kondenz\u00e1ci\u00f3j\u00e1val j\u00e1r egy\u00fctt.&nbsp;Ebb\u0151l&nbsp;k\u00f6vetkezik, hogy a szoliton elektrom\u00e1gneses&nbsp;mez\u0151t&nbsp;hoz l\u00e9tre, \u00e9s ez lehet az egyik mechanizmusa annak a hat\u00e1snak, amelyet k\u00eds\u00e9rletekben megfigyel\u00fcnk, amikor a DNS szoliton gerjeszt\u00e9s\u00e9t&nbsp;megjelen\u00edt\u0151&nbsp;oszcill\u00e1l\u00f3 optikai szoliton breezer optikai rezonanci\u00e1val&nbsp;feler\u0151s\u00edtett&nbsp;r\u00e1di\u00f3hull\u00e1mokat hoz l\u00e9tre. Egy m\u00e1sik gondolat, hogy&#8230;<\/p>\n\n\n\n<p>A kromosz\u00f3m\u00e1k \u00e1ltal gener\u00e1lt endog\u00e9n koherens fotonok r\u00e1di\u00f3hull\u00e1mokk\u00e1\u00a0t\u00f6rt\u00e9n\u0151\u00a0\u00e1talak\u00edt\u00e1sa egy biosziszt\u00e9m\u00e1ban a modellk\u00eds\u00e9rleteinkhez hasonl\u00f3an &#8220;h\u00e1romt\u00fckr\u00f6s&#8221; vagy &#8220;t\u00f6bbt\u00fckr\u00f6s&#8221; s\u00e9ma szerint t\u00f6rt\u00e9nhet t\u00f6bb\u00a0visszaver\u0151\u00a0membr\u00e1nfel\u00fcleten. Ebben az esetben a sejtmag (kromosz\u00f3m\u00e1k) l\u00e9zerf\u00e9nyforr\u00e1sk\u00e9nt, a sejtmagmembr\u00e1n \u00e9s a citoplazmamembr\u00e1nok pedig f\u00e9ny\u00e1tereszt\u0151\u00a0t\u00fck\u00f6rk\u00e9ntm\u0171k\u00f6dnek.\u00a0A sejt folyad\u00e9kkrist\u00e1lyos strukt\u00far\u00e1inak dom\u00e9nfalai szint\u00e9n &#8220;t\u00fck\u00f6rk\u00e9nt&#8221; szolg\u00e1lhatnak, \u00e9s egy\u00fattal szond\u00e1zott objektumok is lehetnek. Ebben az esetben\u00a0lehet\u0151s\u00e9g\u00a0ny\u00edlik az\u00a0<em>&#8220;in vitro &#8211; in vivo&#8221;\u00a0<\/em>f\u00e9nyl\u00e9zer-\u00e1ramok manipul\u00e1l\u00e1s\u00e1ra, amelyeket az\u00a0\u00e9l\u0151\u00a0sejt\u00a0f\u00e9nyvezet\u0151inek\u00a0bonyolult h\u00e1l\u00f3zata tov\u00e1bb\u00edt, \u00e9s amelyek\u00a0val\u00f3sz\u00edn\u0171leg\u00a0a sejtstrukt\u00far\u00e1kon a szerkezeti \u00e9s\u00a0anyagcsere-\u00e1trendez\u0151d\u00e9sekr\u0151l\u00a0inform\u00e1ci\u00f3t hordoz\u00f3 r\u00e1di\u00f3hull\u00e1mokk\u00e1 alakulnak \u00e1t. Az ilyen\u00a0jelleg\u0171\u00a0foton- r\u00e1di\u00f3hull\u00e1m-inform\u00e1ci\u00f3k lokaliz\u00e1l\u00e1sa \u00e9s &#8220;r\u00f6gz\u00edt\u00e9se&#8221; alapul szolg\u00e1lhat mesters\u00e9ges biokomputer-mem\u00f3ria l\u00e9trehoz\u00e1s\u00e1hoz. Ebben az \u00f6sszef\u00fcgg\u00e9sben, a tudom\u00e1nyos lemika rendj\u00e9ben, fel lehet aj\u00e1nlani, hogy DNS folyad\u00e9kkrist\u00e1lyokon mem\u00f3riacell\u00e1kat hozzanak l\u00e9tre. Az ilyen\u00a0sejtekb\u0151l\u00a0az inform\u00e1ci\u00f3 kiolvas\u00e1sa az \u00e1ltalunk kifejlesztett m\u00f3dokon l\u00e9zersugarakkal t\u00f6rt\u00e9nik. Mint fentebb eml\u00edtett\u00fck,\u00a0els\u0151\u00a0k\u00eds\u00e9rleti eredm\u00e9nyeket \u00e9rt\u00fcnk el ebben az ir\u00e1nyban.<\/p>\n","protected":false},"excerpt":{"rendered":"<p>A fotonok kromosz\u00f3m\u00e1lis biokonverzi\u00f3ja sz\u00e9less\u00e1v\u00fa\u00a0elektrom\u00e1gneses\u00a0mez\u0151kk\u00e9.Lokaliz\u00e1lt\u00a0fotonok Ezeket a rendelkez\u00e9seket figyelembe kell venni az itt t\u00e1rgyalt, genetikai molekul\u00e1kon dolgoz\u00f3 biokomputer hipotetikus modellj\u00e9ben. N\u00e9zz\u00fck meg, hogyan alakulnak ki a fotonokb\u00f3l r\u00e1di\u00f3sug\u00e1rz\u00e1ssal \u00e1talak\u00edtott &#8220;in vitro&#8221; g\u00e9nszerkezetek (DNS folyad\u00e9kkrist\u00e1lyok k\u00e9sz\u00edtm\u00e9nyei). K\u00eds\u00e9rleteinkben [Prangishvili, Garyaev et al., 2000]\u00a0val\u00f3sz\u00edn\u0171leg\u00a0az \u00fagynevezett lokaliz\u00e1lt vagy \u00f6sszefon\u00f3dott (entangle) koherens fotonokat kaptuk, azok\u00a0k\u00e9s\u0151bbi\u00a0permissive-teleport\u00e1ci\u00f3s \u00e1talak\u00edt\u00e1s\u00e1val r\u00e1di\u00f3hull\u00e1mokk\u00e1. Ez a folyamat [&hellip;]<\/p>\n","protected":false},"author":1,"featured_media":0,"parent":0,"menu_order":0,"comment_status":"closed","ping_status":"closed","template":"","meta":{"_angie_page":false,"site-sidebar-layout":"default","site-content-layout":"","ast-site-content-layout":"default","site-content-style":"default","site-sidebar-style":"default","ast-global-header-display":"","ast-banner-title-visibility":"","ast-main-header-display":"","ast-hfb-above-header-display":"","ast-hfb-below-header-display":"","ast-hfb-mobile-header-display":"","site-post-title":"disabled","ast-breadcrumbs-content":"","ast-featured-img":"","footer-sml-layout":"","ast-disable-related-posts":"","theme-transparent-header-meta":"","adv-header-id-meta":"","stick-header-meta":"","header-above-stick-meta":"","header-main-stick-meta":"","header-below-stick-meta":"","astra-migrate-meta-layouts":"set","ast-page-background-enabled":"default","ast-page-background-meta":{"desktop":{"background-color":"","background-image":"","background-repeat":"repeat","background-position":"center center","background-size":"auto","background-attachment":"scroll","background-type":"","background-media":"","overlay-type":"","overlay-color":"","overlay-opacity":"","overlay-gradient":""},"tablet":{"background-color":"","background-image":"","background-repeat":"repeat","background-position":"center center","background-size":"auto","background-attachment":"scroll","background-type":"","background-media":"","overlay-type":"","overlay-color":"","overlay-opacity":"","overlay-gradient":""},"mobile":{"background-color":"","background-image":"","background-repeat":"repeat","background-position":"center center","background-size":"auto","background-attachment":"scroll","background-type":"","background-media":"","overlay-type":"","overlay-color":"","overlay-opacity":"","overlay-gradient":""}},"ast-content-background-meta":{"desktop":{"background-color":"var(--ast-global-color-5)","background-image":"","background-repeat":"repeat","background-position":"center center","background-size":"auto","background-attachment":"scroll","background-type":"","background-media":"","overlay-type":"","overlay-color":"","overlay-opacity":"","overlay-gradient":""},"tablet":{"background-color":"var(--ast-global-color-5)","background-image":"","background-repeat":"repeat","background-position":"center center","background-size":"auto","background-attachment":"scroll","background-type":"","background-media":"","overlay-type":"","overlay-color":"","overlay-opacity":"","overlay-gradient":""},"mobile":{"background-color":"var(--ast-global-color-5)","background-image":"","background-repeat":"repeat","background-position":"center center","background-size":"auto","background-attachment":"scroll","background-type":"","background-media":"","overlay-type":"","overlay-color":"","overlay-opacity":"","overlay-gradient":""}},"footnotes":""},"class_list":["post-6532","page","type-page","status-publish","hentry"],"_links":{"self":[{"href":"https:\/\/ai-xtech.eu\/zh\/wp-json\/wp\/v2\/pages\/6532","targetHints":{"allow":["GET"]}}],"collection":[{"href":"https:\/\/ai-xtech.eu\/zh\/wp-json\/wp\/v2\/pages"}],"about":[{"href":"https:\/\/ai-xtech.eu\/zh\/wp-json\/wp\/v2\/types\/page"}],"author":[{"embeddable":true,"href":"https:\/\/ai-xtech.eu\/zh\/wp-json\/wp\/v2\/users\/1"}],"replies":[{"embeddable":true,"href":"https:\/\/ai-xtech.eu\/zh\/wp-json\/wp\/v2\/comments?post=6532"}],"version-history":[{"count":2,"href":"https:\/\/ai-xtech.eu\/zh\/wp-json\/wp\/v2\/pages\/6532\/revisions"}],"predecessor-version":[{"id":6534,"href":"https:\/\/ai-xtech.eu\/zh\/wp-json\/wp\/v2\/pages\/6532\/revisions\/6534"}],"wp:attachment":[{"href":"https:\/\/ai-xtech.eu\/zh\/wp-json\/wp\/v2\/media?parent=6532"}],"curies":[{"name":"\u53ef\u6e7f\u6027\u7c89\u5242","href":"https:\/\/api.w.org\/{rel}","templated":true}]}}