{"id":6469,"date":"2024-02-05T13:45:03","date_gmt":"2024-02-05T13:45:03","guid":{"rendered":"https:\/\/ai-xtech.eu\/?page_id=6469"},"modified":"2024-02-05T14:43:54","modified_gmt":"2024-02-05T14:43:54","slug":"p-p-garjajev","status":"publish","type":"page","link":"https:\/\/ai-xtech.eu\/zh\/p-p-garjajev\/","title":{"rendered":"PP\u52a0\u5c14\u8d3e\u8036\u592b"},"content":{"rendered":"<h2 class=\"wp-block-heading has-ast-global-color-5-background-color has-background\">Peter P. Garyaev \u535a\u58eb\uff0c\u751f\u7269\u79d1\u5b66\u535a\u58eb\uff0crans \u548c RAMTN<\/h2>\n\n\n\n<figure class=\"wp-block-image size-full\"><img fetchpriority=\"high\" decoding=\"async\" width=\"250\" height=\"226\" src=\"https:\/\/ai-xtech.eu\/oordufup\/2024\/02\/garyaev.png\" alt=\"\" class=\"wp-image-6453\" srcset=\"https:\/\/ai-xtech.eu\/oordufup\/2024\/02\/garyaev.png 250w, https:\/\/ai-xtech.eu\/oordufup\/2024\/02\/garyaev-13x12.png 13w\" sizes=\"(max-width: 250px) 100vw, 250px\" \/><\/figure>\n\n\n\n<p class=\"has-ast-global-color-5-background-color has-background\">\u81ea1984\u5e74\u4ee5\u6765\uff0c\u00a0<strong>\u5f7c\u5f97\u00b7P\u00b7\u52a0\u5c14\u8d3e\u8036\u592b<\/strong>\u00a0\u5f00\u59cb\u5728\u9057\u4f20\u7f16\u7801\u9886\u57df\u7684\u65b0\u9886\u57df\u8fdb\u884c\u7814\u7a76\uff0c\u5e76\u4e8e 1994 \u5e74\u521b\u9020\u4e86\u9057\u4f20\u5b66\u7684\u65b0\u8d8b\u52bf - Genetics Wave\uff0c\u7136\u540e\u662f Lingvistiko - A Wave Genetics\u3002\u5728\u672c\u4e3b\u9898\u4e2d\u00a0<strong>\u5f7c\u5f97\u00b7P\u00b7\u52a0\u91cc\u4e9a\u8036\u592b<\/strong>\u00a01997\u5e74\u3002\u5f17\u91cc\u4e9a\u9f50\u8bfa\u535a\u58eb\u8bba\u6587\u7b54\u8fa9\u3002\u9c8d\u66fc\u5728 HIAC \u5de5\u4f5c\u3002\u5f53\u9009\u4e3aRANS\u548cRAMTN\u9662\u58eb\u3001\u7ebd\u7ea6\u79d1\u5b66\u9662\u9662\u58eb\u3002 2001\u5e74\u81f32002\u5e74\uff0c\u00a0<strong>\u5f7c\u5f97\u00b7P\u00b7\u52a0\u91cc\u4e9a\u8036\u592b<\/strong>\u00a0\uff0c\u52a0\u62ff\u5927\uff08\u591a\u4f26\u591a\uff09\uff0c\u4ed6\u5728\u90a3\u91cc\u901a\u8fc7\u5b9e\u9a8c\u8bc1\u5b9e\u4e86lingvistiko\u57fa\u672c\u601d\u60f3\u2014\u2014\u6ce2\u9057\u4f20\u5b66\u7684\u6b63\u786e\u6027\u3002 2013\u5e74\uff0c\u4ed6\u521b\u7acb\u4e86\u201c\u91cf\u5b50\u9057\u4f20\u5b66\u7814\u7a76\u6240\u201d\u516c\u53f8\u3002<\/p>\n\n\n\n<p class=\"has-ast-global-color-5-background-color has-background\">\u82cf\u8054\u79d1\u5b66\u9662\u7269\u7406\u6280\u672f\u95ee\u9898\u7814\u7a76\u6240\u9ad8\u7ea7\u79d1\u5b66\u52a9\u7406\u3001\u7ec4\u957f\uff081984-1998\uff09&nbsp;<strong>\u5f7c\u5f97\u00b7P\u00b7\u52a0\u5c14\u8d3e\u8036\u592b<\/strong>&nbsp;\u53d1\u73b0\u4e86\u4e24\u79cd\u4ee5\u524d\u672a\u77e5\u7684\u3001\u4e0d\u5bfb\u5e38\u7684 DNA \u8bb0\u5fc6\u7c7b\u578b\u3002\u8fd9\u662f\u901a\u8fc7\u6fc0\u5149\u76f8\u5173\u5149\u8c31\u8bb0\u5f55\u7684\u3002<\/p>\n\n\n\n<p class=\"has-ast-global-color-5-background-color has-background\">\u7b2c\u4e00\u7c7b\u662f\u5e26\u6709\u4e3b\u6a21\u5f0f\u6fc0\u52b1\u8fd4\u56de\u7684 DNA \u975e\u7ebf\u6027\u52a8\u529b\u5b66\uff08\u58f0\u5b66\uff09\u3002\u8fd9\u662f\u4e00\u79cd\u57fa\u672c\u73b0\u8c61\uff08\u4e0d\u662fDNA\u7b49\u3002\u7ed3\u6784\u662f\u6709\u673a\u4f53\uff09\u3002\u957f\u671f\u4ee5\u6765\uff0c\u5b83\u5728\u7269\u7406\u5b66\u4e2d\u88ab\u79f0\u4e3a\u201c\u8d39\u7c73-\u5e15\u65af\u5854-\u4e4c\u62c9\u59c6\u73b0\u8c61\u201d\uff08\u68c0\u67e5FPU\uff09\u548c\u975e\u7ebf\u6027\u8bb0\u5fc6\u7cfb\u7edf\u7684\u6fc0\u53d1\u3002\u9057\u4f20\u88c5\u7f6e\u5229\u7528\u8fd9\u79cd\u73b0\u8c61\u6765\u5904\u7406\u8c03\u7528\u5176\u81ea\u8eab\u67d3\u8272\u4f53\u4e2d\u7684\u5168\u606f\u7a0b\u5e8f\u7684\u8bf7\u6c42\u3002\u8fd9\u4e9b\u8981\u6c42\u5728\u5668\u5b98\u548c\u7ec4\u7ec7\u518d\u751f\u8fc7\u7a0b\u7684\u751f\u7269\u7cfb\u7edf\u4e2d\u5b9e\u73b0\uff0c\u5f53\u6211\u4eec\u60f3\u79f0\u4e4b\u4e3a\u4eba\u7c7b\u809d\u810f\u518d\u751f\u4fe1\u606f\u7ed3\u6784\u7684\u201c\u56de\u5f52\u201d\u65f6\uff0c\u764c\u75c7\u7684\u722a\u5b50\uff0c\u8725\u8734\u7684\u5c3e\u5df4\u8fd9\u4e9b\u201c\u7b7e\u5165\u201d\uff0c\u6839\u636e\u6211\u4eec\u7684\u7814\u7a76\uff0c\u4e0d\u4ec5\u4ec5\u662fDNA\uff0c\u8fd8\u6709\u6211\u7684\u6838\u86cb\u767d\uff08\u6838\u7cd6\u4f53\uff09\u3001\u86cb\u767d\u8d28\u548c\u751f\u7269\u7ed3\u6784\uff08\u80f6\u539f\u86cb\u767d\u3001\u7ec6\u80de\u5916\u57fa\u8d28\uff09\u3002<\/p>\n\n\n\n<p class=\"has-ast-global-color-5-background-color has-background\">\u7b2c\u4e8c\u79cd\u8bb0\u5fc6\u662fDNA\u5e7b\u5f71\u6548\u5e94\uff0c\u5373\u57fa\u4e8e\u5177\u6709\u52a8\u6001\u6ce2\u7279\u6027\u7684DNA\u5206\u5b50\u7684\u52a8\u6001\u6ce2\u4f5c\u7528\u7684\u8bb0\u5fc6\u73af\u5883\u3002\u73af\u5883\u662f\u4f8b\u5982\u6bd4\u8272\u76bf\u5ba4\u5149\u8c31\u4eea\u7684\u7a7a\u95f4\u6216\u6d3b\u7ec6\u80de\u548c\u7ec4\u7ec7\u7684\u7a7a\u95f4\u4e4b\u4e00\u3002\u5b83\u4e5f\u88ab\u751f\u7269\u4f53\u7528\u6765\u5e26\u6765\u4e00\u79cd\u91cf\u5b50\u6001...... DNA \u5e7b\u5f71\u5f62\u5f0f\u7684\u5206\u5b50\u3002\u5728\u5b9e\u8df5\u4e2d\uff0c\u8fd9\u53ef\u4ee5\u901a\u8fc7\u4eba\u5de5\u521b\u5efa\u4eba\u4f53\u5185\u56fa\u6709\u7684DNA\u7247\u6bb5\u7684\u91cf\u5b50\u77e9\u9635\u6765\u5b9e\u73b0\uff0c\u5b83\u586b\u5145\u548c\u66ff\u6362\u4eba\u4f53\u4e2d\u4e22\u5931\u7684DNA\u7247\u6bb5\uff0c\u5e76\u4e14\u4e0d\u4f1a\u5bfc\u81f4\u9057\u4f20\u635f\u4f24\u3002\u4f8b\u5982\uff0c\u56ca\u6027\u7ea4\u7ef4\u5316\u4e2d\u7684\u7a81\u53d8\u53f7\u4e3a 508\u3002<\/p>\n\n\n\n<p class=\"has-ast-global-color-5-background-color has-background\">\u6211\u4eec\u5de5\u4f5c\u7684\u53e6\u4e00\u4e2a\u91cd\u8981\u90e8\u5206\u662f\u8c03\u6574\u4e09\u8054\u86cb\u767d\u9057\u4f20\u88c5\u7f6e\u4e2d\u5f53\u524d\u7684\u7f16\u7801\u6a21\u578b\u3002\u6211\u4eec\u4fee\u6539\u7684\u672c\u8d28\u662f\uff0c\u6838\u7cd6\u4f53\u5728RNA\u4e0a\u7684\u4e0a\u4e0b\u6587\u5b9a\u5411\u7cfb\u7edf\u662f\u5728\u86cb\u767d\u8d28\u751f\u7269\u5408\u6210\u8fc7\u7a0b\u4e2d\u5b9e\u73b0\u7684\u3002\u8fd9\u610f\u5473\u7740\u6211\u4eec\u5728\u57fa\u56e0\u7ec4\u4e2d\u5f15\u5165\u4e86\u771f\u5b9e\uff08\u800c\u975e\u9690\u55bb\uff09\u7684 tekstovosti \u57fa\u56e0\u548c\u51c6\u601d\u7ef4\u601d\u7ef4\u7684\u5f3a\u5927\u5730\u4f4d\uff0c\u5c31\u50cf\u91cf\u5b50\u751f\u7269\u8ba1\u7b97\u673a\u4e00\u6837\u3002\u4f7f\u7528\u4e0e\u751f\u7269\u7cfb\u7edf\u7684\u610f\u8bc6\u548c\u601d\u7ef4\u6c34\u5e73\u76f8\u5173\u7684\u5206\u5f62\u7ef4\u5ea6\u7684\u6982\u5ff5\u3002\u6700\u540e\u4e00\u4e2a\u5173\u952e\u70b9\u662f\u201cBoma\u201dBerkovica \u5b87\u5b99\u6a21\u578b\u7684\u4f7f\u7528 - \u7528\u4e8e\u6211\u4eec\u6280\u672f\u7684\u5b9e\u9645\u5e94\u7528\u3002<\/p>\n\n\n\n<p class=\"has-ast-global-color-5-background-color has-background\">\u6211\u4eec\u5de5\u4f5c\u7684\u8fd9\u4e9b\u9636\u6bb5\u6784\u6210\u4e86\u5ba1\u67e5\u548c\u8865\u5145 DNA \u5728\u9057\u4f20\u7f16\u7801\u4e2d\u5df2\u7ecf\u7a81\u51fa\u7684\u529f\u80fd\u7684\u57fa\u7840\u3002 Lingvistiko - \u6ce2\u57fa\u56e0\u7ec4\u7406\u8bba\u3002\u6211\u4eec\u4e0e\u83ab\u65af\u79d1\u56fd\u7acb\u5927\u5b66\u3001FIANA\u3001ISP RAS \u548c\u5916\u56fd\u7814\u7a76\u4eba\u5458\u7684\u9876\u5c16\u7269\u7406\u5b66\u5bb6\u5408\u4f5c\u53d1\u8868\u4e86\u6570\u5341\u7bc7\u79d1\u5b66\u6587\u7ae0\u3002\u51fa\u7248\u4e13\u7740\u4e09\u90e8\uff08\u4f5c\u8005\u00a0<strong>\u5f7c\u5f97\u00b7P\u00b7\u52a0\u91cc\u4e9a\u8036\u592b<\/strong>\uff09\u3002\u4e13\u5229\u548c\u4f18\u5148\u6743\u3002\u5728\u6b64\u57fa\u7840\u4e0a\uff0c\u5f00\u53d1\u4e86\u4e00\u79cd\u5168\u65b0\u7684\u77eb\u6b63\u6280\u672f\uff0c\u4ee5\u5ef6\u957f\u4ed6\u4eec\u7684\u5065\u5eb7\u548c\u6d3b\u8dc3\u5bff\u547d\u3002\u65b0\u5174\u6280\u672f\u6700\u91cd\u8981\u7684\u4e00\u70b9\u4e4b\u4e00\u662f\u901a\u8fc7\u81ea\u7136\u7a0b\u5e8f\u5bf9\u5e72\u7ec6\u80de\u8fdb\u884c\u91cf\u5b50\u7f16\u7a0b\uff0c\u4f9b\u4eba\u4f53\u4f7f\u7528\u3002<\/p>\n\n\n\n<p class=\"has-ast-global-color-5-background-color has-background\"><strong>\u5f7c\u5f97\u00b7P\u00b7\u52a0\u5c14\u8d3e\u8036\u592b<\/strong>&nbsp;\u5df2\u83b7\u5f97 2021 \u5e74\u8bfa\u8d1d\u5c14\u533b\u5b66\u5956\u63d0\u540d\u3002<\/p>\n\n\n\n<figure class=\"wp-block-image size-full\"><img decoding=\"async\" width=\"513\" height=\"695\" src=\"https:\/\/ai-xtech.eu\/oordufup\/2024\/02\/the-nobel-committee.jpg\" alt=\"\" class=\"wp-image-6509\" srcset=\"https:\/\/ai-xtech.eu\/oordufup\/2024\/02\/the-nobel-committee.jpg 513w, https:\/\/ai-xtech.eu\/oordufup\/2024\/02\/the-nobel-committee-221x300.jpg 221w, https:\/\/ai-xtech.eu\/oordufup\/2024\/02\/the-nobel-committee-9x12.jpg 9w\" sizes=\"(max-width: 513px) 100vw, 513px\" \/><\/figure>","protected":false},"excerpt":{"rendered":"<p>Dr. Peter P. Garyaev, a biol\u00f3giai tudom\u00e1nyok doktora, rans \u00e9s RAMTN 1984 \u00f3ta,\u00a0Peter P. Garjajev\u00a0kutatni kezdett \u00faj ter\u00fcleteken a genetikai k\u00f3dol\u00e1s teruleten \u00e9s 1994-ben l\u00e9trehozott egy \u00faj ir\u00e1nyzatot a genetika &#8211; Genetics Wave, majd Lingvistiko &#8211; A Wave Genetics. Ebben a t\u00e9m\u00e1ban\u00a0Peter P. Garyaev\u00a01997-ben. megv\u00e9dte doktori disszert\u00e1ci\u00f3j\u00e1t fryazino. Bauman a HIAC-ban. A RANS \u00e9s a [&hellip;]<\/p>\n","protected":false},"author":1,"featured_media":0,"parent":0,"menu_order":0,"comment_status":"closed","ping_status":"closed","template":"","meta":{"_angie_page":false,"site-sidebar-layout":"no-sidebar","site-content-layout":"page-builder","ast-site-content-layout":"full-width-container","site-content-style":"default","site-sidebar-style":"default","ast-global-header-display":"","ast-banner-title-visibility":"","ast-main-header-display":"","ast-hfb-above-header-display":"","ast-hfb-below-header-display":"","ast-hfb-mobile-header-display":"","site-post-title":"disabled","ast-breadcrumbs-content":"","ast-featured-img":"disabled","footer-sml-layout":"","ast-disable-related-posts":"","theme-transparent-header-meta":"","adv-header-id-meta":"","stick-header-meta":"","header-above-stick-meta":"","header-main-stick-meta":"","header-below-stick-meta":"","astra-migrate-meta-layouts":"set","ast-page-background-enabled":"default","ast-page-background-meta":{"desktop":{"background-color":"","background-image":"","background-repeat":"repeat","background-position":"center center","background-size":"auto","background-attachment":"scroll","background-type":"","background-media":"","overlay-type":"","overlay-color":"","overlay-opacity":"","overlay-gradient":""},"tablet":{"background-color":"","background-image":"","background-repeat":"repeat","background-position":"center center","background-size":"auto","background-attachment":"scroll","background-type":"","background-media":"","overlay-type":"","overlay-color":"","overlay-opacity":"","overlay-gradient":""},"mobile":{"background-color":"","background-image":"","background-repeat":"repeat","background-position":"center center","background-size":"auto","background-attachment":"scroll","background-type":"","background-media":"","overlay-type":"","overlay-color":"","overlay-opacity":"","overlay-gradient":""}},"ast-content-background-meta":{"desktop":{"background-color":"var(--ast-global-color-5)","background-image":"","background-repeat":"repeat","background-position":"center center","background-size":"auto","background-attachment":"scroll","background-type":"","background-media":"","overlay-type":"","overlay-color":"","overlay-opacity":"","overlay-gradient":""},"tablet":{"background-color":"var(--ast-global-color-5)","background-image":"","background-repeat":"repeat","background-position":"center center","background-size":"auto","background-attachment":"scroll","background-type":"","background-media":"","overlay-type":"","overlay-color":"","overlay-opacity":"","overlay-gradient":""},"mobile":{"background-color":"var(--ast-global-color-5)","background-image":"","background-repeat":"repeat","background-position":"center center","background-size":"auto","background-attachment":"scroll","background-type":"","background-media":"","overlay-type":"","overlay-color":"","overlay-opacity":"","overlay-gradient":""}},"footnotes":"[]"},"class_list":["post-6469","page","type-page","status-publish","hentry"],"_links":{"self":[{"href":"https:\/\/ai-xtech.eu\/zh\/wp-json\/wp\/v2\/pages\/6469","targetHints":{"allow":["GET"]}}],"collection":[{"href":"https:\/\/ai-xtech.eu\/zh\/wp-json\/wp\/v2\/pages"}],"about":[{"href":"https:\/\/ai-xtech.eu\/zh\/wp-json\/wp\/v2\/types\/page"}],"author":[{"embeddable":true,"href":"https:\/\/ai-xtech.eu\/zh\/wp-json\/wp\/v2\/users\/1"}],"replies":[{"embeddable":true,"href":"https:\/\/ai-xtech.eu\/zh\/wp-json\/wp\/v2\/comments?post=6469"}],"version-history":[{"count":5,"href":"https:\/\/ai-xtech.eu\/zh\/wp-json\/wp\/v2\/pages\/6469\/revisions"}],"predecessor-version":[{"id":6512,"href":"https:\/\/ai-xtech.eu\/zh\/wp-json\/wp\/v2\/pages\/6469\/revisions\/6512"}],"wp:attachment":[{"href":"https:\/\/ai-xtech.eu\/zh\/wp-json\/wp\/v2\/media?parent=6469"}],"curies":[{"name":"\u53ef\u6e7f\u6027\u7c89\u5242","href":"https:\/\/api.w.org\/{rel}","templated":true}]}}