{"id":1252,"date":"2021-08-02T17:41:44","date_gmt":"2021-08-02T17:41:44","guid":{"rendered":"https:\/\/ai-xtech.eu\/?page_id=1252"},"modified":"2023-07-24T08:13:06","modified_gmt":"2023-07-24T08:13:06","slug":"data-protection-guidelines","status":"publish","type":"page","link":"https:\/\/ai-xtech.eu\/zh\/data-protection-guidelines\/","title":{"rendered":"\u6570\u636e\u4fdd\u62a4\u6307\u5357 \u9690\u79c1\u653f\u7b56"},"content":{"rendered":"<h2 class=\"wp-block-heading\">\u6211\u4eec\u662f\u8c01<\/h2>\n\n\n\n<p><strong class=\"privacy-policy-tutorial\"> <\/strong>\u6211\u4eec\u7684\u7f51\u7ad9\u5730\u5740\u662f\uff1ahttps:\/\/ai-xtech.eu\u3002<\/p>\n\n\n\n<h2 class=\"wp-block-heading\">\u8bc4\u8bba<\/h2>\n\n\n\n<p>\u63d0\u4ea4\u8bc4\u8bba\u65f6\uff0c\u9664\u4e86\u8bc4\u8bba\u8868\u5355\u4e2d\u6307\u5b9a\u7684\u5185\u5bb9\u4e4b\u5916\uff0c\u8fd8\u4f1a\u6536\u96c6\u8bc4\u8bba\u8005\u7684 IP \u5730\u5740\u548c\u6d4f\u89c8\u5668\u8bc6\u522b\u5b57\u7b26\u4e32\uff0c\u4ee5\u8fc7\u6ee4\u6389\u672a\u7ecf\u8bf7\u6c42\u7684\u5185\u5bb9\u3002<\/p>\n\n\n\n<p>\u5982\u679c\u5728\u7f51\u7ad9\u4e0a\u4f7f\u7528\uff0c\u4ece\u7535\u5b50\u90ae\u4ef6\u5730\u5740\u751f\u6210\u7684\u975e\u4e2a\u6027\u5316\u5b57\u7b26\u4e32\uff08\u901a\u5e38\u79f0\u4e3a\u54c8\u5e0c\uff09\u5c06\u88ab\u4f20\u8f93\u5230 Gravatar \u670d\u52a1\u3002 Gravatar \u670d\u52a1\u7684\u6761\u6b3e\u53ef\u4ee5\u5728\u4ee5\u4e0b\u5730\u5740\u67e5\u770b\uff1ahttps:\/\/automattic.com\/privacy\/\u3002\u8bc4\u8bba\u88ab\u63a5\u53d7\u540e\uff0c\u6211\u4eec\u7684\u8bc4\u8bba\u5185\u5bb9\u548c\u5934\u50cf\u5c06\u88ab\u516c\u5f00\u663e\u793a\u3002<\/p>\n\n\n\n<h2 class=\"wp-block-heading\">\u5a92\u4f53<\/h2>\n\n\n\n<p>\u5982\u679c\u6ce8\u518c\u7528\u6237\u5c06\u56fe\u50cf\u4e0a\u4f20\u5230\u7f51\u7ad9\uff0c\u5219\u5e94\u907f\u514d\u5305\u542b GPS \u4f4d\u7f6e\u6570\u636e\u7684 EXIF\u3002\u7f51\u7ad9\u8bbf\u95ee\u8005\u53ef\u4ee5\u4e0b\u8f7d\u8fd9\u4e9b\u5185\u5bb9\u5e76\u4ece\u7f51\u7ad9\u4e0a\u7684\u56fe\u50cf\u4e2d\u63d0\u53d6\u4f4d\u7f6e\u6570\u636e\u3002<\/p>\n\n\n\n<h2 class=\"wp-block-heading\">\u997c\u5e72<\/h2>\n\n\n\n<p>\u5982\u679c\u60a8\u5728\u7f51\u7ad9\u4e0a\u53d1\u8868\u8bc4\u8bba\uff0c\u60a8\u7684\u59d3\u540d\u3001\u7535\u5b50\u90ae\u4ef6\u5730\u5740\u548c\u7f51\u7ad9\u5730\u5740\u5c06\u5b58\u50a8\u5728 cookie \u4e2d\u3002\u5b58\u50a8\u662f\u4e3a\u4e86\u65b9\u4fbf\u8d77\u89c1\uff0c\u56e0\u6b64\u60a8\u4e0b\u6b21\u53d1\u5e03\u65f6\u65e0\u9700\u586b\u5199\u8fd9\u4e9b\u5b57\u6bb5\u3002 Cookie \u7684\u6709\u6548\u671f\u4e3a\u4e00\u5e74\u3002<\/p>\n\n\n\n<p>\u5f53\u60a8\u8bbf\u95ee\u767b\u5f55\u9875\u9762\u65f6\uff0c\u6211\u4eec\u4f1a\u8bbe\u7f6e\u4e34\u65f6 cookie \u4ee5\u786e\u5b9a\u60a8\u7684\u6d4f\u89c8\u5668\u662f\u5426\u63a5\u53d7 cookie\u3002\u8fd9\u4e9b cookie \u4e0d\u5305\u542b\u4e2a\u4eba\u4fe1\u606f\uff0c\u5e76\u4e14\u4f1a\u5728\u60a8\u5173\u95ed\u6d4f\u89c8\u5668\u65f6\u88ab\u5220\u9664\u3002<\/p>\n\n\n\n<p>\u5f53\u60a8\u767b\u5f55\u7f51\u7ad9\u65f6\uff0c\u6211\u4eec\u4f1a\u521b\u5efa\u591a\u4e2acookie\uff0c\u7528\u4e8e\u4fdd\u5b58\u767b\u5f55\u4fe1\u606f\u548c\u7f16\u8f91\u754c\u9762\u7684\u663e\u793a\u9009\u9879\u3002\u767b\u5f55cookies\u7684\u6709\u6548\u671f\u4e3a\u4e24\u5929\uff0c\u5b58\u50a8\u7f16\u8f91\u754c\u9762\u663e\u793a\u9009\u9879\u7684cookies\u7684\u6709\u6548\u671f\u4e3a\u4e00\u5e74\u3002\u5982\u679c\u9009\u62e9\u201c\u8bb0\u4f4f\u6211\u201d\u9009\u9879\uff0c\u6ce8\u518c\u5c06\u6301\u7eed\u4e24\u5468\u3002\u5f53\u60a8\u6ce8\u9500\u65f6\uff0c\u767b\u5f55 cookie \u5c06\u88ab\u5220\u9664\u3002<\/p>\n\n\n\n<p>\u5982\u679c\u6211\u4eec\u7f16\u8f91\u5e16\u5b50\u6216\u9875\u9762\uff0c\u6211\u4eec\u7684\u6d4f\u89c8\u5668\u4f1a\u5b58\u50a8\u53e6\u4e00\u4e2a cookie\u3002\u8be5 cookie \u4e0d\u5305\u542b\u4efb\u4f55\u4e2a\u4eba\u6570\u636e\uff0c\u5b83\u4ec5\u5b58\u50a8\u6211\u4eec\u7f16\u8f91\u8fc7\u7684\u5e16\u5b50\u7684 ID \u53f7\u3002\u4e00\u5929\u540e\u5c31\u4f1a\u8fc7\u671f\u3002<\/p>\n\n\n\n<h2 class=\"wp-block-heading\">\u6765\u81ea\u5176\u4ed6\u7f51\u7ad9\u7684\u5d4c\u5165\u5185\u5bb9<\/h2>\n\n\n\n<p>\u7f51\u7ad9\u4e0a\u63d0\u4f9b\u7684\u5e16\u5b50\u53ef\u80fd\u4f7f\u7528\u5916\u90e8\u6765\u6e90\u7684\u5d4c\u5165\u5185\u5bb9\uff08\u4f8b\u5982\u89c6\u9891\u3001\u56fe\u50cf\u3001\u6587\u7ae0\u7b49\uff09\u3002\u6765\u81ea\u5916\u90e8\u6e90\u7684\u5d4c\u5165\u5185\u5bb9\u7684\u884c\u4e3a\u4e0e\u60a8\u8bbf\u95ee\u53e6\u4e00\u4e2a\u7f51\u7ad9\u5b8c\u5168\u76f8\u540c\u3002<\/p>\n\n\n\n<p>\u5982\u679c\u60a8\u62e5\u6709\u7528\u6237\u5e10\u6237\u5e76\u767b\u5f55\u5230\u8be5\u7f51\u7ad9\uff0c\u8fd9\u4e9b\u7f51\u7ad9\u53ef\u80fd\u4f1a\u6536\u96c6\u6709\u5173\u8bbf\u95ee\u8005\u7684\u4fe1\u606f\u3001\u4f7f\u7528 cookie \u6216\u7b2c\u4e09\u65b9\u8ddf\u8e2a\u4ee3\u7801\u3001\u76d1\u63a7\u4e0e\u5d4c\u5165\u5185\u5bb9\u76f8\u5173\u7684\u7528\u6237\u884c\u4e3a\u3002<\/p>\n\n\n\n<h2 class=\"wp-block-heading\">\u6211\u4eec\u4e0e\u8c01\u5171\u4eab\u7528\u6237\u6570\u636e<\/h2>\n\n\n\n<p>\u5982\u679c\u60a8\u8bf7\u6c42\u91cd\u7f6e\u5bc6\u7801\uff0cIP \u5730\u5740\u5c06\u5305\u542b\u5728\u91cd\u7f6e\u7535\u5b50\u90ae\u4ef6\u4e2d\u3002<\/p>\n\n\n\n<h2 class=\"wp-block-heading\">\u6211\u4eec\u5c06\u4e2a\u4eba\u6570\u636e\u4fdd\u7559\u591a\u957f\u65f6\u95f4\uff1f<\/h2>\n\n\n\n<p>\u5982\u679c\u6211\u4eec\u53d1\u8868\u8bc4\u8bba\uff0c\u8bc4\u8bba\u53ca\u5176\u5143\u6570\u636e\u5c06\u5728\u7cfb\u7edf\u4e2d\u4fdd\u7559\u4e00\u6bb5\u672a\u6307\u5b9a\u7684\u65f6\u95f4\u3002\u8fd9\u6837\u505a\u7684\u76ee\u7684\u662f\u8ba9\u6211\u4eec\u4e86\u89e3\u5e76\u6279\u51c6\u6240\u6709\u540e\u7eed\u8bc4\u8bba\uff0c\u5373\u5b83\u4eec\u4e0d\u4f1a\u51fa\u73b0\u5728\u8981\u5ba1\u6838\u7684\u8bc4\u8bba\u5217\u8868\u4e2d\u3002<\/p>\n\n\n\n<p>\u5728\u7f51\u7ad9\u4e0a\u6ce8\u518c\u7684\u7528\u6237\u7684\u4e2a\u4eba\u6570\u636e\uff08\u5982\u679c\u6709\uff09\u4e5f\u5b58\u50a8\u5728\u4ed6\u4eec\u81ea\u5df1\u7684\u7528\u6237\u4e2a\u4eba\u8d44\u6599\u4e2d\u3002\u6240\u6709\u7528\u6237\u90fd\u53ef\u4ee5\u968f\u65f6\u67e5\u770b\u3001\u7f16\u8f91\u6216\u5220\u9664\u5176\u4e2a\u4eba\u6570\u636e\uff08\u4f46\u4e0d\u80fd\u66f4\u6539\u81ea\u5df1\u7684\u7528\u6237\u540d\uff09\u3002\u7f51\u7ad9\u7ba1\u7406\u5458\u8fd8\u53ef\u4ee5\u67e5\u770b\u548c\u7f16\u8f91\u6b64\u4fe1\u606f\u3002<\/p>\n\n\n\n<h2 class=\"wp-block-heading\">\u7528\u6237\u5bf9\u5176\u81ea\u5df1\u7684\u6570\u636e\u62e5\u6709\u54ea\u4e9b\u6743\u5229<\/h2>\n\n\n\n<p>\u5982\u679c\u6ce8\u518c\u5e10\u6237\u6216\u5728\u7f51\u7ad9\u4e0a\u53d1\u8868\u8bc4\u8bba\uff0c\u5219\u53ef\u4ee5\u8bf7\u6c42\u53d1\u9001\u5bfc\u51fa\u6587\u4ef6\u4e2d\u7684\u4e2a\u4eba\u6570\u636e\uff0c\u5176\u4e2d\u5305\u542b\u7528\u6237\u4e4b\u524d\u63d0\u4f9b\u7684\u4efb\u4f55\u6570\u636e\u3002\u60a8\u8fd8\u53ef\u4ee5\u8981\u6c42\u6211\u4eec\u5220\u9664\u4e4b\u524d\u63d0\u4f9b\u7684\u4efb\u4f55\u4e2a\u4eba\u6570\u636e\u3002\u8fd9\u4e0d\u9002\u7528\u4e8e\u6211\u4eec\u56e0\u884c\u653f\u3001\u6cd5\u5f8b\u6216\u5b89\u5168\u539f\u56e0\u800c\u9700\u8981\u4fdd\u7559\u7684\u6570\u636e\u3002<\/p>\n\n\n\n<h2 class=\"wp-block-heading\">\u6211\u4eec\u4f20\u8f93\u6570\u636e\u7684\u5730\u65b9<\/h2>\n\n\n\n<p>\u8bbf\u5ba2\u63d0\u4ea4\u7684\u8bc4\u8bba\u53ef\u4ee5\u901a\u8fc7\u81ea\u52a8\u5783\u573e\u90ae\u4ef6\u8fc7\u6ee4\u670d\u52a1\u8fdb\u884c\u68c0\u67e5\u3002<\/p>","protected":false},"excerpt":{"rendered":"<p>Kik vagyunk A weboldalunk c\u00edme: https:\/\/ai-xtech.eu. Hozz\u00e1sz\u00f3l\u00e1sok Hozz\u00e1sz\u00f3l\u00e1s bek\u00fcld\u00e9sekor a hozz\u00e1sz\u00f3l\u00e1si \u0171rlapban megadottakon k\u00edv\u00fcl begy\u0171jt\u00e9sre ker\u00fcl a hozz\u00e1sz\u00f3l\u00f3 IP c\u00edme \u00e9s a b\u00f6ng\u00e9sz\u0151azonos\u00edt\u00f3 karakterl\u00e1nc a k\u00e9retlen tartalmak kisz\u0171r\u00e9se c\u00e9lj\u00e1b\u00f3l. Egy szem\u00e9lytelen\u00edtett, az e-mail c\u00edmb\u0151l el\u0151\u00e1ll\u00edtott karakterl\u00e1nc (hashnek szok\u00e1s nevezni) ker\u00fcl tov\u00e1bb\u00edt\u00e1sra a Gravatar szolg\u00e1ltat\u00e1s fel\u00e9, ha ez az oldalon haszn\u00e1latban van. A Gravatar szolg\u00e1ltat\u00e1s felt\u00e9telei [&hellip;]<\/p>\n","protected":false},"author":1,"featured_media":0,"parent":0,"menu_order":0,"comment_status":"closed","ping_status":"closed","template":"","meta":{"_angie_page":false,"site-sidebar-layout":"default","site-content-layout":"default","ast-site-content-layout":"default","site-content-style":"default","site-sidebar-style":"default","ast-global-header-display":"","ast-banner-title-visibility":"","ast-main-header-display":"","ast-hfb-above-header-display":"","ast-hfb-below-header-display":"","ast-hfb-mobile-header-display":"","site-post-title":"","ast-breadcrumbs-content":"","ast-featured-img":"","footer-sml-layout":"","ast-disable-related-posts":"","theme-transparent-header-meta":"default","adv-header-id-meta":"","stick-header-meta":"","header-above-stick-meta":"","header-main-stick-meta":"","header-below-stick-meta":"","astra-migrate-meta-layouts":"default","ast-page-background-enabled":"default","ast-page-background-meta":{"desktop":{"background-color":"","background-image":"","background-repeat":"repeat","background-position":"center center","background-size":"auto","background-attachment":"scroll","background-type":"","background-media":"","overlay-type":"","overlay-color":"","overlay-opacity":"","overlay-gradient":""},"tablet":{"background-color":"","background-image":"","background-repeat":"repeat","background-position":"center center","background-size":"auto","background-attachment":"scroll","background-type":"","background-media":"","overlay-type":"","overlay-color":"","overlay-opacity":"","overlay-gradient":""},"mobile":{"background-color":"","background-image":"","background-repeat":"repeat","background-position":"center center","background-size":"auto","background-attachment":"scroll","background-type":"","background-media":"","overlay-type":"","overlay-color":"","overlay-opacity":"","overlay-gradient":""}},"ast-content-background-meta":{"desktop":{"background-color":"var(--ast-global-color-5)","background-image":"","background-repeat":"repeat","background-position":"center center","background-size":"auto","background-attachment":"scroll","background-type":"","background-media":"","overlay-type":"","overlay-color":"","overlay-opacity":"","overlay-gradient":""},"tablet":{"background-color":"var(--ast-global-color-5)","background-image":"","background-repeat":"repeat","background-position":"center center","background-size":"auto","background-attachment":"scroll","background-type":"","background-media":"","overlay-type":"","overlay-color":"","overlay-opacity":"","overlay-gradient":""},"mobile":{"background-color":"var(--ast-global-color-5)","background-image":"","background-repeat":"repeat","background-position":"center center","background-size":"auto","background-attachment":"scroll","background-type":"","background-media":"","overlay-type":"","overlay-color":"","overlay-opacity":"","overlay-gradient":""}},"footnotes":""},"class_list":["post-1252","page","type-page","status-publish","hentry"],"_links":{"self":[{"href":"https:\/\/ai-xtech.eu\/zh\/wp-json\/wp\/v2\/pages\/1252","targetHints":{"allow":["GET"]}}],"collection":[{"href":"https:\/\/ai-xtech.eu\/zh\/wp-json\/wp\/v2\/pages"}],"about":[{"href":"https:\/\/ai-xtech.eu\/zh\/wp-json\/wp\/v2\/types\/page"}],"author":[{"embeddable":true,"href":"https:\/\/ai-xtech.eu\/zh\/wp-json\/wp\/v2\/users\/1"}],"replies":[{"embeddable":true,"href":"https:\/\/ai-xtech.eu\/zh\/wp-json\/wp\/v2\/comments?post=1252"}],"version-history":[{"count":4,"href":"https:\/\/ai-xtech.eu\/zh\/wp-json\/wp\/v2\/pages\/1252\/revisions"}],"predecessor-version":[{"id":5377,"href":"https:\/\/ai-xtech.eu\/zh\/wp-json\/wp\/v2\/pages\/1252\/revisions\/5377"}],"wp:attachment":[{"href":"https:\/\/ai-xtech.eu\/zh\/wp-json\/wp\/v2\/media?parent=1252"}],"curies":[{"name":"\u53ef\u6e7f\u6027\u7c89\u5242","href":"https:\/\/api.w.org\/{rel}","templated":true}]}}