{"id":899,"date":"2021-07-31T20:33:25","date_gmt":"2021-07-31T20:33:25","guid":{"rendered":"https:\/\/ai-xtech.eu\/?post_type=product&#038;p=899"},"modified":"2026-04-08T11:55:39","modified_gmt":"2026-04-08T10:55:39","slug":"garyaev-hullamgenetikai-matrixai","status":"publish","type":"product","link":"https:\/\/ai-xtech.eu\/sk\/produkt\/garyaev-hullamgenetikai-matrixai\/","title":{"rendered":"Zvukov\u00e9 s\u00fabory vyu\u017e\u00edvaj\u00face technol\u00f3giu Tertyshny-Garyaev (vlnov\u00e9 genetick\u00e9 matice)"},"content":{"rendered":"<p>Vytv\u00e1rame 21 typov vlnov\u00fdch genetick\u00fdch matr\u00edc na z\u00e1klade pr\u00e1ce Dr. Pyotra Garyaeva Petrovi\u010da a prof. Luca Montaignera.<br \/>\n<strong>Je mo\u017en\u00e9 po\u017eiada\u0165 aj o unik\u00e1tnu matricu!<\/strong><br \/>\nPo\u010d\u00favanie matr\u00edc je tie\u017e efekt\u00edvne, ale s vlnov\u00fdm genetick\u00fdm zariaden\u00edm je to efekt\u00edvnos\u0165<br \/>\nmo\u017eno strojn\u00e1sobi\u0165. Tieto subvlnov\u00e9 genetick\u00e9 s\u00fabory (zvuky) s\u00fa tie\u017e dokonale vhodn\u00e9 na \u00fapravu vody!<br \/>\nAk nem\u00e1te zariadenie na genetiku v\u013an, umiestnite pred reproduktor \/ reproduktor n\u00e1dobu naplnen\u00fa \u010distou vodou.<br \/>\nPo odohran\u00ed programu genetiky v\u013an vypite vodu!<br \/>\nAk m\u00e1te zariadenie na genetiku vlny, umiestnite na v\u00e4\u010d\u0161iu cievku 2-litrov\u00fa f\u013ea\u0161u naplnen\u00fa \u010distou vodou,<br \/>\na po odohran\u00ed allomanyos vypite vodu!<br \/>\nVyberte podtyp genetiky v\u013an z rozba\u013eovacieho zoznamu!<\/p>","protected":false},"excerpt":{"rendered":"<h2>Vlnov\u00e1 genetika<\/h2>\n<p>Modern\u00e1 medic\u00edna sa dostala na r\u00e1zcestie. Zatia\u013e \u010do pokroky v technol\u00f3gii otvorili neb\u00fdval\u00e9 mo\u017enosti, pozornos\u0165 venovan\u00e1 \u013eudsk\u00e9mu zdraviu \u010doraz viac str\u00e1ca svoj osobn\u00fd charakter a pacienti sa \u010dasto c\u00edtia osamel\u00ed a zranite\u013en\u00ed. Holistick\u00fd pr\u00edstup tradi\u010dn\u00e9ho lie\u010dite\u013estva, ktor\u00e9 sa k \u010dloveku spr\u00e1valo ako k fyzicko-duchovnej jednotke, sa pomaly vytr\u00e1ca v hmle minulosti a jeho miesto zaujali chemick\u00e9 lie\u010dby a masovo aplikovan\u00e9 terapie.<\/p>\n<figure id=\"attachment_6568\" aria-describedby=\"caption-attachment-6568\" style=\"width: 300px\" class=\"wp-caption alignnone\"><img fetchpriority=\"high\" decoding=\"async\" class=\"size-medium wp-image-6568\" src=\"https:\/\/ai-xtech.eu\/oordufup\/2024\/02\/aixtech._Implicit_functions_of_the_genetic_apparatus_b6a2dc44-26af-4c4c-a3a9-590733c167d1-1-300x168.jpg\" alt=\"hull\u00e1mgenetika\" width=\"300\" height=\"168\" srcset=\"https:\/\/ai-xtech.eu\/oordufup\/2024\/02\/aixtech._Implicit_functions_of_the_genetic_apparatus_b6a2dc44-26af-4c4c-a3a9-590733c167d1-1-300x168.jpg 300w, https:\/\/ai-xtech.eu\/oordufup\/2024\/02\/aixtech._Implicit_functions_of_the_genetic_apparatus_b6a2dc44-26af-4c4c-a3a9-590733c167d1-1-768x430.jpg 768w, https:\/\/ai-xtech.eu\/oordufup\/2024\/02\/aixtech._Implicit_functions_of_the_genetic_apparatus_b6a2dc44-26af-4c4c-a3a9-590733c167d1-1-18x10.jpg 18w, https:\/\/ai-xtech.eu\/oordufup\/2024\/02\/aixtech._Implicit_functions_of_the_genetic_apparatus_b6a2dc44-26af-4c4c-a3a9-590733c167d1-1-600x336.jpg 600w, https:\/\/ai-xtech.eu\/oordufup\/2024\/02\/aixtech._Implicit_functions_of_the_genetic_apparatus_b6a2dc44-26af-4c4c-a3a9-590733c167d1-1.jpg 800w\" sizes=\"(max-width: 300px) 100vw, 300px\" \/><figcaption id=\"caption-attachment-6568\" class=\"wp-caption-text\">vlnov\u00e1 genetika<\/figcaption><\/figure>\n<p>Odkaz\u00a0<a href=\"https:\/\/wavegenetics.org\/en\/\">https:\/\/wavegenetics.org\/en\/<\/a><br \/>\nVo svete, kde v lie\u010dbe chor\u00f4b dominuj\u00fa mechanick\u00e9 a neosobn\u00e9 procesy, si vedci, ktor\u00ed vyvinuli nov\u00e9, holistickej\u0161ie pr\u00edstupy ako odpove\u010f na z\u00e1kladn\u00e9 \u013eudsk\u00e9 potreby, zasl\u00fa\u017eia osobitn\u00fa pozornos\u0165. Veda o genetike v\u013an, pripisovan\u00e1 Pyotrovi Garjajevovi, je tak\u00fdm revolu\u010dn\u00fdm objavom. T\u00e1to met\u00f3da sa pohybuje na hranici kvantovej fyziky a biol\u00f3gie \u010dloveka, stavia most medzi hmotn\u00fdm svetom a vy\u0161\u0161\u00edmi dimenziami, aby vrhla nov\u00e9 svetlo na mo\u017enosti lie\u010denia.<\/p>\n<p>V tejto dobe u\u017e nie je ot\u00e1zkou len to, ako odstr\u00e1ni\u0165 chorobu. Skuto\u010dn\u00e1 v\u00fdzva spo\u010d\u00edva v pochopen\u00ed, ako obnovi\u0165 vn\u00fatorn\u00fa rovnov\u00e1hu \u010dloveka a ako sa daj\u00fa vyu\u017ei\u0165 inov\u00e1cie na obnovenie telesnej a du\u0161evnej harm\u00f3nie. Vlnov\u00e1 genetika a \u010fal\u0161ie prelomov\u00e9 objavy s\u013eubuj\u00fa, \u017ee \u013eudstvo sa kone\u010dne m\u00f4\u017ee vymani\u0165 z temn\u00e9ho veku medic\u00edny a posun\u00fa\u0165 sa k svetlej\u0161ej a n\u00e1dejnej\u0161ej bud\u00facnosti.<\/p>\n<p>V\u0161etky matrice v jednom balen\u00ed:<br \/>\n<a href=\"https:\/\/ai-xtech.eu\/termek\/garjajev-osszes-hullamgenetikai-matrixa-egy-csomagban\/\">https:\/\/ai-xtech.eu\/termek\/garjajev-osszes-hullamgenetikai-matrixa-egy-csomagban\/<\/a><\/p>\n<p>V dejin\u00e1ch \u013eudstva hralo lie\u010denie v\u017edy \u00fastredn\u00fa \u00falohu, ke\u010f\u017ee na\u0161e zdravie je z\u00e1kladom \u0161\u0165astia a dlhovekosti. V priebehu posledn\u00fdch storo\u010d\u00ed sa v\u0161ak medic\u00edna \u010doraz viac pos\u00favala smerom k technol\u00f3gii a lie\u010dbe zalo\u017eenej na chemik\u00e1li\u00e1ch, \u010do pacienta \u010dasto vz\u010fa\u013eovalo od personalizovan\u00e9ho, holistick\u00e9ho pr\u00edstupu. Nov\u00e9 vedeck\u00e9 objavy a inovat\u00edvne n\u00e1stroje z\u00e1rove\u0148 otvorili dvere nov\u00e9mu typu medic\u00edny, ktor\u00e1 lie\u010di \u013eudsk\u00e9 telo a du\u0161u ako celok.<\/p>\n<p class=\" translation-block\">\u201eChoroba a jej lie\u010dba sa v priebehu minul\u00fdch storo\u010d\u00ed od pacienta odde\u013eovala a st\u00e1vala sa \u010doraz neosobnej\u0161ou, navy\u0161e sa v\u00fdrazne posunula k u\u017e\u00edvaniu chemick\u00fdch l\u00e1tok. \u013dudia sa tak uprostred svojich chor\u00f4b a bolest\u00ed st\u00e1vali \u010doraz osamelej\u0161\u00edmi a bezn\u00e1dejnej\u0161\u00edmi.<br> Od za\u010diatku kultiv\u00e1cie sa na pacienta v\u017edy pozeralo a lie\u010dilo spolu s jeho chorobou a prostred\u00edm.<\/p>\n<p>Franc\u00fazsky spisovate\u013e, b\u00e1snik, akademik Paul Claudel naz\u00fdva pacientov \u201epozvan\u00fdmi do pozornosti\u201c.<\/p>\n<p>Medzi vedcami pracuj\u00facimi na tom, aby bol \u013eudsk\u00fd \u017eivot kraj\u0161\u00ed a lep\u0161\u00ed, mnoh\u00ed z nich urobili objavy, ktor\u00fdch aplik\u00e1cia priniesla trpiacemu \u010dloveku \u00fa\u013eavu pomocou uzdravovania os\u00f4b. Medzi prv\u00fdch vyn\u00e1lezcov patril Nikola Tesla, pomocou ktor\u00e9ho vyn\u00e1lezov Pyotr Garjayev vytvoril vedu o vlnovej genetike spojen\u00edm viacer\u00fdch oblast\u00ed vedy a pomocou kvantovej fyziky. S\u00fa\u010dasne Alexander Misin vytvoril zariadenie ur\u010den\u00e9 na optimaliz\u00e1ciu fyzik\u00e1lnych a chemick\u00fdch zmien v \u013eudskom tele. Po tom, \u010do sa profesor Garjajev zozn\u00e1mil s fungovan\u00edm pr\u00edstroja, spojil svoje vlastn\u00e9 znalosti, aby ho zdokonalil a zefekt\u00edvnil, \u010d\u00edm vytvoril nov\u00fd revolu\u010dn\u00fd pr\u00edstroj, ktor\u00fd stavia lie\u010denie na in\u00fd z\u00e1klad ako predch\u00e1dzaj\u00face met\u00f3dy.<\/p>\n<p>Nakoniec s t\u00fdmto n\u00e1strojom m\u00f4\u017eeme otvori\u0165 nov\u00fa \u00e9ru, preto\u017ee cel\u00fd svet mus\u00ed prejs\u0165 temn\u00fdm vekom medic\u00edny a chor\u00f4b.<\/p>\n<p>Koncom XXI. storo\u010dia sa \u010dlovek dostal na kri\u017eovatku a stoj\u00ed pred dilemou. Ako slep\u00fd konzument podmie\u0148uje svoju bud\u00facu existenciu ne\u00faprosn\u00fdm v\u00fdvojom nov\u00fdch technol\u00f3gi\u00ed a \u010fal\u0161\u00edm vyu\u017e\u00edvan\u00edm materi\u00e1lnych statkov, alebo nach\u00e1dza cestu ved\u00facu k duchovnej a duchovnej zodpovednosti, ako aj k zdraviu uvedomel\u00e9mu spr\u00e1vaniu, ktor\u00e9 dok\u00e1\u017ee prekona\u0165 jeho choroby a upevni\u0165 jeho individu\u00e1lny blahobyt a existenciu.<\/p>\n<p>By\u0165 zdrav\u00fd neznamen\u00e1 len neby\u0165 chor\u00fd. Ako zdrav\u00ed \u013eudia sa c\u00edtime \u00fa\u017easne.<\/p>\n<p>Zdravie je ako ke\u010f si spom\u00edname na \u0161\u0165astn\u00e9 chv\u00edle n\u00e1\u0161ho detstva a ver\u00edme, \u017ee tak\u00fdchto z\u00e1\u017eitkov n\u00e1s \u010dak\u00e1 e\u0161te ve\u013ea.\u201c<\/p>\n<p class=\" translation-block\"><em><strong>L\u00e1szl\u00f3 Lehoczki<\/strong><\/em><br> telev\u00edzny redaktor-riadite\u013e<br> zakladaj\u00faci \u0161\u00e9fredaktor n\u00e1bo\u017eenskej redakcie telev\u00edzie Duna<br> rytier ma\u010farskej kult\u00fary<\/p>\n<p data-wtdl-uid=\"10\" data-wtdl-original=\"true\" data-wtdl-translated=\"true\">Univerz\u00e1lne programy s\u00fa vlnov\u00e9 (spintronick\u00e9) mapovania, \u0161peci\u00e1lne spektr\u00e1, z pr\u00edrodn\u00fdch, prirodzene odvoden\u00fdch, biologicky akt\u00edvnych l\u00e1tok. Napr\u00edklad matersk\u00e1 ka\u0161i\u010dka, med, sib\u00edrsky \u017een\u0161en, p\u0161eni\u010dn\u00e9 kl\u00ed\u010dky at\u010f. Na rozdiel od individu\u00e1lnych matr\u00edk, ktor\u00e9 pri zostavovan\u00ed vy\u017eaduj\u00fa fotografie, tento program to nevy\u017eaduje. Toto s\u00fa hotov\u00e9 programy. Neust\u00e1le ich aktualizujeme pod\u013ea spracovania nov\u00fdch vlastnost\u00ed materi\u00e1lu.<\/p>\n<p data-wtdl-uid=\"11\" data-wtdl-original=\"true\" data-wtdl-translated=\"true\">\u010cas\u0165 univerz\u00e1lneho programu bola vyvinut\u00e1 spolu s Raisou Achmetovnou Mansurovou. Na mojich semin\u00e1roch akt\u00edvne vyu\u017e\u00edva matricu na zdravotn\u00e9 \u00fa\u010dely.<\/p>\n<p data-wtdl-uid=\"12\" data-wtdl-original=\"true\" data-wtdl-translated=\"true\">Upozor\u0148ujeme, \u017ee univerz\u00e1lne matrice s\u00fa inzerovan\u00e9 na internete, nepoznaj\u00fa technol\u00f3giu, pred\u00e1vaj\u00fa iba falo\u0161n\u00e9 k\u00f3pie \u0161kandal\u00f3znej kvality a nenes\u00fa zodpovednos\u0165 za ich pou\u017eitie, nevystavuj\u00fa fakt\u00faru.<\/p>","protected":false},"featured_media":6568,"comment_status":"closed","ping_status":"closed","template":"","meta":{"_angie_page":false,"site-sidebar-layout":"no-sidebar","site-content-layout":"plain-container","ast-site-content-layout":"full-width-container","site-content-style":"unboxed","site-sidebar-style":"unboxed","ast-global-header-display":"","ast-banner-title-visibility":"","ast-main-header-display":"","ast-hfb-above-header-display":"","ast-hfb-below-header-display":"","ast-hfb-mobile-header-display":"","site-post-title":"","ast-breadcrumbs-content":"","ast-featured-img":"","footer-sml-layout":"","ast-disable-related-posts":"","theme-transparent-header-meta":"default","adv-header-id-meta":"","stick-header-meta":"","header-above-stick-meta":"","header-main-stick-meta":"","header-below-stick-meta":"","astra-migrate-meta-layouts":"set","ast-page-background-enabled":"default","ast-page-background-meta":{"desktop":{"background-color":"","background-image":"","background-repeat":"repeat","background-position":"center center","background-size":"auto","background-attachment":"scroll","background-type":"","background-media":"","overlay-type":"","overlay-color":"","overlay-opacity":"","overlay-gradient":""},"tablet":{"background-color":"","background-image":"","background-repeat":"repeat","background-position":"center center","background-size":"auto","background-attachment":"scroll","background-type":"","background-media":"","overlay-type":"","overlay-color":"","overlay-opacity":"","overlay-gradient":""},"mobile":{"background-color":"","background-image":"","background-repeat":"repeat","background-position":"center center","background-size":"auto","background-attachment":"scroll","background-type":"","background-media":"","overlay-type":"","overlay-color":"","overlay-opacity":"","overlay-gradient":""}},"ast-content-background-meta":{"desktop":{"background-color":"var(--ast-global-color-5)","background-image":"","background-repeat":"repeat","background-position":"center center","background-size":"auto","background-attachment":"scroll","background-type":"","background-media":"","overlay-type":"","overlay-color":"","overlay-opacity":"","overlay-gradient":""},"tablet":{"background-color":"var(--ast-global-color-5)","background-image":"","background-repeat":"repeat","background-position":"center center","background-size":"auto","background-attachment":"scroll","background-type":"","background-media":"","overlay-type":"","overlay-color":"","overlay-opacity":"","overlay-gradient":""},"mobile":{"background-color":"var(--ast-global-color-5)","background-image":"","background-repeat":"repeat","background-position":"center center","background-size":"auto","background-attachment":"scroll","background-type":"","background-media":"","overlay-type":"","overlay-color":"","overlay-opacity":"","overlay-gradient":""}}},"product_brand":[],"product_cat":[22],"product_tag":[74],"class_list":{"0":"post-899","1":"product","2":"type-product","3":"status-publish","4":"has-post-thumbnail","6":"product_cat-hullamgenetikai-megoldasok","7":"product_tag-matrix","8":"product_shipping_class-matrices","9":"desktop-align-left","10":"tablet-align-left","11":"mobile-align-left","13":"first","14":"instock","15":"taxable","16":"shipping-taxable","17":"purchasable","18":"product-type-variable"},"_links":{"self":[{"href":"https:\/\/ai-xtech.eu\/sk\/wp-json\/wp\/v2\/product\/899","targetHints":{"allow":["GET"]}}],"collection":[{"href":"https:\/\/ai-xtech.eu\/sk\/wp-json\/wp\/v2\/product"}],"about":[{"href":"https:\/\/ai-xtech.eu\/sk\/wp-json\/wp\/v2\/types\/product"}],"replies":[{"embeddable":true,"href":"https:\/\/ai-xtech.eu\/sk\/wp-json\/wp\/v2\/comments?post=899"}],"version-history":[{"count":10,"href":"https:\/\/ai-xtech.eu\/sk\/wp-json\/wp\/v2\/product\/899\/revisions"}],"predecessor-version":[{"id":7396,"href":"https:\/\/ai-xtech.eu\/sk\/wp-json\/wp\/v2\/product\/899\/revisions\/7396"}],"wp:featuredmedia":[{"embeddable":true,"href":"https:\/\/ai-xtech.eu\/sk\/wp-json\/wp\/v2\/media\/6568"}],"wp:attachment":[{"href":"https:\/\/ai-xtech.eu\/sk\/wp-json\/wp\/v2\/media?parent=899"}],"wp:term":[{"taxonomy":"product_brand","embeddable":true,"href":"https:\/\/ai-xtech.eu\/sk\/wp-json\/wp\/v2\/product_brand?post=899"},{"taxonomy":"product_cat","embeddable":true,"href":"https:\/\/ai-xtech.eu\/sk\/wp-json\/wp\/v2\/product_cat?post=899"},{"taxonomy":"product_tag","embeddable":true,"href":"https:\/\/ai-xtech.eu\/sk\/wp-json\/wp\/v2\/product_tag?post=899"}],"curies":[{"name":"pracovn\u00fd list","href":"https:\/\/api.w.org\/{rel}","templated":true}]}}