{"id":7488,"date":"2025-03-11T18:22:44","date_gmt":"2025-03-11T17:22:44","guid":{"rendered":"https:\/\/ai-xtech.eu\/?post_type=product&#038;p=7488"},"modified":"2026-04-08T11:57:35","modified_gmt":"2026-04-08T10:57:35","slug":"zenpeak-melleny","status":"publish","type":"product","link":"https:\/\/ai-xtech.eu\/sk\/produkt\/zenpeak-melleny\/","title":{"rendered":"Vesta ZenPeak"},"content":{"rendered":"<h1><b>Vesta ZenPeak<\/b><\/h1>\n<p>mno\u017estvo:<strong> Doba objedn\u00e1vky 4-8 t\u00fd\u017ed\u0148ov<\/strong><\/p>\n<p><span dir=\"auto\">Samostatn\u00e1 vesta s induk\u010dn\u00fdmi cievkami elektromagnetick\u00e9ho po\u013ea a mo\u017enos\u0165ou prepnutia do re\u017eimu statick\u00e9ho po\u013ea. Pohodln\u00e1, ur\u010den\u00e1 na ka\u017edodenn\u00e9 pou\u017eitie bez nutnosti pripojenia k elektrickej z\u00e1suvke. Gener\u00e1tor je mo\u017en\u00e9 pripevni\u0165 priamo k veste, \u010do umo\u017e\u0148uje vo\u013en\u00fd pohyb po miestnosti alebo pri ch\u00f4dzi. M\u00e1 rovnak\u00e9 vlastnosti ako tradi\u010dn\u00e9 cievky.<\/span><\/p>\n<p><span dir=\"auto\">K\u013e\u00fa\u010dovou vlastnos\u0165ou o\u0161etrenia je, \u017ee je mo\u017en\u00e9 o\u0161etrova\u0165 v\u00e4\u010d\u0161iu plochu tela s\u00fa\u010dasne z oboch str\u00e1n. To zvy\u0161uje \u00fa\u010dinnos\u0165 a skracuje \u010das o\u0161etrenia. To sa dosahuje prepnut\u00edm do statick\u00e9ho re\u017eimu pomocou zosil\u0148ovacieho transform\u00e1tora. Pou\u017e\u00edva sa aj in\u00fd sp\u00f4sob ovl\u00e1dania vesty. Tento sp\u00f4sob ovplyv\u0148ovania pacienta elektrostatick\u00fdm po\u013eom je zalo\u017een\u00fd na interakcii tela so striedav\u00fdm n\u00edzkofrekven\u010dn\u00fdm elektrostatick\u00fdm po\u013eom vysokej intenzity.<\/span><\/p>\n<p><span dir=\"auto\">Elektrostatick\u00e9 pole sp\u00f4sobuje vibr\u00e1cie tkaniva r\u00f4zneho stup\u0148a, ktor\u00e9 sa \u0161\u00edria do zna\u010dnej h\u013abky. Tieto vibr\u00e1cie (posuny) tkaniva m\u00f4\u017eu v z\u00e1vislosti od ich frekvencie, intenzity a trvania p\u00f4sobenia ovplyvni\u0165 neuroreceptorov\u00fd syst\u00e9m, lokalizovan\u00fd krvn\u00fd a lymfatick\u00fd syst\u00e9m, regulova\u0165 svalov\u00fd tonus a ovplyvni\u0165 funk\u010dn\u00fd stav vn\u00fatorn\u00fdch org\u00e1nov.<\/span><\/p>\n<p><span dir=\"auto\">Prezentovan\u00e1 met\u00f3da elektrostatickej terapie je \u00fa\u010dinn\u00e1 pri lie\u010dbe patol\u00f3gi\u00ed pohybov\u00e9ho apar\u00e1tu, ochoren\u00ed centr\u00e1lneho a perif\u00e9rneho nervov\u00e9ho syst\u00e9mu, lymfatickej a ven\u00f3znej insuficiencie, ako aj patol\u00f3gi\u00ed bronchopulmon\u00e1lneho syst\u00e9mu a tr\u00e1viacich org\u00e1nov.<\/span><\/p>\n<p><span dir=\"auto\">Podrobnosti:<\/span><\/p>\n<p><span dir=\"auto\">S\u00faprava vesty pozost\u00e1va z dvoch integrovan\u00fdch cievok MGTF umiestnen\u00fdch v samotnej veste, mobiln\u00e9ho s\u00ednusov\u00e9ho gener\u00e1tora s frekvenciou 300 kHz, nab\u00edjacej jednotky a zvy\u0161uj\u00faceho transform\u00e1tora.<\/span><\/p>","protected":false},"excerpt":{"rendered":"<p>A ZenPeak mell\u00e9ny Mennyis\u00e9g: 4-8 h\u00e9t rend\u00e9lesi ido \u00d6n\u00e1ll\u00f3 mell\u00e9ny elektrom\u00e1gneses mez\u0151 indukci\u00f3s tekercsekkel \u00e9s statikus mez\u0151 \u00fczemm\u00f3dba kapcsolhat\u00f3s\u00e1g\u00e1val. K\u00e9nyelmes, mindennapi haszn\u00e1latra tervezve, an\u00e9lk\u00fcl, hogy konnektorhoz kellene k\u00f6tni. A gener\u00e1tor k\u00f6zvetlen\u00fcl a mell\u00e9nyhez r\u00f6gz\u00edthet\u0151, \u00edgy szabad mozg\u00e1st biztos\u00edt a szob\u00e1ban vagy j\u00e1r\u00e1s k\u00f6zben. Ugyanazokkal a tulajdons\u00e1gokkal rendelkezik, mint a hagyom\u00e1nyos tekercsek. A kezel\u00e9s egyik kulcsfontoss\u00e1g\u00fa [&hellip;]<\/p>\n","protected":false},"featured_media":7489,"comment_status":"closed","ping_status":"closed","template":"","meta":{"_angie_page":false,"site-sidebar-layout":"default","site-content-layout":"","ast-site-content-layout":"default","site-content-style":"default","site-sidebar-style":"default","ast-global-header-display":"","ast-banner-title-visibility":"","ast-main-header-display":"","ast-hfb-above-header-display":"","ast-hfb-below-header-display":"","ast-hfb-mobile-header-display":"","site-post-title":"","ast-breadcrumbs-content":"","ast-featured-img":"","footer-sml-layout":"","ast-disable-related-posts":"","theme-transparent-header-meta":"default","adv-header-id-meta":"","stick-header-meta":"","header-above-stick-meta":"","header-main-stick-meta":"","header-below-stick-meta":"","astra-migrate-meta-layouts":"set","ast-page-background-enabled":"default","ast-page-background-meta":{"desktop":{"background-color":"","background-image":"","background-repeat":"repeat","background-position":"center center","background-size":"auto","background-attachment":"scroll","background-type":"","background-media":"","overlay-type":"","overlay-color":"","overlay-opacity":"","overlay-gradient":""},"tablet":{"background-color":"","background-image":"","background-repeat":"repeat","background-position":"center center","background-size":"auto","background-attachment":"scroll","background-type":"","background-media":"","overlay-type":"","overlay-color":"","overlay-opacity":"","overlay-gradient":""},"mobile":{"background-color":"","background-image":"","background-repeat":"repeat","background-position":"center center","background-size":"auto","background-attachment":"scroll","background-type":"","background-media":"","overlay-type":"","overlay-color":"","overlay-opacity":"","overlay-gradient":""}},"ast-content-background-meta":{"desktop":{"background-color":"var(--ast-global-color-5)","background-image":"","background-repeat":"repeat","background-position":"center center","background-size":"auto","background-attachment":"scroll","background-type":"","background-media":"","overlay-type":"","overlay-color":"","overlay-opacity":"","overlay-gradient":""},"tablet":{"background-color":"var(--ast-global-color-5)","background-image":"","background-repeat":"repeat","background-position":"center center","background-size":"auto","background-attachment":"scroll","background-type":"","background-media":"","overlay-type":"","overlay-color":"","overlay-opacity":"","overlay-gradient":""},"mobile":{"background-color":"var(--ast-global-color-5)","background-image":"","background-repeat":"repeat","background-position":"center center","background-size":"auto","background-attachment":"scroll","background-type":"","background-media":"","overlay-type":"","overlay-color":"","overlay-opacity":"","overlay-gradient":""}}},"product_brand":[],"product_cat":[22],"product_tag":[],"class_list":{"0":"post-7488","1":"product","2":"type-product","3":"status-publish","4":"has-post-thumbnail","6":"product_cat-hullamgenetikai-megoldasok","7":"product_shipping_class-free","8":"desktop-align-left","9":"tablet-align-left","10":"mobile-align-left","12":"first","13":"instock","14":"taxable","15":"shipping-taxable","16":"purchasable","17":"product-type-simple"},"_links":{"self":[{"href":"https:\/\/ai-xtech.eu\/sk\/wp-json\/wp\/v2\/product\/7488","targetHints":{"allow":["GET"]}}],"collection":[{"href":"https:\/\/ai-xtech.eu\/sk\/wp-json\/wp\/v2\/product"}],"about":[{"href":"https:\/\/ai-xtech.eu\/sk\/wp-json\/wp\/v2\/types\/product"}],"replies":[{"embeddable":true,"href":"https:\/\/ai-xtech.eu\/sk\/wp-json\/wp\/v2\/comments?post=7488"}],"version-history":[{"count":7,"href":"https:\/\/ai-xtech.eu\/sk\/wp-json\/wp\/v2\/product\/7488\/revisions"}],"predecessor-version":[{"id":8098,"href":"https:\/\/ai-xtech.eu\/sk\/wp-json\/wp\/v2\/product\/7488\/revisions\/8098"}],"wp:featuredmedia":[{"embeddable":true,"href":"https:\/\/ai-xtech.eu\/sk\/wp-json\/wp\/v2\/media\/7489"}],"wp:attachment":[{"href":"https:\/\/ai-xtech.eu\/sk\/wp-json\/wp\/v2\/media?parent=7488"}],"wp:term":[{"taxonomy":"product_brand","embeddable":true,"href":"https:\/\/ai-xtech.eu\/sk\/wp-json\/wp\/v2\/product_brand?post=7488"},{"taxonomy":"product_cat","embeddable":true,"href":"https:\/\/ai-xtech.eu\/sk\/wp-json\/wp\/v2\/product_cat?post=7488"},{"taxonomy":"product_tag","embeddable":true,"href":"https:\/\/ai-xtech.eu\/sk\/wp-json\/wp\/v2\/product_tag?post=7488"}],"curies":[{"name":"pracovn\u00fd list","href":"https:\/\/api.w.org\/{rel}","templated":true}]}}