{"id":7175,"date":"2024-08-07T15:43:32","date_gmt":"2024-08-07T14:43:32","guid":{"rendered":"https:\/\/ai-xtech.eu\/?post_type=product&#038;p=7175"},"modified":"2026-04-08T11:58:16","modified_gmt":"2026-04-08T10:58:16","slug":"zenpeak-aura-torzos-technologia","status":"publish","type":"product","link":"https:\/\/ai-xtech.eu\/sk\/produkt\/zenpeak-aura-torzos-technologia\/","title":{"rendered":"Obnova zdravia na dia\u013eku \u2013 (ZenPeakAura)"},"content":{"rendered":"<p>ZenPeak Aura<br \/>\nToto energetick\u00e9 o\u0161etrenie je ur\u010den\u00e9 na obnovenie zdrav\u00e9ho stavu.<br \/>\nEnergetick\u00e9 o\u0161etrenie torzn\u00fdm nosn\u00edkom trv\u00e1 1 t\u00fd\u017ede\u0148.<\/p>\n<p>Na 4 t\u00fd\u017edne, raz t\u00fd\u017edenne, v piatok, aktivujeme s va\u0161ou fotografiou torzn\u00fd vysiela\u010d sign\u00e1lu.<br \/>\nv kombin\u00e1cii s vlnkov\u00fdmi genetick\u00fdmi matricami s oh\u013eadom na v\u00e1\u0161 probl\u00e9m.<br \/>\nMus\u00edte vyplni\u0165 \u00fadajov\u00fd list, ktor\u00fd v\u00e1m za\u0161leme po n\u00e1kupe.<\/p>\n<p>Roz\u0161\u00edrili sme kvantov\u00fa nelok\u00e1lnu technol\u00f3giu, tak\u017ee nemus\u00ed by\u0165 pr\u00edtomn\u00e1 pri energetickom o\u0161etren\u00ed,<br \/>\nm\u00f4\u017eete zosta\u0165 kdeko\u013evek na svete a u\u017e\u00edva\u0165 si pr\u00edle\u017eitosti a radosti \u017eivota!<\/p>\n<p>Okrem toho na zabezpe\u010denie \u00fa\u010dinnosti m\u00f4\u017eete pou\u017ei\u0165 aj 3 v\u0161eobecn\u00e9 vlnov\u00e9 genetick\u00e9 matrice, ktor\u00e9 s nami mus\u00edte vopred ods\u00fahlasi\u0165, po\u0161leme v\u00e1m odkazy na stiahnutie a v pr\u00edpade, \u017ee nepozn\u00e1te technol\u00f3giu vlnovej genetiky, dostanete podrobn\u00fa pou\u017e\u00edvate\u013esk\u00fa pr\u00edru\u010dku na z\u00e1klade videa.<\/p>\n<p>Tieto zvukov\u00e9 s\u00fabory s\u00fa ur\u010den\u00e9 na obnovenie energetickej rovnov\u00e1hy v\u00e1\u0161ho tela.<\/p>\n<p>Zatia\u013e nikto neposkytol pr\u00edle\u017eitos\u0165 na tak\u00fato kombinovan\u00fa energetick\u00fa met\u00f3du, o\u010dak\u00e1van\u00e9 zmeny m\u00f4\u017eu nasta\u0165 aj v priebehu 1 t\u00fd\u017ed\u0148a, ale typicky je priebeh cel\u00e9ho procesu 6 mesiacov.<\/p>\n<p>Technol\u00f3giu vyvinul Prof. Dr. Zalo\u017eil ju franc\u00fazsky biofyzik Luc Montaigner (princ\u00edpy vyvinut\u00e9 pre uchov\u00e1vanie inform\u00e1ci\u00ed o vode, zvukov\u00e1 obnova DNA, objav v\u00edrusu HIV - Nobelova cena), Prof. Dr. Anatolij Pavlenko Akimov (v\u00fdvoj\u00e1r a aplik\u00e1cia torznej \u010dasopriestorovej te\u00f3rie) rozpoznal energetick\u00fd model procesu, Prof. Dr. Pyotr Petrovi\u010d Garjaev (rusk\u00fd profesor biologick\u00fdch vied) vytvoril prv\u00e9 prototypy vlnov\u00fdch genetick\u00fdch s\u00faborov z biologick\u00fdch vzoriek a aplikoval ich na vzorky buniek, zvierat a potom \u013eud\u00ed.<br \/>\nKombin\u00e1ciu technol\u00f3gi\u00ed prv\u00fdkr\u00e1t v \u0161ir\u0161om meradle aplikoval G\u00e1bor Roland T\u00f3th (v\u00fdskumn\u00edk) (Ai-Xtech GmbH)<\/p>\n<p><strong>Bal\u00ed\u010dek obsahuje: 4-t\u00fd\u017ed\u0148ov\u00e9 o\u0161etrenie torznou energiou (o\u0161etrenie na dia\u013eku)<\/strong><\/p>\n<p><strong>3 v\u0161eobecn\u00e9 vlnov\u00e9 genetick\u00e9 matrice, ktor\u00e9 m\u00f4\u017eete vy alebo va\u0161i rodinn\u00ed pr\u00edslu\u0161n\u00edci kedyko\u013evek pou\u017ei\u0165!<\/strong><\/p>\n<p><strong>Polhodinov\u00e1 lie\u010dba MedBed (kapsula Garjaev) v Mi\u0161kolci. Bioinformatick\u00e1 klinika Miskolc, J\u00e1no\u0161 \u00fat 1<\/strong><\/p>\n<p>(ZenPeak Aura)<\/p>","protected":false},"excerpt":{"rendered":"<p>ZenPeak Aura Ezen energetikai kezel\u00e9s, az eg\u00e9szs\u00e9ges \u00e1llapotot hivatott vissza\u00e1ll\u00edtani. Az energetikai kezel\u00e9s a torzi\u00f3s jelsug\u00e1rz\u00f3val, 1 h\u00e9tig tart. 4 h\u00e9tig, hetente 1 alkalommal, p\u00e9nteken aktiv\u00e1lunk egy torzi\u00f3s jel emitter eszk\u00f6zt, az \u00d6n fot\u00f3j\u00e1val kombin\u00e1lva a hull\u00e1mgenetikai m\u00e1trixokkal az \u00d6n probl\u00e9m\u00e1j\u00e1t figyelembe v\u00e9ve. Ki kell t\u00f6ltenie egy adatlapot, melyet a v\u00e1s\u00e1rl\u00e1s ut\u00e1n elk\u00fcld\u00fcnk. A kvantum [&hellip;]<\/p>\n","protected":false},"featured_media":7176,"comment_status":"closed","ping_status":"closed","template":"","meta":{"_angie_page":false,"site-sidebar-layout":"default","site-content-layout":"","ast-site-content-layout":"default","site-content-style":"default","site-sidebar-style":"default","ast-global-header-display":"","ast-banner-title-visibility":"","ast-main-header-display":"","ast-hfb-above-header-display":"","ast-hfb-below-header-display":"","ast-hfb-mobile-header-display":"","site-post-title":"","ast-breadcrumbs-content":"","ast-featured-img":"","footer-sml-layout":"","ast-disable-related-posts":"","theme-transparent-header-meta":"default","adv-header-id-meta":"","stick-header-meta":"","header-above-stick-meta":"","header-main-stick-meta":"","header-below-stick-meta":"","astra-migrate-meta-layouts":"set","ast-page-background-enabled":"default","ast-page-background-meta":{"desktop":{"background-color":"","background-image":"","background-repeat":"repeat","background-position":"center center","background-size":"auto","background-attachment":"scroll","background-type":"","background-media":"","overlay-type":"","overlay-color":"","overlay-opacity":"","overlay-gradient":""},"tablet":{"background-color":"","background-image":"","background-repeat":"repeat","background-position":"center center","background-size":"auto","background-attachment":"scroll","background-type":"","background-media":"","overlay-type":"","overlay-color":"","overlay-opacity":"","overlay-gradient":""},"mobile":{"background-color":"","background-image":"","background-repeat":"repeat","background-position":"center center","background-size":"auto","background-attachment":"scroll","background-type":"","background-media":"","overlay-type":"","overlay-color":"","overlay-opacity":"","overlay-gradient":""}},"ast-content-background-meta":{"desktop":{"background-color":"var(--ast-global-color-5)","background-image":"","background-repeat":"repeat","background-position":"center center","background-size":"auto","background-attachment":"scroll","background-type":"","background-media":"","overlay-type":"","overlay-color":"","overlay-opacity":"","overlay-gradient":""},"tablet":{"background-color":"var(--ast-global-color-5)","background-image":"","background-repeat":"repeat","background-position":"center center","background-size":"auto","background-attachment":"scroll","background-type":"","background-media":"","overlay-type":"","overlay-color":"","overlay-opacity":"","overlay-gradient":""},"mobile":{"background-color":"var(--ast-global-color-5)","background-image":"","background-repeat":"repeat","background-position":"center center","background-size":"auto","background-attachment":"scroll","background-type":"","background-media":"","overlay-type":"","overlay-color":"","overlay-opacity":"","overlay-gradient":""}}},"product_brand":[],"product_cat":[22],"product_tag":[],"class_list":{"0":"post-7175","1":"product","2":"type-product","3":"status-publish","4":"has-post-thumbnail","6":"product_cat-hullamgenetikai-megoldasok","7":"product_shipping_class-free","8":"desktop-align-left","9":"tablet-align-left","10":"mobile-align-left","12":"first","13":"instock","14":"taxable","15":"shipping-taxable","16":"purchasable","17":"product-type-simple"},"_links":{"self":[{"href":"https:\/\/ai-xtech.eu\/sk\/wp-json\/wp\/v2\/product\/7175","targetHints":{"allow":["GET"]}}],"collection":[{"href":"https:\/\/ai-xtech.eu\/sk\/wp-json\/wp\/v2\/product"}],"about":[{"href":"https:\/\/ai-xtech.eu\/sk\/wp-json\/wp\/v2\/types\/product"}],"replies":[{"embeddable":true,"href":"https:\/\/ai-xtech.eu\/sk\/wp-json\/wp\/v2\/comments?post=7175"}],"version-history":[{"count":8,"href":"https:\/\/ai-xtech.eu\/sk\/wp-json\/wp\/v2\/product\/7175\/revisions"}],"predecessor-version":[{"id":7309,"href":"https:\/\/ai-xtech.eu\/sk\/wp-json\/wp\/v2\/product\/7175\/revisions\/7309"}],"wp:featuredmedia":[{"embeddable":true,"href":"https:\/\/ai-xtech.eu\/sk\/wp-json\/wp\/v2\/media\/7176"}],"wp:attachment":[{"href":"https:\/\/ai-xtech.eu\/sk\/wp-json\/wp\/v2\/media?parent=7175"}],"wp:term":[{"taxonomy":"product_brand","embeddable":true,"href":"https:\/\/ai-xtech.eu\/sk\/wp-json\/wp\/v2\/product_brand?post=7175"},{"taxonomy":"product_cat","embeddable":true,"href":"https:\/\/ai-xtech.eu\/sk\/wp-json\/wp\/v2\/product_cat?post=7175"},{"taxonomy":"product_tag","embeddable":true,"href":"https:\/\/ai-xtech.eu\/sk\/wp-json\/wp\/v2\/product_tag?post=7175"}],"curies":[{"name":"pracovn\u00fd list","href":"https:\/\/api.w.org\/{rel}","templated":true}]}}