{"id":6693,"date":"2024-02-14T15:04:12","date_gmt":"2024-02-14T14:04:12","guid":{"rendered":"https:\/\/ai-xtech.eu\/?post_type=product&#038;p=6693"},"modified":"2026-04-08T11:59:02","modified_gmt":"2026-04-08T10:59:02","slug":"zenpeak-light-villanofenyes-uv-keszulek","status":"publish","type":"product","link":"https:\/\/ai-xtech.eu\/sk\/produkt\/zenpeak-light-villanofenyes-uv-keszulek\/","title":{"rendered":"ZenPeak Light (z\u00e1bleskov\u00e9 UV zariadenie)"},"content":{"rendered":"<p><strong><b>4 t\u00fd\u017edne, dodacia lehota!<\/b><br \/>\n(Ecosvet)<\/strong><\/p>\n<p>&nbsp;<\/p>","protected":false},"excerpt":{"rendered":"<p data-dl-uid=\"28\" data-dl-original=\"true\" data-dl-translated=\"true\">\u201cSvetlo ZenPeak\u201d \u2013<\/p>\n<p><span dir=\"auto\">Pre\u0161iel rokmi klinick\u00fdch sk\u00fa\u0161ok a je schv\u00e1len\u00fd a odpor\u00fa\u010dan\u00fd na pou\u017eitie Roszdravnadzorom, Ruskou akad\u00e9miou lek\u00e1rskych vied a Ruskou spolo\u010dnos\u0165ou rehabilita\u010dn\u00fdch lek\u00e1rov. ZenPeak Light pom\u00e1ha posil\u0148ova\u0165 imunitu doma, zlep\u0161ova\u0165 metabolizmus, spoma\u013eova\u0165 procesy starnutia, normalizova\u0165 krvn\u00fd tlak, kardiovaskul\u00e1rne funkcie, zni\u017eova\u0165 viskozitu krvi, zni\u017eova\u0165 hladinu cukru v krvi a lie\u010di\u0165 mno\u017estvo \u010fal\u0161\u00edch ochoren\u00ed. Zauj\u00edma v\u00e1s va\u0161e vlastn\u00e9 zdravie a zdravie va\u0161ej rodiny?<\/span><\/p>\n<h5 class=\"fw-500\"><span dir=\"auto\">Biomolekul\u00e1rne mechanizmy \u00fa\u010dinku ultrafialov\u00e9ho o\u017eiarenia krvi (UVIB)<\/span><\/h5>\n<p><span dir=\"auto\">Ultrafialov\u00e9 o\u017earovanie (UVBI) je met\u00f3da, pri ktorej je krv vystaven\u00e1 kvant\u00e1m ultrafialov\u00e9ho svetla. T\u00e1to met\u00f3da sa v medic\u00edne pou\u017e\u00edva u\u017e viac ako 80 rokov. V roku 1928 V. Hancock a E. Knott vykonali prv\u00e9 mimotelov\u00e9 UVBI o\u0161etrenia u \u017eeny, ktor\u00e1 zomrela na sepsu po\u010das p\u00f4rodu. Objem o\u017eiarenej krvi bol 100 \u2013 120 ml. Pacientka sa uzdravila. V ZSSR t\u00fato met\u00f3du prv\u00fdkr\u00e1t pou\u017eili v Leningrade v roku 1937 transfuziol\u00f3govia A. N. Filatov a G. I. Kasumov. V roku 1979 v Leningradskom \u0161t\u00e1tnom optickom \u00fastave S. I. Vavilova Ju. V. Popov v spolupr\u00e1ci s L. M. Kukuim vyvinul a otestoval pr\u00edstroj Izolda MD-73, ktor\u00fd lek\u00e1ri pou\u017e\u00edvaj\u00fa dodnes.<\/span><\/p>\n<p><span dir=\"auto\">Biologick\u00e9 \u00fa\u010dinky ultrafialov\u00e9ho \u017eiarenia (UVR) s\u00fa sp\u00f4soben\u00e9 schopnos\u0165ou molek\u00fal v bunk\u00e1ch \u017eiv\u00fdch organizmov absorbova\u0165 kvant\u00e1 \u017eiarenia a v d\u00f4sledku toho vstupova\u0165 do r\u00f4znych fotochemick\u00fdch reakci\u00ed, ktor\u00e9 menia ich \u0161trukt\u00faru a fungovanie. Mechanizmus \u00fa\u010dinku o\u017eiarenej krvi na \u010dloveka je zlo\u017eit\u00fd a mnohostrann\u00fd. Hoci st\u00e1le neexistuje jednotn\u00e1 te\u00f3ria \u00fa\u010dinkov UVR na \u013eudsk\u00fd organizmus, vedci dok\u00e1zali, \u017ee UVR dramaticky zvy\u0161uje bakteric\u00eddnu aktivitu krvi a inaktivuje toxick\u00e9 l\u00e1tky a enz\u00fdmy prostredn\u00edctvom oxid\u00e1cie. V druhej f\u00e1ze sa v o\u017eiarenej krvi aktivuje fungovanie krvn\u00fdch buniek, uvo\u013e\u0148uje sa mno\u017estvo ne\u0161pecifick\u00fdch imunitn\u00fdch faktorov. Pod vplyvom kvantovej energie sa na povrchu \u010derven\u00fdch krviniek tvoria nov\u00e9 povrchovo akt\u00edvne l\u00e1tky, ktor\u00e9 menia elektrick\u00fd n\u00e1boj membr\u00e1ny, \u010d\u00edm sa zni\u017euje viskozita krvi a zvy\u0161uje sa jej schopnos\u0165 pren\u00e1\u0161a\u0165 kysl\u00edk.<\/span><\/p>\n<p><span dir=\"auto\">Terapeutick\u00fd \u00fa\u010dinok UVB terapie zohr\u00e1va v\u00fdznamn\u00fa \u00falohu v reorganiz\u00e1cii imunitn\u00e9ho syst\u00e9mu tela. Pozit\u00edvne klinick\u00e9 \u00fa\u010dinky UVB terapie s\u00fa spojen\u00e9 so zlep\u0161enou mikrocirkul\u00e1ciou v d\u00f4sledku zn\u00ed\u017eenia viskozity krvi a odstr\u00e1nenia fibr\u00ednov\u00fdch usaden\u00edn z ciev, \u010do zvy\u0161uje perif\u00e9rny prietok krvi a zlep\u0161uje okysli\u010denie tkan\u00edv.<\/span><\/p>\n<p><span dir=\"auto\">Jedn\u00fdm z najd\u00f4le\u017eitej\u0161\u00edch \u00fa\u010dinkov UVB \u017eiarenia je jeho bakteric\u00eddny \u00fa\u010dinok. P\u00f4soben\u00edm na ur\u010dit\u00e9 l\u00e1tky v bakteri\u00e1lnych bunk\u00e1ch maj\u00fa ultrafialov\u00e9 l\u00fa\u010de bakteric\u00eddny \u00fa\u010dinok na krv pacienta. Zistilo sa, \u017ee bakteric\u00eddny \u00fa\u010dinok fotomodifikovanej krvi je ve\u013emi podobn\u00fd \u00fa\u010dinku antibiot\u00edk.<\/span><\/p>\n<p><span dir=\"auto\">UFO teda poskytuje nasleduj\u00face terapeutick\u00e9 \u00fa\u010dinky:<\/span><\/p>\n<ul>\n<li><span dir=\"auto\">bakteric\u00eddne;<\/span><\/li>\n<li><span dir=\"auto\">protiz\u00e1palov\u00e9;<\/span><\/li>\n<li><span dir=\"auto\">zlep\u0161enie mikrocirkul\u00e1cie;<\/span><\/li>\n<li><span dir=\"auto\">zv\u00fd\u0161enie kysl\u00edkovej kapacity krvi a zlep\u0161enie pr\u00edsunu kysl\u00edka do org\u00e1nov a tkan\u00edv;<\/span><\/li>\n<li><span dir=\"auto\">normaliz\u00e1cia a stimul\u00e1cia regenera\u010dn\u00fdch a metabolick\u00fdch procesov;<\/span><\/li>\n<li><span dir=\"auto\">imunokorek\u010dn\u00fd;<\/span><\/li>\n<li><span dir=\"auto\">stimul\u00e1cia regener\u00e1cie, zlep\u0161enie funk\u010dn\u00fdch vlastnost\u00ed erytrocytov.<\/span><\/li>\n<\/ul>\n<p><span dir=\"auto\">Napriek pokroku dosiahnut\u00e9mu v \u0161t\u00fadiu mechanizmov \u00fa\u010dinku UVB \u017eiarenia, v\u00fdskum na\u010falej vyv\u00edja optim\u00e1lne lie\u010debn\u00e9 programy pre r\u00f4zne ochorenia.<\/span><\/p>\n<p><span dir=\"auto\">Prezentovan\u00e9 \u00fadaje jasne preukazuj\u00fa potrebu \u0161irok\u00e9ho pou\u017e\u00edvania \u00fa\u010dinnej a bezpe\u010dnej UVB terapie v ka\u017edodennej klinickej praxi, a to ako s\u00fa\u010das\u0165 komplexn\u00e9ho terapeutick\u00e9ho pr\u00edstupu k \u0161irokej \u0161k\u00e1le ochoren\u00ed a klinick\u00fdch stavov, tak aj ako samostatn\u00e1 lie\u010dba, najm\u00e4 v pr\u00edpadoch intolerancie liekov, nedostupnosti alebo vysok\u00fdch n\u00e1kladov na niektor\u00e9 lieky. Toto by sa malo riadi\u0165 nasleduj\u00facimi z\u00e1sadami: neinvaz\u00edvnos\u0165, primeran\u00e1 \u00fa\u010dinnos\u0165, bezpe\u010dnos\u0165, \u0161irokospektr\u00e1lne terapeutick\u00e9 \u00fa\u010dinky, jednoduchos\u0165 pou\u017eitia a kompaktn\u00e9 rozmery. Unik\u00e1tne UVB zariadenie \u201cZenPeak Light\u201d na dom\u00e1ce pou\u017eitie tieto po\u017eiadavky plne sp\u013a\u0148a.<\/span><\/p>\n<h4 class=\"text-center color-blue fw-500\"><span dir=\"auto\">Ak\u00fd vplyv m\u00e1 zariadenie ZenPeak Light na \u013eudsk\u00e9 zdravie?<\/span><\/h4>\n<div class=\"row d-flex justify-content-center text-center align-middle py-4\">\n<div class=\"col-xl-3 col-lg-3 col-md-3 col-6\">\n<p><img decoding=\"async\" class=\"img-fluid\" title=\"\" src=\"https:\/\/xn----7sbajjre4ayapgs2d8e2b.xn--p1ai\/wp-content\/themes\/biolis\/assets\/img\/ekosvet__ico-1.png\" alt=\"\" \/><\/p>\n<p class=\"text-center\"><span dir=\"auto\">Spoma\u013euje proces starnutia tela<\/span><\/p>\n<\/div>\n<div class=\"col-xl-3 col-lg-3 col-md-3 col-6\">\n<p><img decoding=\"async\" class=\"img-fluid\" title=\"\" src=\"https:\/\/xn----7sbajjre4ayapgs2d8e2b.xn--p1ai\/wp-content\/themes\/biolis\/assets\/img\/ekosvet__ico-2.png\" alt=\"\" \/><\/p>\n<p class=\"text-center\"><span dir=\"auto\">Zni\u017euje hladinu cukru v krvi a hladinu \u201ezl\u00e9ho\u201d cholesterolu<\/span><\/p>\n<\/div>\n<div class=\"col-xl-3 col-lg-3 col-md-3 col-6\">\n<p><img decoding=\"async\" class=\"img-fluid\" title=\"\" src=\"https:\/\/xn----7sbajjre4ayapgs2d8e2b.xn--p1ai\/wp-content\/themes\/biolis\/assets\/img\/ekosvet__ico-3.png\" alt=\"\" \/><\/p>\n<p class=\"text-center\"><span dir=\"auto\">Normalizuje procesy nervov\u00e9ho syst\u00e9mu<\/span><\/p>\n<\/div>\n<div class=\"col-xl-3 col-lg-3 col-md-3 col-6\">\n<p><img decoding=\"async\" class=\"img-fluid\" title=\"\" src=\"https:\/\/xn----7sbajjre4ayapgs2d8e2b.xn--p1ai\/wp-content\/themes\/biolis\/assets\/img\/ekosvet__ico-4.png\" alt=\"\" \/><\/p>\n<p class=\"text-center\"><span dir=\"auto\">Zni\u017euje viskozitu krvi a obohacuje ju kysl\u00edkom<\/span><\/p>\n<\/div>\n<\/div>\n<div class=\"row d-flex justify-content-center text-center align-middle pb-5\">\n<div class=\"col-xl-3 col-lg-3 col-md-3 col-6\">\n<p><img decoding=\"async\" class=\"img-fluid\" title=\"\" src=\"https:\/\/xn----7sbajjre4ayapgs2d8e2b.xn--p1ai\/wp-content\/themes\/biolis\/assets\/img\/ekosvet__ico-5.png\" alt=\"\" \/><\/p>\n<p class=\"text-center\"><span dir=\"auto\">Zlep\u0161uje metabolizmus<\/span><\/p>\n<\/div>\n<div class=\"col-xl-3 col-lg-3 col-md-3 col-6\">\n<p><img decoding=\"async\" class=\"img-fluid\" title=\"\" src=\"https:\/\/xn----7sbajjre4ayapgs2d8e2b.xn--p1ai\/wp-content\/themes\/biolis\/assets\/img\/ekosvet__ico-6.png\" alt=\"\" \/><\/p>\n<p class=\"text-center\"><span dir=\"auto\">Normalizuje procesy nervov\u00e9ho syst\u00e9mu<\/span><\/p>\n<\/div>\n<div class=\"col-xl-3 col-lg-3 col-md-3 col-6\">\n<p><img decoding=\"async\" class=\"img-fluid\" title=\"\" src=\"https:\/\/xn----7sbajjre4ayapgs2d8e2b.xn--p1ai\/wp-content\/themes\/biolis\/assets\/img\/ekosvet__ico-7.png\" alt=\"\" \/><\/p>\n<p class=\"text-center\"><span dir=\"auto\">Obnovuje a posil\u0148uje imunitn\u00fd syst\u00e9m<\/span><\/p>\n<\/div>\n<div class=\"col-xl-3 col-lg-3 col-md-3 col-6\">\n<p><img decoding=\"async\" class=\"img-fluid\" title=\"\" src=\"https:\/\/xn----7sbajjre4ayapgs2d8e2b.xn--p1ai\/wp-content\/themes\/biolis\/assets\/img\/ekosvet__ico-8.png\" alt=\"\" \/><\/p>\n<p class=\"\"><span dir=\"auto\">Ni\u010d\u00ed infekcie, zmier\u0148uje z\u00e1paly<\/span><\/p>\n<\/div>\n<\/div>\n<h4 class=\"text-center color-blue fw-500\"><span dir=\"auto\">Pre\u010do si \u013eudia vyberaj\u00fa Ecosvet 1?<\/span><\/h4>\n<div class=\"row d-flex justify-content-center text-center align-middle py-4\">\n<div class=\"col-xl-3 col-lg-3 col-md-3 col-6\">\n<p><img decoding=\"async\" class=\"img-fluid\" title=\"\" src=\"https:\/\/xn----7sbajjre4ayapgs2d8e2b.xn--p1ai\/wp-content\/themes\/biolis\/assets\/img\/ekosvet__ico-9.png\" alt=\"\" \/><\/p>\n<p class=\"text-center\"><span class=\"fw-500\"><span dir=\"auto\">Zabezpe\u010denie:<\/span><\/span><br \/>\n<span dir=\"auto\">M\u00e1 minim\u00e1lne kontraindik\u00e1cie a je vhodn\u00fd na lie\u010dbu dospel\u00fdch a det\u00ed od 4 rokov.<\/span><\/p>\n<\/div>\n<div class=\"col-xl-3 col-lg-3 col-md-3 col-6\">\n<p><img decoding=\"async\" class=\"img-fluid\" title=\"\" src=\"https:\/\/xn----7sbajjre4ayapgs2d8e2b.xn--p1ai\/wp-content\/themes\/biolis\/assets\/img\/ekosvet__ico-10.png\" alt=\"\" \/><\/p>\n<p class=\"text-center\"><span class=\"fw-500\"><span dir=\"auto\">Zabezpe\u010denie:<\/span><\/span><br \/>\n<span dir=\"auto\">M\u00e1 minim\u00e1lne kontraindik\u00e1cie a je vhodn\u00fd na lie\u010dbu dospel\u00fdch a det\u00ed od 4 rokov.<\/span><\/p>\n<\/div>\n<div class=\"col-xl-3 col-lg-3 col-md-3 col-6\">\n<p><img decoding=\"async\" class=\"img-fluid\" title=\"\" src=\"https:\/\/xn----7sbajjre4ayapgs2d8e2b.xn--p1ai\/wp-content\/themes\/biolis\/assets\/img\/ekosvet__ico-11.png\" alt=\"\" \/><\/p>\n<p class=\"text-center\"><span dir=\"auto\">Ecosvet 1\u00a0<span class=\"fw-500\">Z\u00e1ruky odpor\u00fa\u010da Rusk\u00e1 spolo\u010dnos\u0165 rehabilita\u010dn\u00fdch lek\u00e1rov a schva\u013euje Vedeck\u00e1 rada Ruskej akad\u00e9mie lek\u00e1rskych vied.<\/span><\/span><\/p>\n<\/div>\n<div class=\"col-xl-3 col-lg-3 col-md-3 col-6\">\n<p><img decoding=\"async\" class=\"img-fluid\" title=\"\" src=\"https:\/\/xn----7sbajjre4ayapgs2d8e2b.xn--p1ai\/wp-content\/themes\/biolis\/assets\/img\/ekosvet__ico-12.png\" alt=\"\" \/><\/p>\n<p class=\"text-center\"><span class=\"fw-500\"><span dir=\"auto\">Pohodlie<\/span><\/span><br \/>\n<span dir=\"auto\">Ide o bezpe\u010dn\u00fd a pohodln\u00fd postup, ktor\u00fd sa d\u00e1 \u013eahko vykona\u0165 doma za 10 min\u00fat.<\/span><\/p>\n<\/div>\n<\/div>\n<p><strong>\u00a0\u00a0\u00a0\u00a0\u00a0\u00a0<\/strong><strong><span dir=\"auto\">V\u0161eobecn\u00e9 kontraindik\u00e1cie pre UFO\u00a0<\/span><\/strong><strong><span dir=\"auto\">:<\/span><\/strong><\/p>\n<ul>\n<li><span dir=\"auto\">precitlivenos\u0165 na UV \u017eiarenie<\/span><\/li>\n<li><span dir=\"auto\">hypokoagul\u00e1cia<\/span><\/li>\n<li><span dir=\"auto\">III. \u0161t\u00e1dium hypertenzie<\/span><\/li>\n<li><span dir=\"auto\">z\u00e1va\u017en\u00e9 formy ateroskler\u00f3zy<\/span><\/li>\n<li><span dir=\"auto\">ak\u00fatne cievne mozgov\u00e9 pr\u00edhody<\/span><\/li>\n<\/ul>\n<p><strong><span dir=\"auto\">\u00a0\u00a0\u00a0\u00a0\u00a0\u00a0 Kontraindik\u00e1cie pre lok\u00e1lnu aplik\u00e1ciu UFO:<\/span><\/strong><\/p>\n<ul>\n<li><span dir=\"auto\">zhubn\u00e9 n\u00e1dory<\/span><\/li>\n<li><span dir=\"auto\">akt\u00edvna tuberkul\u00f3za<\/span><\/li>\n<li><span dir=\"auto\">Ochorenia pe\u010dene a obli\u010diek so z\u00e1va\u017en\u00fdm funk\u010dn\u00fdm po\u0161koden\u00edm<\/span><\/li>\n<li><span dir=\"auto\">tyreotoxik\u00f3za<\/span><\/li>\n<li><span dir=\"auto\">syst\u00e9mov\u00fd lupus erythematosus<\/span><\/li>\n<\/ul>","protected":false},"featured_media":5598,"comment_status":"closed","ping_status":"closed","template":"","meta":{"_angie_page":false,"site-sidebar-layout":"default","site-content-layout":"","ast-site-content-layout":"default","site-content-style":"default","site-sidebar-style":"default","ast-global-header-display":"","ast-banner-title-visibility":"","ast-main-header-display":"","ast-hfb-above-header-display":"","ast-hfb-below-header-display":"","ast-hfb-mobile-header-display":"","site-post-title":"","ast-breadcrumbs-content":"","ast-featured-img":"","footer-sml-layout":"","ast-disable-related-posts":"","theme-transparent-header-meta":"default","adv-header-id-meta":"","stick-header-meta":"","header-above-stick-meta":"","header-main-stick-meta":"","header-below-stick-meta":"","astra-migrate-meta-layouts":"set","ast-page-background-enabled":"default","ast-page-background-meta":{"desktop":{"background-color":"","background-image":"","background-repeat":"repeat","background-position":"center center","background-size":"auto","background-attachment":"scroll","background-type":"","background-media":"","overlay-type":"","overlay-color":"","overlay-opacity":"","overlay-gradient":""},"tablet":{"background-color":"","background-image":"","background-repeat":"repeat","background-position":"center center","background-size":"auto","background-attachment":"scroll","background-type":"","background-media":"","overlay-type":"","overlay-color":"","overlay-opacity":"","overlay-gradient":""},"mobile":{"background-color":"","background-image":"","background-repeat":"repeat","background-position":"center center","background-size":"auto","background-attachment":"scroll","background-type":"","background-media":"","overlay-type":"","overlay-color":"","overlay-opacity":"","overlay-gradient":""}},"ast-content-background-meta":{"desktop":{"background-color":"var(--ast-global-color-5)","background-image":"","background-repeat":"repeat","background-position":"center center","background-size":"auto","background-attachment":"scroll","background-type":"","background-media":"","overlay-type":"","overlay-color":"","overlay-opacity":"","overlay-gradient":""},"tablet":{"background-color":"var(--ast-global-color-5)","background-image":"","background-repeat":"repeat","background-position":"center center","background-size":"auto","background-attachment":"scroll","background-type":"","background-media":"","overlay-type":"","overlay-color":"","overlay-opacity":"","overlay-gradient":""},"mobile":{"background-color":"var(--ast-global-color-5)","background-image":"","background-repeat":"repeat","background-position":"center center","background-size":"auto","background-attachment":"scroll","background-type":"","background-media":"","overlay-type":"","overlay-color":"","overlay-opacity":"","overlay-gradient":""}}},"product_brand":[],"product_cat":[22],"product_tag":[],"class_list":{"0":"post-6693","1":"product","2":"type-product","3":"status-publish","4":"has-post-thumbnail","6":"product_cat-hullamgenetikai-megoldasok","7":"product_shipping_class-free","8":"desktop-align-left","9":"tablet-align-left","10":"mobile-align-left","12":"first","13":"instock","14":"taxable","15":"shipping-taxable","16":"purchasable","17":"product-type-simple"},"_links":{"self":[{"href":"https:\/\/ai-xtech.eu\/sk\/wp-json\/wp\/v2\/product\/6693","targetHints":{"allow":["GET"]}}],"collection":[{"href":"https:\/\/ai-xtech.eu\/sk\/wp-json\/wp\/v2\/product"}],"about":[{"href":"https:\/\/ai-xtech.eu\/sk\/wp-json\/wp\/v2\/types\/product"}],"replies":[{"embeddable":true,"href":"https:\/\/ai-xtech.eu\/sk\/wp-json\/wp\/v2\/comments?post=6693"}],"version-history":[{"count":6,"href":"https:\/\/ai-xtech.eu\/sk\/wp-json\/wp\/v2\/product\/6693\/revisions"}],"predecessor-version":[{"id":7840,"href":"https:\/\/ai-xtech.eu\/sk\/wp-json\/wp\/v2\/product\/6693\/revisions\/7840"}],"wp:featuredmedia":[{"embeddable":true,"href":"https:\/\/ai-xtech.eu\/sk\/wp-json\/wp\/v2\/media\/5598"}],"wp:attachment":[{"href":"https:\/\/ai-xtech.eu\/sk\/wp-json\/wp\/v2\/media?parent=6693"}],"wp:term":[{"taxonomy":"product_brand","embeddable":true,"href":"https:\/\/ai-xtech.eu\/sk\/wp-json\/wp\/v2\/product_brand?post=6693"},{"taxonomy":"product_cat","embeddable":true,"href":"https:\/\/ai-xtech.eu\/sk\/wp-json\/wp\/v2\/product_cat?post=6693"},{"taxonomy":"product_tag","embeddable":true,"href":"https:\/\/ai-xtech.eu\/sk\/wp-json\/wp\/v2\/product_tag?post=6693"}],"curies":[{"name":"pracovn\u00fd list","href":"https:\/\/api.w.org\/{rel}","templated":true}]}}