{"id":6263,"date":"2023-12-02T16:40:11","date_gmt":"2023-12-02T16:40:11","guid":{"rendered":"https:\/\/ai-xtech.eu\/?post_type=product&#038;p=6263"},"modified":"2026-04-08T11:59:50","modified_gmt":"2026-04-08T10:59:50","slug":"zenpeak-modulator-egyeni-matrixxal","status":"publish","type":"product","link":"https:\/\/ai-xtech.eu\/sk\/produkt\/zenpeak-modulator-egyeni-matrixxal\/","title":{"rendered":"Genetick\u00fd modul\u00e1tor vlny ZenPeak (so v\u0161etk\u00fdmi Garjayevov\u00fdmi matricami)"},"content":{"rendered":"<p><strong>Dodacia lehota 2 mesiace!<br \/>\n<\/strong><\/p>\n<ul>\n<li data-start=\"1044\" data-end=\"1085\">\n<p data-start=\"1046\" data-end=\"1085\">60-min\u00fatov\u00e9 nastavenie osobn\u00e9ho syst\u00e9mu<\/p>\n<\/li>\n<li data-start=\"1086\" data-end=\"1115\">\n<p data-start=\"1088\" data-end=\"1115\">30-d\u0148ov\u00e1 n\u00e1sledn\u00e1 kontrola<\/p>\n<\/li>\n<li data-start=\"1116\" data-end=\"1140\">\n<p data-start=\"1118\" data-end=\"1140\">\u0161trukt\u00farovan\u00fd protokol<\/p>\n<\/li>\n<li data-start=\"1141\" data-end=\"1170\">\n<p data-start=\"1143\" data-end=\"1170\">\u201estatus \u201dv\u00fdskumn\u00e9ho partnera\u201c<\/p>\n<\/li>\n<\/ul>\n<p><strong>\u00a0<\/strong><\/p>\n<p>Genetick\u00fd modul\u00e1tor vlny ZenPeak so v\u0161etk\u00fdmi origin\u00e1lnymi genetick\u00fdmi matricami Garjaevov\u00fdch v\u013an!<\/p>\n<p>21 zdravotn\u00fdch probl\u00e9mov!<\/p>\n<p class=\" translation-block\">\u201eChoroba a jej lie\u010dba sa v priebehu minul\u00fdch storo\u010d\u00ed od pacienta odde\u013eovala a st\u00e1vala sa \u010doraz neosobnej\u0161ou, navy\u0161e sa v\u00fdrazne posunula k u\u017e\u00edvaniu chemick\u00fdch l\u00e1tok. \u013dudia sa tak uprostred svojich chor\u00f4b a bolest\u00ed st\u00e1vali \u010doraz osamelej\u0161\u00edmi a bezn\u00e1dejnej\u0161\u00edmi.<br> Od za\u010diatku kultiv\u00e1cie sa na pacienta v\u017edy pozeralo a lie\u010dilo spolu s jeho chorobou a prostred\u00edm.<\/p>\n<p>Franc\u00fazsky spisovate\u013e, b\u00e1snik, akademik Paul Claudel naz\u00fdva pacientov \u201epozvan\u00fdmi do pozornosti\u201c.<\/p>\n<p>Medzi vedcami pracuj\u00facimi na tom, aby bol \u013eudsk\u00fd \u017eivot kraj\u0161\u00ed a lep\u0161\u00ed, mnoh\u00ed z nich urobili objavy, ktor\u00fdch aplik\u00e1cia priniesla trpiacemu \u010dloveku \u00fa\u013eavu pomocou uzdravovania os\u00f4b. Medzi prv\u00fdch vyn\u00e1lezcov patril Nikola Tesla, pomocou ktor\u00e9ho vyn\u00e1lezov Pyotr Garjayev vytvoril vedu o vlnovej genetike spojen\u00edm viacer\u00fdch oblast\u00ed vedy a pomocou kvantovej fyziky. S\u00fa\u010dasne Alexander Misin vytvoril zariadenie ur\u010den\u00e9 na optimaliz\u00e1ciu fyzik\u00e1lnych a chemick\u00fdch zmien v \u013eudskom tele. Po tom, \u010do sa profesor Garjajev zozn\u00e1mil s fungovan\u00edm pr\u00edstroja, spojil svoje vlastn\u00e9 znalosti, aby ho zdokonalil a zefekt\u00edvnil, \u010d\u00edm vytvoril nov\u00fd revolu\u010dn\u00fd pr\u00edstroj, ktor\u00fd stavia lie\u010denie na in\u00fd z\u00e1klad ako predch\u00e1dzaj\u00face met\u00f3dy.<\/p>\n<p>Nakoniec s t\u00fdmto n\u00e1strojom m\u00f4\u017eeme otvori\u0165 nov\u00fa \u00e9ru, preto\u017ee cel\u00fd svet mus\u00ed prejs\u0165 temn\u00fdm vekom medic\u00edny a chor\u00f4b.<\/p>\n<p>Koncom XXI. storo\u010dia sa \u010dlovek dostal na kri\u017eovatku a stoj\u00ed pred dilemou. Ako slep\u00fd konzument podmie\u0148uje svoju bud\u00facu existenciu ne\u00faprosn\u00fdm v\u00fdvojom nov\u00fdch technol\u00f3gi\u00ed a \u010fal\u0161\u00edm vyu\u017e\u00edvan\u00edm materi\u00e1lnych statkov, alebo nach\u00e1dza cestu ved\u00facu k duchovnej a duchovnej zodpovednosti, ako aj k zdraviu uvedomel\u00e9mu spr\u00e1vaniu, ktor\u00e9 dok\u00e1\u017ee prekona\u0165 jeho choroby a upevni\u0165 jeho individu\u00e1lny blahobyt a existenciu.<\/p>\n<p>By\u0165 zdrav\u00fd neznamen\u00e1 len neby\u0165 chor\u00fd. Ako zdrav\u00ed \u013eudia sa c\u00edtime \u00fa\u017easne.<\/p>\n<p>Zdravie je ako ke\u010f si spom\u00edname na \u0161\u0165astn\u00e9 chv\u00edle n\u00e1\u0161ho detstva a ver\u00edme, \u017ee tak\u00fdchto z\u00e1\u017eitkov n\u00e1s \u010dak\u00e1 e\u0161te ve\u013ea.\u201c<\/p>\n<p class=\" translation-block\"><em><strong>L\u00e1szl\u00f3 Lehoczki<\/strong><\/em><br> telev\u00edzny redaktor-riadite\u013e<br> zakladaj\u00faci \u0161\u00e9fredaktor n\u00e1bo\u017eenskej redakcie telev\u00edzie Duna<br> rytier ma\u010farskej kult\u00fary<\/p>\n<p>(s matrikami uveden\u00fdmi v zozname)<\/p>\n<p>nie. 1 \u201eKorekcia imunitn\u00e9ho syst\u00e9mu\u201c. 21 m. 2s.<br \/>\nnie. 2 \u201eKorekcia kostrov\u00e9ho syst\u00e9mu\u201c. 1 hodina. 36 m.<br \/>\nnie. 3 &quot;Korekcia kardiovaskul\u00e1rneho syst\u00e9mu&quot;. 1 hodina. 59 m.<br \/>\nnie. 4 \u201eKorekcia por\u00fach nervov\u00e9ho syst\u00e9mu\u201c 2h. 22 m.<br \/>\nnie. 5 \u201eProtirakovinov\u00fd program\u201c. 1 hodina. 9 m<br \/>\nnie. 6 &quot;Korekcia celkov\u00e9ho metabolizmu a tr\u00e1viaceho syst\u00e9mu.&quot; 1 hodina. 55 m.<br \/>\nnie. 7 &quot;Proti starnutiu&quot;. 2 hodiny. 2 m<br \/>\nnie. 8 &quot;Mu\u017esk\u00e1 l\u00ednia&quot;. 1 hodina. 38 m.<br \/>\nnie. 9 &quot;D\u00e1mska l\u00ednia&quot;. 1 hodina. 18 m.<br \/>\nnie. 10 \u201eBud\u00faca podpora\u201c. 1 hodina. 16 m.<br \/>\nnie. 11 \u201eObnova organiz\u00e1cie po 40-50 rokoch\u201c. 1 hodina. 0 m<br \/>\nnie. 12 \u201eProgram proti parazitom\u201c. 1 hodina. 50 m.<br \/>\nnie. 13 \u201e\u0160t\u00edhla postava\u201c. 34 m. 2s.<br \/>\nnie. 14 &quot;Proti alergi\u00e1m.&quot; 29 m. 2s.<br \/>\nnie. 15 \u201eMl\u00e1de\u017e a zdravie poko\u017eky\u201c. 1 hodina. 45 m.<br \/>\nnie. 16 \u201eAntiv\u00edrusov\u00e1 vlnov\u00e1 imunita\u201c. 58 m. 54s.<br \/>\nnie. 17 \u201eProti faj\u010deniu\u201c. 21 m. 0 s.<br \/>\nnie. 18 \u201eNormaliz\u00e1cia mo\u010dov\u00e9ho syst\u00e9mu\u201c 1 hod. 56 m.<br \/>\nnie. 19 \u201eObnova tela po 70 rokoch\u201c 1 hodina. 38 m.<br \/>\nnie. 20 \u201eProti z\u00e1vislosti od alkoholu\u201c 1h. 5 m<br \/>\nnie. 21 \u201eO\u010dista tela\u201c 30m. 2s.<\/p>\n<p>Pou\u017e\u00edvate\u013esk\u00e1 pr\u00edru\u010dka ENG<\/p>\n<div class=\"ast-oembed-container\" style=\"height: 100%;\"><iframe title=\"Modul\u00e1tor ZenPeak Wavegenetics, n\u00e1vod na pou\u017eitie s negentropick\u00fdm lie\u010div\u00fdm \u00fa\u010dinkom!\" width=\"500\" height=\"281\" src=\"https:\/\/www.youtube.com\/embed\/ccemXKrgNBc?feature=oembed\" frameborder=\"0\" allow=\"accelerometer; autoplay; clipboard-write; encrypted-media; gyroscope; picture-in-picture; web-share\" referrerpolicy=\"strict-origin-when-cross-origin\" allowfullscreen><\/iframe><\/div>\n<p>Pou\u017e\u00edvate\u013esk\u00e1 pr\u00edru\u010dka \u2013 ANGLI\u010cTINA<\/p>\n<div class=\"ast-oembed-container\" style=\"height: 100%;\"><iframe title=\"ZenPeak hull\u00e1mgenetikai modul\u00e1tor - Teljes \u00datmutat\u00f3 @lifacademy\" width=\"500\" height=\"281\" src=\"https:\/\/www.youtube.com\/embed\/p8MpDbPm7UY?feature=oembed\" frameborder=\"0\" allow=\"accelerometer; autoplay; clipboard-write; encrypted-media; gyroscope; picture-in-picture; web-share\" referrerpolicy=\"strict-origin-when-cross-origin\" allowfullscreen><\/iframe><\/div>","protected":false},"excerpt":{"rendered":"<p>Post\u00e1z\u00e1si id\u00f5 2 h\u00f3nap! 60 perces szem\u00e9lyes rendszer-be\u00e1ll\u00edt\u00e1s 30 napos follow-up check-in struktur\u00e1lt protokoll \u201eresearch partner\u201d st\u00e1tusz \u00a0 ZenPeak hull\u00e1mgenetikai modul\u00e1tor az \u00f6sszes eredeti Garjajev hull\u00e1mgenetikai m\u00e1trixxal! 21 eg\u00e9szs\u00e9g\u00fcgyi probl\u00e9m\u00e1ra! \u201cA betegs\u00e9g, \u00e9s annak gy\u00f3gy\u00edt\u00e1sa az elm\u00falt sz\u00e1zadok sor\u00e1n elszakadt a p\u00e1cienst\u0151l \u00e9s egyre szem\u00e9lytelenebb\u00e9 v\u00e1lt, r\u00e1ad\u00e1sul er\u0151sen eltol\u00f3dott a k\u00e9miai anyagok alkalmaz\u00e1sa fel\u00e9. \u00cdgy [&hellip;]<\/p>\n","protected":false},"featured_media":6825,"comment_status":"closed","ping_status":"closed","template":"","meta":{"_angie_page":false,"site-sidebar-layout":"default","site-content-layout":"","ast-site-content-layout":"default","site-content-style":"default","site-sidebar-style":"default","ast-global-header-display":"","ast-banner-title-visibility":"","ast-main-header-display":"","ast-hfb-above-header-display":"","ast-hfb-below-header-display":"","ast-hfb-mobile-header-display":"","site-post-title":"","ast-breadcrumbs-content":"","ast-featured-img":"","footer-sml-layout":"","ast-disable-related-posts":"","theme-transparent-header-meta":"default","adv-header-id-meta":"","stick-header-meta":"","header-above-stick-meta":"","header-main-stick-meta":"","header-below-stick-meta":"","astra-migrate-meta-layouts":"set","ast-page-background-enabled":"default","ast-page-background-meta":{"desktop":{"background-color":"","background-image":"","background-repeat":"repeat","background-position":"center center","background-size":"auto","background-attachment":"scroll","background-type":"","background-media":"","overlay-type":"","overlay-color":"","overlay-opacity":"","overlay-gradient":""},"tablet":{"background-color":"","background-image":"","background-repeat":"repeat","background-position":"center center","background-size":"auto","background-attachment":"scroll","background-type":"","background-media":"","overlay-type":"","overlay-color":"","overlay-opacity":"","overlay-gradient":""},"mobile":{"background-color":"","background-image":"","background-repeat":"repeat","background-position":"center center","background-size":"auto","background-attachment":"scroll","background-type":"","background-media":"","overlay-type":"","overlay-color":"","overlay-opacity":"","overlay-gradient":""}},"ast-content-background-meta":{"desktop":{"background-color":"var(--ast-global-color-5)","background-image":"","background-repeat":"repeat","background-position":"center center","background-size":"auto","background-attachment":"scroll","background-type":"","background-media":"","overlay-type":"","overlay-color":"","overlay-opacity":"","overlay-gradient":""},"tablet":{"background-color":"var(--ast-global-color-5)","background-image":"","background-repeat":"repeat","background-position":"center center","background-size":"auto","background-attachment":"scroll","background-type":"","background-media":"","overlay-type":"","overlay-color":"","overlay-opacity":"","overlay-gradient":""},"mobile":{"background-color":"var(--ast-global-color-5)","background-image":"","background-repeat":"repeat","background-position":"center center","background-size":"auto","background-attachment":"scroll","background-type":"","background-media":"","overlay-type":"","overlay-color":"","overlay-opacity":"","overlay-gradient":""}}},"product_brand":[],"product_cat":[22],"product_tag":[71],"class_list":{"0":"post-6263","1":"product","2":"type-product","3":"status-publish","4":"has-post-thumbnail","6":"product_cat-hullamgenetikai-megoldasok","7":"product_tag-zenpeak","8":"product_shipping_class-free","9":"desktop-align-left","10":"tablet-align-left","11":"mobile-align-left","13":"first","14":"instock","15":"sale","16":"taxable","17":"shipping-taxable","18":"purchasable","19":"product-type-simple"},"_links":{"self":[{"href":"https:\/\/ai-xtech.eu\/sk\/wp-json\/wp\/v2\/product\/6263","targetHints":{"allow":["GET"]}}],"collection":[{"href":"https:\/\/ai-xtech.eu\/sk\/wp-json\/wp\/v2\/product"}],"about":[{"href":"https:\/\/ai-xtech.eu\/sk\/wp-json\/wp\/v2\/types\/product"}],"replies":[{"embeddable":true,"href":"https:\/\/ai-xtech.eu\/sk\/wp-json\/wp\/v2\/comments?post=6263"}],"version-history":[{"count":17,"href":"https:\/\/ai-xtech.eu\/sk\/wp-json\/wp\/v2\/product\/6263\/revisions"}],"predecessor-version":[{"id":8097,"href":"https:\/\/ai-xtech.eu\/sk\/wp-json\/wp\/v2\/product\/6263\/revisions\/8097"}],"wp:featuredmedia":[{"embeddable":true,"href":"https:\/\/ai-xtech.eu\/sk\/wp-json\/wp\/v2\/media\/6825"}],"wp:attachment":[{"href":"https:\/\/ai-xtech.eu\/sk\/wp-json\/wp\/v2\/media?parent=6263"}],"wp:term":[{"taxonomy":"product_brand","embeddable":true,"href":"https:\/\/ai-xtech.eu\/sk\/wp-json\/wp\/v2\/product_brand?post=6263"},{"taxonomy":"product_cat","embeddable":true,"href":"https:\/\/ai-xtech.eu\/sk\/wp-json\/wp\/v2\/product_cat?post=6263"},{"taxonomy":"product_tag","embeddable":true,"href":"https:\/\/ai-xtech.eu\/sk\/wp-json\/wp\/v2\/product_tag?post=6263"}],"curies":[{"name":"pracovn\u00fd list","href":"https:\/\/api.w.org\/{rel}","templated":true}]}}