{"id":6099,"date":"2023-08-10T13:38:06","date_gmt":"2023-08-10T13:38:06","guid":{"rendered":"https:\/\/ai-xtech.eu\/?post_type=product&#038;p=6099"},"modified":"2026-04-15T06:55:46","modified_gmt":"2026-04-15T05:55:46","slug":"vernada-geo","status":"publish","type":"product","link":"https:\/\/ai-xtech.eu\/sk\/produkt\/vernada-geo\/","title":{"rendered":"Vernada Geo 2"},"content":{"rendered":"<h1><strong>Dodacia lehota 5 pracovn\u00fdch dn\u00ed!<\/strong><\/h1>\n<h1><strong>Skladom!<\/strong><\/h1>\n<h2>Vernada Geo 2<\/h2>\n<p>VERNADA GEO \u2014 zariadenie, ktor\u00e9 poskytuje spo\u013eahliv\u00fa a \u013eahko pou\u017eite\u013en\u00fa ochranu pred negat\u00edvnymi \u00fa\u010dinkami torznej (informa\u010dnej) zlo\u017eky elektromagnetick\u00e9ho \u017eiarenia WI-FI routerov, telev\u00edzorov a in\u00fdch elektronick\u00fdch zariaden\u00ed, ako aj geopatog\u00e9nnych z\u00f3n (Zem). ). ) alebo technopatog\u00e9nne z\u00f3ny (objavuj\u00face sa napr\u00edklad v d\u00f4sledku prev\u00e1dzky z\u00e1klad\u0148ov\u00fdch stan\u00edc mobiln\u00fdch telef\u00f3nov) v interi\u00e9ri.<br \/>\nNEBEZPE\u010cENSTVO! Vernada Geo neru\u0161\u00ed \u017eiadne elektronick\u00e9 zariadenie.<\/p>\n<p>AKO POU\u017d\u00cdVA\u0164 VERNADA GEO<\/p>\n<p>1) Zariadenie mus\u00ed by\u0165 pripojen\u00e9 k sieti v dom\u00e1cnosti, kancel\u00e1rii alebo inej miestnosti, kde pracujete at\u010f.<\/p>\n<p>Je d\u00f4le\u017eit\u00e9, aby sie\u0165ov\u00e9 nap\u00e1janie bolo nap\u00e1jan\u00e9 z rovnakej f\u00e1zy.<br \/>\n2) Zariadenie Vernada Geo po pripojen\u00ed do elektrickej siete (svieti zelen\u00e9 svetlo) neutralizuje negat\u00edvny vplyv \u017eiarenia WI-FI routerov, ako aj negat\u00edvny vplyv geopatog\u00e9nnych alebo technopatog\u00e9nnych z\u00f3n v celej miestnosti, \u010d\u00edm zladenie priestoru vo va\u0161om byte, dom\u00e1cnosti \u010di kancel\u00e1rii.<\/p>\n<p>&nbsp;<\/p>\n<p>AKO TO FUNGUJE<\/p>\n<p>Zariadenie sa sklad\u00e1 z plastovej skrinky, ktor\u00e1 obsahuje meni\u010d a displej siete. Zariadenie sp\u00f4sobuje inverziu \u013eavostrann\u00e9ho torzn\u00e9ho po\u013ea z f\u00e1zovo vodivej siete na pravostrann\u00e9 torzn\u00e9 pole.<\/p>\n<p>&nbsp;<\/p>\n<p>PRE\u010cO JE D\u00d4LE\u017dIT\u00c9 POU\u017d\u00cdVA\u0164 VERNADA GEO<\/p>\n<p>Dlhodob\u00e9 vystavenie torznej (informa\u010dnej) zlo\u017eke \u017eiarenia Wi-Fi routera, ako aj dlhodob\u00fd pobyt v patog\u00e9nnej z\u00f3ne zeme m\u00f4\u017ee oslabi\u0165 imunitn\u00fd syst\u00e9m, sp\u00f4sobi\u0165 bolesti hlavy, nadmern\u00fa \u00fanavu a exacerb\u00e1ciu chronick\u00fdch ochoren\u00ed. Vernada Geo tieto \u0161kodliv\u00e9 \u00fa\u010dinky \u00fa\u010dinne neutralizuje.<\/p>\n<p>Nepretr\u017eit\u00e9 pou\u017e\u00edvanie Vernada Geo v\u00e1m umo\u017e\u0148uje:<\/p>\n<p>zlep\u0161uje koncentr\u00e1ciu;<br \/>\nzni\u017euje \u010dast\u00e9 bolesti hlavy;<br \/>\nzlep\u0161uje sp\u00e1nok;<br \/>\nzlep\u0161enie mozgovej aktivity;<br \/>\nzlep\u0161i\u0165 zdravie.<\/p>\n<p>V\u00ddHODY<\/p>\n<p>1) Zariadenie \u00fa\u010dinne neutralizuje \u0161kodliv\u00e9 \u00fa\u010dinky \u017eiarenia:<\/p>\n<p>elektromagnetick\u00e9 polia (EMF);<br \/>\ngeopatog\u00e9nne z\u00f3ny;<br \/>\nWI-FI router;<br \/>\nbezdr\u00f4tov\u00e9 siete;<br \/>\nsiete 4G\/5G;<br \/>\nNotebooky, po\u010d\u00edta\u010de, tablety, telev\u00edzory, mobiln\u00e9 telef\u00f3ny at\u010f.;<br \/>\nin\u00e9 elektronick\u00e9 zariadenia.<br \/>\n2) Vernada Geo chr\u00e1ni cel\u00fd dom, nielen jednu miestnos\u0165 alebo z\u00f3nu.<\/p>\n<p>3) Na zariadenie sa vz\u0165ahuje 3-ro\u010dn\u00e1 z\u00e1ruka od d\u00e1tumu zak\u00fapenia.<\/p>\n<p>O SPOLO\u010cNOSTI<br \/>\nSpinor International, LLC sa zaober\u00e1 v\u00fdskumom \u00fa\u010dinkov torzn\u00fdch pol\u00ed na \u013eudsk\u00e9 zdravie. Od roku 1991 vyv\u00edjame met\u00f3dy na ochranu \u013eud\u00ed pred negat\u00edvnymi vplyvmi torzn\u00fdch pol\u00ed.<\/p>","protected":false},"excerpt":{"rendered":"<p>Vernada GEO je \u0161peci\u00e1lny pr\u00edstroj, ktor\u00e9ho cie\u013eom je harmonizova\u0165 biologick\u00e9 syst\u00e9my organizmu. Bol \u0161peci\u00e1lne vyvinut\u00fd na optimaliz\u00e1ciu vz\u0165ahu medzi geografick\u00fdm prostred\u00edm a \u013eudsk\u00fdm telom. T\u00e1to technol\u00f3gia je zalo\u017een\u00e1 na vyrovn\u00e1van\u00ed prirodzen\u00fdch frekvenci\u00ed a zemsk\u00e9ho \u017eiarenia, \u010d\u00edm pom\u00e1ha \u013eudsk\u00e9mu telu lep\u0161ie sa adaptova\u0165 na \u0161kodliv\u00e9 faktory v jeho prostred\u00ed.<br \/>\nSpinorova matematika:\u00a0<a href=\"https:\/\/en.wikipedia.org\/wiki\/Spinor\">https:\/\/en.wikipedia.org\/wiki\/Spinor<\/a><\/p>\n<p>Princ\u00edpy zariadenia poch\u00e1dzaj\u00fa z kvantovej fyziky, biofyziky a vlnovej mechaniky. Vernada GEO je navrhnut\u00fd tak, aby vn\u00edmal energetick\u00e9 vzorce prostredia a n\u00e1sledne ich vyrovn\u00e1val pomocou harmonick\u00fdch frekvenci\u00ed. To m\u00f4\u017ee by\u0165 u\u017eito\u010dn\u00e9 najm\u00e4 v pr\u00edpadoch, ke\u010f je pou\u017e\u00edvate\u013e dlhodobo vystaven\u00fd \u017eiareniu vytvoren\u00e9mu \u010dlovekom \u2013 napr\u00edklad vln\u00e1m generovan\u00fdm WiFi sie\u0165ami, elektromagnetick\u00fdm poliam alebo in\u00fdm technologick\u00fdm zariadeniam.<\/p>\n<p>Zariadenie sa \u013eahko pou\u017e\u00edva, je prenosn\u00e9 a mo\u017eno ho pou\u017e\u00edva\u0165 v r\u00f4znych prostrediach, \u010di u\u017e ide o ochranu doma, v pr\u00e1ci alebo na cest\u00e1ch. M\u00f4\u017ee pom\u00f4c\u0165 nielen zn\u00ed\u017ei\u0165 stres, ale aj zlep\u0161i\u0165 kvalitu sp\u00e1nku a obnovi\u0165 celkov\u00fa pohodu. Vernada GEO pon\u00faka r\u00f4zne programy, ktor\u00e9 poskytuj\u00fa prisp\u00f4soben\u00e9 rie\u0161enia pre individu\u00e1lne potreby, \u010d\u00edm skuto\u010dne podporuj\u00fa osobn\u00fa harm\u00f3niu a zdravie.<\/p>\n<p>Celkovo je Vernada GEO inovat\u00edvnym n\u00e1strojom, ktor\u00fd pracuje na obnoven\u00ed harm\u00f3nie medzi pr\u00edrodn\u00fdmi energiami a biol\u00f3giou \u010dloveka a pom\u00e1ha zmierni\u0165 stres a \u0161kodliv\u00e9 \u00fa\u010dinky, ktor\u00e9 sa vyskytuj\u00fa v modernom svete. T\u00e1to technol\u00f3gia je jedn\u00fdm zo s\u013eubn\u00fdch n\u00e1strojov bud\u00facej medic\u00edny, ktor\u00fd podporuje zdrav\u0161\u00ed a vyv\u00e1\u017eenej\u0161\u00ed \u017eivot.<\/p>\n<p>Na\u0161e vlnov\u00e9 genetick\u00e9 matrice:\u00a0<a href=\"https:\/\/ai-xtech.eu\/termek\/garyaev-hullamgenetikai-matrixai\/\">https:\/\/ai-xtech.eu\/termek\/garyaev-hullamgenetikai-matrixai\/<\/a><\/p>\n<p>&nbsp;<\/p>\n<p>Jedine\u010dn\u00fd pr\u00edstup Vernada GEO spo\u010d\u00edva v tom, \u017ee sa nezameriava na lie\u010dbu sympt\u00f3mov, ale na obnovenie prirodzenej rovnov\u00e1hy medzi telom a prostred\u00edm. T\u00e1to technol\u00f3gia poskytuje nielen rie\u0161enie na lie\u010dbu probl\u00e9mov generovan\u00fdch modern\u00fdm \u017eivotom, ako je elektrosmog, ale ovplyv\u0148uje aj biologick\u00e9 syst\u00e9my tela na hlb\u0161ej \u00farovni. Zariadenie pom\u00e1ha minimalizova\u0165 vplyv environment\u00e1lnych stresorov, tak\u017ee sa m\u00f4\u017eu zefekt\u00edvni\u0165 aj samoregenera\u010dn\u00e9 procesy tela.<\/p>\n<p>Medzi \u0161peci\u00e1lne funkcie Vernada GEO patr\u00ed harmoniz\u00e1cia energetick\u00fdch dr\u00e1h, ktor\u00e1 m\u00f4\u017ee prispie\u0165 k realiz\u00e1cii lep\u0161ieho rozlo\u017eenia energie v tele. D\u00e1 sa tak podpori\u0165 nielen fyzick\u00e1, ale aj psychick\u00e1 pohoda, ke\u010f\u017ee harmonick\u00e9 frekvencie maj\u00fa za n\u00e1sledok aj vyv\u00e1\u017eenej\u0161ie fungovanie nervov\u00e9ho syst\u00e9mu.<\/p>\n<p>Dizajn zariadenia je kompaktn\u00fd a u\u017e\u00edvate\u013esky pr\u00edvetiv\u00fd, tak\u017ee ho mo\u017eno pohodlne pou\u017e\u00edva\u0165 v ka\u017edej \u017eivotnej situ\u00e1cii. Je vhodn\u00fd na pou\u017eitie doma aj pri cestovan\u00ed alebo v kancel\u00e1rskom prostred\u00ed. Okrem jednoduchej manipul\u00e1cie je ve\u013ekou v\u00fdhodou, \u017ee nevy\u017eaduje zlo\u017eit\u00e9 nastavovanie a v\u010faka intuit\u00edvnemu ovl\u00e1daniu je \u013eahko dostupn\u00fd pre \u013eud\u00ed v\u0161etk\u00fdch vekov\u00fdch kateg\u00f3ri\u00ed.<\/p>\n<p>Okrem toho sa Vernada GEO neust\u00e1le vyv\u00edja s cie\u013eom za\u010dleni\u0165 najnov\u0161ie vedeck\u00e9 v\u00fdsledky do technol\u00f3gie. Pri v\u00fdskume sa mimoriadna pozornos\u0165 venuje tomu, \u017ee pr\u00edstroj poskytuje univerz\u00e1lne rie\u0161enie najv\u00e4\u010d\u0161\u00edch v\u00fdziev modern\u00e9ho sveta, vr\u00e1tane lie\u010dby fyzick\u00e9ho a psychick\u00e9ho stresu, ako aj podpory prirodzen\u00fdch obrann\u00fdch mechanizmov organizmu.<\/p>\n<p>Vernada GEO pon\u00faka rie\u0161enie pre t\u00fdch, ktor\u00ed chc\u00fa udr\u017ea\u0165 svoje telo a myse\u013e v rovnov\u00e1he a z\u00e1rove\u0148 zn\u00ed\u017ei\u0165 negat\u00edvne \u00fa\u010dinky environment\u00e1lnych \u0161k\u00f4d. Toto zariadenie nie je len technologick\u00fdm v\u00fddobytkom, ale krokom k celostnej zdravotnej starostlivosti a harmonick\u00e9mu \u017eivotu.<\/p>\n<p><a href=\"https:\/\/ai-xtech.eu\/termek\/garyaev-hullamgenetikai-matrixai\/\">\u00a0<\/a><\/p>","protected":false},"featured_media":7233,"comment_status":"closed","ping_status":"closed","template":"","meta":{"_angie_page":false,"site-sidebar-layout":"default","site-content-layout":"default","ast-site-content-layout":"default","site-content-style":"default","site-sidebar-style":"default","ast-global-header-display":"","ast-banner-title-visibility":"","ast-main-header-display":"","ast-hfb-above-header-display":"","ast-hfb-below-header-display":"","ast-hfb-mobile-header-display":"","site-post-title":"","ast-breadcrumbs-content":"","ast-featured-img":"","footer-sml-layout":"","ast-disable-related-posts":"","theme-transparent-header-meta":"default","adv-header-id-meta":"","stick-header-meta":"","header-above-stick-meta":"","header-main-stick-meta":"","header-below-stick-meta":"","astra-migrate-meta-layouts":"set","ast-page-background-enabled":"default","ast-page-background-meta":{"desktop":{"background-color":"","background-image":"","background-repeat":"repeat","background-position":"center center","background-size":"auto","background-attachment":"scroll","background-type":"","background-media":"","overlay-type":"","overlay-color":"","overlay-opacity":"","overlay-gradient":""},"tablet":{"background-color":"","background-image":"","background-repeat":"repeat","background-position":"center center","background-size":"auto","background-attachment":"scroll","background-type":"","background-media":"","overlay-type":"","overlay-color":"","overlay-opacity":"","overlay-gradient":""},"mobile":{"background-color":"","background-image":"","background-repeat":"repeat","background-position":"center center","background-size":"auto","background-attachment":"scroll","background-type":"","background-media":"","overlay-type":"","overlay-color":"","overlay-opacity":"","overlay-gradient":""}},"ast-content-background-meta":{"desktop":{"background-color":"var(--ast-global-color-5)","background-image":"","background-repeat":"repeat","background-position":"center center","background-size":"auto","background-attachment":"scroll","background-type":"","background-media":"","overlay-type":"","overlay-color":"","overlay-opacity":"","overlay-gradient":""},"tablet":{"background-color":"var(--ast-global-color-5)","background-image":"","background-repeat":"repeat","background-position":"center center","background-size":"auto","background-attachment":"scroll","background-type":"","background-media":"","overlay-type":"","overlay-color":"","overlay-opacity":"","overlay-gradient":""},"mobile":{"background-color":"var(--ast-global-color-5)","background-image":"","background-repeat":"repeat","background-position":"center center","background-size":"auto","background-attachment":"scroll","background-type":"","background-media":"","overlay-type":"","overlay-color":"","overlay-opacity":"","overlay-gradient":""}}},"product_brand":[],"product_cat":[22],"product_tag":[],"class_list":{"0":"post-6099","1":"product","2":"type-product","3":"status-publish","4":"has-post-thumbnail","6":"product_cat-hullamgenetikai-megoldasok","7":"product_shipping_class-free","8":"desktop-align-left","9":"tablet-align-left","10":"mobile-align-left","12":"first","13":"instock","14":"sale","15":"taxable","16":"shipping-taxable","17":"purchasable","18":"product-type-simple"},"_links":{"self":[{"href":"https:\/\/ai-xtech.eu\/sk\/wp-json\/wp\/v2\/product\/6099","targetHints":{"allow":["GET"]}}],"collection":[{"href":"https:\/\/ai-xtech.eu\/sk\/wp-json\/wp\/v2\/product"}],"about":[{"href":"https:\/\/ai-xtech.eu\/sk\/wp-json\/wp\/v2\/types\/product"}],"replies":[{"embeddable":true,"href":"https:\/\/ai-xtech.eu\/sk\/wp-json\/wp\/v2\/comments?post=6099"}],"version-history":[{"count":11,"href":"https:\/\/ai-xtech.eu\/sk\/wp-json\/wp\/v2\/product\/6099\/revisions"}],"predecessor-version":[{"id":7991,"href":"https:\/\/ai-xtech.eu\/sk\/wp-json\/wp\/v2\/product\/6099\/revisions\/7991"}],"wp:featuredmedia":[{"embeddable":true,"href":"https:\/\/ai-xtech.eu\/sk\/wp-json\/wp\/v2\/media\/7233"}],"wp:attachment":[{"href":"https:\/\/ai-xtech.eu\/sk\/wp-json\/wp\/v2\/media?parent=6099"}],"wp:term":[{"taxonomy":"product_brand","embeddable":true,"href":"https:\/\/ai-xtech.eu\/sk\/wp-json\/wp\/v2\/product_brand?post=6099"},{"taxonomy":"product_cat","embeddable":true,"href":"https:\/\/ai-xtech.eu\/sk\/wp-json\/wp\/v2\/product_cat?post=6099"},{"taxonomy":"product_tag","embeddable":true,"href":"https:\/\/ai-xtech.eu\/sk\/wp-json\/wp\/v2\/product_tag?post=6099"}],"curies":[{"name":"pracovn\u00fd list","href":"https:\/\/api.w.org\/{rel}","templated":true}]}}