{"id":1252,"date":"2021-08-02T17:41:44","date_gmt":"2021-08-02T17:41:44","guid":{"rendered":"https:\/\/ai-xtech.eu\/?page_id=1252"},"modified":"2023-07-24T08:13:06","modified_gmt":"2023-07-24T08:13:06","slug":"data-protection-guidelines","status":"publish","type":"page","link":"https:\/\/ai-xtech.eu\/sk\/data-protection-guidelines\/","title":{"rendered":"Pokyny na ochranu \u00fadajov Z\u00e1sady ochrany osobn\u00fdch \u00fadajov"},"content":{"rendered":"<h2 class=\"wp-block-heading\">Kto sme<\/h2>\n\n\n\n<p><strong class=\"privacy-policy-tutorial\"> <\/strong>Na\u0161a webov\u00e1 adresa je: https:\/\/ai-xtech.eu.<\/p>\n\n\n\n<h2 class=\"wp-block-heading\">Koment\u00e1re<\/h2>\n\n\n\n<p>Pri odosielan\u00ed koment\u00e1ra sa okrem toho, \u010do je uveden\u00e9 vo formul\u00e1ri koment\u00e1ra, zhroma\u017e\u010fuje IP adresa komentuj\u00faceho a identifika\u010dn\u00fd re\u0165azec prehliada\u010da, aby sa odfiltroval nevy\u017eiadan\u00fd obsah.<\/p>\n\n\n\n<p>Depersonalizovan\u00fd re\u0165azec znakov vygenerovan\u00fd z e-mailovej adresy (zvy\u010dajne naz\u00fdvan\u00fd hash) sa pren\u00e1\u0161a do slu\u017eby Gravatar, ak sa na str\u00e1nke pou\u017e\u00edva. Podmienky slu\u017eby Gravatar si m\u00f4\u017eete pozrie\u0165 na nasleduj\u00facej adrese: https:\/\/automattic.com\/privacy\/. Po prijat\u00ed koment\u00e1ra bude obsah n\u00e1\u0161ho koment\u00e1ra a n\u00e1\u0161 profilov\u00fd obr\u00e1zok verejne zobrazen\u00fd.<\/p>\n\n\n\n<h2 class=\"wp-block-heading\">M\u00e9di\u00e1<\/h2>\n\n\n\n<p>Ak obr\u00e1zok nahr\u00e1va na webov\u00fa str\u00e1nku registrovan\u00fd pou\u017e\u00edvate\u013e, EXIF, ktor\u00e9 obsahuj\u00fa \u00fadaje o polohe GPS, by ste sa mali vyhn\u00fa\u0165. N\u00e1v\u0161tevn\u00edci webov\u00fdch str\u00e1nok si ich m\u00f4\u017eu stiahnu\u0165 a extrahova\u0165 \u00fadaje o polohe z obr\u00e1zkov na webovej str\u00e1nke.<\/p>\n\n\n\n<h2 class=\"wp-block-heading\">Cookies<\/h2>\n\n\n\n<p>Ak na webe nap\u00ed\u0161ete koment\u00e1r, zadan\u00e9 meno, e-mailov\u00e1 adresa a adresa webu sa ulo\u017eia do s\u00faborov cookie. \u00dalo\u017eisko sl\u00fa\u017ei na pohodln\u00e9 \u00fa\u010dely, tak\u017ee pri \u010fal\u0161om uverej\u0148ovan\u00ed nemus\u00edte tieto polia vyp\u013a\u0148a\u0165. Platnos\u0165 cookies je jeden rok.<\/p>\n\n\n\n<p>Ke\u010f nav\u0161t\u00edvite prihlasovaciu str\u00e1nku, nastav\u00edme do\u010dasn\u00e9 s\u00fabory cookie, aby sme zistili, \u010di v\u00e1\u0161 prehliada\u010d prij\u00edma s\u00fabory cookie. Tieto cookies neobsahuj\u00fa osobn\u00e9 inform\u00e1cie a po zatvoren\u00ed prehliada\u010da sa vyma\u017e\u00fa.<\/p>\n\n\n\n<p>Ke\u010f sa prihl\u00e1site na webov\u00fa str\u00e1nku, vytvor\u00edme nieko\u013eko cookies, ktor\u00e9 ulo\u017eia prihlasovacie \u00fadaje a mo\u017enosti zobrazenia edita\u010dn\u00e9ho rozhrania. Prihlasovacie cookies s\u00fa platn\u00e9 dva dni a cookies uchov\u00e1vaj\u00face mo\u017enosti zobrazenia edita\u010dn\u00e9ho rozhrania s\u00fa platn\u00e9 jeden rok. Ak je vybrat\u00e1 mo\u017enos\u0165 \u201eZapam\u00e4ta\u0165 si ma\u201c, registr\u00e1cia bude pokra\u010dova\u0165 dva t\u00fd\u017edne. Prihlasovacie s\u00fabory cookie sa odstr\u00e1nia, ke\u010f sa odhl\u00e1site.<\/p>\n\n\n\n<p>Ak uprav\u00edme pr\u00edspevok alebo str\u00e1nku, n\u00e1\u0161 prehliada\u010d ulo\u017e\u00ed \u010fal\u0161\u00ed s\u00fabor cookie. Tento s\u00fabor cookie neobsahuje \u017eiadne osobn\u00e9 \u00fadaje, iba uklad\u00e1 identifika\u010dn\u00e9 \u010d\u00edslo pr\u00edspevku, ktor\u00fd sme upravili. Jeho platnos\u0165 vypr\u0161\u00ed o jeden de\u0148.<\/p>\n\n\n\n<h2 class=\"wp-block-heading\">Vlo\u017een\u00fd obsah z in\u00fdch webov\u00fdch str\u00e1nok<\/h2>\n\n\n\n<p>Pr\u00edspevky dostupn\u00e9 na webovej str\u00e1nke m\u00f4\u017eu vyu\u017e\u00edva\u0165 vlo\u017een\u00fd obsah z extern\u00fdch zdrojov (napr. vide\u00e1, obr\u00e1zky, \u010dl\u00e1nky at\u010f.). Vlo\u017een\u00fd obsah z extern\u00e9ho zdroja sa spr\u00e1va presne tak, ako keby ste nav\u0161t\u00edvili in\u00fa webov\u00fa str\u00e1nku.<\/p>\n\n\n\n<p>Tieto webov\u00e9 str\u00e1nky m\u00f4\u017eu zhroma\u017e\u010fova\u0165 inform\u00e1cie o n\u00e1v\u0161tevn\u00edkoch, pou\u017e\u00edva\u0165 s\u00fabory cookie alebo k\u00f3d sledovania tret\u00edch str\u00e1n, monitorova\u0165 spr\u00e1vanie pou\u017e\u00edvate\u013eov s\u00favisiace s vlo\u017een\u00fdm obsahom, ak m\u00e1te pou\u017e\u00edvate\u013esk\u00fd \u00fa\u010det a ste na str\u00e1nke prihl\u00e1sen\u00ed.<\/p>\n\n\n\n<h2 class=\"wp-block-heading\">S k\u00fdm zdie\u013eame pou\u017e\u00edvate\u013esk\u00e9 \u00fadaje<\/h2>\n\n\n\n<p>Ak po\u017eiadate o obnovenie hesla, adresa IP bude uveden\u00e1 v e-maile na obnovenie.<\/p>\n\n\n\n<h2 class=\"wp-block-heading\">Ako dlho uchov\u00e1vame osobn\u00e9 \u00fadaje?<\/h2>\n\n\n\n<p>Ak pripomienkujeme, koment\u00e1r a jeho metad\u00e1ta zostan\u00fa v syst\u00e9me na ne\u0161pecifikovan\u00fa dobu. \u00da\u010delom toho je, aby sa v\u0161etky nasleduj\u00face koment\u00e1re stali zn\u00e1mymi a nami schv\u00e1len\u00e9, t. j. aby sa neobjavili v zozname koment\u00e1rov, ktor\u00e9 sa maj\u00fa moderova\u0165.<\/p>\n\n\n\n<p>Osobn\u00e9 \u00fadaje pou\u017e\u00edvate\u013eov registrovan\u00fdch na webovej str\u00e1nke (ak existuj\u00fa) s\u00fa tie\u017e ulo\u017een\u00e9 v ich vlastnom pou\u017e\u00edvate\u013eskom profile. V\u0161etci pou\u017e\u00edvatelia m\u00f4\u017eu kedyko\u013evek zobrazi\u0165, upravi\u0165 alebo vymaza\u0165 svoje osobn\u00e9 \u00fadaje (okrem toho, \u017ee si nem\u00f4\u017eu zmeni\u0165 svoje vlastn\u00e9 pou\u017e\u00edvate\u013esk\u00e9 meno). Tieto inform\u00e1cie m\u00f4\u017eu zobrazi\u0165 a upravi\u0165 aj spr\u00e1vcovia webov\u00fdch str\u00e1nok.<\/p>\n\n\n\n<h2 class=\"wp-block-heading\">Ak\u00e9 pr\u00e1va m\u00e1 pou\u017e\u00edvate\u013e vo vz\u0165ahu k svojim vlastn\u00fdm \u00fadajom<\/h2>\n\n\n\n<p>V pr\u00edpade registrovan\u00e9ho \u00fa\u010dtu alebo nap\u00edsania koment\u00e1ra na str\u00e1nke je mo\u017en\u00e9 po\u017eiada\u0165 o zaslanie osobn\u00fdch \u00fadajov v exportnom s\u00fabore, ktor\u00fd obsahuje ak\u00e9ko\u013evek \u00fadaje predt\u00fdm poskytnut\u00e9 pou\u017e\u00edvate\u013eom. M\u00f4\u017eete tie\u017e po\u017eiada\u0165, aby sme vymazali v\u0161etky predt\u00fdm poskytnut\u00e9 osobn\u00e9 \u00fadaje. To sa nevz\u0165ahuje na \u00fadaje, ktor\u00e9 sme povinn\u00ed uchov\u00e1va\u0165 z administrat\u00edvnych, pr\u00e1vnych alebo bezpe\u010dnostn\u00fdch d\u00f4vodov.<\/p>\n\n\n\n<h2 class=\"wp-block-heading\">Kam pren\u00e1\u0161ame \u00fadaje<\/h2>\n\n\n\n<p>Koment\u00e1re zaslan\u00e9 n\u00e1v\u0161tevn\u00edkmi m\u00f4\u017eu by\u0165 kontrolovan\u00e9 slu\u017ebou automatick\u00e9ho filtrovania spamu.<\/p>","protected":false},"excerpt":{"rendered":"<p>Kik vagyunk A weboldalunk c\u00edme: https:\/\/ai-xtech.eu. Hozz\u00e1sz\u00f3l\u00e1sok Hozz\u00e1sz\u00f3l\u00e1s bek\u00fcld\u00e9sekor a hozz\u00e1sz\u00f3l\u00e1si \u0171rlapban megadottakon k\u00edv\u00fcl begy\u0171jt\u00e9sre ker\u00fcl a hozz\u00e1sz\u00f3l\u00f3 IP c\u00edme \u00e9s a b\u00f6ng\u00e9sz\u0151azonos\u00edt\u00f3 karakterl\u00e1nc a k\u00e9retlen tartalmak kisz\u0171r\u00e9se c\u00e9lj\u00e1b\u00f3l. Egy szem\u00e9lytelen\u00edtett, az e-mail c\u00edmb\u0151l el\u0151\u00e1ll\u00edtott karakterl\u00e1nc (hashnek szok\u00e1s nevezni) ker\u00fcl tov\u00e1bb\u00edt\u00e1sra a Gravatar szolg\u00e1ltat\u00e1s fel\u00e9, ha ez az oldalon haszn\u00e1latban van. A Gravatar szolg\u00e1ltat\u00e1s felt\u00e9telei [&hellip;]<\/p>\n","protected":false},"author":1,"featured_media":0,"parent":0,"menu_order":0,"comment_status":"closed","ping_status":"closed","template":"","meta":{"_angie_page":false,"site-sidebar-layout":"default","site-content-layout":"default","ast-site-content-layout":"default","site-content-style":"default","site-sidebar-style":"default","ast-global-header-display":"","ast-banner-title-visibility":"","ast-main-header-display":"","ast-hfb-above-header-display":"","ast-hfb-below-header-display":"","ast-hfb-mobile-header-display":"","site-post-title":"","ast-breadcrumbs-content":"","ast-featured-img":"","footer-sml-layout":"","ast-disable-related-posts":"","theme-transparent-header-meta":"default","adv-header-id-meta":"","stick-header-meta":"","header-above-stick-meta":"","header-main-stick-meta":"","header-below-stick-meta":"","astra-migrate-meta-layouts":"default","ast-page-background-enabled":"default","ast-page-background-meta":{"desktop":{"background-color":"","background-image":"","background-repeat":"repeat","background-position":"center center","background-size":"auto","background-attachment":"scroll","background-type":"","background-media":"","overlay-type":"","overlay-color":"","overlay-opacity":"","overlay-gradient":""},"tablet":{"background-color":"","background-image":"","background-repeat":"repeat","background-position":"center center","background-size":"auto","background-attachment":"scroll","background-type":"","background-media":"","overlay-type":"","overlay-color":"","overlay-opacity":"","overlay-gradient":""},"mobile":{"background-color":"","background-image":"","background-repeat":"repeat","background-position":"center center","background-size":"auto","background-attachment":"scroll","background-type":"","background-media":"","overlay-type":"","overlay-color":"","overlay-opacity":"","overlay-gradient":""}},"ast-content-background-meta":{"desktop":{"background-color":"var(--ast-global-color-5)","background-image":"","background-repeat":"repeat","background-position":"center center","background-size":"auto","background-attachment":"scroll","background-type":"","background-media":"","overlay-type":"","overlay-color":"","overlay-opacity":"","overlay-gradient":""},"tablet":{"background-color":"var(--ast-global-color-5)","background-image":"","background-repeat":"repeat","background-position":"center center","background-size":"auto","background-attachment":"scroll","background-type":"","background-media":"","overlay-type":"","overlay-color":"","overlay-opacity":"","overlay-gradient":""},"mobile":{"background-color":"var(--ast-global-color-5)","background-image":"","background-repeat":"repeat","background-position":"center center","background-size":"auto","background-attachment":"scroll","background-type":"","background-media":"","overlay-type":"","overlay-color":"","overlay-opacity":"","overlay-gradient":""}},"footnotes":""},"class_list":["post-1252","page","type-page","status-publish","hentry"],"_links":{"self":[{"href":"https:\/\/ai-xtech.eu\/sk\/wp-json\/wp\/v2\/pages\/1252","targetHints":{"allow":["GET"]}}],"collection":[{"href":"https:\/\/ai-xtech.eu\/sk\/wp-json\/wp\/v2\/pages"}],"about":[{"href":"https:\/\/ai-xtech.eu\/sk\/wp-json\/wp\/v2\/types\/page"}],"author":[{"embeddable":true,"href":"https:\/\/ai-xtech.eu\/sk\/wp-json\/wp\/v2\/users\/1"}],"replies":[{"embeddable":true,"href":"https:\/\/ai-xtech.eu\/sk\/wp-json\/wp\/v2\/comments?post=1252"}],"version-history":[{"count":4,"href":"https:\/\/ai-xtech.eu\/sk\/wp-json\/wp\/v2\/pages\/1252\/revisions"}],"predecessor-version":[{"id":5377,"href":"https:\/\/ai-xtech.eu\/sk\/wp-json\/wp\/v2\/pages\/1252\/revisions\/5377"}],"wp:attachment":[{"href":"https:\/\/ai-xtech.eu\/sk\/wp-json\/wp\/v2\/media?parent=1252"}],"curies":[{"name":"pracovn\u00fd list","href":"https:\/\/api.w.org\/{rel}","templated":true}]}}