{"id":1250,"date":"2022-09-19T09:28:50","date_gmt":"2022-09-19T09:28:50","guid":{"rendered":"https:\/\/ai-xtech.eu\/?page_id=1250"},"modified":"2022-09-19T09:28:59","modified_gmt":"2022-09-19T09:28:59","slug":"cookie-policy","status":"publish","type":"page","link":"https:\/\/ai-xtech.eu\/sk\/cookie-policy\/","title":{"rendered":"Z\u00e1sady pou\u017e\u00edvania s\u00faborov cookie"},"content":{"rendered":"<div class=\"cli_pg_page_contaner\">\n<h3>Z\u00e1sady pou\u017e\u00edvania s\u00faborov cookie<\/h3>\n<div>Tieto z\u00e1sady pou\u017e\u00edvania s\u00faborov cookie vysvet\u013euj\u00fa, \u010do s\u00fa s\u00fabory cookie a ako ich pou\u017e\u00edvame, typy s\u00faborov cookie, ktor\u00e9 pou\u017e\u00edvame, tj inform\u00e1cie, ktor\u00e9 zhroma\u017e\u010fujeme pomocou s\u00faborov cookie a ako sa tieto inform\u00e1cie pou\u017e\u00edvaj\u00fa, a ako ovl\u00e1da\u0165 preferencie s\u00faborov cookie. \u010eal\u0161ie inform\u00e1cie o tom, ako pou\u017e\u00edvame, uchov\u00e1vame a uchov\u00e1vame va\u0161e osobn\u00e9 \u00fadaje v bezpe\u010d\u00ed, n\u00e1jdete v na\u0161ich Z\u00e1sad\u00e1ch ochrany osobn\u00fdch \u00fadajov.<\/p>\n<p>Svoj s\u00fahlas s vyhl\u00e1sen\u00edm o s\u00faboroch cookie na na\u0161ej webovej str\u00e1nke m\u00f4\u017eete kedyko\u013evek zmeni\u0165 alebo odvola\u0165<br \/>\nViac o tom, kto sme, ako n\u00e1s m\u00f4\u017eete kontaktova\u0165 a ako sprac\u00favame osobn\u00e9 \u00fadaje, n\u00e1jdete v na\u0161ich Z\u00e1sad\u00e1ch ochrany osobn\u00fdch \u00fadajov.<br \/>\nV\u00e1\u0161 s\u00fahlas sa vz\u0165ahuje na nasleduj\u00face dom\u00e9ny: ai-xtech.eu<br \/>\n<div class=\"cli_user_consent_state\">V\u00e1\u0161 aktu\u00e1ly stav: \u017diadny zlo\u010det nebol udelen\u00fd. <a class=\"cli_manage_current_consent\" style=\"cursor:pointer;text-decoration:underline;\">Spravujte svoj s\u00fahlas.<\/a> <\/div><\/p>\n<\/div>\n<h3>\u010co s\u00fa cookies?<\/h3>\n<div>Cookies s\u00fa mal\u00e9 textov\u00e9 s\u00fabory pou\u017e\u00edvan\u00e9 na ukladanie mal\u00fdch k\u00faskov inform\u00e1ci\u00ed. Ukladaj\u00fa sa v zariaden\u00ed pri na\u010d\u00edtan\u00ed webovej str\u00e1nky v prehliada\u010di. Tieto s\u00fabory cookie pom\u00e1haj\u00fa webovej str\u00e1nke spr\u00e1vne fungova\u0165, zvy\u0161uj\u00fa jej bezpe\u010dnos\u0165, poskytuj\u00fa lep\u0161iu pou\u017e\u00edvate\u013esk\u00fa sk\u00fasenos\u0165 a pom\u00e1haj\u00fa n\u00e1m pochopi\u0165 v\u00fdkonnos\u0165 webovej str\u00e1nky a analyzova\u0165, \u010do funguje a kde je potrebn\u00e9 zlep\u0161i\u0165.<\/div>\n<h3>Ako by sa mali pou\u017e\u00edva\u0165 s\u00fabory cookie?<\/h3>\n<div>Ako v\u00e4\u010d\u0161ina online slu\u017eieb, aj na\u0161a webov\u00e1 str\u00e1nka pou\u017e\u00edva s\u00fabory cookie prvej a tretej strany na nieko\u013eko \u00fa\u010delov. S\u00fabory cookie prvej strany s\u00fa v\u00e4\u010d\u0161inou potrebn\u00e9 na spr\u00e1vne fungovanie webovej lokality a nezhroma\u017e\u010fuj\u00fa osobn\u00e9 \u00fadaje. S\u00fabory cookie tret\u00edch str\u00e1n pou\u017e\u00edvan\u00e9 na na\u0161ej webovej lokalite sa pou\u017e\u00edvaj\u00fa najm\u00e4 na pochopenie toho, ako webov\u00e1 lokalita funguje, ako interagujete s na\u0161ou webovou str\u00e1nkou, na zabezpe\u010denie bezpe\u010dnosti na\u0161ich slu\u017eieb , v\u00e1\u0161 v\u00e1m poskytuje relevantn\u00e9 reklamy a poskytuje v\u00e1m celkovo lep\u0161iu a lep\u0161iu pou\u017e\u00edvate\u013esk\u00fa sk\u00fasenos\u0165 a pom\u00e1ha ur\u00fdchli\u0165 bud\u00face interakcie s na\u0161ou webovou str\u00e1nkou.<\/div>\n<h3>Ak\u00fd druh cookies pou\u017e\u00edvame?<\/h3>\n<div>Nevyhnutn\u00e9: Niektor\u00e9 s\u00fabory cookie s\u00fa nevyhnutn\u00e9, aby ste mohli vyu\u017e\u00edva\u0165 pln\u00fa funk\u010dnos\u0165 na\u0161ej webovej str\u00e1nky. Umo\u017e\u0148uj\u00fa n\u00e1m udr\u017eiava\u0165 pou\u017e\u00edvate\u013esk\u00e9 rel\u00e1cie a predch\u00e1dza\u0165 bezpe\u010dnostn\u00fdm hrozb\u00e1m. Nezhroma\u017e\u010fuj\u00fa ani neuchov\u00e1vaj\u00fa \u017eiadne osobn\u00e9 \u00fadaje. Tieto s\u00fabory cookie v\u00e1m napr\u00edklad umo\u017e\u0148uj\u00fa prihl\u00e1si\u0165 sa do svojho \u00fa\u010dtu, prid\u00e1va\u0165 produkty do ko\u0161\u00edka a bezpe\u010dne plati\u0165 \u0160tatistiky: Tieto s\u00fabory cookie ukladaj\u00fa inform\u00e1cie, ako je po\u010det n\u00e1v\u0161tevn\u00edkov webu, po\u010det jedine\u010dn\u00fdch n\u00e1v\u0161tevn\u00edkov, ktor\u00e9 str\u00e1nky webu boli nav\u0161t\u00edven\u00e9, zdroj n\u00e1v\u0161tevy at\u010f. Tieto \u00fadaje v\u00e1m pom\u00f4\u017eu pochopi\u0165 a analyzova\u0165 v\u00fdkonnos\u0165 va\u0161ich webov\u00fdch str\u00e1nok. a kde s\u00fa potrebn\u00e9 zlep\u0161enia.Marketing: Na\u0161a webov\u00e1 str\u00e1nka zobrazuje reklamy. Tieto s\u00fabory cookie pou\u017e\u00edvame na prisp\u00f4sobenie rekl\u00e1m, ktor\u00e9 sa v\u00e1m zobrazuj\u00fa, aby mali pre v\u00e1s zmysel. Tieto s\u00fabory cookie tie\u017e pom\u00e1haj\u00fa sledova\u0165 efektivitu t\u00fdchto reklamn\u00fdch kampan\u00ed. Inform\u00e1cie ulo\u017een\u00e9 v t\u00fdchto s\u00faboroch cookie m\u00f4\u017eu by\u0165 tie\u017e pou\u017eit\u00e9 extern\u00fdmi poskytovate\u013emi reklamy na zobrazovanie rekl\u00e1m na in\u00fdch webov\u00fdch str\u00e1nkach prehliada\u010da. Funk\u010dn\u00e9: Ide o s\u00fabory cookie, ktor\u00e9 pom\u00e1haj\u00fa ur\u010dit\u00fdm nepodstatn\u00fdm funkci\u00e1m na na\u0161ej webovej str\u00e1nke. Tieto funkcie zah\u0155\u0148aj\u00fa vkladanie obsahu, ako s\u00fa vide\u00e1 alebo zdie\u013eanie obsahu webovej str\u00e1nky na platform\u00e1ch soci\u00e1lnych m\u00e9di\u00ed. Predvo\u013eby: Tieto s\u00fabory cookie n\u00e1m pom\u00e1haj\u00fa uklada\u0165 va\u0161e nastavenia a preferencie prehliadania, ako s\u00fa jazykov\u00e9 predvo\u013eby, aby ste mali pri bud\u00facich n\u00e1v\u0161tev\u00e1ch webovej lokality lep\u0161iu a efekt\u00edvnej\u0161iu sk\u00fasenos\u0165.<p>Ni\u017e\u0161ie uveden\u00fd zoznam podrobne popisuje s\u00fabory cookie pou\u017e\u00edvan\u00e9 na na\u0161ej webovej str\u00e1nke.<\/p><table class=\"cookielawinfo-row-cat-table cookielawinfo-classic\"><thead><tr><th class=\"cookielawinfo-column-1\">S\u00fabory cookie<\/th><th class=\"cookielawinfo-column-4\">Nanuk<\/th><\/tr><\/thead><tbody><tr class=\"cookielawinfo-row\"><td class=\"cookielawinfo-column-1\">cookielawinfo-checkbox-analytics<\/td><td class=\"cookielawinfo-column-4\">Tento s\u00fabor cookie nastavuje doplnok GDPR Cookie Consent. S\u00fabor cookie sa pou\u017e\u00edva na ulo\u017eenie s\u00fahlasu pou\u017e\u00edvate\u013ea pre s\u00fabory cookie v kateg\u00f3rii \u201eAnalytika\u201c.<\/td><\/tr><tr class=\"cookielawinfo-row\"><td class=\"cookielawinfo-column-1\">cookielawinfo-checkbox-funk\u010dn\u00e9<\/td><td class=\"cookielawinfo-column-4\">S\u00fabor cookie je nastaven\u00fd na z\u00e1klade s\u00fahlasu so s\u00fabormi cookie GDPR na zaznamenanie s\u00fahlasu pou\u017e\u00edvate\u013ea pre s\u00fabory cookie v kateg\u00f3rii \u201eFunk\u010dn\u00e9\u201c.<\/td><\/tr><tr class=\"cookielawinfo-row\"><td class=\"cookielawinfo-column-1\">cookielawinfo-checkbox-nevyhnutn\u00e9<\/td><td class=\"cookielawinfo-column-4\">Tento s\u00fabor cookie nastavuje doplnok GDPR Cookie Consent. S\u00fabory cookie sa pou\u017e\u00edvaj\u00fa na ulo\u017eenie s\u00fahlasu pou\u017e\u00edvate\u013ea s ukladan\u00edm s\u00faborov cookie v kateg\u00f3rii \u201eNevyhnutn\u00e9\u201c.<\/td><\/tr><tr class=\"cookielawinfo-row\"><td class=\"cookielawinfo-column-1\">cookielawinfo-checkbox-others<\/td><td class=\"cookielawinfo-column-4\">Tento s\u00fabor cookie nastavuje doplnok GDPR Cookie Consent. S\u00fabor cookie sa pou\u017e\u00edva na ulo\u017eenie s\u00fahlasu pou\u017e\u00edvate\u013ea pre s\u00fabory cookie v kateg\u00f3rii \u201eIn\u00e9.<\/td><\/tr><tr class=\"cookielawinfo-row\"><td class=\"cookielawinfo-column-1\">cookielawinfo-checkbox-performance<\/td><td class=\"cookielawinfo-column-4\">Tento s\u00fabor cookie nastavuje doplnok GDPR Cookie Consent. S\u00fabor cookie sa pou\u017e\u00edva na ulo\u017eenie s\u00fahlasu pou\u017e\u00edvate\u013ea pre s\u00fabory cookie v kateg\u00f3rii \u201eV\u00fdkon\u201c.<\/td><\/tr><tr class=\"cookielawinfo-row\"><td class=\"cookielawinfo-column-1\">viewed_cookie_policy<\/td><td class=\"cookielawinfo-column-4\">S\u00fabor cookie je nastaven\u00fd doplnkom GDPR Cookie Consent a pou\u017e\u00edva sa na ulo\u017eenie toho, \u010di pou\u017e\u00edvate\u013e s\u00fahlasil alebo nes\u00fahlasil s pou\u017e\u00edvan\u00edm s\u00faborov cookie. Neuchov\u00e1va \u017eiadne osobn\u00e9 \u00fadaje.<\/td><\/tr><\/tbody><\/table><\/div>\n<h3>Ako m\u00f4\u017eem ovl\u00e1da\u0165 nastavenia s\u00faborov cookie?<\/h3>\n<div>Ak sa nesk\u00f4r po\u010das rel\u00e1cie prehliadania rozhodnete zmeni\u0165 svoje nastavenia, kliknite na z\u00e1lo\u017eku \u201eZ\u00e1sady ochrany osobn\u00fdch \u00fadajov a s\u00faborov cookie\u201c na obrazovke. T\u00fdm sa op\u00e4\u0165 zobraz\u00ed ozn\u00e1menie o s\u00fahlase, ktor\u00e9 v\u00e1m umo\u017en\u00ed zmeni\u0165 va\u0161e preferencie alebo \u00faplne odvola\u0165 v\u00e1\u0161 s\u00fahlas Okrem toho r\u00f4zne prehliada\u010de pon\u00fakaj\u00fa r\u00f4zne sp\u00f4soby blokovania a vymazania s\u00faborov cookie pou\u017e\u00edvan\u00fdch webov\u00fdmi str\u00e1nkami. M\u00f4\u017eete zmeni\u0165 nastavenia prehliada\u010da tak, aby blokoval\/vymaz\u00e1val cookies. Ak sa chcete dozvedie\u0165 viac o spr\u00e1ve a odstra\u0148ovan\u00ed s\u00faborov cookie, nav\u0161t\u00edvte str\u00e1nky wikipedia.org, www.allaboutcookies.org.<\/div>\n<\/div>","protected":false},"excerpt":{"rendered":"<p>Cookie policy This Cookie Policy explains what cookies are and how we use them, the types of cookies we use i.e, the information we collect using cookies and how that information is used, and how to control the cookie preferences. For further information on how we use, store, and keep your personal data secure, see [&hellip;]<\/p>\n","protected":false},"author":1,"featured_media":0,"parent":0,"menu_order":0,"comment_status":"closed","ping_status":"closed","template":"","meta":{"_angie_page":false,"site-sidebar-layout":"default","site-content-layout":"","ast-site-content-layout":"default","site-content-style":"default","site-sidebar-style":"default","ast-global-header-display":"","ast-banner-title-visibility":"","ast-main-header-display":"","ast-hfb-above-header-display":"","ast-hfb-below-header-display":"","ast-hfb-mobile-header-display":"","site-post-title":"","ast-breadcrumbs-content":"","ast-featured-img":"","footer-sml-layout":"","ast-disable-related-posts":"","theme-transparent-header-meta":"","adv-header-id-meta":"","stick-header-meta":"","header-above-stick-meta":"","header-main-stick-meta":"","header-below-stick-meta":"","astra-migrate-meta-layouts":"default","ast-page-background-enabled":"default","ast-page-background-meta":{"desktop":{"background-color":"","background-image":"","background-repeat":"repeat","background-position":"center center","background-size":"auto","background-attachment":"scroll","background-type":"","background-media":"","overlay-type":"","overlay-color":"","overlay-opacity":"","overlay-gradient":""},"tablet":{"background-color":"","background-image":"","background-repeat":"repeat","background-position":"center center","background-size":"auto","background-attachment":"scroll","background-type":"","background-media":"","overlay-type":"","overlay-color":"","overlay-opacity":"","overlay-gradient":""},"mobile":{"background-color":"","background-image":"","background-repeat":"repeat","background-position":"center center","background-size":"auto","background-attachment":"scroll","background-type":"","background-media":"","overlay-type":"","overlay-color":"","overlay-opacity":"","overlay-gradient":""}},"ast-content-background-meta":{"desktop":{"background-color":"var(--ast-global-color-5)","background-image":"","background-repeat":"repeat","background-position":"center center","background-size":"auto","background-attachment":"scroll","background-type":"","background-media":"","overlay-type":"","overlay-color":"","overlay-opacity":"","overlay-gradient":""},"tablet":{"background-color":"var(--ast-global-color-5)","background-image":"","background-repeat":"repeat","background-position":"center center","background-size":"auto","background-attachment":"scroll","background-type":"","background-media":"","overlay-type":"","overlay-color":"","overlay-opacity":"","overlay-gradient":""},"mobile":{"background-color":"var(--ast-global-color-5)","background-image":"","background-repeat":"repeat","background-position":"center center","background-size":"auto","background-attachment":"scroll","background-type":"","background-media":"","overlay-type":"","overlay-color":"","overlay-opacity":"","overlay-gradient":""}},"footnotes":""},"class_list":["post-1250","page","type-page","status-publish","hentry"],"_links":{"self":[{"href":"https:\/\/ai-xtech.eu\/sk\/wp-json\/wp\/v2\/pages\/1250","targetHints":{"allow":["GET"]}}],"collection":[{"href":"https:\/\/ai-xtech.eu\/sk\/wp-json\/wp\/v2\/pages"}],"about":[{"href":"https:\/\/ai-xtech.eu\/sk\/wp-json\/wp\/v2\/types\/page"}],"author":[{"embeddable":true,"href":"https:\/\/ai-xtech.eu\/sk\/wp-json\/wp\/v2\/users\/1"}],"replies":[{"embeddable":true,"href":"https:\/\/ai-xtech.eu\/sk\/wp-json\/wp\/v2\/comments?post=1250"}],"version-history":[{"count":2,"href":"https:\/\/ai-xtech.eu\/sk\/wp-json\/wp\/v2\/pages\/1250\/revisions"}],"predecessor-version":[{"id":2676,"href":"https:\/\/ai-xtech.eu\/sk\/wp-json\/wp\/v2\/pages\/1250\/revisions\/2676"}],"wp:attachment":[{"href":"https:\/\/ai-xtech.eu\/sk\/wp-json\/wp\/v2\/media?parent=1250"}],"curies":[{"name":"pracovn\u00fd list","href":"https:\/\/api.w.org\/{rel}","templated":true}]}}