{"id":899,"date":"2021-07-31T20:33:25","date_gmt":"2021-07-31T20:33:25","guid":{"rendered":"https:\/\/ai-xtech.eu\/?post_type=product&#038;p=899"},"modified":"2026-04-08T11:55:39","modified_gmt":"2026-04-08T10:55:39","slug":"garyaev-hullamgenetikai-matrixai","status":"publish","type":"product","link":"https:\/\/ai-xtech.eu\/ro\/produs\/garyaev-hullamgenetikai-matrixai\/","title":{"rendered":"Fi\u0219iere audio folosind tehnologia Tertyshny-Garyaev (matrici genetice de unde)"},"content":{"rendered":"<p>Cre\u0103m 21 de tipuri de matrice genetic\u0103 a valurilor pe baza lucr\u0103rilor Dr. Pyotr Garyaev Petrovici \u0219i Prof. Luc Montaigner.<br \/>\n<strong>De asemenea, este posibil s\u0103 solicita\u021bi o matrice unic\u0103!<\/strong><br \/>\nAscultarea matricelor este, de asemenea, eficient\u0103, dar cu dispozitivul genetic cu val, aceasta este eficien\u021ba<br \/>\npoate fi triplat. Aceste fi\u0219iere genetice subunde (sunete) sunt perfect potrivite \u0219i pentru tratarea apei!<br \/>\nDac\u0103 nu ave\u021bi un dispozitiv de genetic\u0103 a valurilor, pune\u021bi un recipient umplut cu ap\u0103 curat\u0103 \u00een fa\u021ba difuzorului\/difuzorului.<br \/>\nDup\u0103 ce joci programul de genetic\u0103 a valurilor, bea ap\u0103!<br \/>\nDac\u0103 ave\u021bi un dispozitiv de genetic\u0103 wave, pune\u021bi o sticl\u0103 de 2 litri umplut\u0103 cu ap\u0103 curat\u0103 pe bobina mai mare,<br \/>\nsi bea apa dupa ce se joaca allomanyos!<br \/>\nAlege\u021bi un subtip de genetic\u0103 a valului din lista derulant\u0103!<\/p>","protected":false},"excerpt":{"rendered":"<h2>Genetica valurilor<\/h2>\n<p>Medicina modern\u0103 a ajuns la o r\u0103scruce. \u00cen timp ce progresele tehnologice au deschis oportunit\u0103\u021bi f\u0103r\u0103 precedent, aten\u021bia acordat\u0103 s\u0103n\u0103t\u0103\u021bii umane \u00ee\u0219i pierde din ce \u00een ce mai mult caracterul personal, iar pacien\u021bii se simt adesea singuri \u0219i vulnerabili. Abordarea holistic\u0103 a vindec\u0103rii tradi\u021bionale, care a tratat persoana ca pe o unitate fizico-spiritual\u0103, dispare \u00eencet \u00een negura trecutului, iar locul ei a fost luat de tratamente chimice \u0219i terapii aplicate \u00een mas\u0103.<\/p>\n<figure id=\"attachment_6568\" aria-describedby=\"caption-attachment-6568\" style=\"width: 300px\" class=\"wp-caption alignnone\"><img fetchpriority=\"high\" decoding=\"async\" class=\"size-medium wp-image-6568\" src=\"https:\/\/ai-xtech.eu\/oordufup\/2024\/02\/aixtech._Implicit_functions_of_the_genetic_apparatus_b6a2dc44-26af-4c4c-a3a9-590733c167d1-1-300x168.jpg\" alt=\"hull\u00e1mgenetika\" width=\"300\" height=\"168\" srcset=\"https:\/\/ai-xtech.eu\/oordufup\/2024\/02\/aixtech._Implicit_functions_of_the_genetic_apparatus_b6a2dc44-26af-4c4c-a3a9-590733c167d1-1-300x168.jpg 300w, https:\/\/ai-xtech.eu\/oordufup\/2024\/02\/aixtech._Implicit_functions_of_the_genetic_apparatus_b6a2dc44-26af-4c4c-a3a9-590733c167d1-1-768x430.jpg 768w, https:\/\/ai-xtech.eu\/oordufup\/2024\/02\/aixtech._Implicit_functions_of_the_genetic_apparatus_b6a2dc44-26af-4c4c-a3a9-590733c167d1-1-18x10.jpg 18w, https:\/\/ai-xtech.eu\/oordufup\/2024\/02\/aixtech._Implicit_functions_of_the_genetic_apparatus_b6a2dc44-26af-4c4c-a3a9-590733c167d1-1-600x336.jpg 600w, https:\/\/ai-xtech.eu\/oordufup\/2024\/02\/aixtech._Implicit_functions_of_the_genetic_apparatus_b6a2dc44-26af-4c4c-a3a9-590733c167d1-1.jpg 800w\" sizes=\"(max-width: 300px) 100vw, 300px\" \/><figcaption id=\"caption-attachment-6568\" class=\"wp-caption-text\">genetica valurilor<\/figcaption><\/figure>\n<p>Leg\u0103tur\u0103\u00a0<a href=\"https:\/\/wavegenetics.org\/en\/\">https:\/\/wavegenetics.org\/en\/<\/a><br \/>\n\u00centr-o lume \u00een care tratamentul bolilor este dominat de procese mecanice \u0219i impersonale, oamenii de \u0219tiin\u021b\u0103 care au dezvoltat abord\u0103ri noi, mai holistice, ca r\u0103spuns la nevoile umane de baz\u0103, merit\u0103 o aten\u021bie special\u0103. \u0218tiin\u021ba geneticii valurilor, atribuit\u0103 lui Pyotr Garjayev, este o descoperire at\u00e2t de revolu\u021bionar\u0103. Aceast\u0103 metod\u0103 se deplaseaz\u0103 la grani\u021ba dintre fizica cuantic\u0103 \u0219i biologia uman\u0103, construind o punte \u00eentre lumea material\u0103 \u0219i dimensiunile superioare pentru a arunca o nou\u0103 lumin\u0103 asupra posibilit\u0103\u021bilor de vindecare.<\/p>\n<p>\u00cen aceast\u0103 er\u0103, \u00eentrebarea nu mai este doar cum s\u0103 elimini o boal\u0103. Adev\u0103rata provocare const\u0103 \u00een \u00een\u021belegerea modului de restabilire a echilibrului interior al unei persoane \u0219i a modului \u00een care inova\u021bia poate fi folosit\u0103 pentru a restabili armonia fizic\u0103 \u0219i mental\u0103. Genetica valurilor \u0219i alte descoperiri inovatoare promit c\u0103 omenirea poate, \u00een sf\u00e2r\u0219it, s\u0103 ias\u0103 din epocile \u00eentunecate ale medicinei \u0219i s\u0103 se \u00eendrepte c\u0103tre un viitor mai luminos \u0219i mai plin de speran\u021b\u0103.<\/p>\n<p>Toate matricele \u00eentr-un singur pachet:<br \/>\n<a href=\"https:\/\/ai-xtech.eu\/termek\/garjajev-osszes-hullamgenetikai-matrixa-egy-csomagban\/\">https:\/\/ai-xtech.eu\/termek\/garjajev-osszes-hullamgenetikai-matrixa-egy-csomagban\/<\/a><\/p>\n<p>\u00cen istoria omenirii, vindecarea a jucat \u00eentotdeauna un rol central, deoarece s\u0103n\u0103tatea noastr\u0103 este baza fericirii \u0219i longevit\u0103\u021bii. Cu toate acestea, \u00een ultimele secole, medicina s-a \u00eendreptat din ce \u00een ce mai mult c\u0103tre tratamente bazate pe tehnologie \u0219i chimicale, ceea ce a \u00eendep\u0103rtat adesea pacientul de o abordare personalizat\u0103, holistic\u0103. \u00cen acela\u0219i timp, noi descoperiri \u0219tiin\u021bifice \u0219i instrumente inovatoare au deschis u\u0219a c\u0103tre un nou tip de medicin\u0103 care trateaz\u0103 corpul \u0219i sufletul uman ca o unitate.<\/p>\n<p class=\" translation-block\">\u201e\u00cen secolele trecute, boala \u0219i vindecarea ei s-au separat de pacient \u0219i au devenit din ce \u00een ce mai impersonale, mai mult, s-a deplasat puternic c\u0103tre utilizarea substan\u021belor chimice. \u00cen acest fel, oamenii au devenit din ce \u00een ce mai singuri \u0219i f\u0103r\u0103 speran\u021b\u0103 \u00een mijlocul bolilor \u0219i durerilor lor.<br> De la \u00eenceputul culturii, pacientul a fost \u00eentotdeauna privit \u0219i tratat \u00eempreun\u0103 cu boala \u0219i mediul s\u0103u.<\/p>\n<p>Scriitorul, poetul, academicianul francez Paul Claudel nume\u0219te pacien\u021bii \u201einvita\u021bi \u00een aten\u021bie\u201d.<\/p>\n<p>Printre oamenii de \u0219tiin\u021b\u0103 care lucreaz\u0103 pentru a face via\u021ba uman\u0103 mai frumoas\u0103 \u0219i mai bun\u0103, mul\u021bi dintre ei au f\u0103cut descoperiri, a c\u0103ror aplicare a adus alinare persoanei care sufer\u0103 cu ajutorul persoanelor care vindec\u0103. Printre primii inventatori a fost Nikola Tesla, folosind ale c\u0103rui inven\u021bii Pyotr Garjayev a creat \u0219tiin\u021ba geneticii valurilor combin\u00e2nd mai multe domenii ale \u0219tiin\u021bei \u0219i cu ajutorul fizicii cuantice. \u00cen paralel, Alexander Misin a creat un dispozitiv conceput pentru a optimiza schimb\u0103rile fizice \u0219i chimice din corpul uman. Dup\u0103 ce profesorul Garjajev s-a familiarizat cu func\u021bionarea dispozitivului, \u0219i-a combinat propriile cuno\u0219tin\u021be pentru a-l perfec\u021biona \u0219i a-l face mai eficient, cre\u00e2nd astfel un nou dispozitiv revolu\u021bionar care plaseaz\u0103 vindecarea pe o baz\u0103 diferit\u0103 de metodele anterioare.<\/p>\n<p>\u00cen cele din urm\u0103, cu acest instrument, putem deschide o nou\u0103 er\u0103, deoarece \u00eentreaga lume trebuie s\u0103 treac\u0103 prin epocile \u00eentunecate ale medicinei \u0219i ale bolii.<\/p>\n<p>XXI. omul secolului a ajuns la o r\u0103scruce de drumuri \u0219i se confrunt\u0103 cu o dilem\u0103. \u00cen calitate de consumator orb, \u00ee\u0219i face existen\u021ba viitoare s\u0103 depind\u0103 de dezvoltarea inexorabil\u0103 a noilor tehnologii \u0219i de folosirea \u00een continuare a bunurilor materiale, sau g\u0103se\u0219te calea care duce la responsabilitatea spiritual\u0103 \u0219i spiritual\u0103, precum \u0219i un comportament con\u0219tient de s\u0103n\u0103tate care poate dep\u0103\u0219i. bolile sale \u0219i s\u0103-\u0219i consolideze bun\u0103starea \u0219i existen\u021ba individual\u0103.<\/p>\n<p>A fi s\u0103n\u0103tos nu \u00eenseamn\u0103 doar a nu fi bolnav. Ca oameni s\u0103n\u0103to\u0219i, ne sim\u021bim minunat.<\/p>\n<p>S\u0103n\u0103tatea este ca atunci c\u00e2nd ne amintim de momentele fericite ale copil\u0103riei noastre \u0219i credem c\u0103 multe alte astfel de experien\u021be ne a\u0219teapt\u0103\u201d<\/p>\n<p class=\" translation-block\"><em><strong>L\u00e1szl\u00f3 Lehoczki<\/strong><\/em><br> redactor-regizor de televiziune<br> redactor-\u0219ef fondator al Departamentului editorial religios al Duna Television<br> cavalerul culturii maghiare<\/p>\n<p data-wtdl-uid=\"10\" data-wtdl-original=\"true\" data-wtdl-translated=\"true\">Programele universale sunt map\u0103ri unde (spintronic), spectre speciale, din substan\u021be naturale, derivate \u00een mod natural, biologic active. De exemplu, l\u0103pti\u0219or de matc\u0103, miere, ginseng siberian, germeni de gr\u00e2u etc. Spre deosebire de matricele individuale, care necesit\u0103 fotografii la compilare, acest program nu necesit\u0103 acest lucru. Acestea sunt programele terminate. Le actualiz\u0103m constant \u00een func\u021bie de prelucrarea noilor propriet\u0103\u021bi ale materialului.<\/p>\n<p data-wtdl-uid=\"11\" data-wtdl-original=\"true\" data-wtdl-translated=\"true\">O parte a programului universal a fost dezvoltat\u0103 \u00eempreun\u0103 cu Raisa Akhmetovna Mansurova. \u00cen seminariile mele, el folose\u0219te \u00een mod activ matricea \u00een scopuri de s\u0103n\u0103tate.<\/p>\n<p data-wtdl-uid=\"12\" data-wtdl-original=\"true\" data-wtdl-translated=\"true\">V\u0103 rug\u0103m s\u0103 re\u021bine\u021bi c\u0103 matricele universale sunt anun\u021bate pe internet, nu cunosc tehnologia, v\u00e2nd doar copii false de o calitate scandaloas\u0103 \u0219i nu \u00ee\u0219i asum\u0103 responsabilitatea pentru utilizarea lor, nu dau factur\u0103.<\/p>","protected":false},"featured_media":6568,"comment_status":"closed","ping_status":"closed","template":"","meta":{"_angie_page":false,"site-sidebar-layout":"no-sidebar","site-content-layout":"plain-container","ast-site-content-layout":"full-width-container","site-content-style":"unboxed","site-sidebar-style":"unboxed","ast-global-header-display":"","ast-banner-title-visibility":"","ast-main-header-display":"","ast-hfb-above-header-display":"","ast-hfb-below-header-display":"","ast-hfb-mobile-header-display":"","site-post-title":"","ast-breadcrumbs-content":"","ast-featured-img":"","footer-sml-layout":"","ast-disable-related-posts":"","theme-transparent-header-meta":"default","adv-header-id-meta":"","stick-header-meta":"","header-above-stick-meta":"","header-main-stick-meta":"","header-below-stick-meta":"","astra-migrate-meta-layouts":"set","ast-page-background-enabled":"default","ast-page-background-meta":{"desktop":{"background-color":"","background-image":"","background-repeat":"repeat","background-position":"center center","background-size":"auto","background-attachment":"scroll","background-type":"","background-media":"","overlay-type":"","overlay-color":"","overlay-opacity":"","overlay-gradient":""},"tablet":{"background-color":"","background-image":"","background-repeat":"repeat","background-position":"center center","background-size":"auto","background-attachment":"scroll","background-type":"","background-media":"","overlay-type":"","overlay-color":"","overlay-opacity":"","overlay-gradient":""},"mobile":{"background-color":"","background-image":"","background-repeat":"repeat","background-position":"center center","background-size":"auto","background-attachment":"scroll","background-type":"","background-media":"","overlay-type":"","overlay-color":"","overlay-opacity":"","overlay-gradient":""}},"ast-content-background-meta":{"desktop":{"background-color":"var(--ast-global-color-5)","background-image":"","background-repeat":"repeat","background-position":"center center","background-size":"auto","background-attachment":"scroll","background-type":"","background-media":"","overlay-type":"","overlay-color":"","overlay-opacity":"","overlay-gradient":""},"tablet":{"background-color":"var(--ast-global-color-5)","background-image":"","background-repeat":"repeat","background-position":"center center","background-size":"auto","background-attachment":"scroll","background-type":"","background-media":"","overlay-type":"","overlay-color":"","overlay-opacity":"","overlay-gradient":""},"mobile":{"background-color":"var(--ast-global-color-5)","background-image":"","background-repeat":"repeat","background-position":"center center","background-size":"auto","background-attachment":"scroll","background-type":"","background-media":"","overlay-type":"","overlay-color":"","overlay-opacity":"","overlay-gradient":""}}},"product_brand":[],"product_cat":[22],"product_tag":[74],"class_list":{"0":"post-899","1":"product","2":"type-product","3":"status-publish","4":"has-post-thumbnail","6":"product_cat-hullamgenetikai-megoldasok","7":"product_tag-matrix","8":"product_shipping_class-matrices","9":"desktop-align-left","10":"tablet-align-left","11":"mobile-align-left","13":"first","14":"instock","15":"taxable","16":"shipping-taxable","17":"purchasable","18":"product-type-variable"},"_links":{"self":[{"href":"https:\/\/ai-xtech.eu\/ro\/wp-json\/wp\/v2\/product\/899","targetHints":{"allow":["GET"]}}],"collection":[{"href":"https:\/\/ai-xtech.eu\/ro\/wp-json\/wp\/v2\/product"}],"about":[{"href":"https:\/\/ai-xtech.eu\/ro\/wp-json\/wp\/v2\/types\/product"}],"replies":[{"embeddable":true,"href":"https:\/\/ai-xtech.eu\/ro\/wp-json\/wp\/v2\/comments?post=899"}],"version-history":[{"count":10,"href":"https:\/\/ai-xtech.eu\/ro\/wp-json\/wp\/v2\/product\/899\/revisions"}],"predecessor-version":[{"id":7396,"href":"https:\/\/ai-xtech.eu\/ro\/wp-json\/wp\/v2\/product\/899\/revisions\/7396"}],"wp:featuredmedia":[{"embeddable":true,"href":"https:\/\/ai-xtech.eu\/ro\/wp-json\/wp\/v2\/media\/6568"}],"wp:attachment":[{"href":"https:\/\/ai-xtech.eu\/ro\/wp-json\/wp\/v2\/media?parent=899"}],"wp:term":[{"taxonomy":"product_brand","embeddable":true,"href":"https:\/\/ai-xtech.eu\/ro\/wp-json\/wp\/v2\/product_brand?post=899"},{"taxonomy":"product_cat","embeddable":true,"href":"https:\/\/ai-xtech.eu\/ro\/wp-json\/wp\/v2\/product_cat?post=899"},{"taxonomy":"product_tag","embeddable":true,"href":"https:\/\/ai-xtech.eu\/ro\/wp-json\/wp\/v2\/product_tag?post=899"}],"curies":[{"name":"wp","href":"https:\/\/api.w.org\/{rel}","templated":true}]}}