{"id":7488,"date":"2025-03-11T18:22:44","date_gmt":"2025-03-11T17:22:44","guid":{"rendered":"https:\/\/ai-xtech.eu\/?post_type=product&#038;p=7488"},"modified":"2026-04-08T11:57:35","modified_gmt":"2026-04-08T10:57:35","slug":"zenpeak-melleny","status":"publish","type":"product","link":"https:\/\/ai-xtech.eu\/ro\/produs\/zenpeak-melleny\/","title":{"rendered":"Vesta ZenPeak"},"content":{"rendered":"<h1><b>Vesta ZenPeak<\/b><\/h1>\n<p>Cantitate:<strong> Timp de comand\u0103 4-8 s\u0103pt\u0103m\u00e2ni<\/strong><\/p>\n<p><span dir=\"auto\">Vest\u0103 autonom\u0103 cu bobine de induc\u021bie a c\u00e2mpului electromagnetic \u0219i posibilitatea de a comuta \u00een modul c\u00e2mp static. Confortabil\u0103, conceput\u0103 pentru utilizare zilnic\u0103, f\u0103r\u0103 a fi nevoie s\u0103 fie conectat\u0103 la o priz\u0103. Generatorul poate fi ata\u0219at direct la vest\u0103, permi\u021b\u00e2nd mi\u0219carea liber\u0103 \u00een camer\u0103 sau \u00een timpul mersului. Are acelea\u0219i propriet\u0103\u021bi ca bobinele tradi\u021bionale.<\/span><\/p>\n<p><span dir=\"auto\">O caracteristic\u0103 cheie a tratamentului este c\u0103 o suprafa\u021b\u0103 mai mare a corpului poate fi tratat\u0103 simultan din ambele p\u0103r\u021bi. Acest lucru cre\u0219te eficien\u021ba \u0219i reduce timpul de tratament. Acest lucru se realizeaz\u0103 prin comutarea la modul static prin intermediul unui transformator step-up. Se utilizeaz\u0103 o alt\u0103 metod\u0103 de operare a vestei. Aceast\u0103 metod\u0103 de influen\u021bare a pacientului cu un c\u00e2mp electrostatic se bazeaz\u0103 pe interac\u021biunea corpului cu un c\u00e2mp electrostatic alternativ de joas\u0103 frecven\u021b\u0103 \u0219i intensitate mare.<\/span><\/p>\n<p><span dir=\"auto\">C\u00e2mpul electrostatic provoac\u0103 vibra\u021bii tisulare de grade variabile, care se propag\u0103 la ad\u00e2ncimi considerabile. Aceste vibra\u021bii (deplas\u0103ri) tisulare, \u00een func\u021bie de frecven\u021ba, intensitatea \u0219i durata aplic\u0103rii lor, pot afecta sistemul neuroreceptor, sistemul sanguin \u0219i limfatic localizat, pot regla tonusul muscular \u0219i pot afecta starea func\u021bional\u0103 a organelor interne.<\/span><\/p>\n<p><span dir=\"auto\">Metoda prezentat\u0103 de terapie electrostatic\u0103 este eficient\u0103 \u00een tratamentul patologiilor sistemului musculo-scheletic, bolilor sistemului nervos central \u0219i periferic, insuficien\u021bei limfatice \u0219i venoase, precum \u0219i patologiilor sistemului bronhopulmonar \u0219i ale organelor digestive.<\/span><\/p>\n<p><span dir=\"auto\">Detalii:<\/span><\/p>\n<p><span dir=\"auto\">Kitul vestei const\u0103 din dou\u0103 bobine de s\u00e2rm\u0103 MGTF integrate, amplasate \u00een vest\u0103, un generator sinusoidal mobil de 300 kHz, o unitate de \u00eenc\u0103rcare \u0219i un transformator ridic\u0103tor de tensiune.<\/span><\/p>","protected":false},"excerpt":{"rendered":"<p>A ZenPeak mell\u00e9ny Mennyis\u00e9g: 4-8 h\u00e9t rend\u00e9lesi ido \u00d6n\u00e1ll\u00f3 mell\u00e9ny elektrom\u00e1gneses mez\u0151 indukci\u00f3s tekercsekkel \u00e9s statikus mez\u0151 \u00fczemm\u00f3dba kapcsolhat\u00f3s\u00e1g\u00e1val. K\u00e9nyelmes, mindennapi haszn\u00e1latra tervezve, an\u00e9lk\u00fcl, hogy konnektorhoz kellene k\u00f6tni. A gener\u00e1tor k\u00f6zvetlen\u00fcl a mell\u00e9nyhez r\u00f6gz\u00edthet\u0151, \u00edgy szabad mozg\u00e1st biztos\u00edt a szob\u00e1ban vagy j\u00e1r\u00e1s k\u00f6zben. Ugyanazokkal a tulajdons\u00e1gokkal rendelkezik, mint a hagyom\u00e1nyos tekercsek. A kezel\u00e9s egyik kulcsfontoss\u00e1g\u00fa [&hellip;]<\/p>\n","protected":false},"featured_media":7489,"comment_status":"closed","ping_status":"closed","template":"","meta":{"_angie_page":false,"site-sidebar-layout":"default","site-content-layout":"","ast-site-content-layout":"default","site-content-style":"default","site-sidebar-style":"default","ast-global-header-display":"","ast-banner-title-visibility":"","ast-main-header-display":"","ast-hfb-above-header-display":"","ast-hfb-below-header-display":"","ast-hfb-mobile-header-display":"","site-post-title":"","ast-breadcrumbs-content":"","ast-featured-img":"","footer-sml-layout":"","ast-disable-related-posts":"","theme-transparent-header-meta":"default","adv-header-id-meta":"","stick-header-meta":"","header-above-stick-meta":"","header-main-stick-meta":"","header-below-stick-meta":"","astra-migrate-meta-layouts":"set","ast-page-background-enabled":"default","ast-page-background-meta":{"desktop":{"background-color":"","background-image":"","background-repeat":"repeat","background-position":"center center","background-size":"auto","background-attachment":"scroll","background-type":"","background-media":"","overlay-type":"","overlay-color":"","overlay-opacity":"","overlay-gradient":""},"tablet":{"background-color":"","background-image":"","background-repeat":"repeat","background-position":"center center","background-size":"auto","background-attachment":"scroll","background-type":"","background-media":"","overlay-type":"","overlay-color":"","overlay-opacity":"","overlay-gradient":""},"mobile":{"background-color":"","background-image":"","background-repeat":"repeat","background-position":"center center","background-size":"auto","background-attachment":"scroll","background-type":"","background-media":"","overlay-type":"","overlay-color":"","overlay-opacity":"","overlay-gradient":""}},"ast-content-background-meta":{"desktop":{"background-color":"var(--ast-global-color-5)","background-image":"","background-repeat":"repeat","background-position":"center center","background-size":"auto","background-attachment":"scroll","background-type":"","background-media":"","overlay-type":"","overlay-color":"","overlay-opacity":"","overlay-gradient":""},"tablet":{"background-color":"var(--ast-global-color-5)","background-image":"","background-repeat":"repeat","background-position":"center center","background-size":"auto","background-attachment":"scroll","background-type":"","background-media":"","overlay-type":"","overlay-color":"","overlay-opacity":"","overlay-gradient":""},"mobile":{"background-color":"var(--ast-global-color-5)","background-image":"","background-repeat":"repeat","background-position":"center center","background-size":"auto","background-attachment":"scroll","background-type":"","background-media":"","overlay-type":"","overlay-color":"","overlay-opacity":"","overlay-gradient":""}}},"product_brand":[],"product_cat":[22],"product_tag":[],"class_list":{"0":"post-7488","1":"product","2":"type-product","3":"status-publish","4":"has-post-thumbnail","6":"product_cat-hullamgenetikai-megoldasok","7":"product_shipping_class-free","8":"desktop-align-left","9":"tablet-align-left","10":"mobile-align-left","12":"first","13":"instock","14":"taxable","15":"shipping-taxable","16":"purchasable","17":"product-type-simple"},"_links":{"self":[{"href":"https:\/\/ai-xtech.eu\/ro\/wp-json\/wp\/v2\/product\/7488","targetHints":{"allow":["GET"]}}],"collection":[{"href":"https:\/\/ai-xtech.eu\/ro\/wp-json\/wp\/v2\/product"}],"about":[{"href":"https:\/\/ai-xtech.eu\/ro\/wp-json\/wp\/v2\/types\/product"}],"replies":[{"embeddable":true,"href":"https:\/\/ai-xtech.eu\/ro\/wp-json\/wp\/v2\/comments?post=7488"}],"version-history":[{"count":7,"href":"https:\/\/ai-xtech.eu\/ro\/wp-json\/wp\/v2\/product\/7488\/revisions"}],"predecessor-version":[{"id":8098,"href":"https:\/\/ai-xtech.eu\/ro\/wp-json\/wp\/v2\/product\/7488\/revisions\/8098"}],"wp:featuredmedia":[{"embeddable":true,"href":"https:\/\/ai-xtech.eu\/ro\/wp-json\/wp\/v2\/media\/7489"}],"wp:attachment":[{"href":"https:\/\/ai-xtech.eu\/ro\/wp-json\/wp\/v2\/media?parent=7488"}],"wp:term":[{"taxonomy":"product_brand","embeddable":true,"href":"https:\/\/ai-xtech.eu\/ro\/wp-json\/wp\/v2\/product_brand?post=7488"},{"taxonomy":"product_cat","embeddable":true,"href":"https:\/\/ai-xtech.eu\/ro\/wp-json\/wp\/v2\/product_cat?post=7488"},{"taxonomy":"product_tag","embeddable":true,"href":"https:\/\/ai-xtech.eu\/ro\/wp-json\/wp\/v2\/product_tag?post=7488"}],"curies":[{"name":"wp","href":"https:\/\/api.w.org\/{rel}","templated":true}]}}