{"id":7175,"date":"2024-08-07T15:43:32","date_gmt":"2024-08-07T14:43:32","guid":{"rendered":"https:\/\/ai-xtech.eu\/?post_type=product&#038;p=7175"},"modified":"2026-04-08T11:58:16","modified_gmt":"2026-04-08T10:58:16","slug":"zenpeak-aura-torzos-technologia","status":"publish","type":"product","link":"https:\/\/ai-xtech.eu\/ro\/produs\/zenpeak-aura-torzos-technologia\/","title":{"rendered":"Restabilirea s\u0103n\u0103t\u0103\u021bii de la distan\u021b\u0103 - (ZenPeakAura)"},"content":{"rendered":"<p>ZenPeak Aura<br \/>\nAcest tratament energetic are scopul de a restabili o stare de s\u0103n\u0103tate.<br \/>\nTratamentul energetic cu fasciculul de torsiune dureaz\u0103 1 s\u0103pt\u0103m\u00e2n\u0103.<\/p>\n<p>Timp de 4 s\u0103pt\u0103m\u00e2ni, o dat\u0103 pe s\u0103pt\u0103m\u00e2n\u0103, vineri, activ\u0103m un dispozitiv emi\u021b\u0103tor de semnal de torsiune cu fotografia ta.<br \/>\ncombinat cu matrici genetice wavelet av\u00e2nd \u00een vedere problema dvs.<br \/>\nTrebuie s\u0103 completa\u021bi o fi\u0219\u0103 de date, pe care vi-o vom trimite dup\u0103 achizi\u021bie.<\/p>\n<p>Am extins tehnologia cuantic\u0103 nelocal\u0103, astfel \u00eenc\u00e2t nu trebuie s\u0103 fie prezent\u0103 \u00een timpul tratamentului energetic,<br \/>\npo\u021bi sta oriunde \u00een lume \u0219i te bucuri de oportunit\u0103\u021bile \u0219i bucuriile vie\u021bii!<\/p>\n<p>\u00cen plus, pentru a asigura eficacitatea, pute\u021bi utiliza \u0219i 3 matrice genetice cu val general, pe care trebuie s\u0103 le conveni\u021bi cu noi \u00een prealabil, v\u0103 vom trimite link-urile de desc\u0103rcare \u0219i ve\u021bi primi un ghid de utilizare detaliat bazat pe video dac\u0103 tehnologia genetic\u0103 a valurilor nu v\u0103 este cunoscut\u0103.<\/p>\n<p>Aceste fi\u0219iere de sunet sunt menite s\u0103 restabileasc\u0103 echilibrul energetic al corpului t\u0103u.<\/p>\n<p>P\u00e2n\u0103 acum, nimeni nu a oferit o oportunitate pentru o astfel de metod\u0103 energetic\u0103 combinat\u0103, schimb\u0103rile a\u0219teptate pot ap\u0103rea chiar \u0219i \u00een decurs de 1 s\u0103pt\u0103m\u00e2n\u0103, dar de obicei 6 luni este cursul \u00eentregului proces.<\/p>\n<p>Tehnologia a fost fondat\u0103 de biofizicianul francez Prof. Dr. Luc Montaigner (principii dezvoltate pentru stocarea informa\u021biilor despre ap\u0103, recuperarea ADN-ului pe baz\u0103 de sunet, descoperirea virusului HIV - Premiul Nobel), Prof. Dr. Anatoliy Pavlenko Akimov (dezvoltator \u0219i aplicare de Teoria spa\u021biu-timp torsiune) a recunoscut c\u0103 modelul energetic din spatele procesului a fost creat de prof. dr. Pyotr Petrovici Garjayev (profesor rus de \u0219tiin\u021be biologice), primele prototipuri ale fi\u0219ierelor genetice ale valurilor din probe biologice \u0219i le-a aplicat celulelor. mostre, animale \u0219i apoi oameni.<br \/>\nCombina\u021bia de tehnologii a fost aplicat\u0103 pentru prima dat\u0103 la o scar\u0103 mai larg\u0103 de G\u00e1bor Roland T\u00f3th (cercet\u0103tor) (Ai-Xtech GmbH)<\/p>\n<p><strong>Pachetul include: tratament cu energie de torsiune de 4 s\u0103pt\u0103m\u00e2ni (tratament la distan\u021b\u0103)<\/strong><\/p>\n<p><strong>3 matrici genetice cu val general pe care tu sau membrii familiei tale le po\u021bi folosi \u00een orice moment!<\/strong><\/p>\n<p><strong>O jum\u0103tate de or\u0103 de tratament MedBed (capsula Garjaev) \u00een Miskolc. Clinica de bioinformatic\u0103 Miskolc, J\u00e0nos \u00f9t 1<\/strong><\/p>\n<p>(ZenPeak Aura)<\/p>","protected":false},"excerpt":{"rendered":"<p>ZenPeak Aura Ezen energetikai kezel\u00e9s, az eg\u00e9szs\u00e9ges \u00e1llapotot hivatott vissza\u00e1ll\u00edtani. Az energetikai kezel\u00e9s a torzi\u00f3s jelsug\u00e1rz\u00f3val, 1 h\u00e9tig tart. 4 h\u00e9tig, hetente 1 alkalommal, p\u00e9nteken aktiv\u00e1lunk egy torzi\u00f3s jel emitter eszk\u00f6zt, az \u00d6n fot\u00f3j\u00e1val kombin\u00e1lva a hull\u00e1mgenetikai m\u00e1trixokkal az \u00d6n probl\u00e9m\u00e1j\u00e1t figyelembe v\u00e9ve. Ki kell t\u00f6ltenie egy adatlapot, melyet a v\u00e1s\u00e1rl\u00e1s ut\u00e1n elk\u00fcld\u00fcnk. A kvantum [&hellip;]<\/p>\n","protected":false},"featured_media":7176,"comment_status":"closed","ping_status":"closed","template":"","meta":{"_angie_page":false,"site-sidebar-layout":"default","site-content-layout":"","ast-site-content-layout":"default","site-content-style":"default","site-sidebar-style":"default","ast-global-header-display":"","ast-banner-title-visibility":"","ast-main-header-display":"","ast-hfb-above-header-display":"","ast-hfb-below-header-display":"","ast-hfb-mobile-header-display":"","site-post-title":"","ast-breadcrumbs-content":"","ast-featured-img":"","footer-sml-layout":"","ast-disable-related-posts":"","theme-transparent-header-meta":"default","adv-header-id-meta":"","stick-header-meta":"","header-above-stick-meta":"","header-main-stick-meta":"","header-below-stick-meta":"","astra-migrate-meta-layouts":"set","ast-page-background-enabled":"default","ast-page-background-meta":{"desktop":{"background-color":"","background-image":"","background-repeat":"repeat","background-position":"center center","background-size":"auto","background-attachment":"scroll","background-type":"","background-media":"","overlay-type":"","overlay-color":"","overlay-opacity":"","overlay-gradient":""},"tablet":{"background-color":"","background-image":"","background-repeat":"repeat","background-position":"center center","background-size":"auto","background-attachment":"scroll","background-type":"","background-media":"","overlay-type":"","overlay-color":"","overlay-opacity":"","overlay-gradient":""},"mobile":{"background-color":"","background-image":"","background-repeat":"repeat","background-position":"center center","background-size":"auto","background-attachment":"scroll","background-type":"","background-media":"","overlay-type":"","overlay-color":"","overlay-opacity":"","overlay-gradient":""}},"ast-content-background-meta":{"desktop":{"background-color":"var(--ast-global-color-5)","background-image":"","background-repeat":"repeat","background-position":"center center","background-size":"auto","background-attachment":"scroll","background-type":"","background-media":"","overlay-type":"","overlay-color":"","overlay-opacity":"","overlay-gradient":""},"tablet":{"background-color":"var(--ast-global-color-5)","background-image":"","background-repeat":"repeat","background-position":"center center","background-size":"auto","background-attachment":"scroll","background-type":"","background-media":"","overlay-type":"","overlay-color":"","overlay-opacity":"","overlay-gradient":""},"mobile":{"background-color":"var(--ast-global-color-5)","background-image":"","background-repeat":"repeat","background-position":"center center","background-size":"auto","background-attachment":"scroll","background-type":"","background-media":"","overlay-type":"","overlay-color":"","overlay-opacity":"","overlay-gradient":""}}},"product_brand":[],"product_cat":[22],"product_tag":[],"class_list":{"0":"post-7175","1":"product","2":"type-product","3":"status-publish","4":"has-post-thumbnail","6":"product_cat-hullamgenetikai-megoldasok","7":"product_shipping_class-free","8":"desktop-align-left","9":"tablet-align-left","10":"mobile-align-left","12":"first","13":"instock","14":"taxable","15":"shipping-taxable","16":"purchasable","17":"product-type-simple"},"_links":{"self":[{"href":"https:\/\/ai-xtech.eu\/ro\/wp-json\/wp\/v2\/product\/7175","targetHints":{"allow":["GET"]}}],"collection":[{"href":"https:\/\/ai-xtech.eu\/ro\/wp-json\/wp\/v2\/product"}],"about":[{"href":"https:\/\/ai-xtech.eu\/ro\/wp-json\/wp\/v2\/types\/product"}],"replies":[{"embeddable":true,"href":"https:\/\/ai-xtech.eu\/ro\/wp-json\/wp\/v2\/comments?post=7175"}],"version-history":[{"count":8,"href":"https:\/\/ai-xtech.eu\/ro\/wp-json\/wp\/v2\/product\/7175\/revisions"}],"predecessor-version":[{"id":7309,"href":"https:\/\/ai-xtech.eu\/ro\/wp-json\/wp\/v2\/product\/7175\/revisions\/7309"}],"wp:featuredmedia":[{"embeddable":true,"href":"https:\/\/ai-xtech.eu\/ro\/wp-json\/wp\/v2\/media\/7176"}],"wp:attachment":[{"href":"https:\/\/ai-xtech.eu\/ro\/wp-json\/wp\/v2\/media?parent=7175"}],"wp:term":[{"taxonomy":"product_brand","embeddable":true,"href":"https:\/\/ai-xtech.eu\/ro\/wp-json\/wp\/v2\/product_brand?post=7175"},{"taxonomy":"product_cat","embeddable":true,"href":"https:\/\/ai-xtech.eu\/ro\/wp-json\/wp\/v2\/product_cat?post=7175"},{"taxonomy":"product_tag","embeddable":true,"href":"https:\/\/ai-xtech.eu\/ro\/wp-json\/wp\/v2\/product_tag?post=7175"}],"curies":[{"name":"wp","href":"https:\/\/api.w.org\/{rel}","templated":true}]}}