{"id":6693,"date":"2024-02-14T15:04:12","date_gmt":"2024-02-14T14:04:12","guid":{"rendered":"https:\/\/ai-xtech.eu\/?post_type=product&#038;p=6693"},"modified":"2026-04-08T11:59:02","modified_gmt":"2026-04-08T10:59:02","slug":"zenpeak-light-villanofenyes-uv-keszulek","status":"publish","type":"product","link":"https:\/\/ai-xtech.eu\/ro\/produs\/zenpeak-light-villanofenyes-uv-keszulek\/","title":{"rendered":"ZenPeak Light (dispozitiv cu bli\u021b UV)"},"content":{"rendered":"<p><strong><b>4 s\u0103pt\u0103m\u00e2ni, termen de livrare!<\/b><br \/>\n(Ecosvet)<\/strong><\/p>\n<p>&nbsp;<\/p>","protected":false},"excerpt":{"rendered":"<p data-dl-uid=\"28\" data-dl-original=\"true\" data-dl-translated=\"true\">\u201cLumina ZenPeak\u201d \u2013<\/p>\n<p><span dir=\"auto\">A fost supus anilor de studii clinice \u0219i este aprobat \u0219i recomandat pentru utilizare de Roszdravnadzor, Academia Rus\u0103 de \u0218tiin\u021be Medicale \u0219i Societatea Rus\u0103 a Medicilor de Reabilitare. ZenPeak Light ajut\u0103 la \u00eent\u0103rirea imunit\u0103\u021bii acas\u0103, la \u00eembun\u0103t\u0103\u021birea metabolismului, la \u00eencetinirea proceselor de \u00eemb\u0103tr\u00e2nire, la normalizarea tensiunii arteriale, a func\u021biei cardiovasculare, la reducerea v\u00e2scozit\u0103\u021bii s\u00e2ngelui, la sc\u0103derea nivelului de zah\u0103r din s\u00e2nge \u0219i la tratarea unei serii de alte boli. E\u0219ti interesat de s\u0103n\u0103tatea ta \u0219i a familiei tale?<\/span><\/p>\n<h5 class=\"fw-500\"><span dir=\"auto\">Mecanisme biomoleculare de ac\u021biune ale iradierii ultraviolete a s\u00e2ngelui (UVIB)<\/span><\/h5>\n<p><span dir=\"auto\">Iradierea ultraviolet\u0103 (UVBI) este o metod\u0103 prin care s\u00e2ngele este expus la cuante de lumin\u0103 ultraviolet\u0103. Aceast\u0103 metod\u0103 este utilizat\u0103 \u00een medicin\u0103 de peste 80 de ani. \u00cen 1928, V. Hancock \u0219i E. Knott au efectuat primele tratamente extracorporale UVBI la o femeie care murise de sepsis \u00een timpul na\u0219terii. Volumul de s\u00e2nge iradiat a fost de 100-120 ml. Pacienta \u0219i-a revenit. \u00cen URSS, aceast\u0103 metod\u0103 a fost utilizat\u0103 pentru prima dat\u0103 la Leningrad \u00een 1937 de c\u0103tre transfuziologii AN Filatov \u0219i G.I. Kasumov. \u00cen 1979, la Institutul de Optic\u0103 de Stat S. I. Vavilov din Leningrad, Yu. V. Popov, \u00een colaborare cu L. M. Kukui, a dezvoltat \u0219i testat dispozitivul Izolda MD-73, care este folosit \u0219i ast\u0103zi de medici.<\/span><\/p>\n<p><span dir=\"auto\">Efectele biologice ale radia\u021biilor ultraviolete (UV) se datoreaz\u0103 capacit\u0103\u021bii moleculelor din celulele organismelor vii de a absorbi cuantele de radia\u021bii \u0219i, ca urmare, de a intra \u00een diverse reac\u021bii fotochimice care le modific\u0103 structura \u0219i func\u021bionarea. Mecanismul efectului s\u00e2ngelui iradiat asupra oamenilor este complex \u0219i multilateral. De\u0219i \u00eenc\u0103 nu exist\u0103 o teorie unificat\u0103 a efectelor UV asupra organismului uman, oamenii de \u0219tiin\u021b\u0103 au dovedit c\u0103 UV cre\u0219te dramatic activitatea bactericid\u0103 a s\u00e2ngelui \u0219i inactiveaz\u0103 substan\u021bele toxice \u0219i enzimele prin oxidare. \u00cen a doua etap\u0103, \u00een s\u00e2ngele iradiat se activeaz\u0103 func\u021bionarea celulelor sanguine, fiind elibera\u021bi o serie de factori imuni nespecifici. Sub influen\u021ba energiei cuantice, pe suprafa\u021ba globulelor ro\u0219ii se formeaz\u0103 noi surfactan\u021bi, modific\u00e2nd sarcina electric\u0103 a membranei, reduc\u00e2nd astfel v\u00e2scozitatea s\u00e2ngelui \u0219i cresc\u00e2nd capacitatea acestuia de a transporta oxigen.<\/span><\/p>\n<p><span dir=\"auto\">Efectul terapeutic al terapiei UVB joac\u0103 un rol semnificativ \u00een reorganizarea sistemului imunitar al organismului. Efectele clinice pozitive ale terapiei UVB sunt asociate cu \u00eembun\u0103t\u0103\u021birea microcircula\u021biei datorit\u0103 sc\u0103derii v\u00e2scozit\u0103\u021bii s\u00e2ngelui \u0219i elimin\u0103rii depozitelor de fibrin\u0103 din vasele de s\u00e2nge, ceea ce cre\u0219te fluxul sanguin periferic \u0219i \u00eembun\u0103t\u0103\u021be\u0219te oxigenarea \u021besuturilor.<\/span><\/p>\n<p><span dir=\"auto\">Unul dintre cele mai importante efecte ale radia\u021biilor UVB este efectul lor bactericid. Prin ac\u021biunea asupra anumitor substan\u021be din celulele bacteriene, razele ultraviolete au un efect bactericid asupra s\u00e2ngelui pacientului. S-a constatat c\u0103 efectul bactericid al s\u00e2ngelui fotomodificat este foarte similar cu cel al antibioticelor.<\/span><\/p>\n<p><span dir=\"auto\">Astfel, UFO ofer\u0103 urm\u0103toarele efecte terapeutice:<\/span><\/p>\n<ul>\n<li><span dir=\"auto\">bactericid;<\/span><\/li>\n<li><span dir=\"auto\">antiinflamator;<\/span><\/li>\n<li><span dir=\"auto\">\u00eembun\u0103t\u0103\u021birea microcircula\u021biei;<\/span><\/li>\n<li><span dir=\"auto\">cre\u0219terea capacit\u0103\u021bii de oxigen a s\u00e2ngelui \u0219i \u00eembun\u0103t\u0103\u021birea aportului de oxigen c\u0103tre organe \u0219i \u021besuturi;<\/span><\/li>\n<li><span dir=\"auto\">normalizarea \u0219i stimularea proceselor regenerative \u0219i metabolice;<\/span><\/li>\n<li><span dir=\"auto\">imunocorector;<\/span><\/li>\n<li><span dir=\"auto\">stimul\u00e2nd regenerarea, \u00eembun\u0103t\u0103\u021bind propriet\u0103\u021bile func\u021bionale ale eritrocitelor.<\/span><\/li>\n<\/ul>\n<p><span dir=\"auto\">\u00cen ciuda progreselor \u00eenregistrate \u00een studierea mecanismelor de ac\u021biune ale radia\u021biilor UVB, cercet\u0103rile continu\u0103 pentru dezvoltarea unor programe optime de tratament pentru diverse boli.<\/span><\/p>\n<p><span dir=\"auto\">Datele prezentate demonstreaz\u0103 clar necesitatea utiliz\u0103rii pe scar\u0103 larg\u0103 a unei terapii UVB eficiente \u0219i sigure \u00een practica clinic\u0103 de zi cu zi, at\u00e2t ca parte a unei abord\u0103ri terapeutice cuprinz\u0103toare pentru o gam\u0103 larg\u0103 de boli \u0219i afec\u021biuni clinice, c\u00e2t \u0219i ca tratament de sine st\u0103t\u0103tor, \u00een special \u00een cazurile de intoleran\u021b\u0103 la medicamente, indisponibilitate sau cost ridicat al anumitor medicamente. Aceasta ar trebui s\u0103 fie ghidat\u0103 de urm\u0103toarele principii: non-invazivitate, eficacitate adecvat\u0103, siguran\u021b\u0103, efecte terapeutice cu spectru larg, u\u0219urin\u021b\u0103 \u00een utilizare \u0219i dimensiuni compacte. Dispozitivul unic UVB \u201cZenPeak Light\u201d pentru uz casnic \u00eendepline\u0219te pe deplin aceste cerin\u021be.<\/span><\/p>\n<h4 class=\"text-center color-blue fw-500\"><span dir=\"auto\">Cum afecteaz\u0103 dispozitivul ZenPeak Light s\u0103n\u0103tatea uman\u0103?<\/span><\/h4>\n<div class=\"row d-flex justify-content-center text-center align-middle py-4\">\n<div class=\"col-xl-3 col-lg-3 col-md-3 col-6\">\n<p><img decoding=\"async\" class=\"img-fluid\" title=\"\" src=\"https:\/\/xn----7sbajjre4ayapgs2d8e2b.xn--p1ai\/wp-content\/themes\/biolis\/assets\/img\/ekosvet__ico-1.png\" alt=\"\" \/><\/p>\n<p class=\"text-center\"><span dir=\"auto\">\u00cencetine\u0219te procesul de \u00eemb\u0103tr\u00e2nire al organismului<\/span><\/p>\n<\/div>\n<div class=\"col-xl-3 col-lg-3 col-md-3 col-6\">\n<p><img decoding=\"async\" class=\"img-fluid\" title=\"\" src=\"https:\/\/xn----7sbajjre4ayapgs2d8e2b.xn--p1ai\/wp-content\/themes\/biolis\/assets\/img\/ekosvet__ico-2.png\" alt=\"\" \/><\/p>\n<p class=\"text-center\"><span dir=\"auto\">Reduce nivelul zah\u0103rului din s\u00e2nge \u0219i nivelul colesterolului \u201er\u0103u\u201d<\/span><\/p>\n<\/div>\n<div class=\"col-xl-3 col-lg-3 col-md-3 col-6\">\n<p><img decoding=\"async\" class=\"img-fluid\" title=\"\" src=\"https:\/\/xn----7sbajjre4ayapgs2d8e2b.xn--p1ai\/wp-content\/themes\/biolis\/assets\/img\/ekosvet__ico-3.png\" alt=\"\" \/><\/p>\n<p class=\"text-center\"><span dir=\"auto\">Normalizeaz\u0103 procesele sistemului nervos<\/span><\/p>\n<\/div>\n<div class=\"col-xl-3 col-lg-3 col-md-3 col-6\">\n<p><img decoding=\"async\" class=\"img-fluid\" title=\"\" src=\"https:\/\/xn----7sbajjre4ayapgs2d8e2b.xn--p1ai\/wp-content\/themes\/biolis\/assets\/img\/ekosvet__ico-4.png\" alt=\"\" \/><\/p>\n<p class=\"text-center\"><span dir=\"auto\">Reduce v\u00e2scozitatea s\u00e2ngelui \u0219i \u00eel \u00eembog\u0103\u021be\u0219te cu oxigen<\/span><\/p>\n<\/div>\n<\/div>\n<div class=\"row d-flex justify-content-center text-center align-middle pb-5\">\n<div class=\"col-xl-3 col-lg-3 col-md-3 col-6\">\n<p><img decoding=\"async\" class=\"img-fluid\" title=\"\" src=\"https:\/\/xn----7sbajjre4ayapgs2d8e2b.xn--p1ai\/wp-content\/themes\/biolis\/assets\/img\/ekosvet__ico-5.png\" alt=\"\" \/><\/p>\n<p class=\"text-center\"><span dir=\"auto\">\u00cembun\u0103t\u0103\u021be\u0219te metabolismul<\/span><\/p>\n<\/div>\n<div class=\"col-xl-3 col-lg-3 col-md-3 col-6\">\n<p><img decoding=\"async\" class=\"img-fluid\" title=\"\" src=\"https:\/\/xn----7sbajjre4ayapgs2d8e2b.xn--p1ai\/wp-content\/themes\/biolis\/assets\/img\/ekosvet__ico-6.png\" alt=\"\" \/><\/p>\n<p class=\"text-center\"><span dir=\"auto\">Normalizeaz\u0103 procesele sistemului nervos<\/span><\/p>\n<\/div>\n<div class=\"col-xl-3 col-lg-3 col-md-3 col-6\">\n<p><img decoding=\"async\" class=\"img-fluid\" title=\"\" src=\"https:\/\/xn----7sbajjre4ayapgs2d8e2b.xn--p1ai\/wp-content\/themes\/biolis\/assets\/img\/ekosvet__ico-7.png\" alt=\"\" \/><\/p>\n<p class=\"text-center\"><span dir=\"auto\">Reface \u0219i \u00eent\u0103re\u0219te sistemul imunitar<\/span><\/p>\n<\/div>\n<div class=\"col-xl-3 col-lg-3 col-md-3 col-6\">\n<p><img decoding=\"async\" class=\"img-fluid\" title=\"\" src=\"https:\/\/xn----7sbajjre4ayapgs2d8e2b.xn--p1ai\/wp-content\/themes\/biolis\/assets\/img\/ekosvet__ico-8.png\" alt=\"\" \/><\/p>\n<p class=\"\"><span dir=\"auto\">Distruge infec\u021biile, amelioreaz\u0103 inflama\u021bia<\/span><\/p>\n<\/div>\n<\/div>\n<h4 class=\"text-center color-blue fw-500\"><span dir=\"auto\">De ce aleg oamenii Ecosvet 1?<\/span><\/h4>\n<div class=\"row d-flex justify-content-center text-center align-middle py-4\">\n<div class=\"col-xl-3 col-lg-3 col-md-3 col-6\">\n<p><img decoding=\"async\" class=\"img-fluid\" title=\"\" src=\"https:\/\/xn----7sbajjre4ayapgs2d8e2b.xn--p1ai\/wp-content\/themes\/biolis\/assets\/img\/ekosvet__ico-9.png\" alt=\"\" \/><\/p>\n<p class=\"text-center\"><span class=\"fw-500\"><span dir=\"auto\">Securitate:<\/span><\/span><br \/>\n<span dir=\"auto\">Are contraindica\u021bii minime \u0219i este potrivit pentru tratamentul adul\u021bilor \u0219i copiilor de la 4 ani.<\/span><\/p>\n<\/div>\n<div class=\"col-xl-3 col-lg-3 col-md-3 col-6\">\n<p><img decoding=\"async\" class=\"img-fluid\" title=\"\" src=\"https:\/\/xn----7sbajjre4ayapgs2d8e2b.xn--p1ai\/wp-content\/themes\/biolis\/assets\/img\/ekosvet__ico-10.png\" alt=\"\" \/><\/p>\n<p class=\"text-center\"><span class=\"fw-500\"><span dir=\"auto\">Securitate:<\/span><\/span><br \/>\n<span dir=\"auto\">Are contraindica\u021bii minime \u0219i este potrivit pentru tratamentul adul\u021bilor \u0219i copiilor de la 4 ani.<\/span><\/p>\n<\/div>\n<div class=\"col-xl-3 col-lg-3 col-md-3 col-6\">\n<p><img decoding=\"async\" class=\"img-fluid\" title=\"\" src=\"https:\/\/xn----7sbajjre4ayapgs2d8e2b.xn--p1ai\/wp-content\/themes\/biolis\/assets\/img\/ekosvet__ico-11.png\" alt=\"\" \/><\/p>\n<p class=\"text-center\"><span dir=\"auto\">Ecosvet 1\u00a0<span class=\"fw-500\">Garan\u021biile sunt recomandate de Societatea Rus\u0103 a Medicilor de Reabilitare \u0219i aprobate de Consiliul \u0218tiin\u021bific al Academiei Ruse de \u0218tiin\u021be Medicale.<\/span><\/span><\/p>\n<\/div>\n<div class=\"col-xl-3 col-lg-3 col-md-3 col-6\">\n<p><img decoding=\"async\" class=\"img-fluid\" title=\"\" src=\"https:\/\/xn----7sbajjre4ayapgs2d8e2b.xn--p1ai\/wp-content\/themes\/biolis\/assets\/img\/ekosvet__ico-12.png\" alt=\"\" \/><\/p>\n<p class=\"text-center\"><span class=\"fw-500\"><span dir=\"auto\">Confort<\/span><\/span><br \/>\n<span dir=\"auto\">Aceasta este o procedur\u0103 sigur\u0103 \u0219i convenabil\u0103 care poate fi f\u0103cut\u0103 cu u\u0219urin\u021b\u0103 acas\u0103 \u00een 10 minute.<\/span><\/p>\n<\/div>\n<\/div>\n<p><strong>\u00a0\u00a0\u00a0\u00a0\u00a0\u00a0<\/strong><strong><span dir=\"auto\">Contraindica\u021bii generale pentru OZN-uri\u00a0<\/span><\/strong><strong><span dir=\"auto\">:<\/span><\/strong><\/p>\n<ul>\n<li><span dir=\"auto\">hipersensibilitate la radia\u021biile UV<\/span><\/li>\n<li><span dir=\"auto\">hipocoagulare<\/span><\/li>\n<li><span dir=\"auto\">III. stadiul hipertensiunii arteriale<\/span><\/li>\n<li><span dir=\"auto\">forme severe de ateroscleroz\u0103<\/span><\/li>\n<li><span dir=\"auto\">accidentele vasculare cerebrale acute<\/span><\/li>\n<\/ul>\n<p><strong><span dir=\"auto\">\u00a0\u00a0\u00a0\u00a0\u00a0\u00a0 Contraindica\u021bii pentru aplicarea local\u0103 a UFO:<\/span><\/strong><\/p>\n<ul>\n<li><span dir=\"auto\">tumori maligne<\/span><\/li>\n<li><span dir=\"auto\">tuberculoza activa<\/span><\/li>\n<li><span dir=\"auto\">Boli hepatice \u0219i renale cu afectare func\u021bional\u0103 sever\u0103<\/span><\/li>\n<li><span dir=\"auto\">tireotoxicoz\u0103<\/span><\/li>\n<li><span dir=\"auto\">lupus eritematos sistemic<\/span><\/li>\n<\/ul>","protected":false},"featured_media":5598,"comment_status":"closed","ping_status":"closed","template":"","meta":{"_angie_page":false,"site-sidebar-layout":"default","site-content-layout":"","ast-site-content-layout":"default","site-content-style":"default","site-sidebar-style":"default","ast-global-header-display":"","ast-banner-title-visibility":"","ast-main-header-display":"","ast-hfb-above-header-display":"","ast-hfb-below-header-display":"","ast-hfb-mobile-header-display":"","site-post-title":"","ast-breadcrumbs-content":"","ast-featured-img":"","footer-sml-layout":"","ast-disable-related-posts":"","theme-transparent-header-meta":"default","adv-header-id-meta":"","stick-header-meta":"","header-above-stick-meta":"","header-main-stick-meta":"","header-below-stick-meta":"","astra-migrate-meta-layouts":"set","ast-page-background-enabled":"default","ast-page-background-meta":{"desktop":{"background-color":"","background-image":"","background-repeat":"repeat","background-position":"center center","background-size":"auto","background-attachment":"scroll","background-type":"","background-media":"","overlay-type":"","overlay-color":"","overlay-opacity":"","overlay-gradient":""},"tablet":{"background-color":"","background-image":"","background-repeat":"repeat","background-position":"center center","background-size":"auto","background-attachment":"scroll","background-type":"","background-media":"","overlay-type":"","overlay-color":"","overlay-opacity":"","overlay-gradient":""},"mobile":{"background-color":"","background-image":"","background-repeat":"repeat","background-position":"center center","background-size":"auto","background-attachment":"scroll","background-type":"","background-media":"","overlay-type":"","overlay-color":"","overlay-opacity":"","overlay-gradient":""}},"ast-content-background-meta":{"desktop":{"background-color":"var(--ast-global-color-5)","background-image":"","background-repeat":"repeat","background-position":"center center","background-size":"auto","background-attachment":"scroll","background-type":"","background-media":"","overlay-type":"","overlay-color":"","overlay-opacity":"","overlay-gradient":""},"tablet":{"background-color":"var(--ast-global-color-5)","background-image":"","background-repeat":"repeat","background-position":"center center","background-size":"auto","background-attachment":"scroll","background-type":"","background-media":"","overlay-type":"","overlay-color":"","overlay-opacity":"","overlay-gradient":""},"mobile":{"background-color":"var(--ast-global-color-5)","background-image":"","background-repeat":"repeat","background-position":"center center","background-size":"auto","background-attachment":"scroll","background-type":"","background-media":"","overlay-type":"","overlay-color":"","overlay-opacity":"","overlay-gradient":""}}},"product_brand":[],"product_cat":[22],"product_tag":[],"class_list":{"0":"post-6693","1":"product","2":"type-product","3":"status-publish","4":"has-post-thumbnail","6":"product_cat-hullamgenetikai-megoldasok","7":"product_shipping_class-free","8":"desktop-align-left","9":"tablet-align-left","10":"mobile-align-left","12":"first","13":"instock","14":"taxable","15":"shipping-taxable","16":"purchasable","17":"product-type-simple"},"_links":{"self":[{"href":"https:\/\/ai-xtech.eu\/ro\/wp-json\/wp\/v2\/product\/6693","targetHints":{"allow":["GET"]}}],"collection":[{"href":"https:\/\/ai-xtech.eu\/ro\/wp-json\/wp\/v2\/product"}],"about":[{"href":"https:\/\/ai-xtech.eu\/ro\/wp-json\/wp\/v2\/types\/product"}],"replies":[{"embeddable":true,"href":"https:\/\/ai-xtech.eu\/ro\/wp-json\/wp\/v2\/comments?post=6693"}],"version-history":[{"count":6,"href":"https:\/\/ai-xtech.eu\/ro\/wp-json\/wp\/v2\/product\/6693\/revisions"}],"predecessor-version":[{"id":7840,"href":"https:\/\/ai-xtech.eu\/ro\/wp-json\/wp\/v2\/product\/6693\/revisions\/7840"}],"wp:featuredmedia":[{"embeddable":true,"href":"https:\/\/ai-xtech.eu\/ro\/wp-json\/wp\/v2\/media\/5598"}],"wp:attachment":[{"href":"https:\/\/ai-xtech.eu\/ro\/wp-json\/wp\/v2\/media?parent=6693"}],"wp:term":[{"taxonomy":"product_brand","embeddable":true,"href":"https:\/\/ai-xtech.eu\/ro\/wp-json\/wp\/v2\/product_brand?post=6693"},{"taxonomy":"product_cat","embeddable":true,"href":"https:\/\/ai-xtech.eu\/ro\/wp-json\/wp\/v2\/product_cat?post=6693"},{"taxonomy":"product_tag","embeddable":true,"href":"https:\/\/ai-xtech.eu\/ro\/wp-json\/wp\/v2\/product_tag?post=6693"}],"curies":[{"name":"wp","href":"https:\/\/api.w.org\/{rel}","templated":true}]}}