{"id":6263,"date":"2023-12-02T16:40:11","date_gmt":"2023-12-02T16:40:11","guid":{"rendered":"https:\/\/ai-xtech.eu\/?post_type=product&#038;p=6263"},"modified":"2026-04-08T11:59:50","modified_gmt":"2026-04-08T10:59:50","slug":"zenpeak-modulator-egyeni-matrixxal","status":"publish","type":"product","link":"https:\/\/ai-xtech.eu\/ro\/produs\/zenpeak-modulator-egyeni-matrixxal\/","title":{"rendered":"Modulator genetic de unde ZenPeak (cu toate matricele Garjayev)"},"content":{"rendered":"<p><strong>Timp de expediere 2 luni!<br \/>\n<\/strong><\/p>\n<ul>\n<li data-start=\"1044\" data-end=\"1085\">\n<p data-start=\"1046\" data-end=\"1085\">Configurare personal\u0103 a sistemului \u00een 60 de minute<\/p>\n<\/li>\n<li data-start=\"1086\" data-end=\"1115\">\n<p data-start=\"1088\" data-end=\"1115\">Verificare ulterioar\u0103 la 30 de zile<\/p>\n<\/li>\n<li data-start=\"1116\" data-end=\"1140\">\n<p data-start=\"1118\" data-end=\"1140\">protocol structurat<\/p>\n<\/li>\n<li data-start=\"1141\" data-end=\"1170\">\n<p data-start=\"1143\" data-end=\"1170\">\u201estatutul de \u201dpartener de cercetare\u201d<\/p>\n<\/li>\n<\/ul>\n<p><strong>\u00a0<\/strong><\/p>\n<p>Modulator genetic de val ZenPeak cu toate matricele genetice originale de val Garjaev!<\/p>\n<p>21 de probleme de s\u0103n\u0103tate!<\/p>\n<p class=\" translation-block\">\u201e\u00cen secolele trecute, boala \u0219i vindecarea ei s-au separat de pacient \u0219i au devenit din ce \u00een ce mai impersonale, mai mult, s-a deplasat puternic c\u0103tre utilizarea substan\u021belor chimice. \u00cen acest fel, oamenii au devenit din ce \u00een ce mai singuri \u0219i f\u0103r\u0103 speran\u021b\u0103 \u00een mijlocul bolilor \u0219i durerilor lor.<br> De la \u00eenceputul culturii, pacientul a fost \u00eentotdeauna privit \u0219i tratat \u00eempreun\u0103 cu boala \u0219i mediul s\u0103u.<\/p>\n<p>Scriitorul, poetul, academicianul francez Paul Claudel nume\u0219te pacien\u021bii \u201einvita\u021bi \u00een aten\u021bie\u201d.<\/p>\n<p>Printre oamenii de \u0219tiin\u021b\u0103 care lucreaz\u0103 pentru a face via\u021ba uman\u0103 mai frumoas\u0103 \u0219i mai bun\u0103, mul\u021bi dintre ei au f\u0103cut descoperiri, a c\u0103ror aplicare a adus alinare persoanei care sufer\u0103 cu ajutorul persoanelor care vindec\u0103. Printre primii inventatori a fost Nikola Tesla, folosind ale c\u0103rui inven\u021bii Pyotr Garjayev a creat \u0219tiin\u021ba geneticii valurilor combin\u00e2nd mai multe domenii ale \u0219tiin\u021bei \u0219i cu ajutorul fizicii cuantice. \u00cen paralel, Alexander Misin a creat un dispozitiv conceput pentru a optimiza schimb\u0103rile fizice \u0219i chimice din corpul uman. Dup\u0103 ce profesorul Garjajev s-a familiarizat cu func\u021bionarea dispozitivului, \u0219i-a combinat propriile cuno\u0219tin\u021be pentru a-l perfec\u021biona \u0219i a-l face mai eficient, cre\u00e2nd astfel un nou dispozitiv revolu\u021bionar care plaseaz\u0103 vindecarea pe o baz\u0103 diferit\u0103 de metodele anterioare.<\/p>\n<p>\u00cen cele din urm\u0103, cu acest instrument, putem deschide o nou\u0103 er\u0103, deoarece \u00eentreaga lume trebuie s\u0103 treac\u0103 prin epocile \u00eentunecate ale medicinei \u0219i ale bolii.<\/p>\n<p>XXI. omul secolului a ajuns la o r\u0103scruce de drumuri \u0219i se confrunt\u0103 cu o dilem\u0103. \u00cen calitate de consumator orb, \u00ee\u0219i face existen\u021ba viitoare s\u0103 depind\u0103 de dezvoltarea inexorabil\u0103 a noilor tehnologii \u0219i de folosirea \u00een continuare a bunurilor materiale, sau g\u0103se\u0219te calea care duce la responsabilitatea spiritual\u0103 \u0219i spiritual\u0103, precum \u0219i un comportament con\u0219tient de s\u0103n\u0103tate care poate dep\u0103\u0219i. bolile sale \u0219i s\u0103-\u0219i consolideze bun\u0103starea \u0219i existen\u021ba individual\u0103.<\/p>\n<p>A fi s\u0103n\u0103tos nu \u00eenseamn\u0103 doar a nu fi bolnav. Ca oameni s\u0103n\u0103to\u0219i, ne sim\u021bim minunat.<\/p>\n<p>S\u0103n\u0103tatea este ca atunci c\u00e2nd ne amintim de momentele fericite ale copil\u0103riei noastre \u0219i credem c\u0103 multe alte astfel de experien\u021be ne a\u0219teapt\u0103\u201d<\/p>\n<p class=\" translation-block\"><em><strong>L\u00e1szl\u00f3 Lehoczki<\/strong><\/em><br> redactor-regizor de televiziune<br> redactor-\u0219ef fondator al Departamentului editorial religios al Duna Television<br> cavalerul culturii maghiare<\/p>\n<p>(cu matricele afi\u0219ate \u00een list\u0103)<\/p>\n<p>Nu. 1 \u201eCorectarea sistemului imunitar\u201d. 21 m. 2s.<br \/>\nNu. 2 \u201eCorectarea sistemului osos\u201d. 1 or\u0103. 36 m.<br \/>\nNu. 3 \u201eCorectarea sistemului cardiovascular\u201d. 1 or\u0103. 59 m.<br \/>\nNu. 4 \u201eCorectarea tulbur\u0103rilor sistemului nervos\u201d 2h. 22 m.<br \/>\nNu. 5 \u201eProgram anti-cancer\u201d. 1 or\u0103. 9 m<br \/>\nNu. 6 \u201eCorectarea metabolismului general \u0219i a sistemului digestiv\u201d. 1 or\u0103. 55 m.<br \/>\nNu. 7 \u201eAnti-\u00eemb\u0103tr\u00e2nire\u201d. 2 ore. 2 m<br \/>\nNu. 8 \u201eLinia masculin\u0103\u201d. 1 or\u0103. 38 m.<br \/>\nNu. 9 \u201eLinia femeilor\u201d. 1 or\u0103. 18 m.<br \/>\nNu. 10 \u201eSuport viitor\u201d. 1 or\u0103. 16 m.<br \/>\nNu. 11 \u201eRecuperarea organiza\u021biei dup\u0103 40-50 de ani\u201d. 1 or\u0103. 0 m<br \/>\nNu. 12 \u201eProgram antiparazit\u201d. 1 or\u0103. 50 m.<br \/>\nNu. 13 \u201eFigur\u0103 sub\u021bire\u201d. 34 m. 2s.<br \/>\nNu. 14 \u201e\u00cempotriva alergiilor\u201d. 29 m. 2s.<br \/>\nNu. 15 \u201eTinere\u021bea \u0219i s\u0103n\u0103tatea pielii\u201d. 1 or\u0103. 45 m.<br \/>\nNu. 16 \u201eImunitatea undelor antivirale\u201d. 58 m. 54s.<br \/>\nNu. 17 \u201e\u00cempotriva fumatului\u201d. 21 m. 0s.<br \/>\nNu. 18 \u201eNormalizarea sistemului urinar\u201d 1 or\u0103. 56 m.<br \/>\nNu. 19 \u201eRefacerea corpului dup\u0103 70 de ani\u201d 1 or\u0103. 38 m.<br \/>\nNu. 20 \u201e\u00cempotriva dependen\u021bei de alcool\u201d 1h. 5 m<br \/>\nNu. 21 \u201eCur\u0103\u0163area corpului\u201d 30m. 2s.<\/p>\n<p>Manual de utilizare ROM<\/p>\n<div class=\"ast-oembed-container\" style=\"height: 100%;\"><iframe title=\"Modulator ZenPeak Wavegenetics, ghid de utilizare cu efect de vindecare negentropic\u0103!\" width=\"500\" height=\"281\" src=\"https:\/\/www.youtube.com\/embed\/ccemXKrgNBc?feature=oembed\" frameborder=\"0\" allow=\"accelerometer; autoplay; clipboard-write; encrypted-media; gyroscope; picture-in-picture; web-share\" referrerpolicy=\"strict-origin-when-cross-origin\" allowfullscreen><\/iframe><\/div>\n<p>Manual de utilizare \u2013 ENGLEZ\u0102<\/p>\n<div class=\"ast-oembed-container\" style=\"height: 100%;\"><iframe title=\"ZenPeak hull\u00e1mgenetikai modul\u00e1tor - Teljes \u00datmutat\u00f3 @lifacademy\" width=\"500\" height=\"281\" src=\"https:\/\/www.youtube.com\/embed\/p8MpDbPm7UY?feature=oembed\" frameborder=\"0\" allow=\"accelerometer; autoplay; clipboard-write; encrypted-media; gyroscope; picture-in-picture; web-share\" referrerpolicy=\"strict-origin-when-cross-origin\" allowfullscreen><\/iframe><\/div>","protected":false},"excerpt":{"rendered":"<p>Post\u00e1z\u00e1si id\u00f5 2 h\u00f3nap! 60 perces szem\u00e9lyes rendszer-be\u00e1ll\u00edt\u00e1s 30 napos follow-up check-in struktur\u00e1lt protokoll \u201eresearch partner\u201d st\u00e1tusz \u00a0 ZenPeak hull\u00e1mgenetikai modul\u00e1tor az \u00f6sszes eredeti Garjajev hull\u00e1mgenetikai m\u00e1trixxal! 21 eg\u00e9szs\u00e9g\u00fcgyi probl\u00e9m\u00e1ra! \u201cA betegs\u00e9g, \u00e9s annak gy\u00f3gy\u00edt\u00e1sa az elm\u00falt sz\u00e1zadok sor\u00e1n elszakadt a p\u00e1cienst\u0151l \u00e9s egyre szem\u00e9lytelenebb\u00e9 v\u00e1lt, r\u00e1ad\u00e1sul er\u0151sen eltol\u00f3dott a k\u00e9miai anyagok alkalmaz\u00e1sa fel\u00e9. \u00cdgy [&hellip;]<\/p>\n","protected":false},"featured_media":6825,"comment_status":"closed","ping_status":"closed","template":"","meta":{"_angie_page":false,"site-sidebar-layout":"default","site-content-layout":"","ast-site-content-layout":"default","site-content-style":"default","site-sidebar-style":"default","ast-global-header-display":"","ast-banner-title-visibility":"","ast-main-header-display":"","ast-hfb-above-header-display":"","ast-hfb-below-header-display":"","ast-hfb-mobile-header-display":"","site-post-title":"","ast-breadcrumbs-content":"","ast-featured-img":"","footer-sml-layout":"","ast-disable-related-posts":"","theme-transparent-header-meta":"default","adv-header-id-meta":"","stick-header-meta":"","header-above-stick-meta":"","header-main-stick-meta":"","header-below-stick-meta":"","astra-migrate-meta-layouts":"set","ast-page-background-enabled":"default","ast-page-background-meta":{"desktop":{"background-color":"","background-image":"","background-repeat":"repeat","background-position":"center center","background-size":"auto","background-attachment":"scroll","background-type":"","background-media":"","overlay-type":"","overlay-color":"","overlay-opacity":"","overlay-gradient":""},"tablet":{"background-color":"","background-image":"","background-repeat":"repeat","background-position":"center center","background-size":"auto","background-attachment":"scroll","background-type":"","background-media":"","overlay-type":"","overlay-color":"","overlay-opacity":"","overlay-gradient":""},"mobile":{"background-color":"","background-image":"","background-repeat":"repeat","background-position":"center center","background-size":"auto","background-attachment":"scroll","background-type":"","background-media":"","overlay-type":"","overlay-color":"","overlay-opacity":"","overlay-gradient":""}},"ast-content-background-meta":{"desktop":{"background-color":"var(--ast-global-color-5)","background-image":"","background-repeat":"repeat","background-position":"center center","background-size":"auto","background-attachment":"scroll","background-type":"","background-media":"","overlay-type":"","overlay-color":"","overlay-opacity":"","overlay-gradient":""},"tablet":{"background-color":"var(--ast-global-color-5)","background-image":"","background-repeat":"repeat","background-position":"center center","background-size":"auto","background-attachment":"scroll","background-type":"","background-media":"","overlay-type":"","overlay-color":"","overlay-opacity":"","overlay-gradient":""},"mobile":{"background-color":"var(--ast-global-color-5)","background-image":"","background-repeat":"repeat","background-position":"center center","background-size":"auto","background-attachment":"scroll","background-type":"","background-media":"","overlay-type":"","overlay-color":"","overlay-opacity":"","overlay-gradient":""}}},"product_brand":[],"product_cat":[22],"product_tag":[71],"class_list":{"0":"post-6263","1":"product","2":"type-product","3":"status-publish","4":"has-post-thumbnail","6":"product_cat-hullamgenetikai-megoldasok","7":"product_tag-zenpeak","8":"product_shipping_class-free","9":"desktop-align-left","10":"tablet-align-left","11":"mobile-align-left","13":"first","14":"instock","15":"sale","16":"taxable","17":"shipping-taxable","18":"purchasable","19":"product-type-simple"},"_links":{"self":[{"href":"https:\/\/ai-xtech.eu\/ro\/wp-json\/wp\/v2\/product\/6263","targetHints":{"allow":["GET"]}}],"collection":[{"href":"https:\/\/ai-xtech.eu\/ro\/wp-json\/wp\/v2\/product"}],"about":[{"href":"https:\/\/ai-xtech.eu\/ro\/wp-json\/wp\/v2\/types\/product"}],"replies":[{"embeddable":true,"href":"https:\/\/ai-xtech.eu\/ro\/wp-json\/wp\/v2\/comments?post=6263"}],"version-history":[{"count":17,"href":"https:\/\/ai-xtech.eu\/ro\/wp-json\/wp\/v2\/product\/6263\/revisions"}],"predecessor-version":[{"id":8097,"href":"https:\/\/ai-xtech.eu\/ro\/wp-json\/wp\/v2\/product\/6263\/revisions\/8097"}],"wp:featuredmedia":[{"embeddable":true,"href":"https:\/\/ai-xtech.eu\/ro\/wp-json\/wp\/v2\/media\/6825"}],"wp:attachment":[{"href":"https:\/\/ai-xtech.eu\/ro\/wp-json\/wp\/v2\/media?parent=6263"}],"wp:term":[{"taxonomy":"product_brand","embeddable":true,"href":"https:\/\/ai-xtech.eu\/ro\/wp-json\/wp\/v2\/product_brand?post=6263"},{"taxonomy":"product_cat","embeddable":true,"href":"https:\/\/ai-xtech.eu\/ro\/wp-json\/wp\/v2\/product_cat?post=6263"},{"taxonomy":"product_tag","embeddable":true,"href":"https:\/\/ai-xtech.eu\/ro\/wp-json\/wp\/v2\/product_tag?post=6263"}],"curies":[{"name":"wp","href":"https:\/\/api.w.org\/{rel}","templated":true}]}}