{"id":6099,"date":"2023-08-10T13:38:06","date_gmt":"2023-08-10T13:38:06","guid":{"rendered":"https:\/\/ai-xtech.eu\/?post_type=product&#038;p=6099"},"modified":"2026-04-15T06:55:46","modified_gmt":"2026-04-15T05:55:46","slug":"vernada-geo","status":"publish","type":"product","link":"https:\/\/ai-xtech.eu\/ro\/produs\/vernada-geo\/","title":{"rendered":"Vernada Geo 2"},"content":{"rendered":"<h1><strong>Timp de livrare 5 zile lucr\u0103toare!<\/strong><\/h1>\n<h1><strong>\u00cen stoc!<\/strong><\/h1>\n<h2>Vernada Geo 2<\/h2>\n<p>VERNADA GEO \u2014 un dispozitiv care ofer\u0103 protec\u021bie fiabil\u0103 \u0219i u\u0219or de utilizat \u00eempotriva efectelor negative ale componentei de torsiune (informa\u021bionale) a radia\u021biei electromagnetice a routerelor WI-FI, televizoarelor \u0219i altor dispozitive electronice, precum \u0219i a zonelor geopatogene (P\u0103m\u00e2ntul ). ) sau zone tehnopatogene (care apar, de exemplu, ca urmare a func\u021bion\u0103rii sta\u021biilor de baz\u0103 pentru telefoane mobile) \u00een interior.<br \/>\nPERICOL! Vernada Geo nu interfereaz\u0103 cu niciun dispozitiv electronic.<\/p>\n<p>CUM SE FOLOSE\u0218TE VERNADA GEO<\/p>\n<p>1) Dispozitivul trebuie s\u0103 fie conectat la re\u021beaua din cas\u0103, birou sau alt\u0103 camer\u0103 \u00een care lucra\u021bi etc.<\/p>\n<p>Este important ca re\u021beaua de alimentare s\u0103 fie alimentat\u0103 din aceea\u0219i faz\u0103.<br \/>\n2) Dup\u0103 conectarea la re\u021beaua electric\u0103 (lumina verde este aprins\u0103), dispozitivul Vernada Geo neutralizeaz\u0103 efectul negativ al radia\u021biei routerelor WI-FI, precum \u0219i efectul negativ al zonelor geopatogene sau tehnopatogene din \u00eentreaga camer\u0103, astfel armonizarea spa\u021biului din apartament, cas\u0103 sau birou.<\/p>\n<p>&nbsp;<\/p>\n<p>CUM FUNCTIONEAZA<\/p>\n<p>Dispozitivul este format dintr-o cutie de plastic care con\u021bine invertorul \u0219i afi\u0219ajul re\u021belei. Dispozitivul determin\u0103 inversarea c\u00e2mpului de torsiune din partea st\u00e2ng\u0103 din re\u021beaua conduc\u0103toare de faz\u0103 \u00een c\u00e2mpul de torsiune din partea dreapt\u0103.<\/p>\n<p>&nbsp;<\/p>\n<p>DE CE ESTE IMPORTANT S\u0102 UTILIZA\u021aI VERNADA GEO<\/p>\n<p>Expunerea prelungit\u0103 la componenta de torsiune (informa\u021bional\u0103) a radia\u021biilor routerului Wi-Fi, precum \u0219i \u0219ederea prelungit\u0103 \u00een zona patogen\u0103 a p\u0103m\u00e2ntului, pot sl\u0103bi sistemul imunitar, pot provoca dureri de cap, oboseal\u0103 excesiv\u0103 \u0219i exacerbarea bolilor cronice. Vernada Geo neutralizeaz\u0103 eficient aceste efecte nocive.<\/p>\n<p>Utilizarea continu\u0103 a Vernada Geo v\u0103 permite s\u0103:<\/p>\n<p>\u00eembun\u0103t\u0103\u021be\u0219te concentrarea;<br \/>\nreduce durerile de cap frecvente;<br \/>\n\u00eembun\u0103t\u0103\u021be\u0219te somnul;<br \/>\n\u00eembun\u0103t\u0103\u021birea activit\u0103\u021bii creierului;<br \/>\n\u00eembun\u0103t\u0103\u021bi s\u0103n\u0103tatea.<\/p>\n<p>AVANTAJE<\/p>\n<p>1) Dispozitivul neutralizeaz\u0103 eficient efectele nocive ale radia\u021biilor ale urm\u0103toarelor:<\/p>\n<p>c\u00e2mpuri electromagnetice (EMF);<br \/>\nzone geopatogene;<br \/>\nrouter WI-FI;<br \/>\nre\u021bele f\u0103r\u0103 fir;<br \/>\nre\u021bele 4G\/5G;<br \/>\nLaptop-uri, PC-uri, tablete, televizoare, telefoane mobile etc.;<br \/>\nalte dispozitive electronice.<br \/>\n2) Vernada Geo protejeaz\u0103 \u00eentreaga cas\u0103, nu doar o camer\u0103 sau zon\u0103.<\/p>\n<p>3) Dispozitivul este acoperit de o garan\u021bie de 3 ani de la data achizi\u021biei.<\/p>\n<p>DESPRE COMPANIE<br \/>\nSpinor International, LLC este angajat\u0103 \u00een cercetarea efectelor c\u00e2mpurilor de torsiune asupra s\u0103n\u0103t\u0103\u021bii umane. Din 1991, dezvolt\u0103m metode pentru a proteja oamenii de efectele negative ale c\u00e2mpurilor de torsiune.<\/p>","protected":false},"excerpt":{"rendered":"<p>Vernada GEO este un dispozitiv special care are ca scop armonizarea sistemelor biologice ale organismului. A fost dezvoltat special pentru a optimiza rela\u021bia dintre mediul geografic \u0219i corpul uman. Aceast\u0103 tehnologie se bazeaz\u0103 pe echilibrarea frecven\u021belor naturale \u0219i a radia\u021biilor p\u0103m\u00e2ntului, ajut\u00e2nd corpul uman s\u0103 se adapteze mai bine la factorii nocivi din mediul s\u0103u.<br \/>\nmatematica spinor:\u00a0<a href=\"https:\/\/en.wikipedia.org\/wiki\/Spinor\">https:\/\/en.wikipedia.org\/wiki\/Spinor<\/a><\/p>\n<p>Principiile care stau la baza dispozitivului provin din fizica cuantic\u0103, biofizic\u0103 \u0219i mecanica valurilor. Vernada GEO este proiectat s\u0103 sesizeze tiparele energetice ale mediului \u0219i apoi s\u0103 le echilibreze folosind frecven\u021be armonice. Acest lucru poate fi util \u00een special \u00een cazurile \u00een care utilizatorul este expus la radia\u021bii provocate de om pentru o perioad\u0103 lung\u0103 de timp - cum ar fi undele generate de re\u021belele WiFi, c\u00e2mpurile electromagnetice sau alte dispozitive tehnologice.<\/p>\n<p>Dispozitivul este u\u0219or de utilizat, portabil \u0219i poate fi utilizat \u00eentr-o varietate de medii, fie c\u0103 este vorba de acas\u0103, de la serviciu sau de protec\u021bie pentru c\u0103l\u0103torii. Nu numai c\u0103 poate ajuta la reducerea stresului, ci \u0219i la \u00eembun\u0103t\u0103\u021birea calit\u0103\u021bii somnului \u0219i la restabilirea bun\u0103st\u0103rii generale. Vernada GEO ofer\u0103 diferite programe care ofer\u0103 solu\u021bii personalizate pentru nevoile individuale, sus\u021bin\u00e2nd astfel cu adev\u0103rat armonia \u0219i s\u0103n\u0103tatea personal\u0103.<\/p>\n<p>\u00cen general, Vernada GEO este un instrument inovator care lucreaz\u0103 pentru a restabili armonia dintre energiile naturale \u0219i biologia uman\u0103, ajut\u00e2nd la atenuarea stresului \u0219i a efectelor nocive experimentate \u00een lumea modern\u0103. Aceast\u0103 tehnologie este unul dintre instrumentele promi\u021b\u0103toare ale medicinei viitoare, care sus\u021bine o via\u021b\u0103 mai s\u0103n\u0103toas\u0103 \u0219i mai echilibrat\u0103.<\/p>\n<p>Matricele noastre genetice val:\u00a0<a href=\"https:\/\/ai-xtech.eu\/termek\/garyaev-hullamgenetikai-matrixai\/\">https:\/\/ai-xtech.eu\/termek\/garyaev-hullamgenetikai-matrixai\/<\/a><\/p>\n<p>&nbsp;<\/p>\n<p>Abordarea unic\u0103 a Vernada GEO const\u0103 \u00een faptul c\u0103 nu se concentreaz\u0103 pe tratarea simptomelor, ci pe restabilirea echilibrului natural dintre organism \u0219i mediu. Aceast\u0103 tehnologie nu ofer\u0103 doar o solu\u021bie pentru tratarea problemelor generate de via\u021ba modern\u0103, cum ar fi electrosmogul, dar afecteaz\u0103 \u0219i sistemele biologice ale organismului la un nivel mai profund. Dispozitivul ajut\u0103 la minimizarea impactului factorilor de stres din mediu, astfel \u00eenc\u00e2t procesele de autoregenerare ale organismului pot deveni \u0219i ele mai eficiente.<\/p>\n<p>Printre func\u021biile speciale ale Vernada GEO se num\u0103r\u0103 armonizarea c\u0103ilor energetice, care poate contribui la realizarea unei mai bune distribu\u021bii a energiei \u00een organism. \u00cen acest fel, nu numai bun\u0103starea fizic\u0103, ci \u0219i mental\u0103 poate fi sus\u021binut\u0103, deoarece frecven\u021bele armonice au ca rezultat o func\u021bionare mai echilibrat\u0103 \u0219i a sistemului nervos.<\/p>\n<p>Designul dispozitivului este compact \u0219i u\u0219or de utilizat, astfel \u00eenc\u00e2t poate fi utilizat confortabil \u00een orice situa\u021bie de via\u021b\u0103. Este potrivit pentru utilizare at\u00e2t acas\u0103, c\u00e2t \u0219i \u00een c\u0103l\u0103torii sau \u00eentr-un mediu de birou. Pe langa manevrarea sa simpla, un mare avantaj este ca nu necesita setari complicate si este usor accesibil persoanelor de toate varstele datorita functionarii sale intuitive.<\/p>\n<p>\u00cen plus, Vernada GEO este \u00een continu\u0103 dezvoltare pentru a \u00eencorpora cele mai recente rezultate \u0219tiin\u021bifice \u00een tehnologie. Pe parcursul cercet\u0103rii, o aten\u021bie deosebit\u0103 este acordat\u0103 faptului c\u0103 dispozitivul ofer\u0103 o solu\u021bie universal\u0103 la cele mai mari provoc\u0103ri ale lumii moderne, inclusiv tratarea stresului fizic \u0219i psihologic, precum \u0219i sus\u021binerea mecanismelor naturale de ap\u0103rare ale organismului.<\/p>\n<p>Vernada GEO ofer\u0103 o solu\u021bie pentru cei care doresc s\u0103-\u0219i men\u021bin\u0103 corpul \u0219i mintea \u00een echilibru, reduc\u00e2nd \u00een acela\u0219i timp efectele negative ale daunelor mediului. Acest dispozitiv nu este doar o realizare tehnologic\u0103, ci un pas c\u0103tre o \u00eengrijire holistic\u0103 a s\u0103n\u0103t\u0103\u021bii \u0219i o via\u021b\u0103 armonioas\u0103.<\/p>\n<p><a href=\"https:\/\/ai-xtech.eu\/termek\/garyaev-hullamgenetikai-matrixai\/\">\u00a0<\/a><\/p>","protected":false},"featured_media":7233,"comment_status":"closed","ping_status":"closed","template":"","meta":{"_angie_page":false,"site-sidebar-layout":"default","site-content-layout":"default","ast-site-content-layout":"default","site-content-style":"default","site-sidebar-style":"default","ast-global-header-display":"","ast-banner-title-visibility":"","ast-main-header-display":"","ast-hfb-above-header-display":"","ast-hfb-below-header-display":"","ast-hfb-mobile-header-display":"","site-post-title":"","ast-breadcrumbs-content":"","ast-featured-img":"","footer-sml-layout":"","ast-disable-related-posts":"","theme-transparent-header-meta":"default","adv-header-id-meta":"","stick-header-meta":"","header-above-stick-meta":"","header-main-stick-meta":"","header-below-stick-meta":"","astra-migrate-meta-layouts":"set","ast-page-background-enabled":"default","ast-page-background-meta":{"desktop":{"background-color":"","background-image":"","background-repeat":"repeat","background-position":"center center","background-size":"auto","background-attachment":"scroll","background-type":"","background-media":"","overlay-type":"","overlay-color":"","overlay-opacity":"","overlay-gradient":""},"tablet":{"background-color":"","background-image":"","background-repeat":"repeat","background-position":"center center","background-size":"auto","background-attachment":"scroll","background-type":"","background-media":"","overlay-type":"","overlay-color":"","overlay-opacity":"","overlay-gradient":""},"mobile":{"background-color":"","background-image":"","background-repeat":"repeat","background-position":"center center","background-size":"auto","background-attachment":"scroll","background-type":"","background-media":"","overlay-type":"","overlay-color":"","overlay-opacity":"","overlay-gradient":""}},"ast-content-background-meta":{"desktop":{"background-color":"var(--ast-global-color-5)","background-image":"","background-repeat":"repeat","background-position":"center center","background-size":"auto","background-attachment":"scroll","background-type":"","background-media":"","overlay-type":"","overlay-color":"","overlay-opacity":"","overlay-gradient":""},"tablet":{"background-color":"var(--ast-global-color-5)","background-image":"","background-repeat":"repeat","background-position":"center center","background-size":"auto","background-attachment":"scroll","background-type":"","background-media":"","overlay-type":"","overlay-color":"","overlay-opacity":"","overlay-gradient":""},"mobile":{"background-color":"var(--ast-global-color-5)","background-image":"","background-repeat":"repeat","background-position":"center center","background-size":"auto","background-attachment":"scroll","background-type":"","background-media":"","overlay-type":"","overlay-color":"","overlay-opacity":"","overlay-gradient":""}}},"product_brand":[],"product_cat":[22],"product_tag":[],"class_list":{"0":"post-6099","1":"product","2":"type-product","3":"status-publish","4":"has-post-thumbnail","6":"product_cat-hullamgenetikai-megoldasok","7":"product_shipping_class-free","8":"desktop-align-left","9":"tablet-align-left","10":"mobile-align-left","12":"first","13":"instock","14":"sale","15":"taxable","16":"shipping-taxable","17":"purchasable","18":"product-type-simple"},"_links":{"self":[{"href":"https:\/\/ai-xtech.eu\/ro\/wp-json\/wp\/v2\/product\/6099","targetHints":{"allow":["GET"]}}],"collection":[{"href":"https:\/\/ai-xtech.eu\/ro\/wp-json\/wp\/v2\/product"}],"about":[{"href":"https:\/\/ai-xtech.eu\/ro\/wp-json\/wp\/v2\/types\/product"}],"replies":[{"embeddable":true,"href":"https:\/\/ai-xtech.eu\/ro\/wp-json\/wp\/v2\/comments?post=6099"}],"version-history":[{"count":11,"href":"https:\/\/ai-xtech.eu\/ro\/wp-json\/wp\/v2\/product\/6099\/revisions"}],"predecessor-version":[{"id":7991,"href":"https:\/\/ai-xtech.eu\/ro\/wp-json\/wp\/v2\/product\/6099\/revisions\/7991"}],"wp:featuredmedia":[{"embeddable":true,"href":"https:\/\/ai-xtech.eu\/ro\/wp-json\/wp\/v2\/media\/7233"}],"wp:attachment":[{"href":"https:\/\/ai-xtech.eu\/ro\/wp-json\/wp\/v2\/media?parent=6099"}],"wp:term":[{"taxonomy":"product_brand","embeddable":true,"href":"https:\/\/ai-xtech.eu\/ro\/wp-json\/wp\/v2\/product_brand?post=6099"},{"taxonomy":"product_cat","embeddable":true,"href":"https:\/\/ai-xtech.eu\/ro\/wp-json\/wp\/v2\/product_cat?post=6099"},{"taxonomy":"product_tag","embeddable":true,"href":"https:\/\/ai-xtech.eu\/ro\/wp-json\/wp\/v2\/product_tag?post=6099"}],"curies":[{"name":"wp","href":"https:\/\/api.w.org\/{rel}","templated":true}]}}