{"id":6469,"date":"2024-02-05T13:45:03","date_gmt":"2024-02-05T13:45:03","guid":{"rendered":"https:\/\/ai-xtech.eu\/?page_id=6469"},"modified":"2024-02-05T14:43:54","modified_gmt":"2024-02-05T14:43:54","slug":"p-p-garjajev","status":"publish","type":"page","link":"https:\/\/ai-xtech.eu\/ro\/p-p-garjajev\/","title":{"rendered":"PP Garjaev"},"content":{"rendered":"<h2 class=\"wp-block-heading has-ast-global-color-5-background-color has-background\">Dr. Peter P. Garyaev, doctor \u00een \u0219tiin\u021be biologice, rans \u0219i RAMTN<\/h2>\n\n\n\n<figure class=\"wp-block-image size-full\"><img fetchpriority=\"high\" decoding=\"async\" width=\"250\" height=\"226\" src=\"https:\/\/ai-xtech.eu\/oordufup\/2024\/02\/garyaev.png\" alt=\"\" class=\"wp-image-6453\" srcset=\"https:\/\/ai-xtech.eu\/oordufup\/2024\/02\/garyaev.png 250w, https:\/\/ai-xtech.eu\/oordufup\/2024\/02\/garyaev-13x12.png 13w\" sizes=\"(max-width: 250px) 100vw, 250px\" \/><\/figure>\n\n\n\n<p class=\"has-ast-global-color-5-background-color has-background\">din 1984,\u00a0<strong>Peter P. Garjaev<\/strong>\u00a0a \u00eenceput s\u0103 cerceteze noi domenii \u00een domeniul codific\u0103rii genetice \u0219i \u00een 1994 a creat o nou\u0103 tendin\u021b\u0103 \u00een genetic\u0103 - Genetics Wave, apoi Lingvistiko - A Wave Genetics. \u00cen acest subiect\u00a0<strong>Peter P. Garyaev<\/strong>\u00a0\u00een 1997. \u0219i-a sus\u021binut teza de doctorat friazino. Bauman la HIAC. A fost ales academician al RANS \u0219i RAMTN \u0219i membru al Academiei de \u0218tiin\u021be din New York. \u00cen 2001-2002,\u00a0<strong>Peter P. Garyaev<\/strong>\u00a0, Canada (Toronto), unde a confirmat experimental corectitudinea ideilor de baz\u0103 lingvistiko - genetica valului. \u00cen 2013, a fondat compania \u201eInstitute Of Quantum Genetics\u201d.<\/p>\n\n\n\n<p class=\"has-ast-global-color-5-background-color has-background\">Lucreaz\u0103 ca asociat \u0219tiin\u021bific principal \u0219i lider de grup la Institutul de Probleme Fizice \u0219i Tehnice al Academiei de \u0218tiin\u021be a Uniunii Sovietice (1984-1998)&nbsp;<strong>Peter P. Garjaev<\/strong>&nbsp;a g\u0103sit dou\u0103 tipuri necunoscute anterior, neobi\u0219nuite de memorie ADN. Acest lucru a fost \u00eenregistrat prin spectroscopie de corela\u021bie cu laser.<\/p>\n\n\n\n<p class=\"has-ast-global-color-5-background-color has-background\">Primul tip este dinamica neliniar\u0103 (acustica) a ADN-ului cu revenirea excita\u021biilor \u00een modul primar. Acesta este un fenomen fundamental (nu ADN-ul etc. structurile sunt organisme) A fost cunoscut de mult \u00een fizic\u0103 ca \u201efenomenul Fermi-Pasta-Ulam\u201d (verifica\u021bi FPU) \u0219i excita\u021bia sistemelor neliniare de memorie. Aparatul genetic folose\u0219te acest fenomen pentru a gestiona cererea de a apela programele holografice \u00een proprii cromozomi. Asemenea solicit\u0103ri sunt realizate \u00een sistemele biologice ale proceselor de regenerare a organelor \u0219i \u021besuturilor, C\u00e2nd vrem s\u0103 o numim, \u201e\u00eentoarcerea\u201d structurii informa\u021bionale a ficatului uman regeneriruemoj, ghearele cancerului, coada unei \u0219op\u00e2rle. , etc.. Aceste &quot;check-in&quot;, conform cercet\u0103rilor noastre, nu numai ADN-ul, ci \u0219i nucleoproteinele mele (ribozomi), proteine \u0219i biostructuri (colagen, matrice extracelular\u0103).<\/p>\n\n\n\n<p class=\"has-ast-global-color-5-background-color has-background\">Al doilea tip de memorie este efectul fantom\u0103 ADN, adic\u0103 un mediu de memorie bazat pe rolul de und\u0103 dinamic\u0103 al moleculelor de ADN cu un caracter de und\u0103 dinamic\u0103. Mediul este unul, de exemplu, spa\u021biul spectrometrului compartimentului cuvet\u0103 sau spa\u021biu, celule vii \u0219i \u021besuturi. De asemenea, este folosit de organisme pentru a aduce una dintre st\u0103rile cuantice.... molecule sub form\u0103 de fantome ADN. \u00cen practic\u0103, acest lucru se poate realiza \u00een crearea artificial\u0103 a matricelor cuantice de fragmente de ADN inerente organismului, umple \u0219i \u00eenlocuie\u0219te fragmentele de ADN pierdute la om \u0219i nu duce la daune genetice. De exemplu, muta\u021bia num\u0103rul 508 \u00een fibroza chistic\u0103.<\/p>\n\n\n\n<p class=\"has-ast-global-color-5-background-color has-background\">O alt\u0103 parte semnificativ\u0103 a muncii noastre este ajustarea modelului actual de codare \u00een aparatul genetic al proteinelor triplete. Esen\u021ba modific\u0103rilor noastre este, care este sistemul de orientare contextual\u0103 a ribozomilor pe ARN se realizeaz\u0103 \u00een procesul de biosintez\u0103 a proteinelor. Aceasta \u00eenseamn\u0103 c\u0103 introducem pozi\u021bia puternic\u0103 a genelor textvosti reale (nu metaforice) \u0219i a min\u021bilor cvasi-g\u00e2nditoare \u00een fundul genomului, ca un biocomputer cuantic. Utilizarea conceptului de dimensiuni fractale legate de nivelurile de con\u0219tiin\u021b\u0103 \u0219i g\u00e2ndire ale sistemelor biologice. Iar ultimul punct cheie este utilizarea modelului \u201eBoma\u201d Berkovica al universului - pentru aplicarea practic\u0103 a tehnologiilor noastre.<\/p>\n\n\n\n<p class=\"has-ast-global-color-5-background-color has-background\">Aceste etape ale muncii noastre au format baza pentru revizuirea \u0219i ad\u0103ugarea func\u021biilor deja proeminente ale ADN-ului \u00een codificarea genetic\u0103. Lingvistiko - teoria genomului valurilor. Am publicat zeci de articole \u0219tiin\u021bifice \u00een cooperare cu fizicieni de top de la Universitatea de Stat din Moscova, FIANa, ISP RAS \u0219i cercet\u0103tori str\u0103ini. Au fost publicate trei monografii (autor\u00a0<strong>Peter P. Garyaev<\/strong>). Brevete \u0219i priorit\u0103\u021bi. Pe baza tuturor acestor lucruri, a fost dezvoltat\u0103 o tehnologie de corec\u021bie fundamental nou\u0103 pentru a le prelungi s\u0103n\u0103tatea \u0219i via\u021ba activ\u0103. Unul dintre cele mai importante puncte ale tehnologiilor emergente este o programare cuantic\u0103 a celulelor stem prin programe naturale, utilizate de corpul uman.<\/p>\n\n\n\n<p class=\"has-ast-global-color-5-background-color has-background\"><strong>Peter P. Garjaev<\/strong>&nbsp;a fost nominalizat la Premiul Nobel pentru Medicin\u0103, care va avea loc \u00een 2021.<\/p>\n\n\n\n<figure class=\"wp-block-image size-full\"><img decoding=\"async\" width=\"513\" height=\"695\" src=\"https:\/\/ai-xtech.eu\/oordufup\/2024\/02\/the-nobel-committee.jpg\" alt=\"\" class=\"wp-image-6509\" srcset=\"https:\/\/ai-xtech.eu\/oordufup\/2024\/02\/the-nobel-committee.jpg 513w, https:\/\/ai-xtech.eu\/oordufup\/2024\/02\/the-nobel-committee-221x300.jpg 221w, https:\/\/ai-xtech.eu\/oordufup\/2024\/02\/the-nobel-committee-9x12.jpg 9w\" sizes=\"(max-width: 513px) 100vw, 513px\" \/><\/figure>","protected":false},"excerpt":{"rendered":"<p>Dr. Peter P. Garyaev, a biol\u00f3giai tudom\u00e1nyok doktora, rans \u00e9s RAMTN 1984 \u00f3ta,\u00a0Peter P. Garjajev\u00a0kutatni kezdett \u00faj ter\u00fcleteken a genetikai k\u00f3dol\u00e1s teruleten \u00e9s 1994-ben l\u00e9trehozott egy \u00faj ir\u00e1nyzatot a genetika &#8211; Genetics Wave, majd Lingvistiko &#8211; A Wave Genetics. Ebben a t\u00e9m\u00e1ban\u00a0Peter P. Garyaev\u00a01997-ben. megv\u00e9dte doktori disszert\u00e1ci\u00f3j\u00e1t fryazino. Bauman a HIAC-ban. A RANS \u00e9s a [&hellip;]<\/p>\n","protected":false},"author":1,"featured_media":0,"parent":0,"menu_order":0,"comment_status":"closed","ping_status":"closed","template":"","meta":{"_angie_page":false,"site-sidebar-layout":"no-sidebar","site-content-layout":"page-builder","ast-site-content-layout":"full-width-container","site-content-style":"default","site-sidebar-style":"default","ast-global-header-display":"","ast-banner-title-visibility":"","ast-main-header-display":"","ast-hfb-above-header-display":"","ast-hfb-below-header-display":"","ast-hfb-mobile-header-display":"","site-post-title":"disabled","ast-breadcrumbs-content":"","ast-featured-img":"disabled","footer-sml-layout":"","ast-disable-related-posts":"","theme-transparent-header-meta":"","adv-header-id-meta":"","stick-header-meta":"","header-above-stick-meta":"","header-main-stick-meta":"","header-below-stick-meta":"","astra-migrate-meta-layouts":"set","ast-page-background-enabled":"default","ast-page-background-meta":{"desktop":{"background-color":"","background-image":"","background-repeat":"repeat","background-position":"center center","background-size":"auto","background-attachment":"scroll","background-type":"","background-media":"","overlay-type":"","overlay-color":"","overlay-opacity":"","overlay-gradient":""},"tablet":{"background-color":"","background-image":"","background-repeat":"repeat","background-position":"center center","background-size":"auto","background-attachment":"scroll","background-type":"","background-media":"","overlay-type":"","overlay-color":"","overlay-opacity":"","overlay-gradient":""},"mobile":{"background-color":"","background-image":"","background-repeat":"repeat","background-position":"center center","background-size":"auto","background-attachment":"scroll","background-type":"","background-media":"","overlay-type":"","overlay-color":"","overlay-opacity":"","overlay-gradient":""}},"ast-content-background-meta":{"desktop":{"background-color":"var(--ast-global-color-5)","background-image":"","background-repeat":"repeat","background-position":"center center","background-size":"auto","background-attachment":"scroll","background-type":"","background-media":"","overlay-type":"","overlay-color":"","overlay-opacity":"","overlay-gradient":""},"tablet":{"background-color":"var(--ast-global-color-5)","background-image":"","background-repeat":"repeat","background-position":"center center","background-size":"auto","background-attachment":"scroll","background-type":"","background-media":"","overlay-type":"","overlay-color":"","overlay-opacity":"","overlay-gradient":""},"mobile":{"background-color":"var(--ast-global-color-5)","background-image":"","background-repeat":"repeat","background-position":"center center","background-size":"auto","background-attachment":"scroll","background-type":"","background-media":"","overlay-type":"","overlay-color":"","overlay-opacity":"","overlay-gradient":""}},"footnotes":"[]"},"class_list":["post-6469","page","type-page","status-publish","hentry"],"_links":{"self":[{"href":"https:\/\/ai-xtech.eu\/ro\/wp-json\/wp\/v2\/pages\/6469","targetHints":{"allow":["GET"]}}],"collection":[{"href":"https:\/\/ai-xtech.eu\/ro\/wp-json\/wp\/v2\/pages"}],"about":[{"href":"https:\/\/ai-xtech.eu\/ro\/wp-json\/wp\/v2\/types\/page"}],"author":[{"embeddable":true,"href":"https:\/\/ai-xtech.eu\/ro\/wp-json\/wp\/v2\/users\/1"}],"replies":[{"embeddable":true,"href":"https:\/\/ai-xtech.eu\/ro\/wp-json\/wp\/v2\/comments?post=6469"}],"version-history":[{"count":5,"href":"https:\/\/ai-xtech.eu\/ro\/wp-json\/wp\/v2\/pages\/6469\/revisions"}],"predecessor-version":[{"id":6512,"href":"https:\/\/ai-xtech.eu\/ro\/wp-json\/wp\/v2\/pages\/6469\/revisions\/6512"}],"wp:attachment":[{"href":"https:\/\/ai-xtech.eu\/ro\/wp-json\/wp\/v2\/media?parent=6469"}],"curies":[{"name":"wp","href":"https:\/\/api.w.org\/{rel}","templated":true}]}}