{"id":1252,"date":"2021-08-02T17:41:44","date_gmt":"2021-08-02T17:41:44","guid":{"rendered":"https:\/\/ai-xtech.eu\/?page_id=1252"},"modified":"2023-07-24T08:13:06","modified_gmt":"2023-07-24T08:13:06","slug":"data-protection-guidelines","status":"publish","type":"page","link":"https:\/\/ai-xtech.eu\/ro\/data-protection-guidelines\/","title":{"rendered":"Orient\u0103ri privind protec\u021bia datelor Politica de confiden\u021bialitate"},"content":{"rendered":"<h2 class=\"wp-block-heading\">Cine suntem noi<\/h2>\n\n\n\n<p><strong class=\"privacy-policy-tutorial\"> <\/strong>Adresa site-ului nostru web este: https:\/\/ai-xtech.eu.<\/p>\n\n\n\n<h2 class=\"wp-block-heading\">Comentarii<\/h2>\n\n\n\n<p>La trimiterea unui comentariu, adresa IP a comentatorului \u0219i \u0219irul de identificare a browserului sunt colectate \u00een plus fa\u021b\u0103 de cele specificate \u00een formularul de comentarii pentru a filtra con\u021binutul nesolicitat.<\/p>\n\n\n\n<p>Un \u0219ir de caractere depersonalizate generat de la adresa de e-mail (numit de obicei hash) este transmis serviciului Gravatar dac\u0103 este utilizat pe site. Termenii serviciului Gravatar pot fi consulta\u021bi la urm\u0103toarea adres\u0103: https:\/\/automattic.com\/privacy\/. Dup\u0103 ce comentariul este acceptat, con\u021binutul comentariului nostru \u0219i fotografia noastr\u0103 de profil vor fi afi\u0219ate public.<\/p>\n\n\n\n<h2 class=\"wp-block-heading\">Mass-media<\/h2>\n\n\n\n<p>Dac\u0103 o imagine este \u00eenc\u0103rcat\u0103 pe site de c\u0103tre un utilizator \u00eenregistrat, trebuie evitate EXIF-urile care includ date de pozi\u021bie GPS. Vizitatorii site-ului le pot desc\u0103rca \u0219i extrage date despre loca\u021bie din imaginile de pe site.<\/p>\n\n\n\n<h2 class=\"wp-block-heading\">Cookie-uri<\/h2>\n\n\n\n<p>Dac\u0103 scrie\u021bi un comentariu pe site, numele dat, adresa de e-mail \u0219i adresa site-ului web sunt stocate \u00een cookie-uri. Stocarea este pentru comoditate, deci nu trebuie s\u0103 completa\u021bi aceste c\u00e2mpuri data viitoare c\u00e2nd postezi. Data de expirare a cookie-urilor este de un an.<\/p>\n\n\n\n<p>C\u00e2nd vizita\u021bi pagina de autentificare, set\u0103m cookie-uri temporare pentru a determina dac\u0103 browserul dumneavoastr\u0103 accept\u0103 cookie-uri. Aceste cookie-uri nu con\u021bin informa\u021bii personale \u0219i sunt \u0219terse atunci c\u00e2nd \u00eenchide\u021bi browserul.<\/p>\n\n\n\n<p>C\u00e2nd v\u0103 conecta\u021bi pe site, cre\u0103m mai multe cookie-uri care salveaz\u0103 informa\u021biile de conectare \u0219i op\u021biunile de afi\u0219are ale interfe\u021bei de editare. Cookie-urile de conectare sunt valabile dou\u0103 zile, iar cookie-urile care stocheaz\u0103 op\u021biunile de afi\u0219are ale interfe\u021bei de editare sunt valabile un an. Dac\u0103 este selectat\u0103 op\u021biunea \u201e\u021aine-m\u0103 minte\u201d, \u00eenregistrarea va continua timp de dou\u0103 s\u0103pt\u0103m\u00e2ni. Cookie-urile de conectare sunt eliminate atunci c\u00e2nd v\u0103 deconecta\u021bi.<\/p>\n\n\n\n<p>Dac\u0103 edit\u0103m o postare sau o pagin\u0103, browserul nostru stocheaz\u0103 un alt cookie. Acest cookie nu con\u021bine date personale, pur \u0219i simplu stocheaz\u0103 num\u0103rul de identificare al post\u0103rii pe care am editat-o. Va expira \u00eentr-o zi.<\/p>\n\n\n\n<h2 class=\"wp-block-heading\">Con\u021binut \u00eencorporat de pe alte site-uri web<\/h2>\n\n\n\n<p>Post\u0103rile disponibile pe site-ul web pot folosi con\u021binut \u00eencorporat din surse externe (de exemplu, videoclipuri, imagini, articole etc.). Con\u021binutul \u00eencorporat dintr-o surs\u0103 extern\u0103 se comport\u0103 exact ca \u0219i cum a\u021bi fi vizitat un alt site web.<\/p>\n\n\n\n<p>Aceste site-uri web pot colecta date despre vizitatori, pot folosi cookie-uri sau coduri de urm\u0103rire ter\u021b\u0103 parte, pot monitoriza comportamentul utilizatorului legat de con\u021binutul \u00eencorporat dac\u0103 ave\u021bi un cont de utilizator \u0219i sunte\u021bi conectat la site.<\/p>\n\n\n\n<h2 class=\"wp-block-heading\">Cu cine \u00eemp\u0103rt\u0103\u0219im datele utilizatorilor<\/h2>\n\n\n\n<p>Dac\u0103 solicita\u021bi o resetare a parolei, adresa IP va fi inclus\u0103 \u00een e-mailul de resetare.<\/p>\n\n\n\n<h2 class=\"wp-block-heading\">C\u00e2t timp p\u0103str\u0103m datele personale?<\/h2>\n\n\n\n<p>Dac\u0103 coment\u0103m, comentariul \u0219i metadatele sale vor r\u0103m\u00e2ne \u00een sistem pentru o perioad\u0103 de timp nespecificat\u0103. Scopul acestui lucru este ca toate comentariile ulterioare s\u0103 devin\u0103 cunoscute \u0219i aprobate de noi, adic\u0103 s\u0103 nu apar\u0103 pe lista de comentarii care urmeaz\u0103 s\u0103 fie moderate.<\/p>\n\n\n\n<p>Datele personale ale utilizatorilor \u00eenregistra\u021bi pe site (dac\u0103 exist\u0103) sunt stocate \u0219i \u00een propriul profil de utilizator. To\u021bi utilizatorii \u00ee\u0219i pot vizualiza, edita sau \u0219terge datele personale \u00een orice moment (cu excep\u021bia faptului c\u0103 nu \u00ee\u0219i pot schimba propriul nume de utilizator). De asemenea, administratorii site-urilor web pot vizualiza \u0219i edita aceste informa\u021bii.<\/p>\n\n\n\n<h2 class=\"wp-block-heading\">Ce drepturi are utilizatorul \u00een leg\u0103tur\u0103 cu propriile sale date<\/h2>\n\n\n\n<p>\u00cen cazul unui cont \u00eenregistrat sau al scrierii unui comentariu pe site, este posibil\u0103 solicitarea trimiterii datelor personale \u00eentr-un fi\u0219ier de export, care con\u021bine orice date furnizate anterior de utilizator. De asemenea, pute\u021bi solicita s\u0103 \u0219tergem orice date cu caracter personal furnizate anterior. Acest lucru nu se aplic\u0103 datelor pe care trebuie s\u0103 le p\u0103str\u0103m din motive administrative, legale sau de securitate.<\/p>\n\n\n\n<h2 class=\"wp-block-heading\">Unde transfer\u0103m datele<\/h2>\n\n\n\n<p>Comentariile trimise de vizitatori pot fi verificate de un serviciu automat de filtrare a spam-ului.<\/p>","protected":false},"excerpt":{"rendered":"<p>Kik vagyunk A weboldalunk c\u00edme: https:\/\/ai-xtech.eu. Hozz\u00e1sz\u00f3l\u00e1sok Hozz\u00e1sz\u00f3l\u00e1s bek\u00fcld\u00e9sekor a hozz\u00e1sz\u00f3l\u00e1si \u0171rlapban megadottakon k\u00edv\u00fcl begy\u0171jt\u00e9sre ker\u00fcl a hozz\u00e1sz\u00f3l\u00f3 IP c\u00edme \u00e9s a b\u00f6ng\u00e9sz\u0151azonos\u00edt\u00f3 karakterl\u00e1nc a k\u00e9retlen tartalmak kisz\u0171r\u00e9se c\u00e9lj\u00e1b\u00f3l. Egy szem\u00e9lytelen\u00edtett, az e-mail c\u00edmb\u0151l el\u0151\u00e1ll\u00edtott karakterl\u00e1nc (hashnek szok\u00e1s nevezni) ker\u00fcl tov\u00e1bb\u00edt\u00e1sra a Gravatar szolg\u00e1ltat\u00e1s fel\u00e9, ha ez az oldalon haszn\u00e1latban van. A Gravatar szolg\u00e1ltat\u00e1s felt\u00e9telei [&hellip;]<\/p>\n","protected":false},"author":1,"featured_media":0,"parent":0,"menu_order":0,"comment_status":"closed","ping_status":"closed","template":"","meta":{"_angie_page":false,"site-sidebar-layout":"default","site-content-layout":"default","ast-site-content-layout":"default","site-content-style":"default","site-sidebar-style":"default","ast-global-header-display":"","ast-banner-title-visibility":"","ast-main-header-display":"","ast-hfb-above-header-display":"","ast-hfb-below-header-display":"","ast-hfb-mobile-header-display":"","site-post-title":"","ast-breadcrumbs-content":"","ast-featured-img":"","footer-sml-layout":"","ast-disable-related-posts":"","theme-transparent-header-meta":"default","adv-header-id-meta":"","stick-header-meta":"","header-above-stick-meta":"","header-main-stick-meta":"","header-below-stick-meta":"","astra-migrate-meta-layouts":"default","ast-page-background-enabled":"default","ast-page-background-meta":{"desktop":{"background-color":"","background-image":"","background-repeat":"repeat","background-position":"center center","background-size":"auto","background-attachment":"scroll","background-type":"","background-media":"","overlay-type":"","overlay-color":"","overlay-opacity":"","overlay-gradient":""},"tablet":{"background-color":"","background-image":"","background-repeat":"repeat","background-position":"center center","background-size":"auto","background-attachment":"scroll","background-type":"","background-media":"","overlay-type":"","overlay-color":"","overlay-opacity":"","overlay-gradient":""},"mobile":{"background-color":"","background-image":"","background-repeat":"repeat","background-position":"center center","background-size":"auto","background-attachment":"scroll","background-type":"","background-media":"","overlay-type":"","overlay-color":"","overlay-opacity":"","overlay-gradient":""}},"ast-content-background-meta":{"desktop":{"background-color":"var(--ast-global-color-5)","background-image":"","background-repeat":"repeat","background-position":"center center","background-size":"auto","background-attachment":"scroll","background-type":"","background-media":"","overlay-type":"","overlay-color":"","overlay-opacity":"","overlay-gradient":""},"tablet":{"background-color":"var(--ast-global-color-5)","background-image":"","background-repeat":"repeat","background-position":"center center","background-size":"auto","background-attachment":"scroll","background-type":"","background-media":"","overlay-type":"","overlay-color":"","overlay-opacity":"","overlay-gradient":""},"mobile":{"background-color":"var(--ast-global-color-5)","background-image":"","background-repeat":"repeat","background-position":"center center","background-size":"auto","background-attachment":"scroll","background-type":"","background-media":"","overlay-type":"","overlay-color":"","overlay-opacity":"","overlay-gradient":""}},"footnotes":""},"class_list":["post-1252","page","type-page","status-publish","hentry"],"_links":{"self":[{"href":"https:\/\/ai-xtech.eu\/ro\/wp-json\/wp\/v2\/pages\/1252","targetHints":{"allow":["GET"]}}],"collection":[{"href":"https:\/\/ai-xtech.eu\/ro\/wp-json\/wp\/v2\/pages"}],"about":[{"href":"https:\/\/ai-xtech.eu\/ro\/wp-json\/wp\/v2\/types\/page"}],"author":[{"embeddable":true,"href":"https:\/\/ai-xtech.eu\/ro\/wp-json\/wp\/v2\/users\/1"}],"replies":[{"embeddable":true,"href":"https:\/\/ai-xtech.eu\/ro\/wp-json\/wp\/v2\/comments?post=1252"}],"version-history":[{"count":4,"href":"https:\/\/ai-xtech.eu\/ro\/wp-json\/wp\/v2\/pages\/1252\/revisions"}],"predecessor-version":[{"id":5377,"href":"https:\/\/ai-xtech.eu\/ro\/wp-json\/wp\/v2\/pages\/1252\/revisions\/5377"}],"wp:attachment":[{"href":"https:\/\/ai-xtech.eu\/ro\/wp-json\/wp\/v2\/media?parent=1252"}],"curies":[{"name":"wp","href":"https:\/\/api.w.org\/{rel}","templated":true}]}}