{"id":1250,"date":"2022-09-19T09:28:50","date_gmt":"2022-09-19T09:28:50","guid":{"rendered":"https:\/\/ai-xtech.eu\/?page_id=1250"},"modified":"2022-09-19T09:28:59","modified_gmt":"2022-09-19T09:28:59","slug":"cookie-policy","status":"publish","type":"page","link":"https:\/\/ai-xtech.eu\/ro\/cookie-policy\/","title":{"rendered":"Politica cookie"},"content":{"rendered":"<div class=\"cli_pg_page_contaner\">\n<h3>Politica de cookie-uri<\/h3>\n<div>Aceast\u0103 Politic\u0103 privind cookie-urile explic\u0103 ce sunt cookie-urile \u0219i cum le folosim, tipurile de cookie-uri pe care le folosim, adic\u0103 informa\u021biile pe care le colect\u0103m folosind cookie-uri \u0219i cum sunt utilizate acele informa\u021bii \u0219i cum s\u0103 control\u0103m preferin\u021bele cookie-urilor. Pentru mai multe informa\u021bii despre modul \u00een care folosim, stoc\u0103m \u0219i p\u0103str\u0103m datele dumneavoastr\u0103 personale \u00een siguran\u021b\u0103, consulta\u021bi Politica noastr\u0103 de confiden\u021bialitate.<\/p>\n<p>Pute\u021bi oric\u00e2nd s\u0103 v\u0103 modifica\u021bi sau s\u0103 v\u0103 retrage\u021bi consim\u021b\u0103m\u00e2ntul din Declara\u021bia privind cookie-urile de pe site-ul nostru<br \/>\nAfla\u021bi mai multe despre cine suntem, cum ne pute\u021bi contacta \u0219i cum proces\u0103m datele personale \u00een Politica noastr\u0103 de confiden\u021bialitate.<br \/>\nConsim\u021b\u0103m\u00e2ntul dumneavoastr\u0103 se aplic\u0103 urm\u0103toarelor domenii: ai-xtech.eu<br \/>\n<div class=\"cli_user_consent_state\">Starea ta actual\u0103: Consim\u021b\u0103m\u0103ntul nu a fost dat. <a class=\"cli_manage_current_consent\" style=\"cursor:pointer;text-decoration:underline;\">Administereaz\u0103-\u021bi consim\u021b\u0103m\u0103ntul.<\/a> <\/div><\/p>\n<\/div>\n<h3>Ce sunt cookie-urile?<\/h3>\n<div>Cookie-urile sunt fi\u0219iere text mici folosite pentru a stoca mici informa\u021bii. Acestea sunt stocate pe dispozitiv atunci c\u00e2nd site-ul web este \u00eenc\u0103rcat \u00een browser. Aceste cookie-uri ajut\u0103 site-ul s\u0103 func\u021bioneze corect, \u00eel fac mai sigur, ofer\u0103 o experien\u021b\u0103 mai bun\u0103 pentru utilizator \u0219i ne ajut\u0103 s\u0103 \u00een\u021belegem performan\u021ba site-ului web \u0219i s\u0103 analiz\u0103m ce func\u021bioneaz\u0103 \u0219i unde trebuie \u00eembun\u0103t\u0103\u021bit.<\/div>\n<h3>Cum ar trebui folosite cookie-urile?<\/h3>\n<div>La fel ca majoritatea serviciilor online, site-ul nostru web folose\u0219te cookie-uri de la prima parte \u0219i de la ter\u021bi \u00een mai multe scopuri. Cookie-urile primare sunt \u00een cea mai mare parte necesare pentru ca site-ul web s\u0103 func\u021bioneze corect \u0219i nu colecteaz\u0103 informa\u021bii de identificare personal\u0103. Cookie-urile de la ter\u021be p\u0103r\u021bi utilizate pe site-ul nostru sunt utilizate \u00een principal pentru a \u00een\u021belege cum func\u021bioneaz\u0103 site-ul web, cum interac\u021biona\u021bi cu site-ul nostru, men\u021bine serviciile noastre \u00een siguran\u021b\u0103, dvs. v\u0103 ofer\u0103 reclame relevante \u0219i v\u0103 ofer\u0103 o experien\u021b\u0103 de utilizator din ce \u00een ce mai bun\u0103 \u0219i ajut\u0103 la accelerarea interac\u021biunilor viitoare cu site-ul nostru.<\/div>\n<h3>Ce fel de cookie-uri folosim?<\/h3>\n<div>Esen\u021bial: Unele cookie-uri sunt esen\u021biale pentru a experimenta func\u021bionalitatea complet\u0103 a site-ului nostru. Acestea ne permit s\u0103 men\u021binem sesiunile utilizatorilor \u0219i s\u0103 prevenim amenin\u021b\u0103rile de securitate. Ei nu colecteaz\u0103 \u0219i nu stocheaz\u0103 informa\u021bii personale. De exemplu, aceste cookie-uri v\u0103 permit s\u0103 v\u0103 conecta\u021bi la contul dvs., s\u0103 ad\u0103uga\u021bi produse \u00een co\u0219ul dvs. \u0219i s\u0103 pl\u0103ti\u021bi \u00een siguran\u021b\u0103. Statistici: Aceste cookie-uri stocheaz\u0103 informa\u021bii precum num\u0103rul de vizitatori ai site-ului web, num\u0103rul de vizitatori unici, ce pagini ale site-ului web au fost vizitate, sursa vizitei etc. Aceste date v\u0103 ajut\u0103 s\u0103 \u00een\u021belege\u021bi \u0219i s\u0103 analiza\u021bi performan\u021ba site-ului dvs. \u0219i acolo unde sunt necesare \u00eembun\u0103t\u0103\u021biri.Marketing: site-ul nostru web afi\u0219eaz\u0103 reclame. Folosim aceste cookie-uri pentru a personaliza reclamele afi\u0219ate pentru dvs., astfel \u00eenc\u00e2t acestea s\u0103 fie semnificative pentru dvs. Aceste cookie-uri ajut\u0103, de asemenea, s\u0103 urm\u0103reasc\u0103 eficacitatea acestor campanii de publicitate.Informa\u021biile stocate \u00een aceste cookie-uri pot fi folosite \u0219i de furnizorii externi de publicitate pentru a afi\u0219a reclame pe alte site-uri web ale browserului.Func\u021bionale: Acestea sunt modulele cookie care ajut\u0103 anumite func\u021bionalit\u0103\u021bi neesen\u021biale pe siteul nostru. Aceste func\u021bionalit\u0103\u021bi includ \u00eencorporarea de con\u021binut, cum ar fi videoclipuri sau partajarea con\u021binutului site-ului pe platformele de socializare. Preferin\u021be: Aceste cookie-uri ne ajut\u0103 s\u0103 stoc\u0103m set\u0103rile \u0219i preferin\u021bele dvs. de navigare, cum ar fi preferin\u021bele de limb\u0103, astfel \u00eenc\u00e2t s\u0103 ave\u021bi o experien\u021b\u0103 mai bun\u0103 \u0219i eficient\u0103 \u00een vizitele viitoare pe site.<p>Lista de mai jos detaliaz\u0103 cookie-urile utilizate pe site-ul nostru web.<\/p><table class=\"cookielawinfo-row-cat-table cookielawinfo-classic\"><thead><tr><th class=\"cookielawinfo-column-1\">Cookie-uri<\/th><th class=\"cookielawinfo-column-4\">Descriere<\/th><\/tr><\/thead><tbody><tr class=\"cookielawinfo-row\"><td class=\"cookielawinfo-column-1\">cookielawinfo-checkbox-analytics<\/td><td class=\"cookielawinfo-column-4\">Acest cookie este setat de pluginul GDPR Cookie Consent. Cookie-ul este folosit pentru a stoca consim\u021b\u0103m\u00e2ntul utilizatorului pentru cookie-urile din categoria \u201eAnalitice\u201d.<\/td><\/tr><tr class=\"cookielawinfo-row\"><td class=\"cookielawinfo-column-1\">cookielawinfo-checkbox-functional<\/td><td class=\"cookielawinfo-column-4\">Cookie-ul este setat de consim\u021b\u0103m\u00e2ntul cookie GDPR pentru a \u00eenregistra consim\u021b\u0103m\u00e2ntul utilizatorului pentru cookie-urile din categoria \u201eFunc\u021bionale\u201d.<\/td><\/tr><tr class=\"cookielawinfo-row\"><td class=\"cookielawinfo-column-1\">cookielawinfo-checkbox-necesar<\/td><td class=\"cookielawinfo-column-4\">Acest cookie este setat de pluginul GDPR Cookie Consent. Cookie-urile sunt folosite pentru a stoca consim\u021b\u0103m\u00e2ntul utilizatorului pentru cookie-urile din categoria \u201eNecesare\u201d.<\/td><\/tr><tr class=\"cookielawinfo-row\"><td class=\"cookielawinfo-column-1\">cookielawinfo-checkbox-altele<\/td><td class=\"cookielawinfo-column-4\">Acest cookie este setat de pluginul GDPR Cookie Consent. Cookie-ul este folosit pentru a stoca consim\u021b\u0103m\u00e2ntul utilizatorului pentru cookie-urile din categoria \u201eAltele.<\/td><\/tr><tr class=\"cookielawinfo-row\"><td class=\"cookielawinfo-column-1\">cookielawinfo-checkbox-performance<\/td><td class=\"cookielawinfo-column-4\">Acest cookie este setat de pluginul GDPR Cookie Consent. Cookie-ul este folosit pentru a stoca consim\u021b\u0103m\u00e2ntul utilizatorului pentru cookie-urile din categoria \u201ePerforman\u021b\u0103\u201d.<\/td><\/tr><tr class=\"cookielawinfo-row\"><td class=\"cookielawinfo-column-1\">vizualizate_politica_cookie<\/td><td class=\"cookielawinfo-column-4\">Cookie-ul este setat de pluginul GDPR Cookie Consent \u0219i este folosit pentru a stoca dac\u0103 utilizatorul \u0219i-a dat sau nu consim\u021b\u0103m\u00e2ntul pentru utilizarea cookie-urilor. Nu stocheaz\u0103 date personale.<\/td><\/tr><\/tbody><\/table><\/div>\n<h3>Cum pot controla set\u0103rile cookie-urilor?<\/h3>\n<div>Dac\u0103 decide\u021bi s\u0103 v\u0103 modifica\u021bi set\u0103rile mai t\u00e2rziu \u00een timpul sesiunii de navigare, face\u021bi clic pe fila \u201ePolitica de confiden\u021bialitate \u0219i cookie\u201d de pe ecran. Aceasta va afi\u0219a din nou notificarea de consim\u021b\u0103m\u00e2nt, permi\u021b\u00e2ndu-v\u0103 s\u0103 v\u0103 schimba\u021bi preferin\u021bele sau s\u0103 v\u0103 retrage\u021bi complet consim\u021b\u0103m\u00e2ntul. \u00cen plus, diferite browsere ofer\u0103 modalit\u0103\u021bi diferite de a bloca \u0219i \u0219terge cookie-urile utilizate de site-uri web. Pute\u021bi modifica set\u0103rile browserului pentru a bloca\/\u0219terge cookie-urile. Pentru a afla mai multe despre gestionarea \u0219i \u0219tergerea cookie-urilor, vizita\u021bi wikipedia.org, www.allaboutcookies.org.<\/div>\n<\/div>","protected":false},"excerpt":{"rendered":"<p>Cookie policy This Cookie Policy explains what cookies are and how we use them, the types of cookies we use i.e, the information we collect using cookies and how that information is used, and how to control the cookie preferences. For further information on how we use, store, and keep your personal data secure, see [&hellip;]<\/p>\n","protected":false},"author":1,"featured_media":0,"parent":0,"menu_order":0,"comment_status":"closed","ping_status":"closed","template":"","meta":{"_angie_page":false,"site-sidebar-layout":"default","site-content-layout":"","ast-site-content-layout":"default","site-content-style":"default","site-sidebar-style":"default","ast-global-header-display":"","ast-banner-title-visibility":"","ast-main-header-display":"","ast-hfb-above-header-display":"","ast-hfb-below-header-display":"","ast-hfb-mobile-header-display":"","site-post-title":"","ast-breadcrumbs-content":"","ast-featured-img":"","footer-sml-layout":"","ast-disable-related-posts":"","theme-transparent-header-meta":"","adv-header-id-meta":"","stick-header-meta":"","header-above-stick-meta":"","header-main-stick-meta":"","header-below-stick-meta":"","astra-migrate-meta-layouts":"default","ast-page-background-enabled":"default","ast-page-background-meta":{"desktop":{"background-color":"","background-image":"","background-repeat":"repeat","background-position":"center center","background-size":"auto","background-attachment":"scroll","background-type":"","background-media":"","overlay-type":"","overlay-color":"","overlay-opacity":"","overlay-gradient":""},"tablet":{"background-color":"","background-image":"","background-repeat":"repeat","background-position":"center center","background-size":"auto","background-attachment":"scroll","background-type":"","background-media":"","overlay-type":"","overlay-color":"","overlay-opacity":"","overlay-gradient":""},"mobile":{"background-color":"","background-image":"","background-repeat":"repeat","background-position":"center center","background-size":"auto","background-attachment":"scroll","background-type":"","background-media":"","overlay-type":"","overlay-color":"","overlay-opacity":"","overlay-gradient":""}},"ast-content-background-meta":{"desktop":{"background-color":"var(--ast-global-color-5)","background-image":"","background-repeat":"repeat","background-position":"center center","background-size":"auto","background-attachment":"scroll","background-type":"","background-media":"","overlay-type":"","overlay-color":"","overlay-opacity":"","overlay-gradient":""},"tablet":{"background-color":"var(--ast-global-color-5)","background-image":"","background-repeat":"repeat","background-position":"center center","background-size":"auto","background-attachment":"scroll","background-type":"","background-media":"","overlay-type":"","overlay-color":"","overlay-opacity":"","overlay-gradient":""},"mobile":{"background-color":"var(--ast-global-color-5)","background-image":"","background-repeat":"repeat","background-position":"center center","background-size":"auto","background-attachment":"scroll","background-type":"","background-media":"","overlay-type":"","overlay-color":"","overlay-opacity":"","overlay-gradient":""}},"footnotes":""},"class_list":["post-1250","page","type-page","status-publish","hentry"],"_links":{"self":[{"href":"https:\/\/ai-xtech.eu\/ro\/wp-json\/wp\/v2\/pages\/1250","targetHints":{"allow":["GET"]}}],"collection":[{"href":"https:\/\/ai-xtech.eu\/ro\/wp-json\/wp\/v2\/pages"}],"about":[{"href":"https:\/\/ai-xtech.eu\/ro\/wp-json\/wp\/v2\/types\/page"}],"author":[{"embeddable":true,"href":"https:\/\/ai-xtech.eu\/ro\/wp-json\/wp\/v2\/users\/1"}],"replies":[{"embeddable":true,"href":"https:\/\/ai-xtech.eu\/ro\/wp-json\/wp\/v2\/comments?post=1250"}],"version-history":[{"count":2,"href":"https:\/\/ai-xtech.eu\/ro\/wp-json\/wp\/v2\/pages\/1250\/revisions"}],"predecessor-version":[{"id":2676,"href":"https:\/\/ai-xtech.eu\/ro\/wp-json\/wp\/v2\/pages\/1250\/revisions\/2676"}],"wp:attachment":[{"href":"https:\/\/ai-xtech.eu\/ro\/wp-json\/wp\/v2\/media?parent=1250"}],"curies":[{"name":"wp","href":"https:\/\/api.w.org\/{rel}","templated":true}]}}