{"id":7488,"date":"2025-03-11T18:22:44","date_gmt":"2025-03-11T17:22:44","guid":{"rendered":"https:\/\/ai-xtech.eu\/?post_type=product&#038;p=7488"},"modified":"2026-04-08T11:57:35","modified_gmt":"2026-04-08T10:57:35","slug":"zenpeak-melleny","status":"publish","type":"product","link":"https:\/\/ai-xtech.eu\/ja\/product\/zenpeak-melleny\/","title":{"rendered":"ZenPeak\u30d9\u30b9\u30c8"},"content":{"rendered":"<h1><b>ZenPeak\u30d9\u30b9\u30c8<\/b><\/h1>\n<p>\u91cf\uff1a<strong> \u6ce8\u6587\u304b\u30894\uff5e8\u9031\u9593<\/strong><\/p>\n<p><span dir=\"auto\">\u96fb\u78c1\u5834\u8a98\u5c0e\u30b3\u30a4\u30eb\u3068\u9759\u78c1\u5834\u30e2\u30fc\u30c9\u3078\u306e\u5207\u308a\u66ff\u3048\u6a5f\u80fd\u3092\u5099\u3048\u305f\u81ea\u7acb\u578b\u30d9\u30b9\u30c8\u3002\u30b3\u30f3\u30bb\u30f3\u30c8\u306b\u63a5\u7d9a\u3059\u308b\u5fc5\u8981\u304c\u306a\u304f\u3001\u5feb\u9069\u306b\u6bce\u65e5\u4f7f\u7528\u3067\u304d\u308b\u3088\u3046\u306b\u8a2d\u8a08\u3055\u308c\u3066\u3044\u307e\u3059\u3002\u30b8\u30a7\u30cd\u30ec\u30fc\u30bf\u30fc\u306f\u30d9\u30b9\u30c8\u306b\u76f4\u63a5\u53d6\u308a\u4ed8\u3051\u308b\u3053\u3068\u304c\u3067\u304d\u308b\u305f\u3081\u3001\u5ba4\u5185\u3084\u6b69\u884c\u4e2d\u3067\u3082\u81ea\u7531\u306b\u52d5\u304d\u56de\u308b\u3053\u3068\u304c\u3067\u304d\u307e\u3059\u3002\u5f93\u6765\u306e\u30b3\u30a4\u30eb\u3068\u540c\u3058\u7279\u6027\u3092\u5099\u3048\u3066\u3044\u307e\u3059\u3002.<\/span><\/p>\n<p><span dir=\"auto\">\u3053\u306e\u6cbb\u7642\u306e\u91cd\u8981\u306a\u7279\u5fb4\u306f\u3001\u4f53\u306e\u3088\u308a\u5e83\u3044\u7bc4\u56f2\u3092\u4e21\u5074\u304b\u3089\u540c\u6642\u306b\u6cbb\u7642\u3067\u304d\u308b\u3053\u3068\u3067\u3059\u3002\u3053\u308c\u306b\u3088\u308a\u6cbb\u7642\u52b9\u7387\u304c\u5411\u4e0a\u3057\u3001\u6cbb\u7642\u6642\u9593\u304c\u77ed\u7e2e\u3055\u308c\u307e\u3059\u3002\u3053\u308c\u306f\u3001\u6607\u5727\u30c8\u30e9\u30f3\u30b9\u3092\u4ecb\u3057\u3066\u9759\u96fb\u6c17\u30e2\u30fc\u30c9\u306b\u5207\u308a\u66ff\u3048\u308b\u3053\u3068\u3067\u5b9f\u73fe\u3055\u308c\u307e\u3059\u3002\u30d9\u30b9\u30c8\u306e\u64cd\u4f5c\u306b\u306f\u5225\u306e\u65b9\u6cd5\u3082\u7528\u3044\u3089\u308c\u307e\u3059\u3002\u9759\u96fb\u5834\u3092\u7528\u3044\u3066\u60a3\u8005\u306b\u4f5c\u7528\u3055\u305b\u308b\u3053\u306e\u65b9\u6cd5\u306f\u3001\u4f4e\u5468\u6ce2\u30fb\u9ad8\u5f37\u5ea6\u306e\u4ea4\u6d41\u9759\u96fb\u5834\u3068\u4f53\u3068\u306e\u76f8\u4e92\u4f5c\u7528\u306b\u57fa\u3065\u3044\u3066\u3044\u307e\u3059\u3002.<\/span><\/p>\n<p><span dir=\"auto\">\u9759\u96fb\u5834\u306f\u69d8\u3005\u306a\u30ec\u30d9\u30eb\u306e\u7d44\u7e54\u632f\u52d5\u3092\u5f15\u304d\u8d77\u3053\u3057\u3001\u305d\u308c\u306f\u304b\u306a\u308a\u6df1\u3044\u3068\u3053\u308d\u307e\u3067\u4f1d\u64ad\u3057\u307e\u3059\u3002\u3053\u308c\u3089\u306e\u7d44\u7e54\u632f\u52d5\uff08\u5909\u4f4d\uff09\u306f\u3001\u305d\u306e\u5468\u6ce2\u6570\u3001\u5f37\u5ea6\u3001\u304a\u3088\u3073\u9069\u7528\u671f\u9593\u306b\u5fdc\u3058\u3066\u3001\u795e\u7d4c\u53d7\u5bb9\u4f53\u7cfb\u3001\u5c40\u6240\u7684\u306a\u8840\u6db2\u30fb\u30ea\u30f3\u30d1\u7cfb\u3001\u7b4b\u7dca\u5f35\u306e\u8abf\u7bc0\u3001\u305d\u3057\u3066\u5185\u81d3\u306e\u6a5f\u80fd\u72b6\u614b\u306b\u5f71\u97ff\u3092\u4e0e\u3048\u307e\u3059\u3002.<\/span><\/p>\n<p><span dir=\"auto\">\u63d0\u793a\u3055\u308c\u305f\u9759\u96fb\u7642\u6cd5\u306e\u65b9\u6cd5\u306f\u3001\u7b4b\u9aa8\u683c\u7cfb\u306e\u75c5\u72b6\u3001\u4e2d\u67a2\u795e\u7d4c\u7cfb\u304a\u3088\u3073\u672b\u68a2\u795e\u7d4c\u7cfb\u306e\u75be\u60a3\u3001\u30ea\u30f3\u30d1\u304a\u3088\u3073\u9759\u8108\u306e\u6a5f\u80fd\u4e0d\u5168\u3001\u306a\u3089\u3073\u306b\u6c17\u7ba1\u652f\u80ba\u7cfb\u304a\u3088\u3073\u6d88\u5316\u5668\u7cfb\u306e\u75c5\u72b6\u306e\u6cbb\u7642\u306b\u52b9\u679c\u7684\u3067\u3059\u3002.<\/span><\/p>\n<p><span dir=\"auto\">\u8a73\u7d30\uff1a<\/span><\/p>\n<p><span dir=\"auto\">\u30d9\u30b9\u30c8 \u30ad\u30c3\u30c8\u306f\u3001\u30d9\u30b9\u30c8\u81ea\u4f53\u306b\u3042\u308b 2 \u3064\u306e\u7d71\u5408 MGTF \u30ef\u30a4\u30e4 \u30b3\u30a4\u30eb\u3001\u30e2\u30d0\u30a4\u30eb 300 kHz \u6b63\u5f26\u6ce2\u767a\u751f\u5668\u3001\u5145\u96fb\u30e6\u30cb\u30c3\u30c8\u3001\u304a\u3088\u3073\u6607\u5727\u30c8\u30e9\u30f3\u30b9\u304b\u3089\u69cb\u6210\u3055\u308c\u307e\u3059\u3002.<\/span><\/p>","protected":false},"excerpt":{"rendered":"<p>A ZenPeak mell\u00e9ny Mennyis\u00e9g: 4-8 h\u00e9t rend\u00e9lesi ido \u00d6n\u00e1ll\u00f3 mell\u00e9ny elektrom\u00e1gneses mez\u0151 indukci\u00f3s tekercsekkel \u00e9s statikus mez\u0151 \u00fczemm\u00f3dba kapcsolhat\u00f3s\u00e1g\u00e1val. K\u00e9nyelmes, mindennapi haszn\u00e1latra tervezve, an\u00e9lk\u00fcl, hogy konnektorhoz kellene k\u00f6tni. A gener\u00e1tor k\u00f6zvetlen\u00fcl a mell\u00e9nyhez r\u00f6gz\u00edthet\u0151, \u00edgy szabad mozg\u00e1st biztos\u00edt a szob\u00e1ban vagy j\u00e1r\u00e1s k\u00f6zben. Ugyanazokkal a tulajdons\u00e1gokkal rendelkezik, mint a hagyom\u00e1nyos tekercsek. A kezel\u00e9s egyik kulcsfontoss\u00e1g\u00fa jellemz\u0151je, hogy a test nagyobb ter\u00fclet\u00e9t lehet egyszerre kezelni mindk\u00e9t oldalr\u00f3l. Ez n\u00f6veli a hat\u00e9konys\u00e1got \u00e9s cs\u00f6kkenti a kezel\u00e9si id\u0151t. Ez statikus \u00fczemm\u00f3dra val\u00f3 \u00e1tkapcsol\u00e1ssal \u00e9rhet\u0151 el egy fesz\u00fclts\u00e9gn\u00f6vel\u0151 transzform\u00e1toron kereszt\u00fcl. A mell\u00e9ny m\u0171k\u00f6dtet\u00e9s\u00e9nek egy m\u00e1sik m\u00f3dszer\u00e9t alkalmazzuk. A p\u00e1ciens elektrosztatikus mez\u0151vel val\u00f3 befoly\u00e1sol\u00e1s\u00e1nak ez a m\u00f3dja a test v\u00e1ltakoz\u00f3 alacsony frekvenci\u00e1j\u00fa, nagy intenzit\u00e1s\u00fa elektrosztatikus [&hellip;]<\/p>\n","protected":false},"featured_media":7489,"comment_status":"closed","ping_status":"closed","template":"","meta":{"_angie_page":false,"site-sidebar-layout":"default","site-content-layout":"","ast-site-content-layout":"default","site-content-style":"default","site-sidebar-style":"default","ast-global-header-display":"","ast-banner-title-visibility":"","ast-main-header-display":"","ast-hfb-above-header-display":"","ast-hfb-below-header-display":"","ast-hfb-mobile-header-display":"","site-post-title":"","ast-breadcrumbs-content":"","ast-featured-img":"","footer-sml-layout":"","ast-disable-related-posts":"","theme-transparent-header-meta":"default","adv-header-id-meta":"","stick-header-meta":"","header-above-stick-meta":"","header-main-stick-meta":"","header-below-stick-meta":"","astra-migrate-meta-layouts":"set","ast-page-background-enabled":"default","ast-page-background-meta":{"desktop":{"background-color":"","background-image":"","background-repeat":"repeat","background-position":"center center","background-size":"auto","background-attachment":"scroll","background-type":"","background-media":"","overlay-type":"","overlay-color":"","overlay-opacity":"","overlay-gradient":""},"tablet":{"background-color":"","background-image":"","background-repeat":"repeat","background-position":"center center","background-size":"auto","background-attachment":"scroll","background-type":"","background-media":"","overlay-type":"","overlay-color":"","overlay-opacity":"","overlay-gradient":""},"mobile":{"background-color":"","background-image":"","background-repeat":"repeat","background-position":"center center","background-size":"auto","background-attachment":"scroll","background-type":"","background-media":"","overlay-type":"","overlay-color":"","overlay-opacity":"","overlay-gradient":""}},"ast-content-background-meta":{"desktop":{"background-color":"var(--ast-global-color-5)","background-image":"","background-repeat":"repeat","background-position":"center center","background-size":"auto","background-attachment":"scroll","background-type":"","background-media":"","overlay-type":"","overlay-color":"","overlay-opacity":"","overlay-gradient":""},"tablet":{"background-color":"var(--ast-global-color-5)","background-image":"","background-repeat":"repeat","background-position":"center center","background-size":"auto","background-attachment":"scroll","background-type":"","background-media":"","overlay-type":"","overlay-color":"","overlay-opacity":"","overlay-gradient":""},"mobile":{"background-color":"var(--ast-global-color-5)","background-image":"","background-repeat":"repeat","background-position":"center center","background-size":"auto","background-attachment":"scroll","background-type":"","background-media":"","overlay-type":"","overlay-color":"","overlay-opacity":"","overlay-gradient":""}}},"product_brand":[],"product_cat":[22],"product_tag":[],"class_list":{"0":"post-7488","1":"product","2":"type-product","3":"status-publish","4":"has-post-thumbnail","6":"product_cat-hullamgenetikai-megoldasok","7":"product_shipping_class-free","8":"desktop-align-left","9":"tablet-align-left","10":"mobile-align-left","12":"first","13":"instock","14":"taxable","15":"shipping-taxable","16":"purchasable","17":"product-type-simple"},"_links":{"self":[{"href":"https:\/\/ai-xtech.eu\/ja\/wp-json\/wp\/v2\/product\/7488","targetHints":{"allow":["GET"]}}],"collection":[{"href":"https:\/\/ai-xtech.eu\/ja\/wp-json\/wp\/v2\/product"}],"about":[{"href":"https:\/\/ai-xtech.eu\/ja\/wp-json\/wp\/v2\/types\/product"}],"replies":[{"embeddable":true,"href":"https:\/\/ai-xtech.eu\/ja\/wp-json\/wp\/v2\/comments?post=7488"}],"version-history":[{"count":7,"href":"https:\/\/ai-xtech.eu\/ja\/wp-json\/wp\/v2\/product\/7488\/revisions"}],"predecessor-version":[{"id":8098,"href":"https:\/\/ai-xtech.eu\/ja\/wp-json\/wp\/v2\/product\/7488\/revisions\/8098"}],"wp:featuredmedia":[{"embeddable":true,"href":"https:\/\/ai-xtech.eu\/ja\/wp-json\/wp\/v2\/media\/7489"}],"wp:attachment":[{"href":"https:\/\/ai-xtech.eu\/ja\/wp-json\/wp\/v2\/media?parent=7488"}],"wp:term":[{"taxonomy":"product_brand","embeddable":true,"href":"https:\/\/ai-xtech.eu\/ja\/wp-json\/wp\/v2\/product_brand?post=7488"},{"taxonomy":"product_cat","embeddable":true,"href":"https:\/\/ai-xtech.eu\/ja\/wp-json\/wp\/v2\/product_cat?post=7488"},{"taxonomy":"product_tag","embeddable":true,"href":"https:\/\/ai-xtech.eu\/ja\/wp-json\/wp\/v2\/product_tag?post=7488"}],"curies":[{"name":"wp","href":"https:\/\/api.w.org\/{rel}","templated":true}]}}