{"id":7175,"date":"2024-08-07T15:43:32","date_gmt":"2024-08-07T14:43:32","guid":{"rendered":"https:\/\/ai-xtech.eu\/?post_type=product&#038;p=7175"},"modified":"2026-04-08T11:58:16","modified_gmt":"2026-04-08T10:58:16","slug":"zenpeak-aura-torzos-technologia","status":"publish","type":"product","link":"https:\/\/ai-xtech.eu\/ja\/product\/zenpeak-aura-torzos-technologia\/","title":{"rendered":"\u5065\u5eb7\u306e\u9060\u9694\u56de\u5fa9 - (ZenPeakAura)"},"content":{"rendered":"<p>\u30bc\u30f3\u30d4\u30fc\u30af\u30aa\u30fc\u30e9<br \/>\n\u3053\u306e\u7cbe\u529b\u7684\u306a\u30c8\u30ea\u30fc\u30c8\u30e1\u30f3\u30c8\u306f\u3001\u5065\u5eb7\u306a\u72b6\u614b\u3092\u56de\u5fa9\u3059\u308b\u3053\u3068\u3092\u76ee\u7684\u3068\u3057\u3066\u3044\u307e\u3059\u3002<br \/>\n\u30c8\u30fc\u30b7\u30e7\u30f3\u30d3\u30fc\u30e0\u306b\u3088\u308b\u5f37\u529b\u306a\u6cbb\u7642\u306f1\u9031\u9593\u7d9a\u304d\u307e\u3059\u3002<\/p>\n<p>4 \u9031\u9593\u306b\u308f\u305f\u308a\u3001\u6bce\u9031 1 \u56de\u91d1\u66dc\u65e5\u306b\u3001\u3042\u306a\u305f\u306e\u5199\u771f\u3092\u4f7f\u7528\u3057\u3066\u306d\u3058\u308a\u4fe1\u53f7\u767a\u4fe1\u88c5\u7f6e\u3092\u8d77\u52d5\u3057\u307e\u3059\u3002<br \/>\n\u554f\u984c\u3092\u8003\u616e\u3057\u3066\u30a6\u30a7\u30fc\u30d6\u30ec\u30c3\u30c8\u907a\u4f1d\u884c\u5217\u3068\u7d44\u307f\u5408\u308f\u305b\u307e\u3059\u3002<br \/>\n\u8cfc\u5165\u5f8c\u306b\u304a\u9001\u308a\u3059\u308b\u30c7\u30fc\u30bf\u30b7\u30fc\u30c8\u306b\u8a18\u5165\u3059\u308b\u5fc5\u8981\u304c\u3042\u308a\u307e\u3059\u3002<\/p>\n<p>\u79c1\u305f\u3061\u306f\u91cf\u5b50\u975e\u5c40\u6240\u6280\u8853\u3092\u62e1\u5f35\u3057\u305f\u306e\u3067\u3001\u30a8\u30cd\u30eb\u30ae\u30fc\u6cbb\u7642\u4e2d\u306b\u305d\u308c\u304c\u5b58\u5728\u3059\u308b\u5fc5\u8981\u306f\u3042\u308a\u307e\u305b\u3093\u3002<br \/>\n\u4e16\u754c\u4e2d\u306e\u3069\u3053\u306b\u3067\u3082\u6ede\u5728\u3057\u3066\u3001\u4eba\u751f\u306e\u6a5f\u4f1a\u3068\u559c\u3073\u3092\u697d\u3057\u3080\u3053\u3068\u304c\u3067\u304d\u307e\u3059\u3002<\/p>\n<p>\u3055\u3089\u306b\u3001\u52b9\u679c\u3092\u78ba\u5b9f\u306b\u3059\u308b\u305f\u3081\u306b\u30013 \u3064\u306e\u4e00\u822c\u7684\u306a\u6ce2\u52d5\u907a\u4f1d\u5b50\u30de\u30c8\u30ea\u30c3\u30af\u30b9\u3092\u4f7f\u7528\u3059\u308b\u3053\u3068\u3082\u3067\u304d\u307e\u3059\u3002\u3053\u308c\u306b\u306f\u4e8b\u524d\u306b\u5f53\u793e\u3068\u540c\u610f\u3059\u308b\u5fc5\u8981\u304c\u3042\u308a\u307e\u3059\u3002\u30c0\u30a6\u30f3\u30ed\u30fc\u30c9 \u30ea\u30f3\u30af\u3092\u304a\u9001\u308a\u3057\u307e\u3059\u3002\u307e\u305f\u3001\u6ce2\u52d5\u907a\u4f1d\u5b50\u6280\u8853\u304c\u4e0d\u660e\u306a\u5834\u5408\u306f\u3001\u8a73\u7d30\u306a\u30d3\u30c7\u30aa \u30d9\u30fc\u30b9\u306e\u30e6\u30fc\u30b6\u30fc \u30ac\u30a4\u30c9\u3092\u53d7\u3051\u53d6\u308a\u307e\u3059\u3002<\/p>\n<p>\u3053\u308c\u3089\u306e\u30b5\u30a6\u30f3\u30c9 \u30d5\u30a1\u30a4\u30eb\u306f\u3001\u4f53\u306e\u30a8\u30cd\u30eb\u30ae\u30fc \u30d0\u30e9\u30f3\u30b9\u3092\u56de\u5fa9\u3059\u308b\u3053\u3068\u3092\u76ee\u7684\u3068\u3057\u3066\u3044\u307e\u3059\u3002<\/p>\n<p>\u3053\u308c\u307e\u3067\u306e\u3068\u3053\u308d\u3001\u3053\u306e\u3088\u3046\u306a\u30a8\u30cd\u30eb\u30ae\u30fc\u3092\u7d44\u307f\u5408\u308f\u305b\u305f\u65b9\u6cd5\u306e\u6a5f\u4f1a\u3092\u63d0\u4f9b\u3057\u305f\u4eba\u306f\u8ab0\u3082\u3044\u307e\u305b\u3093\u3002\u4e88\u60f3\u3055\u308c\u308b\u5909\u5316\u306f1\u9031\u9593\u4ee5\u5185\u3067\u3082\u767a\u751f\u3059\u308b\u53ef\u80fd\u6027\u304c\u3042\u308a\u307e\u3059\u304c\u3001\u901a\u5e38\u3001\u30d7\u30ed\u30bb\u30b9\u5168\u4f53\u306e\u7d4c\u904e\u306b\u306f6\u304b\u6708\u304b\u304b\u308a\u307e\u3059\u3002<\/p>\n<p>\u3053\u306e\u6280\u8853\u306f\u3001\u30d5\u30e9\u30f3\u30b9\u306e\u751f\u7269\u7269\u7406\u5b66\u8005\u30ea\u30e5\u30c3\u30af\u30fb\u30e2\u30f3\u30c6\u30cb\u30a8\u6559\u6388\uff08\u6c34\u60c5\u5831\u306e\u4fdd\u5b58\u3001\u97f3\u306b\u57fa\u3065\u304fDNA\u56de\u53ce\u3001HIV\u30a6\u30a4\u30eb\u30b9\u306e\u767a\u898b\u306e\u305f\u3081\u306b\u958b\u767a\u3055\u308c\u305f\u539f\u7406 - \u30ce\u30fc\u30d9\u30eb\u8cde\uff09\u3001\u30a2\u30ca\u30c8\u30ea\u30fc\u30fb\u30d1\u30d6\u30ec\u30f3\u30b3\u30fb\u30a2\u30ad\u30e2\u30d5\u6559\u6388\uff08\u958b\u767a\u8005\u304a\u3088\u3073\u5fdc\u7528\u8005\uff09\u306b\u3088\u3063\u3066\u5275\u8a2d\u3055\u308c\u307e\u3057\u305f\u3002\u306d\u3058\u308c\u6642\u7a7a\u7406\u8ad6\uff09\u306f\u3001\u30d7\u30ed\u30bb\u30b9\u306e\u80cc\u5f8c\u306b\u3042\u308b\u30a8\u30cd\u30eb\u30ae\u30fc\u30e2\u30c7\u30eb\u304c\u30d4\u30e7\u30fc\u30c8\u30eb\u30fb\u30da\u30c8\u30ed\u30f4\u30a3\u30c3\u30c1\u30fb\u30ac\u30eb\u30b8\u30e3\u30a8\u30d5\u535a\u58eb\uff08\u30ed\u30b7\u30a2\u306e\u751f\u7269\u79d1\u5b66\u6559\u6388\uff09\u306b\u3088\u3063\u3066\u4f5c\u6210\u3055\u308c\u305f\u3053\u3068\u3092\u8a8d\u8b58\u3057\u3066\u304a\u308a\u3001\u3053\u308c\u306f\u751f\u4f53\u30b5\u30f3\u30d7\u30eb\u304b\u3089\u306e\u6ce2\u52d5\u907a\u4f1d\u30d5\u30a1\u30a4\u30eb\u306e\u6700\u521d\u306e\u30d7\u30ed\u30c8\u30bf\u30a4\u30d7\u3067\u3042\u308a\u3001\u5f7c\u306f\u305d\u308c\u3089\u3092\u7d30\u80de\u306b\u9069\u7528\u3057\u307e\u3057\u305f\u3002\u30b5\u30f3\u30d7\u30eb\u3001\u52d5\u7269\u3001\u305d\u3057\u3066\u4eba\u9593\u3002<br \/>\n\u3053\u306e\u30c6\u30af\u30ce\u30ed\u30b8\u30fc\u306e\u7d44\u307f\u5408\u308f\u305b\u306f\u3001G\u00e1bor Roland T\u00f3th (\u7814\u7a76\u8005) (Ai-Xtech GmbH) \u306b\u3088\u3063\u3066\u521d\u3081\u3066\u5e83\u7bc4\u56f2\u306b\u9069\u7528\u3055\u308c\u307e\u3057\u305f\u3002<\/p>\n<p><strong>\u30d1\u30c3\u30b1\u30fc\u30b8\u5185\u5bb9: 4\u9031\u9593\u306e\u306d\u3058\u308a\u30a8\u30cd\u30eb\u30ae\u30fc\u6cbb\u7642\uff08\u9060\u9694\u6cbb\u7642\uff09<\/strong><\/p>\n<p><strong>\u3042\u306a\u305f\u3084\u3042\u306a\u305f\u306e\u5bb6\u65cf\u304c\u3044\u3064\u3067\u3082\u4f7f\u7528\u3067\u304d\u308b 3 \u3064\u306e\u4e00\u822c\u7684\u306a\u6ce2\u52d5\u907a\u4f1d\u30de\u30c8\u30ea\u30c3\u30af\u30b9!<\/strong><\/p>\n<p><strong>\u30df\u30b7\u30e5\u30b3\u30eb\u30c4\u306730\u5206\u306e\u30e1\u30c9\u30d9\u30c3\u30c9\uff08\u30ac\u30eb\u30b8\u30e3\u30a8\u30d5\u30ab\u30d7\u30bb\u30eb\uff09\u6cbb\u7642\u3002\u30df\u30b7\u30e5\u30b3\u30eb\u30c4\u30d0\u30a4\u30aa\u30a4\u30f3\u30d5\u30a9\u30de\u30c6\u30a3\u30af\u30b9\u30af\u30ea\u30cb\u30c3\u30af\u3001J\u00e0nos \u00f9t 1<\/strong><\/p>\n<p>(\u30bc\u30f3\u30d4\u30fc\u30af\u30aa\u30fc\u30e9)<\/p>","protected":false},"excerpt":{"rendered":"<p>ZenPeak Aura Ezen energetikai kezel\u00e9s, az eg\u00e9szs\u00e9ges \u00e1llapotot hivatott vissza\u00e1ll\u00edtani. Az energetikai kezel\u00e9s a torzi\u00f3s jelsug\u00e1rz\u00f3val, 1 h\u00e9tig tart. 4 h\u00e9tig, hetente 1 alkalommal, p\u00e9nteken aktiv\u00e1lunk egy torzi\u00f3s jel emitter eszk\u00f6zt, az \u00d6n fot\u00f3j\u00e1val kombin\u00e1lva a hull\u00e1mgenetikai m\u00e1trixokkal az \u00d6n probl\u00e9m\u00e1j\u00e1t figyelembe v\u00e9ve. Ki kell t\u00f6ltenie egy adatlapot, melyet a v\u00e1s\u00e1rl\u00e1s ut\u00e1n elk\u00fcld\u00fcnk. A kvantum nonlok\u00e1lis technol\u00f3gi\u00e1t terjesztett\u00fck ki, \u00edgy nem kell jelen lennie az energetikai kezel\u00e9s alatt, a vil\u00e1gon b\u00e1rhol tart\u00f3zkodhat \u00e9s \u00e9lvezheti az \u00e9let ny\u00fajtotta lehet\u0151s\u00e9geket \u00e9s \u00f6r\u00f6m\u00f6ket! Ezen fel\u00fcl, hogy biztosak legy\u00fcnk a hat\u00e9konys\u00e1gban, 3 darab \u00e1ltal\u00e1nos hull\u00e1mgenetikai m\u00e1trixot is felhaszn\u00e1lhat, melyet vel\u00fcnk kell el\u0151re egyeztetnie, a let\u00f6lt\u00e9si linkeket kik\u00fcldj\u00fck, \u00e9s r\u00e9szletes vide\u00f3 alap\u00fa haszn\u00e1lati \u00fatmutat\u00f3t kap, [&hellip;]<\/p>\n","protected":false},"featured_media":7176,"comment_status":"closed","ping_status":"closed","template":"","meta":{"_angie_page":false,"site-sidebar-layout":"default","site-content-layout":"","ast-site-content-layout":"default","site-content-style":"default","site-sidebar-style":"default","ast-global-header-display":"","ast-banner-title-visibility":"","ast-main-header-display":"","ast-hfb-above-header-display":"","ast-hfb-below-header-display":"","ast-hfb-mobile-header-display":"","site-post-title":"","ast-breadcrumbs-content":"","ast-featured-img":"","footer-sml-layout":"","ast-disable-related-posts":"","theme-transparent-header-meta":"default","adv-header-id-meta":"","stick-header-meta":"","header-above-stick-meta":"","header-main-stick-meta":"","header-below-stick-meta":"","astra-migrate-meta-layouts":"set","ast-page-background-enabled":"default","ast-page-background-meta":{"desktop":{"background-color":"","background-image":"","background-repeat":"repeat","background-position":"center center","background-size":"auto","background-attachment":"scroll","background-type":"","background-media":"","overlay-type":"","overlay-color":"","overlay-opacity":"","overlay-gradient":""},"tablet":{"background-color":"","background-image":"","background-repeat":"repeat","background-position":"center center","background-size":"auto","background-attachment":"scroll","background-type":"","background-media":"","overlay-type":"","overlay-color":"","overlay-opacity":"","overlay-gradient":""},"mobile":{"background-color":"","background-image":"","background-repeat":"repeat","background-position":"center center","background-size":"auto","background-attachment":"scroll","background-type":"","background-media":"","overlay-type":"","overlay-color":"","overlay-opacity":"","overlay-gradient":""}},"ast-content-background-meta":{"desktop":{"background-color":"var(--ast-global-color-5)","background-image":"","background-repeat":"repeat","background-position":"center center","background-size":"auto","background-attachment":"scroll","background-type":"","background-media":"","overlay-type":"","overlay-color":"","overlay-opacity":"","overlay-gradient":""},"tablet":{"background-color":"var(--ast-global-color-5)","background-image":"","background-repeat":"repeat","background-position":"center center","background-size":"auto","background-attachment":"scroll","background-type":"","background-media":"","overlay-type":"","overlay-color":"","overlay-opacity":"","overlay-gradient":""},"mobile":{"background-color":"var(--ast-global-color-5)","background-image":"","background-repeat":"repeat","background-position":"center center","background-size":"auto","background-attachment":"scroll","background-type":"","background-media":"","overlay-type":"","overlay-color":"","overlay-opacity":"","overlay-gradient":""}}},"product_brand":[],"product_cat":[22],"product_tag":[],"class_list":{"0":"post-7175","1":"product","2":"type-product","3":"status-publish","4":"has-post-thumbnail","6":"product_cat-hullamgenetikai-megoldasok","7":"product_shipping_class-free","8":"desktop-align-left","9":"tablet-align-left","10":"mobile-align-left","12":"first","13":"instock","14":"taxable","15":"shipping-taxable","16":"purchasable","17":"product-type-simple"},"_links":{"self":[{"href":"https:\/\/ai-xtech.eu\/ja\/wp-json\/wp\/v2\/product\/7175","targetHints":{"allow":["GET"]}}],"collection":[{"href":"https:\/\/ai-xtech.eu\/ja\/wp-json\/wp\/v2\/product"}],"about":[{"href":"https:\/\/ai-xtech.eu\/ja\/wp-json\/wp\/v2\/types\/product"}],"replies":[{"embeddable":true,"href":"https:\/\/ai-xtech.eu\/ja\/wp-json\/wp\/v2\/comments?post=7175"}],"version-history":[{"count":8,"href":"https:\/\/ai-xtech.eu\/ja\/wp-json\/wp\/v2\/product\/7175\/revisions"}],"predecessor-version":[{"id":7309,"href":"https:\/\/ai-xtech.eu\/ja\/wp-json\/wp\/v2\/product\/7175\/revisions\/7309"}],"wp:featuredmedia":[{"embeddable":true,"href":"https:\/\/ai-xtech.eu\/ja\/wp-json\/wp\/v2\/media\/7176"}],"wp:attachment":[{"href":"https:\/\/ai-xtech.eu\/ja\/wp-json\/wp\/v2\/media?parent=7175"}],"wp:term":[{"taxonomy":"product_brand","embeddable":true,"href":"https:\/\/ai-xtech.eu\/ja\/wp-json\/wp\/v2\/product_brand?post=7175"},{"taxonomy":"product_cat","embeddable":true,"href":"https:\/\/ai-xtech.eu\/ja\/wp-json\/wp\/v2\/product_cat?post=7175"},{"taxonomy":"product_tag","embeddable":true,"href":"https:\/\/ai-xtech.eu\/ja\/wp-json\/wp\/v2\/product_tag?post=7175"}],"curies":[{"name":"wp","href":"https:\/\/api.w.org\/{rel}","templated":true}]}}