{"id":6263,"date":"2023-12-02T16:40:11","date_gmt":"2023-12-02T16:40:11","guid":{"rendered":"https:\/\/ai-xtech.eu\/?post_type=product&#038;p=6263"},"modified":"2026-04-08T11:59:50","modified_gmt":"2026-04-08T10:59:50","slug":"zenpeak-modulator-egyeni-matrixxal","status":"publish","type":"product","link":"https:\/\/ai-xtech.eu\/ja\/product\/zenpeak-modulator-egyeni-matrixxal\/","title":{"rendered":"ZenPeak \u6ce2\u907a\u4f1d\u5909\u8abf\u5668 (\u3059\u3079\u3066\u306e Garjayev \u30de\u30c8\u30ea\u30c3\u30af\u30b9\u3092\u4f7f\u7528)"},"content":{"rendered":"<p><strong>\u914d\u9001\u306b2\u30f6\u6708\u304b\u304b\u308a\u307e\u3059\uff01<br \/>\n<\/strong><\/p>\n<ul>\n<li data-start=\"1044\" data-end=\"1085\">\n<p data-start=\"1046\" data-end=\"1085\">60\u5206\u306e\u30d1\u30fc\u30bd\u30ca\u30eb\u30b7\u30b9\u30c6\u30e0\u30bb\u30c3\u30c8\u30a2\u30c3\u30d7<\/p>\n<\/li>\n<li data-start=\"1086\" data-end=\"1115\">\n<p data-start=\"1088\" data-end=\"1115\">30\u65e5\u9593\u306e\u30d5\u30a9\u30ed\u30fc\u30a2\u30c3\u30d7\u30c1\u30a7\u30c3\u30af\u30a4\u30f3<\/p>\n<\/li>\n<li data-start=\"1116\" data-end=\"1140\">\n<p data-start=\"1118\" data-end=\"1140\">\u69cb\u9020\u5316\u30d7\u30ed\u30c8\u30b3\u30eb<\/p>\n<\/li>\n<li data-start=\"1141\" data-end=\"1170\">\n<p data-start=\"1143\" data-end=\"1170\">\u201e\u300c\u7814\u7a76\u30d1\u30fc\u30c8\u30ca\u30fc\u300d\u30b9\u30c6\u30fc\u30bf\u30b9<\/p>\n<\/li>\n<\/ul>\n<p><strong>\u00a0<\/strong><\/p>\n<p>\u3059\u3079\u3066\u306e\u30aa\u30ea\u30b8\u30ca\u30eb\u306e Garjaev \u6ce2\u907a\u4f1d\u884c\u5217\u3092\u5099\u3048\u305f ZenPeak \u6ce2\u907a\u4f1d\u5909\u8abf\u5668!<\/p>\n<p>21\u306e\u5065\u5eb7\u554f\u984c\uff01<\/p>\n<p class=\" translation-block\">\u300c\u904e\u53bb\u6570\u4e16\u7d00\u306e\u9593\u306b\u3001\u75c5\u6c17\u3068\u305d\u306e\u6cbb\u7642\u6cd5\u306f\u60a3\u8005\u304b\u3089\u5207\u308a\u96e2\u3055\u308c\u3001\u307e\u3059\u307e\u3059\u975e\u4eba\u9593\u7684\u306a\u3082\u306e\u3068\u306a\u308a\u3001\u3055\u3089\u306b\u5316\u5b66\u7269\u8cea\u306e\u4f7f\u7528\u3078\u3068\u5927\u304d\u304f\u79fb\u884c\u3057\u3066\u304d\u307e\u3057\u305f\u3002\u3053\u306e\u3088\u3046\u306b\u3057\u3066\u3001\u4eba\u3005\u306f\u75c5\u6c17\u3084\u82e6\u3057\u307f\u306e\u4e2d\u3067\u3001\u307e\u3059\u307e\u3059\u5b64\u72ec\u3068\u7d76\u671b\u611f\u3092\u6df1\u3081\u3066\u3044\u3063\u305f\u306e\u3067\u3059\u3002<br>\u6587\u5316\u306e\u59cb\u307e\u308a\u304b\u3089\u3001\u60a3\u8005\u306f\u5e38\u306b\u75c5\u6c17\u3084\u74b0\u5883\u3068\u3068\u3082\u306b\u89b3\u5bdf\u3055\u308c\u3001\u6cbb\u7642\u3055\u308c\u3066\u304d\u307e\u3057\u305f\u3002<\/p>\n<p>\u30d5\u30e9\u30f3\u30b9\u306e\u4f5c\u5bb6\u3001\u8a69\u4eba\u3001\u5b66\u8005\u306e\u30dd\u30fc\u30eb\u30fb\u30af\u30ed\u30fc\u30c7\u30eb\u306f\u3001\u60a3\u8005\u3092\u300c\u6ce8\u610f\u3092\u5411\u3051\u308b\u3088\u3046\u306b\u62db\u304b\u308c\u3066\u3044\u308b\u300d\u3068\u547c\u3093\u3067\u3044\u307e\u3059\u3002<\/p>\n<p>\u4eba\u9593\u306e\u751f\u6d3b\u3092\u3088\u308a\u7f8e\u3057\u304f\u3001\u3088\u308a\u826f\u304f\u3059\u308b\u305f\u3081\u306b\u53d6\u308a\u7d44\u3093\u3067\u3044\u308b\u79d1\u5b66\u8005\u306e\u4e2d\u306b\u306f\u3001\u591a\u304f\u306e\u767a\u898b\u304c\u3042\u308a\u3001\u305d\u308c\u3092\u5fdc\u7528\u3059\u308b\u3053\u3068\u3067\u6cbb\u7652\u8005\u306e\u5354\u529b\u3092\u901a\u3058\u3066\u82e6\u3057\u3093\u3067\u3044\u308b\u4eba\u306b\u5b89\u3089\u304e\u3092\u3082\u305f\u3089\u3057\u307e\u3057\u305f\u3002\u6700\u521d\u306e\u767a\u660e\u8005\u306e\u4e2d\u306b\u306f\u30cb\u30b3\u30e9\u30fb\u30c6\u30b9\u30e9\u304c\u304a\u308a\u3001\u30d4\u30e7\u30fc\u30c8\u30eb\u30fb\u30ac\u30eb\u30b8\u30e3\u30a8\u30d5\u306f\u305d\u306e\u767a\u660e\u3092\u5229\u7528\u3057\u3066\u3001\u3044\u304f\u3064\u304b\u306e\u79d1\u5b66\u5206\u91ce\u3092\u7d44\u307f\u5408\u308f\u305b\u3001\u91cf\u5b50\u7269\u7406\u5b66\u306e\u52a9\u3051\u3092\u501f\u308a\u3066\u6ce2\u52d5\u907a\u4f1d\u5b66\u306e\u79d1\u5b66\u3092\u5275\u8a2d\u3057\u307e\u3057\u305f\u3002\u4e26\u884c\u3057\u3066\u3001\u30a2\u30ec\u30af\u30b5\u30f3\u30c0\u30fc\u30fb\u30df\u30fc\u30b7\u30f3\u306f\u4eba\u4f53\u306e\u7269\u7406\u7684\u304a\u3088\u3073\u5316\u5b66\u7684\u5909\u5316\u3092\u6700\u9069\u5316\u3059\u308b\u3088\u3046\u306b\u8a2d\u8a08\u3055\u308c\u305f\u88c5\u7f6e\u3092\u4f5c\u6210\u3057\u307e\u3057\u305f\u3002\u30ac\u30eb\u30b8\u30e3\u30b8\u30a7\u30d5\u6559\u6388\u306f\u3001\u3053\u306e\u88c5\u7f6e\u306e\u64cd\u4f5c\u306b\u6163\u308c\u305f\u5f8c\u3001\u81ea\u8eab\u306e\u77e5\u8b58\u3092\u7d44\u307f\u5408\u308f\u305b\u3066\u88c5\u7f6e\u3092\u5b8c\u6210\u3055\u305b\u3001\u3088\u308a\u52b9\u679c\u7684\u306a\u3082\u306e\u306b\u3059\u308b\u3053\u3068\u3067\u3001\u3053\u308c\u307e\u3067\u306e\u65b9\u6cd5\u3068\u306f\u7570\u306a\u308b\u57fa\u790e\u306b\u57fa\u3065\u3044\u3066\u6cbb\u7642\u3092\u884c\u3046\u9769\u65b0\u7684\u306a\u65b0\u3057\u3044\u88c5\u7f6e\u3092\u751f\u307f\u51fa\u3057\u307e\u3057\u305f\u3002<\/p>\n<p>\u6700\u5f8c\u306b\u3001\u5168\u4e16\u754c\u304c\u533b\u7642\u3068\u75c5\u6c17\u306e\u6697\u9ed2\u6642\u4ee3\u3092\u901a\u904e\u3057\u306a\u3051\u308c\u3070\u306a\u3089\u306a\u3044\u4e2d\u3001\u3053\u306e\u30c4\u30fc\u30eb\u3092\u4f7f\u7528\u3059\u308b\u3053\u3068\u3067\u3001\u79c1\u305f\u3061\u306f\u65b0\u3057\u3044\u6642\u4ee3\u3092\u958b\u304f\u3053\u3068\u304c\u3067\u304d\u307e\u3059\u3002<\/p>\n<p>XXI\u3002\u4e16\u7d00\u4eba\u306f\u5c90\u8def\u306b\u9054\u3057\u3001\u30b8\u30ec\u30f3\u30de\u306b\u76f4\u9762\u3057\u3066\u3044\u308b\u3002\u76f2\u76ee\u306e\u6d88\u8cbb\u8005\u3068\u3057\u3066\u3001\u5f7c\u306f\u81ea\u5206\u306e\u5c06\u6765\u306e\u751f\u5b58\u3092\u3001\u65b0\u6280\u8853\u306e\u5bb9\u8d66\u306a\u3044\u958b\u767a\u3068\u7269\u8cea\u7684\u306a\u5546\u54c1\u306e\u3055\u3089\u306a\u308b\u4f7f\u7528\u306b\u4f9d\u5b58\u3055\u305b\u307e\u3059\u3002\u305d\u3046\u3067\u306a\u3051\u308c\u3070\u3001\u5f7c\u306f\u7cbe\u795e\u7684\u304a\u3088\u3073\u7cbe\u795e\u7684\u306a\u8cac\u4efb\u3001\u305d\u3057\u3066\u514b\u670d\u3067\u304d\u308b\u5065\u5eb7\u3092\u610f\u8b58\u3057\u305f\u884c\u52d5\u306b\u3064\u306a\u304c\u308b\u9053\u3092\u898b\u3064\u3051\u307e\u3059\u3002\u5f7c\u306e\u75c5\u6c17\u3092\u514b\u670d\u3057\u3001\u500b\u4eba\u306e\u5e78\u798f\u3068\u751f\u5b58\u3092\u5f37\u5316\u3057\u307e\u3059\u3002<\/p>\n<p>\u5065\u5eb7\u3067\u3042\u308b\u3068\u3044\u3046\u3053\u3068\u306f\u3001\u5358\u306b\u75c5\u6c17\u3067\u306a\u3044\u3053\u3068\u3092\u610f\u5473\u3059\u308b\u308f\u3051\u3067\u306f\u3042\u308a\u307e\u305b\u3093\u3002\u5065\u5eb7\u306a\u4eba\u3068\u3057\u3066\u3001\u79c1\u305f\u3061\u306f\u7d20\u6674\u3089\u3057\u3044\u3068\u611f\u3058\u307e\u3059\u3002<\/p>\n<p>\u5065\u5eb7\u3068\u306f\u3001\u5b50\u4f9b\u6642\u4ee3\u306e\u5e78\u305b\u306a\u77ac\u9593\u3092\u601d\u3044\u51fa\u3057\u3001\u3055\u3089\u306b\u591a\u304f\u306e\u305d\u306e\u3088\u3046\u306a\u7d4c\u9a13\u304c\u79c1\u305f\u3061\u306b\u5f85\u3063\u3066\u3044\u308b\u3068\u4fe1\u3058\u308b\u3068\u304d\u306e\u3088\u3046\u306a\u3082\u306e\u3067\u3059\u3002\u300d<\/p>\n<p class=\" translation-block\"><em><strong>\u30e9\u30b9\u30ed\u30fc\u30fb\u30ec\u30db\u30c4\u30ad<\/strong><\/em><br>\u30c6\u30ec\u30d3\u7de8\u96c6\u8005\u517c\u30c7\u30a3\u30ec\u30af\u30bf\u30fc<br>\u30c9\u30a5\u30ca\u30c6\u30ec\u30d3\u5b97\u6559\u7de8\u96c6\u90e8\u5275\u8a2d\u7de8\u96c6\u9577<br>\u30cf\u30f3\u30ac\u30ea\u30fc\u6587\u5316\u306e\u9a0e\u58eb<\/p>\n<p>(\u30ea\u30b9\u30c8\u306b\u8868\u793a\u3055\u308c\u3066\u3044\u308b\u884c\u5217\u3092\u4f7f\u7528)<\/p>\n<p>\u306a\u3044\u3002 1\u300c\u514d\u75ab\u30b7\u30b9\u30c6\u30e0\u306e\u4fee\u6b63\u300d\u3002 21\u30e1\u30fc\u30c8\u30eb\u3002 2\u79d2\u3002<br \/>\n\u306a\u3044\u3002 \uff12\u300c\u9aa8\u683c\u7cfb\u306e\u77ef\u6b63\u300d\u3002 1\u6642\u9593\u3002 36\u30e1\u30fc\u30c8\u30eb\u3002<br \/>\n\u306a\u3044\u3002 3\u300c\u5fc3\u8840\u7ba1\u7cfb\u306e\u77ef\u6b63\u300d\u3002 1\u6642\u9593\u3002 59\u30e1\u30fc\u30c8\u30eb\u3002<br \/>\n\u306a\u3044\u3002 4 \u300c\u795e\u7d4c\u7cfb\u969c\u5bb3\u306e\u77ef\u6b63\u300d 2h\u3002 22\u30e1\u30fc\u30c8\u30eb\u3002<br \/>\n\u306a\u3044\u3002 \uff15\u300c\u6297\u304c\u3093\u30d7\u30ed\u30b0\u30e9\u30e0\u300d\u3002 1\u6642\u9593\u3002 9\u30e1\u30fc\u30c8\u30eb<br \/>\n\u306a\u3044\u3002 6 \u300c\u4e00\u822c\u7684\u306a\u4ee3\u8b1d\u3068\u6d88\u5316\u5668\u7cfb\u306e\u77ef\u6b63\u300d\u3002 1\u6642\u9593\u3002 55\u30e1\u30fc\u30c8\u30eb\u3002<br \/>\n\u306a\u3044\u3002 7\u300c\u30a2\u30f3\u30c1\u30a8\u30a4\u30b8\u30f3\u30b0\u300d\u3002 2\u6642\u9593\u3002 2m<br \/>\n\u306a\u3044\u3002 8\u300c\u7537\u6027\u30e9\u30a4\u30f3\u300d\u3002 1\u6642\u9593\u3002 38\u30e1\u30fc\u30c8\u30eb\u3002<br \/>\n\u306a\u3044\u3002 9\u300c\u30ec\u30c7\u30a3\u30fc\u30b9\u30e9\u30a4\u30f3\u300d\u3002 1\u6642\u9593\u3002 18\u30e1\u30fc\u30c8\u30eb\u3002<br \/>\n\u306a\u3044\u3002 10\u300c\u4eca\u5f8c\u306e\u30b5\u30dd\u30fc\u30c8\u300d\u3002 1\u6642\u9593\u3002 16\u30e1\u30fc\u30c8\u30eb\u3002<br \/>\n\u306a\u3044\u3002 11\u300c40\uff5e50\u5e74\u5f8c\u306e\u7d44\u7e54\u306e\u56de\u5fa9\u300d\u3002 1\u6642\u9593\u3002 0m<br \/>\n\u306a\u3044\u3002 12\u300c\u5bfe\u5bc4\u751f\u866b\u30d7\u30ed\u30b0\u30e9\u30e0\u300d\u3002 1\u6642\u9593\u3002 50\u30e1\u30fc\u30c8\u30eb\u3002<br \/>\n\u306a\u3044\u3002 13\u300c\u30b9\u30ea\u30e0\u30d5\u30a3\u30ae\u30e5\u30a2\u300d\u3002 34\u30e1\u30fc\u30c8\u30eb\u3002 2\u79d2\u3002<br \/>\n\u306a\u3044\u3002 14 \u300c\u30a2\u30ec\u30eb\u30ae\u30fc\u5bfe\u7b56\u300d 29\u30e1\u30fc\u30c8\u30eb\u3002 2\u79d2\u3002<br \/>\n\u306a\u3044\u3002 15\u300c\u82e5\u3055\u3068\u76ae\u819a\u306e\u5065\u5eb7\u300d\u3002 1\u6642\u9593\u3002 45\u30e1\u30fc\u30c8\u30eb\u3002<br \/>\n\u306a\u3044\u3002 16\u300c\u6297\u30a6\u30a4\u30eb\u30b9\u6ce2\u514d\u75ab\u300d\u3002 58\u30e1\u30fc\u30c8\u30eb\u3002 54\u79d2\u3002<br \/>\n\u306a\u3044\u3002 17 \u300c\u7981\u7159\u300d\u3002 21\u30e1\u30fc\u30c8\u30eb\u3002 0\u79d2\u3002<br \/>\n\u306a\u3044\u3002 18\u300c\u6ccc\u5c3f\u5668\u7cfb\u306e\u6b63\u5e38\u5316\u300d1\u6642\u9593\u3002 56\u30e1\u30fc\u30c8\u30eb\u3002<br \/>\n\u306a\u3044\u3002 19\u300c70\u5e74\u3076\u308a\u306e\u8089\u4f53\u306e\u4fee\u5fa9\u300d1\u6642\u9593\u3002 38\u30e1\u30fc\u30c8\u30eb\u3002<br \/>\n\u306a\u3044\u3002 20\u300c\u30a2\u30eb\u30b3\u30fc\u30eb\u4f9d\u5b58\u75c7\u5bfe\u7b56\u300d1\u6642\u9593\u3002 5\u30e1\u30fc\u30c8\u30eb<br \/>\n\u306a\u3044\u3002 21\u300c\u8eab\u4f53\u3092\u6e05\u3081\u308b\u300d30m\u3002 2\u79d2\u3002<\/p>\n<p>\u30e6\u30fc\u30b6\u30fc\u30de\u30cb\u30e5\u30a2\u30eb \u82f1\u8a9e<\/p>\n<div class=\"ast-oembed-container\" style=\"height: 100%;\"><iframe title=\"ZenPeak Wavegenetics \u30e2\u30b8\u30e5\u30ec\u30fc\u30bf\u30fc\u3001\u30cd\u30b2\u30f3\u30c8\u30ed\u30d4\u30fc\u6cbb\u7652\u52b9\u679c\u3092\u5099\u3048\u305f\u30e6\u30fc\u30b6\u30fc \u30ac\u30a4\u30c9!\" width=\"500\" height=\"281\" src=\"https:\/\/www.youtube.com\/embed\/ccemXKrgNBc?feature=oembed\" frameborder=\"0\" allow=\"accelerometer; autoplay; clipboard-write; encrypted-media; gyroscope; picture-in-picture; web-share\" referrerpolicy=\"strict-origin-when-cross-origin\" allowfullscreen><\/iframe><\/div>\n<p>\u30e6\u30fc\u30b6\u30fc\u30de\u30cb\u30e5\u30a2\u30eb \u2013 \u82f1\u8a9e<\/p>\n<div class=\"ast-oembed-container\" style=\"height: 100%;\"><iframe title=\"ZenPeak hull\u00e1mgenetikai modul\u00e1tor - Teljes \u00datmutat\u00f3 @lifacademy\" width=\"500\" height=\"281\" src=\"https:\/\/www.youtube.com\/embed\/p8MpDbPm7UY?feature=oembed\" frameborder=\"0\" allow=\"accelerometer; autoplay; clipboard-write; encrypted-media; gyroscope; picture-in-picture; web-share\" referrerpolicy=\"strict-origin-when-cross-origin\" allowfullscreen><\/iframe><\/div>","protected":false},"excerpt":{"rendered":"<p>Post\u00e1z\u00e1si id\u00f5 2 h\u00f3nap! 60 perces szem\u00e9lyes rendszer-be\u00e1ll\u00edt\u00e1s 30 napos follow-up check-in struktur\u00e1lt protokoll \u201eresearch partner\u201d st\u00e1tusz \u00a0 ZenPeak hull\u00e1mgenetikai modul\u00e1tor az \u00f6sszes eredeti Garjajev hull\u00e1mgenetikai m\u00e1trixxal! 21 eg\u00e9szs\u00e9g\u00fcgyi probl\u00e9m\u00e1ra! \u201cA betegs\u00e9g, \u00e9s annak gy\u00f3gy\u00edt\u00e1sa az elm\u00falt sz\u00e1zadok sor\u00e1n elszakadt a p\u00e1cienst\u0151l \u00e9s egyre szem\u00e9lytelenebb\u00e9 v\u00e1lt, r\u00e1ad\u00e1sul er\u0151sen eltol\u00f3dott a k\u00e9miai anyagok alkalmaz\u00e1sa fel\u00e9. \u00cdgy az ember egyre mag\u00e1nyosabb\u00e1, kil\u00e1t\u00e1stalanabb\u00e1 v\u00e1lt betegs\u00e9gei, f\u00e1jdalmai k\u00f6zepette. A kult\u00fara kezdeteit\u0151l a beteget mindig k\u00f3rk\u00e9p\u00e9vel \u00e9s k\u00f6rnyezet\u00e9vel egy\u00fctt szeml\u00e9lt\u00e9k \u00e9s gy\u00f3gy\u00edtott\u00e1k. Paul Claudel francia, \u00edr\u00f3, k\u00f6lt\u0151, akad\u00e9mikus a betegeket \u201ea figyelemre megh\u00edvottaknak\u201d nevezi. Az emberi \u00e9let szebb\u00e9, jobb\u00e1 t\u00e9tel\u00e9n f\u00e1radoz\u00f3 tud\u00f3sok k\u00f6z\u00fcl sz\u00e1mosan olyan felfedez\u00e9seket tettek, amelyek alkalmaz\u00e1sa a gy\u00f3gy\u00edt\u00f3 szem\u00e9lyek k\u00f6zrem\u0171k\u00f6d\u00e9se \u00e1ltal enyh\u00fcl\u00e9st [&hellip;]<\/p>\n","protected":false},"featured_media":6825,"comment_status":"closed","ping_status":"closed","template":"","meta":{"_angie_page":false,"site-sidebar-layout":"default","site-content-layout":"","ast-site-content-layout":"default","site-content-style":"default","site-sidebar-style":"default","ast-global-header-display":"","ast-banner-title-visibility":"","ast-main-header-display":"","ast-hfb-above-header-display":"","ast-hfb-below-header-display":"","ast-hfb-mobile-header-display":"","site-post-title":"","ast-breadcrumbs-content":"","ast-featured-img":"","footer-sml-layout":"","ast-disable-related-posts":"","theme-transparent-header-meta":"default","adv-header-id-meta":"","stick-header-meta":"","header-above-stick-meta":"","header-main-stick-meta":"","header-below-stick-meta":"","astra-migrate-meta-layouts":"set","ast-page-background-enabled":"default","ast-page-background-meta":{"desktop":{"background-color":"","background-image":"","background-repeat":"repeat","background-position":"center center","background-size":"auto","background-attachment":"scroll","background-type":"","background-media":"","overlay-type":"","overlay-color":"","overlay-opacity":"","overlay-gradient":""},"tablet":{"background-color":"","background-image":"","background-repeat":"repeat","background-position":"center center","background-size":"auto","background-attachment":"scroll","background-type":"","background-media":"","overlay-type":"","overlay-color":"","overlay-opacity":"","overlay-gradient":""},"mobile":{"background-color":"","background-image":"","background-repeat":"repeat","background-position":"center center","background-size":"auto","background-attachment":"scroll","background-type":"","background-media":"","overlay-type":"","overlay-color":"","overlay-opacity":"","overlay-gradient":""}},"ast-content-background-meta":{"desktop":{"background-color":"var(--ast-global-color-5)","background-image":"","background-repeat":"repeat","background-position":"center center","background-size":"auto","background-attachment":"scroll","background-type":"","background-media":"","overlay-type":"","overlay-color":"","overlay-opacity":"","overlay-gradient":""},"tablet":{"background-color":"var(--ast-global-color-5)","background-image":"","background-repeat":"repeat","background-position":"center center","background-size":"auto","background-attachment":"scroll","background-type":"","background-media":"","overlay-type":"","overlay-color":"","overlay-opacity":"","overlay-gradient":""},"mobile":{"background-color":"var(--ast-global-color-5)","background-image":"","background-repeat":"repeat","background-position":"center center","background-size":"auto","background-attachment":"scroll","background-type":"","background-media":"","overlay-type":"","overlay-color":"","overlay-opacity":"","overlay-gradient":""}}},"product_brand":[],"product_cat":[22],"product_tag":[71],"class_list":{"0":"post-6263","1":"product","2":"type-product","3":"status-publish","4":"has-post-thumbnail","6":"product_cat-hullamgenetikai-megoldasok","7":"product_tag-zenpeak","8":"product_shipping_class-free","9":"desktop-align-left","10":"tablet-align-left","11":"mobile-align-left","13":"first","14":"instock","15":"sale","16":"taxable","17":"shipping-taxable","18":"purchasable","19":"product-type-simple"},"_links":{"self":[{"href":"https:\/\/ai-xtech.eu\/ja\/wp-json\/wp\/v2\/product\/6263","targetHints":{"allow":["GET"]}}],"collection":[{"href":"https:\/\/ai-xtech.eu\/ja\/wp-json\/wp\/v2\/product"}],"about":[{"href":"https:\/\/ai-xtech.eu\/ja\/wp-json\/wp\/v2\/types\/product"}],"replies":[{"embeddable":true,"href":"https:\/\/ai-xtech.eu\/ja\/wp-json\/wp\/v2\/comments?post=6263"}],"version-history":[{"count":17,"href":"https:\/\/ai-xtech.eu\/ja\/wp-json\/wp\/v2\/product\/6263\/revisions"}],"predecessor-version":[{"id":8097,"href":"https:\/\/ai-xtech.eu\/ja\/wp-json\/wp\/v2\/product\/6263\/revisions\/8097"}],"wp:featuredmedia":[{"embeddable":true,"href":"https:\/\/ai-xtech.eu\/ja\/wp-json\/wp\/v2\/media\/6825"}],"wp:attachment":[{"href":"https:\/\/ai-xtech.eu\/ja\/wp-json\/wp\/v2\/media?parent=6263"}],"wp:term":[{"taxonomy":"product_brand","embeddable":true,"href":"https:\/\/ai-xtech.eu\/ja\/wp-json\/wp\/v2\/product_brand?post=6263"},{"taxonomy":"product_cat","embeddable":true,"href":"https:\/\/ai-xtech.eu\/ja\/wp-json\/wp\/v2\/product_cat?post=6263"},{"taxonomy":"product_tag","embeddable":true,"href":"https:\/\/ai-xtech.eu\/ja\/wp-json\/wp\/v2\/product_tag?post=6263"}],"curies":[{"name":"wp","href":"https:\/\/api.w.org\/{rel}","templated":true}]}}