{"id":6554,"date":"2024-02-06T12:06:31","date_gmt":"2024-02-06T12:06:31","guid":{"rendered":"https:\/\/ai-xtech.eu\/?page_id=6554"},"modified":"2024-02-06T13:22:39","modified_gmt":"2024-02-06T13:22:39","slug":"theories","status":"publish","type":"page","link":"https:\/\/ai-xtech.eu\/ja\/theories\/","title":{"rendered":"\u7406\u8ad6"},"content":{"rendered":"<div data-elementor-type=\"wp-page\" data-elementor-id=\"6554\" class=\"elementor elementor-6554\" data-elementor-post-type=\"page\">\n\t\t\t\t\t\t<section class=\"elementor-section elementor-top-section elementor-element elementor-element-636e6846 elementor-section-full_width elementor-section-content-middle elementor-section-height-default elementor-section-height-default\" data-id=\"636e6846\" data-element_type=\"section\" data-e-type=\"section\" data-settings=\"{&quot;background_background&quot;:&quot;classic&quot;}\">\n\t\t\t\t\t\t<div class=\"elementor-container elementor-column-gap-no\">\n\t\t\t\t\t<div class=\"elementor-column elementor-col-50 elementor-top-column elementor-element elementor-element-29ffe393\" data-id=\"29ffe393\" data-element_type=\"column\" data-e-type=\"column\" data-settings=\"{&quot;background_background&quot;:&quot;classic&quot;}\">\n\t\t\t<div class=\"elementor-widget-wrap elementor-element-populated\">\n\t\t\t\t\t<div class=\"elementor-background-overlay\"><\/div>\n\t\t\t\t\t\t<div class=\"elementor-element elementor-element-58d44b0f elementor-widget elementor-widget-heading\" data-id=\"58d44b0f\" data-element_type=\"widget\" data-e-type=\"widget\" data-widget_type=\"heading.default\">\n\t\t\t\t<div class=\"elementor-widget-container\">\n\t\t\t\t\t<h4 class=\"elementor-heading-title elementor-size-default\">\u907a\u4f1d\u88c5\u7f6e\u306e\u6f5c\u5728\u7684\u306a\u6a5f\u80fd<\/h4>\t\t\t\t<\/div>\n\t\t\t\t<\/div>\n\t\t\t\t\t<\/div>\n\t\t<\/div>\n\t\t\t\t<div class=\"elementor-column elementor-col-50 elementor-top-column elementor-element elementor-element-21e1ea87\" data-id=\"21e1ea87\" data-element_type=\"column\" data-e-type=\"column\">\n\t\t\t<div class=\"elementor-widget-wrap elementor-element-populated\">\n\t\t\t\t\t\t<div class=\"elementor-element elementor-element-71fb893e elementor-widget elementor-widget-text-editor\" data-id=\"71fb893e\" data-element_type=\"widget\" data-e-type=\"widget\" data-widget_type=\"text-editor.default\">\n\t\t\t\t<div class=\"elementor-widget-container\">\n\t\t\t\t\t\t\t\t\t<p><b><span class=\"Apple-converted-space\">\u00a0<\/span>Fa Poppa (FAPopp) \u306f\u3001250 \uff5e 800 nm \u306e\u7bc4\u56f2\u3067\u8d85\u5fae\u5f31\u306a\u5149\u5b50\u653e\u51fa\u304c\u767a\u898b\u3055\u308c\u305f\u30b3\u30d2\u30fc\u30ec\u30f3\u30c8\u5149\u6e90\u3067\u3059\u3002\u3053\u308c\u306f\u6700\u3082\u300c\u30d5\u30a3\u30fc\u30eb\u30c9\u540c\u7b49\u306e\u67d3\u8272\u4f53\u300d\u3067\u3059\u3002\u3057\u304b\u3057\u3001\u3053\u308c\u3089\u306e\u907a\u4f1d\u6027\u653e\u5c04\u7dda\u306e\u5f79\u5272\u306f\u7406\u89e3\u3055\u308c\u3066\u3044\u307e\u305b\u3093\u3067\u3057\u305f\u3002\u79c1\u306e\u540c\u50da\u3068\u79c1\u306f\u30011984 \u5e74\u4ee5\u6765\u3001\u30bd\u9023\u79d1\u5b66\u30a2\u30ab\u30c7\u30df\u30fc (IFTP) \u7814\u7a76\u6240\u3001\u73fe\u5728\u306f\u30e9\u30b9\u30db\u30eb\u30df\u30ed\u30f4\u30a1\u30f3\u30ce\u30e0\u3067\u3001\u3053\u308c\u3089\u306e\u8abf\u67fb\u306b\u53c2\u52a0\u3057\u307e\u3057\u305f\u3002 1984\u5e74\u304b\u30891988\u5e74\u306b\u304b\u3051\u3066\u3002\u30ec\u30fc\u30b6\u30fc\u5206\u5149\u6cd5\u306e\u76f8\u95a2\u6cd5\u3092\u4f7f\u7528\u3057\u3066\u3001\u79c1\u305f\u3061\u306f DNA \u306e 2 \u3064\u306e\u57fa\u672c\u7684\u306a\u7279\u6027\u3001\u3064\u307e\u308a\u81ea\u767a\u7684\u306a\u30bd\u30ea\u30aa\u30f3\u6ce2 TN \u3092\u751f\u6210\u3059\u308b\u80fd\u529b\u3092\u767a\u898b\u3057\u307e\u3057\u305f\u3002\u30d5\u30a7\u30eb\u30df\u30fb\u30d1\u30b9\u30bf\u30fb\u30a6\u30e9\u30e0\u73fe\u8c61\uff08FPU\uff09<span class=\"Apple-converted-space\">\u00a0 <\/span>\u6ce2\u52d5\u30d5\u30a1\u30f3\u30c8\u30e0\u69cb\u9020\u3092\u751f\u6210\u3057\u307e\u3059 (DNA \u30d5\u30a1\u30f3\u30c8\u30e0\u52b9\u679c)\u3002\u3053\u308c\u306b\u3064\u3044\u3066\u306e\u8a73\u7d30\u306f\u3001\u79c1\u306e\u5358\u8457\u300cWave Genome\u300d(1994)\u3001\u300cThe Wave of the Genetic Code\u300d(1997)\u3001\u304a\u3088\u3073\u300cLinguistic Wave Gene\u300d\u3067\u8aad\u3080\u3053\u3068\u304c\u3067\u304d\u307e\u3059\u3002\u7406\u8ad6\u3068\u5b9f\u8df5\u300f (2009) \u304a\u3088\u3073\u79c1\u305f\u3061\u306e\u8a18\u4e8b\u306b\u3082\u8a18\u8f09\u3055\u308c\u3066\u3044\u307e\u3059\u3002\u3053\u308c\u3089 2 \u3064\u306e\u7279\u6027\u306f\u672c\u8cea\u7684\u306b\u77e5\u3089\u308c\u3066\u3044\u307e\u305b\u3093<span class=\"Apple-converted-space\">\u00a0 <\/span>\u30dc\u30eb\u30c8\u3002<br \/><br \/><span class=\"Apple-converted-space\">PP \u30ac\u30ea\u30e3\u30a8\u30d5\u6559\u6388<\/span><\/b><\/p>\t\t\t\t\t\t\t\t<\/div>\n\t\t\t\t<\/div>\n\t\t\t\t<div class=\"elementor-element elementor-element-acc9d45 elementor-widget elementor-widget-button\" data-id=\"acc9d45\" data-element_type=\"widget\" data-e-type=\"widget\" data-widget_type=\"button.default\">\n\t\t\t\t<div class=\"elementor-widget-container\">\n\t\t\t\t\t\t\t\t\t<div class=\"elementor-button-wrapper\">\n\t\t\t\t\t<a class=\"elementor-button elementor-button-link elementor-size-sm\" href=\"https:\/\/ai-xtech.eu\/function-of-genetics-apparatus\/\">\n\t\t\t\t\t\t<span class=\"elementor-button-content-wrapper\">\n\t\t\t\t\t\t\t\t\t<span class=\"elementor-button-text\">\u3082\u3063\u3068<\/span>\n\t\t\t\t\t<\/span>\n\t\t\t\t\t<\/a>\n\t\t\t\t<\/div>\n\t\t\t\t\t\t\t\t<\/div>\n\t\t\t\t<\/div>\n\t\t\t\t\t<\/div>\n\t\t<\/div>\n\t\t\t\t\t<\/div>\n\t\t<\/section>\n\t\t\t\t<\/div>","protected":false},"excerpt":{"rendered":"<p>A genetikai appar\u00e1tus implicit funkci\u00f3i \u00a0F.a. Poppa (F.A.Popp), egy koherens forr\u00e1st tal\u00e1lt az ultra-gyenge foton emisszi\u00f3 a tartom\u00e1nyban 250-800 nm. Ez a legink\u00e1bb &#8220;mez\u0151egyen\u00e9rt\u00e9k\u0171 kromosz\u00f3ma\u201d. Ezeknek az \u00f6r\u00f6k\u00edt\u0151 sug\u00e1rz\u00e1soknak a szerep\u00e9t azonban nem \u00e9rtett\u00e9k meg. A koll\u00e9g\u00e1im \u00e9s \u00e9n r\u00e9szt vett\u00fcnk ezekben a vizsg\u00e1latokban, 1984 \u00f3ta, az Institute of Physical and technical problems (IFTP) ACADEMY OF SCIENCIES OF the USSR, Institute, most rasformirovannom. 1984-1988-ban. A l\u00e9zerspektroszk\u00f3pia korrel\u00e1ci\u00f3s m\u00f3dszer\u00e9vel felfedezt\u00fck a DNS k\u00e9t alapvet\u0151 tulajdons\u00e1g\u00e1t &#8211; a k\u00e9pess\u00e9g a spont\u00e1n szolion hull\u00e1m megjelen\u00e9s\u00e9re TN. a jelens\u00e9g Fermi-pasta-Ulam (FPU)\u00a0 gener\u00e1l egy hull\u00e1m fantom szerkezetet (A DNS fantom hat\u00e1s). Err\u0151l b\u0151vebben a &#8220;Hull\u00e1mgenom&#8221; (1994g.), &#8220;A genetikai k\u00f3d hull\u00e1ma&#8221; (1997g.) \u00e9s a &#8220;Lingvisztikus-hull\u00e1mg\u00e9n&#8221; c\u00edm\u0171 [&hellip;]<\/p>\n","protected":false},"author":1,"featured_media":0,"parent":0,"menu_order":0,"comment_status":"closed","ping_status":"closed","template":"elementor_header_footer","meta":{"_angie_page":false,"site-sidebar-layout":"no-sidebar","site-content-layout":"page-builder","ast-site-content-layout":"full-width-container","site-content-style":"default","site-sidebar-style":"default","ast-global-header-display":"","ast-banner-title-visibility":"","ast-main-header-display":"","ast-hfb-above-header-display":"","ast-hfb-below-header-display":"","ast-hfb-mobile-header-display":"","site-post-title":"disabled","ast-breadcrumbs-content":"","ast-featured-img":"disabled","footer-sml-layout":"","ast-disable-related-posts":"","theme-transparent-header-meta":"","adv-header-id-meta":"","stick-header-meta":"","header-above-stick-meta":"","header-main-stick-meta":"","header-below-stick-meta":"","astra-migrate-meta-layouts":"set","ast-page-background-enabled":"default","ast-page-background-meta":{"desktop":{"background-color":"","background-image":"","background-repeat":"repeat","background-position":"center center","background-size":"auto","background-attachment":"scroll","background-type":"","background-media":"","overlay-type":"","overlay-color":"","overlay-opacity":"","overlay-gradient":""},"tablet":{"background-color":"","background-image":"","background-repeat":"repeat","background-position":"center center","background-size":"auto","background-attachment":"scroll","background-type":"","background-media":"","overlay-type":"","overlay-color":"","overlay-opacity":"","overlay-gradient":""},"mobile":{"background-color":"","background-image":"","background-repeat":"repeat","background-position":"center center","background-size":"auto","background-attachment":"scroll","background-type":"","background-media":"","overlay-type":"","overlay-color":"","overlay-opacity":"","overlay-gradient":""}},"ast-content-background-meta":{"desktop":{"background-color":"var(--ast-global-color-5)","background-image":"","background-repeat":"repeat","background-position":"center center","background-size":"auto","background-attachment":"scroll","background-type":"","background-media":"","overlay-type":"","overlay-color":"","overlay-opacity":"","overlay-gradient":""},"tablet":{"background-color":"var(--ast-global-color-5)","background-image":"","background-repeat":"repeat","background-position":"center center","background-size":"auto","background-attachment":"scroll","background-type":"","background-media":"","overlay-type":"","overlay-color":"","overlay-opacity":"","overlay-gradient":""},"mobile":{"background-color":"var(--ast-global-color-5)","background-image":"","background-repeat":"repeat","background-position":"center center","background-size":"auto","background-attachment":"scroll","background-type":"","background-media":"","overlay-type":"","overlay-color":"","overlay-opacity":"","overlay-gradient":""}},"footnotes":""},"class_list":["post-6554","page","type-page","status-publish","hentry"],"_links":{"self":[{"href":"https:\/\/ai-xtech.eu\/ja\/wp-json\/wp\/v2\/pages\/6554","targetHints":{"allow":["GET"]}}],"collection":[{"href":"https:\/\/ai-xtech.eu\/ja\/wp-json\/wp\/v2\/pages"}],"about":[{"href":"https:\/\/ai-xtech.eu\/ja\/wp-json\/wp\/v2\/types\/page"}],"author":[{"embeddable":true,"href":"https:\/\/ai-xtech.eu\/ja\/wp-json\/wp\/v2\/users\/1"}],"replies":[{"embeddable":true,"href":"https:\/\/ai-xtech.eu\/ja\/wp-json\/wp\/v2\/comments?post=6554"}],"version-history":[{"count":5,"href":"https:\/\/ai-xtech.eu\/ja\/wp-json\/wp\/v2\/pages\/6554\/revisions"}],"predecessor-version":[{"id":6575,"href":"https:\/\/ai-xtech.eu\/ja\/wp-json\/wp\/v2\/pages\/6554\/revisions\/6575"}],"wp:attachment":[{"href":"https:\/\/ai-xtech.eu\/ja\/wp-json\/wp\/v2\/media?parent=6554"}],"curies":[{"name":"wp","href":"https:\/\/api.w.org\/{rel}","templated":true}]}}