{"id":6469,"date":"2024-02-05T13:45:03","date_gmt":"2024-02-05T13:45:03","guid":{"rendered":"https:\/\/ai-xtech.eu\/?page_id=6469"},"modified":"2024-02-05T14:43:54","modified_gmt":"2024-02-05T14:43:54","slug":"p-p-garjajev","status":"publish","type":"page","link":"https:\/\/ai-xtech.eu\/ja\/p-p-garjajev\/","title":{"rendered":"PP\u30fb\u30ac\u30eb\u30b8\u30e3\u30a8\u30d5"},"content":{"rendered":"<h2 class=\"wp-block-heading has-ast-global-color-5-background-color has-background\">Peter P. Garyaev \u535a\u58eb\u3001\u751f\u7269\u79d1\u5b66\u535a\u58eb\u3001rans \u304a\u3088\u3073 RAMTN<\/h2>\n\n\n\n<figure class=\"wp-block-image size-full\"><img fetchpriority=\"high\" decoding=\"async\" width=\"250\" height=\"226\" src=\"https:\/\/ai-xtech.eu\/oordufup\/2024\/02\/garyaev.png\" alt=\"\" class=\"wp-image-6453\" srcset=\"https:\/\/ai-xtech.eu\/oordufup\/2024\/02\/garyaev.png 250w, https:\/\/ai-xtech.eu\/oordufup\/2024\/02\/garyaev-13x12.png 13w\" sizes=\"(max-width: 250px) 100vw, 250px\" \/><\/figure>\n\n\n\n<p class=\"has-ast-global-color-5-background-color has-background\">1984\u5e74\u4ee5\u6765\u3001\u00a0<strong>\u30d4\u30fc\u30bf\u30fc\u30fbP\u30fb\u30ac\u30eb\u30b8\u30e3\u30a8\u30d5<\/strong>\u00a0\u907a\u4f1d\u5b50\u30b3\u30fc\u30c7\u30a3\u30f3\u30b0\u306e\u5206\u91ce\u3067\u65b0\u3057\u3044\u5206\u91ce\u306e\u7814\u7a76\u3092\u958b\u59cb\u3057\u30011994 \u5e74\u306b\u907a\u4f1d\u5b66\u306e\u65b0\u3057\u3044\u30c8\u30ec\u30f3\u30c9\u3001Genetics Wave\u3001\u6b21\u306b Lingvistiko - A Wave Genetics \u3092\u751f\u307f\u51fa\u3057\u307e\u3057\u305f\u3002\u3053\u306e\u30c8\u30d4\u30c3\u30af\u3067\u306f\u00a0<strong>\u30d4\u30fc\u30bf\u30fc\u30fbP\u30fb\u30ac\u30ea\u30e3\u30a8\u30d5<\/strong>\u00a01997\u5e74\u306b\u3002\u535a\u58eb\u8ad6\u6587\u30d5\u30ea\u30e3\u30b8\u30ce\u3092\u64c1\u8b77\u3057\u305f\u3002 HIAC\u306e\u30d0\u30a6\u30de\u30f3\u3002\u5f7c\u306f RANS \u3068 RAMTN \u306e\u4f1a\u54e1\u3001\u304a\u3088\u3073\u30cb\u30e5\u30fc\u30e8\u30fc\u30af\u79d1\u5b66\u30a2\u30ab\u30c7\u30df\u30fc\u306e\u4f1a\u54e1\u306b\u9078\u51fa\u3055\u308c\u307e\u3057\u305f\u3002 2001 \u5e74\u304b\u3089 2002 \u5e74\u306b\u304b\u3051\u3066\u3001\u00a0<strong>\u30d4\u30fc\u30bf\u30fc\u30fbP\u30fb\u30ac\u30ea\u30e3\u30a8\u30d5<\/strong>\u00a0\u3001\u30ab\u30ca\u30c0\uff08\u30c8\u30ed\u30f3\u30c8\uff09\u3067\u3001\u5f7c\u306f\u57fa\u672c\u7684\u306a\u8003\u3048\u65b9\u3067\u3042\u308blingvistiko\uff08\u6ce2\u52d5\u907a\u4f1d\u5b66\uff09\u306e\u6b63\u3057\u3055\u3092\u5b9f\u9a13\u7684\u306b\u78ba\u8a8d\u3057\u307e\u3057\u305f\u3002 2013\u5e74\u306b\u300cInstitute Of Quantum Genetics\u300d\u3068\u3044\u3046\u4f1a\u793e\u3092\u8a2d\u7acb\u3057\u305f\u3002<\/p>\n\n\n\n<p class=\"has-ast-global-color-5-background-color has-background\">\u30bd\u30d3\u30a8\u30c8\u9023\u90a6\u79d1\u5b66\u30a2\u30ab\u30c7\u30df\u30fc\u306e\u7269\u7406\u7684\u304a\u3088\u3073\u6280\u8853\u7684\u554f\u984c\u7814\u7a76\u6240\u3067\u4e0a\u7d1a\u79d1\u5b66\u7814\u7a76\u54e1\u304a\u3088\u3073\u30b0\u30eb\u30fc\u30d7\u30ea\u30fc\u30c0\u30fc\u3068\u3057\u3066\u52e4\u52d9 (1984 \uff5e 1998 \u5e74)&nbsp;<strong>\u30d4\u30fc\u30bf\u30fc\u30fbP\u30fb\u30ac\u30eb\u30b8\u30e3\u30a8\u30d5<\/strong>&nbsp;\u3053\u308c\u307e\u3067\u77e5\u3089\u308c\u3066\u3044\u306a\u304b\u3063\u305f2\u3064\u306e\u73cd\u3057\u3044\u30bf\u30a4\u30d7\u306eDNA\u8a18\u61b6\u3092\u767a\u898b\u3057\u305f\u3002\u3053\u308c\u306f\u30ec\u30fc\u30b6\u30fc\u76f8\u95a2\u5206\u5149\u6cd5\u306b\u3088\u3063\u3066\u8a18\u9332\u3055\u308c\u307e\u3057\u305f\u3002<\/p>\n\n\n\n<p class=\"has-ast-global-color-5-background-color has-background\">1 \u3064\u76ee\u306e\u30bf\u30a4\u30d7\u306f\u3001\u4e00\u6b21\u30e2\u30fc\u30c9\u52b1\u8d77\u306e\u5e30\u9084\u3092\u4f34\u3046 DNA \u306e\u975e\u7dda\u5f62\u30c0\u30a4\u30ca\u30df\u30af\u30b9 (\u97f3\u97ff) \u3067\u3059\u3002\u3053\u308c\u306f\u57fa\u672c\u7684\u306a\u73fe\u8c61\u3067\u3059 (DNA \u306a\u3069\u306e\u69cb\u9020\u306f\u751f\u7269\u3067\u306f\u3042\u308a\u307e\u305b\u3093)\u3002\u7269\u7406\u5b66\u3067\u306f\u300c\u30d5\u30a7\u30eb\u30df-\u30d1\u30b9\u30bf-\u30a6\u30e9\u30e0\u306e\u73fe\u8c61\u300d(FPU \u3092\u78ba\u8a8d\u3057\u3066\u304f\u3060\u3055\u3044) \u304a\u3088\u3073\u8a18\u61b6\u306e\u975e\u7dda\u5f62\u30b7\u30b9\u30c6\u30e0\u306e\u52b1\u8d77\u3068\u3057\u3066\u9577\u3044\u9593\u77e5\u3089\u308c\u3066\u304d\u307e\u3057\u305f\u3002\u907a\u4f1d\u88c5\u7f6e\u306f\u3053\u306e\u73fe\u8c61\u3092\u5229\u7528\u3057\u3066\u3001\u81ea\u8eab\u306e\u67d3\u8272\u4f53\u5185\u306e\u30db\u30ed\u30b0\u30e9\u30d5\u30a3\u30c3\u30af \u30d7\u30ed\u30b0\u30e9\u30e0\u3092\u547c\u3073\u51fa\u3059\u8981\u6c42\u3092\u51e6\u7406\u3057\u307e\u3059\u3002\u3053\u306e\u3088\u3046\u306a\u8981\u6c42\u306f\u3001\u751f\u7269\u5b66\u7684\u30b7\u30b9\u30c6\u30e0\u306b\u304a\u3051\u308b\u81d3\u5668\u3084\u7d44\u7e54\u306e\u518d\u751f\u904e\u7a0b\u3067\u5b9f\u73fe\u3055\u308c\u3001\u4eba\u9593\u306e\u809d\u81d3\u518d\u751f\u6a5f\u80fd\u3001\u764c\u306e\u722a\u3001\u30c8\u30ab\u30b2\u306e\u5c3b\u5c3e\u306a\u3069\u306e\u60c5\u5831\u69cb\u9020\u306e\u300c\u5fa9\u5e30\u300d\u3068\u547c\u3073\u305f\u3044\u3068\u304d\u3067\u3059\u3002\u79c1\u305f\u3061\u306e\u7814\u7a76\u306b\u3088\u308b\u3068\u3001\u3053\u308c\u3089\u306e\u300c\u30c1\u30a7\u30c3\u30af\u30a4\u30f3\u300d\u306f\u3001DNA \u3060\u3051\u3067\u306a\u304f\u3001\u6838\u30bf\u30f3\u30d1\u30af\u8cea (\u30ea\u30dc\u30bd\u30fc\u30e0)\u3001\u30bf\u30f3\u30d1\u30af\u8cea\u3001\u751f\u4f53\u69cb\u9020 (\u30b3\u30e9\u30fc\u30b2\u30f3\u3001\u7d30\u80de\u5916\u30de\u30c8\u30ea\u30c3\u30af\u30b9) \u3082\u540c\u69d8\u3067\u3059\u3002<\/p>\n\n\n\n<p class=\"has-ast-global-color-5-background-color has-background\">2 \u756a\u76ee\u306e\u30bf\u30a4\u30d7\u306e\u8a18\u61b6\u306f DNA \u30d5\u30a1\u30f3\u30c8\u30e0\u52b9\u679c\u3001\u3064\u307e\u308a\u3001\u52d5\u7684\u6ce2\u52d5\u7279\u6027\u3092\u6301\u3064 DNA \u5206\u5b50\u306e\u52d5\u7684\u6ce2\u52d5\u306e\u5f79\u5272\u306b\u57fa\u3065\u304f\u8a18\u61b6\u74b0\u5883\u3067\u3059\u3002\u74b0\u5883\u3068\u306f\u3001\u4f8b\u3048\u3070\u3001\u30ad\u30e5\u30d9\u30c3\u30c8\u30b3\u30f3\u30d1\u30fc\u30c8\u30e1\u30f3\u30c8\u5206\u5149\u8a08\u306e\u7a7a\u9593\u3001\u307e\u305f\u306f\u7a7a\u9593\u3001\u751f\u304d\u305f\u7d30\u80de\u304a\u3088\u3073\u7d44\u7e54\u306e\u3053\u3068\u3067\u3042\u308b\u3002\u307e\u305f\u3001\u751f\u7269\u304c\u91cf\u5b50\u72b6\u614b\u306e 1 \u3064\u3092\u3082\u305f\u3089\u3059\u305f\u3081\u306b\u4f7f\u7528\u3055\u308c\u307e\u3059\u3002 DNA \u30d5\u30a1\u30f3\u30c8\u30e0\u306e\u5f62\u3092\u3057\u305f\u5206\u5b50\u3002\u5b9f\u969b\u306b\u306f\u3001\u3053\u308c\u306f\u4eba\u4f53\u306b\u56fa\u6709\u306e DNA \u30d5\u30e9\u30b0\u30e1\u30f3\u30c8\u306e\u91cf\u5b50\u884c\u5217\u3092\u4eba\u5de5\u7684\u306b\u4f5c\u6210\u3059\u308b\u3053\u3068\u3067\u5b9f\u73fe\u3067\u304d\u3001\u4eba\u9593\u306e\u5931\u308f\u308c\u305f DNA \u30d5\u30e9\u30b0\u30e1\u30f3\u30c8\u3092\u57cb\u3081\u3066\u7f6e\u304d\u63db\u3048\u3001\u907a\u4f1d\u5b50\u640d\u50b7\u3092\u5f15\u304d\u8d77\u3053\u3059\u3053\u3068\u306f\u3042\u308a\u307e\u305b\u3093\u3002\u305f\u3068\u3048\u3070\u3001\u56a2\u80de\u6027\u7dda\u7dad\u75c7\u306e\u7a81\u7136\u5909\u7570\u756a\u53f7 508\u3002<\/p>\n\n\n\n<p class=\"has-ast-global-color-5-background-color has-background\">\u79c1\u305f\u3061\u306e\u7814\u7a76\u306e\u3082\u3046 1 \u3064\u306e\u91cd\u8981\u306a\u90e8\u5206\u306f\u3001\u30c8\u30ea\u30d7\u30ec\u30c3\u30c8\u30bf\u30f3\u30d1\u30af\u8cea\u306e\u907a\u4f1d\u88c5\u7f6e\u306b\u304a\u3051\u308b\u73fe\u5728\u306e\u30b3\u30fc\u30c7\u30a3\u30f3\u30b0 \u30e2\u30c7\u30eb\u306e\u8abf\u6574\u3067\u3059\u3002\u79c1\u305f\u3061\u306e\u4fee\u6b63\u306e\u672c\u8cea\u306f\u3001RNA \u4e0a\u306e\u30ea\u30dc\u30bd\u30fc\u30e0\u306e\u6587\u8108\u4e0a\u306e\u914d\u5411\u30b7\u30b9\u30c6\u30e0\u304c\u30bf\u30f3\u30d1\u30af\u8cea\u751f\u5408\u6210\u306e\u904e\u7a0b\u3067\u5b9f\u73fe\u3055\u308c\u308b\u3068\u3044\u3046\u3053\u3068\u3067\u3059\u3002\u3053\u308c\u306f\u3001\u91cf\u5b50\u30d0\u30a4\u30aa\u30b3\u30f3\u30d4\u30e5\u30fc\u30bf\u30fc\u306e\u3088\u3046\u306b\u3001\u30b2\u30ce\u30e0\u306e\u304a\u5c3b\u306b\u672c\u7269\u306e\uff08\u6bd4\u55a9\u7684\u3067\u306f\u306a\u3044\uff09\u30c6\u30af\u30b9\u30c8\u30dc\u30b9\u30c6\u30a3\u907a\u4f1d\u5b50\u3068\u7591\u4f3c\u601d\u8003\u306e\u5f37\u3044\u4f4d\u7f6e\u3092\u5c0e\u5165\u3059\u308b\u3053\u3068\u3092\u610f\u5473\u3057\u307e\u3059\u3002\u610f\u8b58\u306e\u30ec\u30d9\u30eb\u3068\u751f\u7269\u5b66\u7684\u30b7\u30b9\u30c6\u30e0\u306e\u601d\u8003\u306b\u95a2\u9023\u3059\u308b\u30d5\u30e9\u30af\u30bf\u30eb\u6b21\u5143\u306e\u6982\u5ff5\u3092\u4f7f\u7528\u3057\u307e\u3059\u3002\u305d\u3057\u3066\u6700\u5f8c\u306e\u91cd\u8981\u306a\u70b9\u306f\u3001\u79c1\u305f\u3061\u306e\u30c6\u30af\u30ce\u30ed\u30b8\u30fc\u306e\u5b9f\u7528\u5316\u306e\u305f\u3081\u306e\u3001\u5b87\u5b99\u306e\u300cBoma\u300d\u30d9\u30eb\u30b3\u30f4\u30a3\u30ab \u30e2\u30c7\u30eb\u306e\u4f7f\u7528\u3067\u3059\u3002<\/p>\n\n\n\n<p class=\"has-ast-global-color-5-background-color has-background\">\u79c1\u305f\u3061\u306e\u7814\u7a76\u306e\u3053\u308c\u3089\u306e\u6bb5\u968e\u306f\u3001\u907a\u4f1d\u6697\u53f7\u306b\u304a\u3051\u308b DNA \u306e\u3059\u3067\u306b\u9855\u8457\u306a\u6a5f\u80fd\u3092\u898b\u76f4\u3057\u3001\u8ffd\u52a0\u3059\u308b\u305f\u3081\u306e\u57fa\u790e\u3092\u5f62\u6210\u3057\u307e\u3057\u305f\u3002 Lingvistiko - \u6ce2\u52d5\u30b2\u30ce\u30e0\u7406\u8ad6\u3002\u79c1\u305f\u3061\u306f\u3001\u30e2\u30b9\u30af\u30ef\u5dde\u7acb\u5927\u5b66\u3001FIANA\u3001ISP RAS \u306e\u4e00\u6d41\u306e\u7269\u7406\u5b66\u8005\u3001\u304a\u3088\u3073\u5916\u56fd\u306e\u7814\u7a76\u8005\u3068\u5354\u529b\u3057\u3066\u3001\u6570\u5341\u306e\u79d1\u5b66\u8ad6\u6587\u3092\u767a\u8868\u3057\u3066\u304d\u307e\u3057\u305f\u3002 3\u518a\u306e\u5358\u884c\u672c\u304c\u51fa\u7248\u3055\u308c\u307e\u3057\u305f\uff08\u8457\u8005\u00a0<strong>\u30d4\u30fc\u30bf\u30fc\u30fbP\u30fb\u30ac\u30ea\u30e3\u30a8\u30d5<\/strong>\uff09\u3002\u7279\u8a31\u3068\u512a\u5148\u9806\u4f4d\u3002\u3053\u308c\u3089\u3059\u3079\u3066\u306b\u57fa\u3065\u3044\u3066\u3001\u5f7c\u3089\u306e\u5065\u5eb7\u3068\u6d3b\u52d5\u7684\u306a\u5bff\u547d\u3092\u5ef6\u3070\u3059\u305f\u3081\u306b\u3001\u6839\u672c\u7684\u306b\u65b0\u3057\u3044\u77ef\u6b63\u6280\u8853\u304c\u958b\u767a\u3055\u308c\u307e\u3057\u305f\u3002\u65b0\u3057\u3044\u30c6\u30af\u30ce\u30ed\u30b8\u30fc\u306e\u6700\u3082\u91cd\u8981\u306a\u30dd\u30a4\u30f3\u30c8\u306e 1 \u3064\u306f\u3001\u4eba\u4f53\u3067\u4f7f\u7528\u3055\u308c\u308b\u81ea\u7136\u306a\u30d7\u30ed\u30b0\u30e9\u30e0\u306b\u3088\u308b\u5e79\u7d30\u80de\u306e\u91cf\u5b50\u30d7\u30ed\u30b0\u30e9\u30df\u30f3\u30b0\u3067\u3059\u3002<\/p>\n\n\n\n<p class=\"has-ast-global-color-5-background-color has-background\"><strong>\u30d4\u30fc\u30bf\u30fc\u30fbP\u30fb\u30ac\u30eb\u30b8\u30e3\u30a8\u30d5<\/strong>&nbsp;2021\u5e74\u306b\u958b\u50ac\u3055\u308c\u308b\u30ce\u30fc\u30d9\u30eb\u533b\u5b66\u8cde\u306e\u5019\u88dc\u306b\u30ce\u30df\u30cd\u30fc\u30c8\u3055\u308c\u307e\u3057\u305f\u3002<\/p>\n\n\n\n<figure class=\"wp-block-image size-full\"><img decoding=\"async\" width=\"513\" height=\"695\" src=\"https:\/\/ai-xtech.eu\/oordufup\/2024\/02\/the-nobel-committee.jpg\" alt=\"\" class=\"wp-image-6509\" srcset=\"https:\/\/ai-xtech.eu\/oordufup\/2024\/02\/the-nobel-committee.jpg 513w, https:\/\/ai-xtech.eu\/oordufup\/2024\/02\/the-nobel-committee-221x300.jpg 221w, https:\/\/ai-xtech.eu\/oordufup\/2024\/02\/the-nobel-committee-9x12.jpg 9w\" sizes=\"(max-width: 513px) 100vw, 513px\" \/><\/figure>","protected":false},"excerpt":{"rendered":"<p>Dr. Peter P. Garyaev, a biol\u00f3giai tudom\u00e1nyok doktora, rans \u00e9s RAMTN 1984 \u00f3ta,\u00a0Peter P. Garjajev\u00a0kutatni kezdett \u00faj ter\u00fcleteken a genetikai k\u00f3dol\u00e1s teruleten \u00e9s 1994-ben l\u00e9trehozott egy \u00faj ir\u00e1nyzatot a genetika &#8211; Genetics Wave, majd Lingvistiko &#8211; A Wave Genetics. Ebben a t\u00e9m\u00e1ban\u00a0Peter P. Garyaev\u00a01997-ben. megv\u00e9dte doktori disszert\u00e1ci\u00f3j\u00e1t fryazino. Bauman a HIAC-ban. A RANS \u00e9s a RAMTN akad\u00e9mikus\u00e1v\u00e1 \u00e9s a New York-i Tudom\u00e1nyos Akad\u00e9mia tagj\u00e1v\u00e1 v\u00e1lasztott\u00e1k. A 2001-2002,\u00a0Peter P. Garyaev\u00a0, Kanada (Toronto), ahol k\u00eds\u00e9rletileg meger\u0151s\u00edtette a helyess\u00e9g\u00e9t az alapvet\u0151 elk\u00e9pzel\u00e9sek lingvistiko &#8211; a hull\u00e1m genetika. 2013-ban megalap\u00edtotta a &#8220;Institute Of Quantum Genetics&#8221; t\u00e1rsas\u00e1got. A Szovjetuni\u00f3 Tudom\u00e1nyos Akad\u00e9mi\u00e1j\u00e1nak Fizikai \u00e9s Technikai Probl\u00e9m\u00e1k Int\u00e9zet\u00e9ben (1984-1998g.g.) tudom\u00e1nyos f\u0151munkat\u00e1rsk\u00e9nt \u00e9s csoportvezet\u0151k\u00e9nt dolgozva&nbsp;Peter P. Garjajev&nbsp;k\u00e9t, kor\u00e1bban [&hellip;]<\/p>\n","protected":false},"author":1,"featured_media":0,"parent":0,"menu_order":0,"comment_status":"closed","ping_status":"closed","template":"","meta":{"_angie_page":false,"site-sidebar-layout":"no-sidebar","site-content-layout":"page-builder","ast-site-content-layout":"full-width-container","site-content-style":"default","site-sidebar-style":"default","ast-global-header-display":"","ast-banner-title-visibility":"","ast-main-header-display":"","ast-hfb-above-header-display":"","ast-hfb-below-header-display":"","ast-hfb-mobile-header-display":"","site-post-title":"disabled","ast-breadcrumbs-content":"","ast-featured-img":"disabled","footer-sml-layout":"","ast-disable-related-posts":"","theme-transparent-header-meta":"","adv-header-id-meta":"","stick-header-meta":"","header-above-stick-meta":"","header-main-stick-meta":"","header-below-stick-meta":"","astra-migrate-meta-layouts":"set","ast-page-background-enabled":"default","ast-page-background-meta":{"desktop":{"background-color":"","background-image":"","background-repeat":"repeat","background-position":"center center","background-size":"auto","background-attachment":"scroll","background-type":"","background-media":"","overlay-type":"","overlay-color":"","overlay-opacity":"","overlay-gradient":""},"tablet":{"background-color":"","background-image":"","background-repeat":"repeat","background-position":"center center","background-size":"auto","background-attachment":"scroll","background-type":"","background-media":"","overlay-type":"","overlay-color":"","overlay-opacity":"","overlay-gradient":""},"mobile":{"background-color":"","background-image":"","background-repeat":"repeat","background-position":"center center","background-size":"auto","background-attachment":"scroll","background-type":"","background-media":"","overlay-type":"","overlay-color":"","overlay-opacity":"","overlay-gradient":""}},"ast-content-background-meta":{"desktop":{"background-color":"var(--ast-global-color-5)","background-image":"","background-repeat":"repeat","background-position":"center center","background-size":"auto","background-attachment":"scroll","background-type":"","background-media":"","overlay-type":"","overlay-color":"","overlay-opacity":"","overlay-gradient":""},"tablet":{"background-color":"var(--ast-global-color-5)","background-image":"","background-repeat":"repeat","background-position":"center center","background-size":"auto","background-attachment":"scroll","background-type":"","background-media":"","overlay-type":"","overlay-color":"","overlay-opacity":"","overlay-gradient":""},"mobile":{"background-color":"var(--ast-global-color-5)","background-image":"","background-repeat":"repeat","background-position":"center center","background-size":"auto","background-attachment":"scroll","background-type":"","background-media":"","overlay-type":"","overlay-color":"","overlay-opacity":"","overlay-gradient":""}},"footnotes":"[]"},"class_list":["post-6469","page","type-page","status-publish","hentry"],"_links":{"self":[{"href":"https:\/\/ai-xtech.eu\/ja\/wp-json\/wp\/v2\/pages\/6469","targetHints":{"allow":["GET"]}}],"collection":[{"href":"https:\/\/ai-xtech.eu\/ja\/wp-json\/wp\/v2\/pages"}],"about":[{"href":"https:\/\/ai-xtech.eu\/ja\/wp-json\/wp\/v2\/types\/page"}],"author":[{"embeddable":true,"href":"https:\/\/ai-xtech.eu\/ja\/wp-json\/wp\/v2\/users\/1"}],"replies":[{"embeddable":true,"href":"https:\/\/ai-xtech.eu\/ja\/wp-json\/wp\/v2\/comments?post=6469"}],"version-history":[{"count":5,"href":"https:\/\/ai-xtech.eu\/ja\/wp-json\/wp\/v2\/pages\/6469\/revisions"}],"predecessor-version":[{"id":6512,"href":"https:\/\/ai-xtech.eu\/ja\/wp-json\/wp\/v2\/pages\/6469\/revisions\/6512"}],"wp:attachment":[{"href":"https:\/\/ai-xtech.eu\/ja\/wp-json\/wp\/v2\/media?parent=6469"}],"curies":[{"name":"wp","href":"https:\/\/api.w.org\/{rel}","templated":true}]}}