{"id":1252,"date":"2021-08-02T17:41:44","date_gmt":"2021-08-02T17:41:44","guid":{"rendered":"https:\/\/ai-xtech.eu\/?page_id=1252"},"modified":"2023-07-24T08:13:06","modified_gmt":"2023-07-24T08:13:06","slug":"data-protection-guidelines","status":"publish","type":"page","link":"https:\/\/ai-xtech.eu\/ja\/data-protection-guidelines\/","title":{"rendered":"\u30c7\u30fc\u30bf\u4fdd\u8b77\u30ac\u30a4\u30c9\u30e9\u30a4\u30f3 \u30d7\u30e9\u30a4\u30d0\u30b7\u30fc\u30dd\u30ea\u30b7\u30fc"},"content":{"rendered":"<h2 class=\"wp-block-heading\">\u79c1\u305f\u3061\u306f\u8ab0\u3067\u3059\u304b<\/h2>\n\n\n\n<p><strong class=\"privacy-policy-tutorial\"> <\/strong>\u5f53\u793e\u306e Web \u30b5\u30a4\u30c8\u306e\u30a2\u30c9\u30ec\u30b9\u306f\u3001https:\/\/ai-xtech.eu \u3067\u3059\u3002<\/p>\n\n\n\n<h2 class=\"wp-block-heading\">\u30b3\u30e1\u30f3\u30c8<\/h2>\n\n\n\n<p>\u30b3\u30e1\u30f3\u30c8\u3092\u9001\u4fe1\u3059\u308b\u3068\u3001\u8ff7\u60d1\u30b3\u30f3\u30c6\u30f3\u30c4\u3092\u9664\u5916\u3059\u308b\u305f\u3081\u306b\u3001\u30b3\u30e1\u30f3\u30c8 \u30d5\u30a9\u30fc\u30e0\u306b\u6307\u5b9a\u3055\u308c\u305f\u3082\u306e\u306b\u52a0\u3048\u3066\u3001\u30b3\u30e1\u30f3\u30c8\u6295\u7a3f\u8005\u306e IP \u30a2\u30c9\u30ec\u30b9\u3068\u30d6\u30e9\u30a6\u30b6\u8b58\u5225\u6587\u5b57\u5217\u304c\u53ce\u96c6\u3055\u308c\u307e\u3059\u3002<\/p>\n\n\n\n<p>\u96fb\u5b50\u30e1\u30fc\u30eb \u30a2\u30c9\u30ec\u30b9\u304b\u3089\u751f\u6210\u3055\u308c\u305f\u975e\u500b\u4eba\u5316\u3055\u308c\u305f\u6587\u5b57\u5217 (\u901a\u5e38\u306f\u30cf\u30c3\u30b7\u30e5\u3068\u547c\u3070\u308c\u307e\u3059) \u304c\u30b5\u30a4\u30c8\u3067\u4f7f\u7528\u3055\u308c\u308b\u5834\u5408\u3001Gravatar \u30b5\u30fc\u30d3\u30b9\u306b\u9001\u4fe1\u3055\u308c\u307e\u3059\u3002 Gravatar \u30b5\u30fc\u30d3\u30b9\u306e\u898f\u7d04\u306f\u3001\u6b21\u306e\u30a2\u30c9\u30ec\u30b9\u3067\u78ba\u8a8d\u3067\u304d\u307e\u3059: https:\/\/automattic.com\/privacy\/\u3002\u30b3\u30e1\u30f3\u30c8\u304c\u627f\u8a8d\u3055\u308c\u308b\u3068\u3001\u30b3\u30e1\u30f3\u30c8\u306e\u5185\u5bb9\u3068\u30d7\u30ed\u30d5\u30a3\u30fc\u30eb\u5199\u771f\u304c\u516c\u958b\u3055\u308c\u307e\u3059\u3002<\/p>\n\n\n\n<h2 class=\"wp-block-heading\">\u30e1\u30c7\u30a3\u30a2<\/h2>\n\n\n\n<p>\u767b\u9332\u30e6\u30fc\u30b6\u30fc\u306b\u3088\u3063\u3066\u753b\u50cf\u304c Web \u30b5\u30a4\u30c8\u306b\u30a2\u30c3\u30d7\u30ed\u30fc\u30c9\u3055\u308c\u308b\u5834\u5408\u3001GPS \u4f4d\u7f6e\u30c7\u30fc\u30bf\u3092\u542b\u3080 EXIF \u306f\u907f\u3051\u308b\u3079\u304d\u3067\u3059\u3002\u30a6\u30a7\u30d6\u30b5\u30a4\u30c8\u306e\u8a2a\u554f\u8005\u306f\u3053\u308c\u3089\u3092\u30c0\u30a6\u30f3\u30ed\u30fc\u30c9\u3057\u3001\u30a6\u30a7\u30d6\u30b5\u30a4\u30c8\u4e0a\u306e\u753b\u50cf\u304b\u3089\u4f4d\u7f6e\u30c7\u30fc\u30bf\u3092\u62bd\u51fa\u3067\u304d\u307e\u3059\u3002<\/p>\n\n\n\n<h2 class=\"wp-block-heading\">\u30af\u30c3\u30ad\u30fc<\/h2>\n\n\n\n<p>Web \u30b5\u30a4\u30c8\u306b\u30b3\u30e1\u30f3\u30c8\u3092\u66f8\u304f\u3068\u3001\u540d\u524d\u3001\u96fb\u5b50\u30e1\u30fc\u30eb \u30a2\u30c9\u30ec\u30b9\u3001Web \u30b5\u30a4\u30c8\u306e\u30a2\u30c9\u30ec\u30b9\u304c Cookie \u306b\u4fdd\u5b58\u3055\u308c\u307e\u3059\u3002\u3053\u306e\u30b9\u30c8\u30ec\u30fc\u30b8\u306f\u4fbf\u5b9c\u4e0a\u306e\u76ee\u7684\u3067\u3042\u308b\u305f\u3081\u3001\u6b21\u56de\u6295\u7a3f\u3059\u308b\u3068\u304d\u306b\u3053\u308c\u3089\u306e\u30d5\u30a3\u30fc\u30eb\u30c9\u306b\u5165\u529b\u3059\u308b\u5fc5\u8981\u306f\u3042\u308a\u307e\u305b\u3093\u3002 Cookie\u306e\u6709\u52b9\u671f\u9650\u306f1\u5e74\u9593\u3067\u3059\u3002<\/p>\n\n\n\n<p>\u30ed\u30b0\u30a4\u30f3 \u30da\u30fc\u30b8\u306b\u30a2\u30af\u30bb\u30b9\u3059\u308b\u3068\u3001\u30d6\u30e9\u30a6\u30b6\u304c Cookie \u3092\u53d7\u3051\u5165\u308c\u308b\u304b\u3069\u3046\u304b\u3092\u5224\u65ad\u3059\u308b\u305f\u3081\u306b\u4e00\u6642\u7684\u306a Cookie \u304c\u8a2d\u5b9a\u3055\u308c\u307e\u3059\u3002\u3053\u308c\u3089\u306e Cookie \u306b\u306f\u500b\u4eba\u60c5\u5831\u306f\u542b\u307e\u308c\u3066\u3044\u306a\u3044\u305f\u3081\u3001\u30d6\u30e9\u30a6\u30b6\u3092\u9589\u3058\u308b\u3068\u524a\u9664\u3055\u308c\u307e\u3059\u3002<\/p>\n\n\n\n<p>Web \u30b5\u30a4\u30c8\u306b\u30ed\u30b0\u30a4\u30f3\u3059\u308b\u3068\u3001\u30ed\u30b0\u30a4\u30f3\u60c5\u5831\u3068\u7de8\u96c6\u30a4\u30f3\u30bf\u30fc\u30d5\u30a7\u30a4\u30b9\u306e\u8868\u793a\u30aa\u30d7\u30b7\u30e7\u30f3\u3092\u4fdd\u5b58\u3059\u308b\u3044\u304f\u3064\u304b\u306e Cookie \u304c\u4f5c\u6210\u3055\u308c\u307e\u3059\u3002\u30ed\u30b0\u30a4\u30f3 Cookie \u306f 2 \u65e5\u9593\u6709\u52b9\u3067\u3001\u7de8\u96c6\u30a4\u30f3\u30bf\u30fc\u30d5\u30a7\u30a4\u30b9\u306e\u8868\u793a\u30aa\u30d7\u30b7\u30e7\u30f3\u3092\u4fdd\u5b58\u3059\u308b Cookie \u306f 1 \u5e74\u9593\u6709\u52b9\u3067\u3059\u3002 \u300c\u8a18\u61b6\u3059\u308b\u300d\u30aa\u30d7\u30b7\u30e7\u30f3\u3092\u9078\u629e\u3057\u305f\u5834\u5408\u3001\u767b\u9332\u306f 2 \u9031\u9593\u7d99\u7d9a\u3055\u308c\u307e\u3059\u3002\u30ed\u30b0\u30a4\u30f3 Cookie \u306f\u30ed\u30b0\u30a2\u30a6\u30c8\u3059\u308b\u3068\u524a\u9664\u3055\u308c\u307e\u3059\u3002<\/p>\n\n\n\n<p>\u6295\u7a3f\u307e\u305f\u306f\u30da\u30fc\u30b8\u3092\u7de8\u96c6\u3059\u308b\u3068\u3001\u30d6\u30e9\u30a6\u30b6\u306f\u5225\u306e Cookie \u3092\u4fdd\u5b58\u3057\u307e\u3059\u3002\u3053\u306e Cookie \u306b\u306f\u500b\u4eba\u30c7\u30fc\u30bf\u306f\u542b\u307e\u308c\u3066\u304a\u3089\u305a\u3001\u7de8\u96c6\u3057\u305f\u6295\u7a3f\u306e ID \u756a\u53f7\u304c\u4fdd\u5b58\u3055\u308c\u3066\u3044\u308b\u3060\u3051\u3067\u3059\u3002\u6709\u52b9\u671f\u9650\u306f 1 \u65e5\u3067\u5207\u308c\u307e\u3059\u3002<\/p>\n\n\n\n<h2 class=\"wp-block-heading\">\u4ed6\u306e Web \u30b5\u30a4\u30c8\u304b\u3089\u306e\u57cb\u3081\u8fbc\u307f\u30b3\u30f3\u30c6\u30f3\u30c4<\/h2>\n\n\n\n<p>Web \u30b5\u30a4\u30c8\u3067\u5229\u7528\u53ef\u80fd\u306a\u6295\u7a3f\u306b\u306f\u3001\u5916\u90e8\u30bd\u30fc\u30b9\u304b\u3089\u306e\u57cb\u3081\u8fbc\u307f\u30b3\u30f3\u30c6\u30f3\u30c4 (\u30d3\u30c7\u30aa\u3001\u753b\u50cf\u3001\u8a18\u4e8b\u306a\u3069) \u304c\u4f7f\u7528\u3055\u308c\u3066\u3044\u308b\u5834\u5408\u304c\u3042\u308a\u307e\u3059\u3002\u5916\u90e8\u30bd\u30fc\u30b9\u304b\u3089\u306e\u57cb\u3081\u8fbc\u307f\u30b3\u30f3\u30c6\u30f3\u30c4\u306f\u3001\u5225\u306e Web \u30b5\u30a4\u30c8\u306b\u30a2\u30af\u30bb\u30b9\u3057\u305f\u304b\u306e\u3088\u3046\u306b\u52d5\u4f5c\u3057\u307e\u3059\u3002<\/p>\n\n\n\n<p>\u3053\u308c\u3089\u306e Web \u30b5\u30a4\u30c8\u306f\u3001\u30e6\u30fc\u30b6\u30fc \u30a2\u30ab\u30a6\u30f3\u30c8\u3092\u304a\u6301\u3061\u3067\u30b5\u30a4\u30c8\u306b\u30ed\u30b0\u30a4\u30f3\u3057\u3066\u3044\u308b\u5834\u5408\u3001\u8a2a\u554f\u8005\u306b\u95a2\u3059\u308b\u30c7\u30fc\u30bf\u3092\u53ce\u96c6\u3057\u3001Cookie \u307e\u305f\u306f\u30b5\u30fc\u30c9\u30d1\u30fc\u30c6\u30a3\u306e\u8ffd\u8de1\u30b3\u30fc\u30c9\u3092\u4f7f\u7528\u3057\u3001\u57cb\u3081\u8fbc\u307f\u30b3\u30f3\u30c6\u30f3\u30c4\u306b\u95a2\u9023\u3059\u308b\u30e6\u30fc\u30b6\u30fc\u306e\u884c\u52d5\u3092\u76e3\u8996\u3059\u308b\u5834\u5408\u304c\u3042\u308a\u307e\u3059\u3002<\/p>\n\n\n\n<h2 class=\"wp-block-heading\">\u30e6\u30fc\u30b6\u30fc\u30c7\u30fc\u30bf\u3092\u5171\u6709\u3059\u308b\u76f8\u624b<\/h2>\n\n\n\n<p>\u30d1\u30b9\u30ef\u30fc\u30c9\u306e\u30ea\u30bb\u30c3\u30c8\u3092\u30ea\u30af\u30a8\u30b9\u30c8\u3059\u308b\u3068\u3001IP \u30a2\u30c9\u30ec\u30b9\u304c\u30ea\u30bb\u30c3\u30c8\u96fb\u5b50\u30e1\u30fc\u30eb\u306b\u542b\u307e\u308c\u307e\u3059\u3002<\/p>\n\n\n\n<h2 class=\"wp-block-heading\">\u500b\u4eba\u30c7\u30fc\u30bf\u306f\u3069\u306e\u304f\u3089\u3044\u306e\u671f\u9593\u4fdd\u7ba1\u3055\u308c\u307e\u3059\u304b?<\/h2>\n\n\n\n<p>\u30b3\u30e1\u30f3\u30c8\u3059\u308b\u3068\u3001\u30b3\u30e1\u30f3\u30c8\u3068\u305d\u306e\u30e1\u30bf\u30c7\u30fc\u30bf\u306f\u4e0d\u7279\u5b9a\u306e\u671f\u9593\u30b7\u30b9\u30c6\u30e0\u306b\u6b8b\u308a\u307e\u3059\u3002\u3053\u306e\u76ee\u7684\u306f\u3001\u5f8c\u7d9a\u306e\u3059\u3079\u3066\u306e\u30b3\u30e1\u30f3\u30c8\u304c\u5f53\u793e\u306b\u3088\u3063\u3066\u8a8d\u8b58\u3055\u308c\u3001\u627f\u8a8d\u3055\u308c\u308b\u3053\u3068\u3001\u3064\u307e\u308a\u3001\u305d\u308c\u3089\u306e\u30b3\u30e1\u30f3\u30c8\u304c\u30e2\u30c7\u30ec\u30fc\u30c8\u5bfe\u8c61\u306e\u30b3\u30e1\u30f3\u30c8\u306e\u30ea\u30b9\u30c8\u306b\u8868\u793a\u3055\u308c\u306a\u3044\u3088\u3046\u306b\u3059\u308b\u3053\u3068\u3067\u3059\u3002<\/p>\n\n\n\n<p>Web \u30b5\u30a4\u30c8\u306b\u767b\u9332\u3055\u308c\u3066\u3044\u308b\u30e6\u30fc\u30b6\u30fc\u306e\u500b\u4eba\u30c7\u30fc\u30bf (\u5b58\u5728\u3059\u308b\u5834\u5408) \u306f\u3001\u305d\u306e\u30e6\u30fc\u30b6\u30fc\u81ea\u8eab\u306e\u30e6\u30fc\u30b6\u30fc \u30d7\u30ed\u30d5\u30a1\u30a4\u30eb\u306b\u3082\u4fdd\u5b58\u3055\u308c\u307e\u3059\u3002\u3059\u3079\u3066\u306e\u30e6\u30fc\u30b6\u30fc\u306f\u3044\u3064\u3067\u3082\u81ea\u5206\u306e\u500b\u4eba\u30c7\u30fc\u30bf\u3092\u8868\u793a\u3001\u7de8\u96c6\u3001\u524a\u9664\u3067\u304d\u307e\u3059 (\u305f\u3060\u3057\u3001\u81ea\u5206\u306e\u30e6\u30fc\u30b6\u30fc\u540d\u306f\u5909\u66f4\u3067\u304d\u307e\u305b\u3093)\u3002 Web \u30b5\u30a4\u30c8\u7ba1\u7406\u8005\u3082\u3053\u306e\u60c5\u5831\u3092\u8868\u793a\u304a\u3088\u3073\u7de8\u96c6\u3067\u304d\u307e\u3059\u3002<\/p>\n\n\n\n<h2 class=\"wp-block-heading\">\u30e6\u30fc\u30b6\u30fc\u306f\u81ea\u5206\u306e\u30c7\u30fc\u30bf\u306b\u95a2\u3057\u3066\u3069\u306e\u3088\u3046\u306a\u6a29\u5229\u3092\u6301\u3063\u3066\u3044\u307e\u3059\u304b<\/h2>\n\n\n\n<p>\u30a2\u30ab\u30a6\u30f3\u30c8\u3092\u767b\u9332\u3057\u3066\u3044\u308b\u5834\u5408\u3001\u307e\u305f\u306f Web \u30b5\u30a4\u30c8\u306b\u30b3\u30e1\u30f3\u30c8\u3092\u66f8\u3044\u3066\u3044\u308b\u5834\u5408\u306f\u3001\u30e6\u30fc\u30b6\u30fc\u304c\u4ee5\u524d\u306b\u63d0\u4f9b\u3057\u305f\u30c7\u30fc\u30bf\u3092\u542b\u3080\u30a8\u30af\u30b9\u30dd\u30fc\u30c8 \u30d5\u30a1\u30a4\u30eb\u3067\u500b\u4eba\u30c7\u30fc\u30bf\u306e\u9001\u4fe1\u3092\u8981\u6c42\u3059\u308b\u3053\u3068\u304c\u3067\u304d\u307e\u3059\u3002\u4ee5\u524d\u306b\u63d0\u4f9b\u3055\u308c\u305f\u500b\u4eba\u30c7\u30fc\u30bf\u3092\u524a\u9664\u3059\u308b\u3088\u3046\u30ea\u30af\u30a8\u30b9\u30c8\u3059\u308b\u3053\u3068\u3082\u3067\u304d\u307e\u3059\u3002\u3053\u308c\u306f\u3001\u7ba1\u7406\u4e0a\u3001\u6cd5\u5f8b\u4e0a\u3001\u307e\u305f\u306f\u30bb\u30ad\u30e5\u30ea\u30c6\u30a3\u4e0a\u306e\u7406\u7531\u3067\u4fdd\u6301\u3059\u308b\u5fc5\u8981\u304c\u3042\u308b\u30c7\u30fc\u30bf\u306b\u306f\u9069\u7528\u3055\u308c\u307e\u305b\u3093\u3002<\/p>\n\n\n\n<h2 class=\"wp-block-heading\">\u30c7\u30fc\u30bf\u3092\u8ee2\u9001\u3059\u308b\u5834\u6240<\/h2>\n\n\n\n<p>\u8a2a\u554f\u8005\u304b\u3089\u6295\u7a3f\u3055\u308c\u305f\u30b3\u30e1\u30f3\u30c8\u306f\u3001\u30b9\u30d1\u30e0\u81ea\u52d5\u30d5\u30a3\u30eb\u30bf\u30ea\u30f3\u30b0\u30b5\u30fc\u30d3\u30b9\u306b\u3088\u3063\u3066\u78ba\u8a8d\u3067\u304d\u307e\u3059\u3002<\/p>","protected":false},"excerpt":{"rendered":"<p>Kik vagyunk A weboldalunk c\u00edme: https:\/\/ai-xtech.eu. Hozz\u00e1sz\u00f3l\u00e1sok Hozz\u00e1sz\u00f3l\u00e1s bek\u00fcld\u00e9sekor a hozz\u00e1sz\u00f3l\u00e1si \u0171rlapban megadottakon k\u00edv\u00fcl begy\u0171jt\u00e9sre ker\u00fcl a hozz\u00e1sz\u00f3l\u00f3 IP c\u00edme \u00e9s a b\u00f6ng\u00e9sz\u0151azonos\u00edt\u00f3 karakterl\u00e1nc a k\u00e9retlen tartalmak kisz\u0171r\u00e9se c\u00e9lj\u00e1b\u00f3l. Egy szem\u00e9lytelen\u00edtett, az e-mail c\u00edmb\u0151l el\u0151\u00e1ll\u00edtott karakterl\u00e1nc (hashnek szok\u00e1s nevezni) ker\u00fcl tov\u00e1bb\u00edt\u00e1sra a Gravatar szolg\u00e1ltat\u00e1s fel\u00e9, ha ez az oldalon haszn\u00e1latban van. A Gravatar szolg\u00e1ltat\u00e1s felt\u00e9telei az al\u00e1bbi c\u00edmen tekinthet\u0151ek meg: https:\/\/automattic.com\/privacy\/. A hozz\u00e1sz\u00f3l\u00e1s elfogad\u00e1sa ut\u00e1n, a hozz\u00e1sz\u00f3l\u00e1sunk tartalma \u00e9s a profil k\u00e9p\u00fcnk is megjelenik nyilv\u00e1nosan. M\u00e9dia Amennyiben regisztr\u00e1lt felhaszn\u00e1l\u00f3 \u00e1ltal ker\u00fcl k\u00e9p felt\u00f6lt\u00e9sre a honlapra, ker\u00fclni kell az az olyan EXIF-eket, amelyekben GPS poz\u00edci\u00f3 adatok is szerepelnek. A honlap l\u00e1togat\u00f3i ezeket let\u00f6lthetik \u00e9s kinyerhetik a helyadatokat a honlapon tal\u00e1lhat\u00f3 k\u00e9pekb\u0151l. [&hellip;]<\/p>\n","protected":false},"author":1,"featured_media":0,"parent":0,"menu_order":0,"comment_status":"closed","ping_status":"closed","template":"","meta":{"_angie_page":false,"site-sidebar-layout":"default","site-content-layout":"default","ast-site-content-layout":"default","site-content-style":"default","site-sidebar-style":"default","ast-global-header-display":"","ast-banner-title-visibility":"","ast-main-header-display":"","ast-hfb-above-header-display":"","ast-hfb-below-header-display":"","ast-hfb-mobile-header-display":"","site-post-title":"","ast-breadcrumbs-content":"","ast-featured-img":"","footer-sml-layout":"","ast-disable-related-posts":"","theme-transparent-header-meta":"default","adv-header-id-meta":"","stick-header-meta":"","header-above-stick-meta":"","header-main-stick-meta":"","header-below-stick-meta":"","astra-migrate-meta-layouts":"default","ast-page-background-enabled":"default","ast-page-background-meta":{"desktop":{"background-color":"","background-image":"","background-repeat":"repeat","background-position":"center center","background-size":"auto","background-attachment":"scroll","background-type":"","background-media":"","overlay-type":"","overlay-color":"","overlay-opacity":"","overlay-gradient":""},"tablet":{"background-color":"","background-image":"","background-repeat":"repeat","background-position":"center center","background-size":"auto","background-attachment":"scroll","background-type":"","background-media":"","overlay-type":"","overlay-color":"","overlay-opacity":"","overlay-gradient":""},"mobile":{"background-color":"","background-image":"","background-repeat":"repeat","background-position":"center center","background-size":"auto","background-attachment":"scroll","background-type":"","background-media":"","overlay-type":"","overlay-color":"","overlay-opacity":"","overlay-gradient":""}},"ast-content-background-meta":{"desktop":{"background-color":"var(--ast-global-color-5)","background-image":"","background-repeat":"repeat","background-position":"center center","background-size":"auto","background-attachment":"scroll","background-type":"","background-media":"","overlay-type":"","overlay-color":"","overlay-opacity":"","overlay-gradient":""},"tablet":{"background-color":"var(--ast-global-color-5)","background-image":"","background-repeat":"repeat","background-position":"center center","background-size":"auto","background-attachment":"scroll","background-type":"","background-media":"","overlay-type":"","overlay-color":"","overlay-opacity":"","overlay-gradient":""},"mobile":{"background-color":"var(--ast-global-color-5)","background-image":"","background-repeat":"repeat","background-position":"center center","background-size":"auto","background-attachment":"scroll","background-type":"","background-media":"","overlay-type":"","overlay-color":"","overlay-opacity":"","overlay-gradient":""}},"footnotes":""},"class_list":["post-1252","page","type-page","status-publish","hentry"],"_links":{"self":[{"href":"https:\/\/ai-xtech.eu\/ja\/wp-json\/wp\/v2\/pages\/1252","targetHints":{"allow":["GET"]}}],"collection":[{"href":"https:\/\/ai-xtech.eu\/ja\/wp-json\/wp\/v2\/pages"}],"about":[{"href":"https:\/\/ai-xtech.eu\/ja\/wp-json\/wp\/v2\/types\/page"}],"author":[{"embeddable":true,"href":"https:\/\/ai-xtech.eu\/ja\/wp-json\/wp\/v2\/users\/1"}],"replies":[{"embeddable":true,"href":"https:\/\/ai-xtech.eu\/ja\/wp-json\/wp\/v2\/comments?post=1252"}],"version-history":[{"count":4,"href":"https:\/\/ai-xtech.eu\/ja\/wp-json\/wp\/v2\/pages\/1252\/revisions"}],"predecessor-version":[{"id":5377,"href":"https:\/\/ai-xtech.eu\/ja\/wp-json\/wp\/v2\/pages\/1252\/revisions\/5377"}],"wp:attachment":[{"href":"https:\/\/ai-xtech.eu\/ja\/wp-json\/wp\/v2\/media?parent=1252"}],"curies":[{"name":"wp","href":"https:\/\/api.w.org\/{rel}","templated":true}]}}