{"id":899,"date":"2021-07-31T20:33:25","date_gmt":"2021-07-31T20:33:25","guid":{"rendered":"https:\/\/ai-xtech.eu\/?post_type=product&#038;p=899"},"modified":"2026-04-08T11:55:39","modified_gmt":"2026-04-08T10:55:39","slug":"garyaev-hullamgenetikai-matrixai","status":"publish","type":"product","link":"https:\/\/ai-xtech.eu\/it\/prodotto\/garyaev-hullamgenetikai-matrixai\/","title":{"rendered":"File audio che utilizzano la tecnologia Tertyshny-Garyaev (matrici genetiche delle onde)"},"content":{"rendered":"<p>Creiamo 21 tipi di matrici genetiche ondulatorie basate sul lavoro del Dr. Pyotr Garyaev Petrovich e del Prof. Luc Montaigner.<br \/>\n<strong>E&#039; possibile richiedere anche una matrice unica!<\/strong><br \/>\nAnche l&#039;ascolto delle matrici \u00e8 efficace, ma con il dispositivo genetico delle onde, questa \u00e8 l&#039;efficacia<br \/>\npu\u00f2 essere triplicato. Questi file genetici sub-onda (suoni) sono perfettamente adatti anche per il trattamento dell&#039;acqua!<br \/>\nSe non disponi di un dispositivo per la genetica delle onde, posiziona un contenitore pieno di acqua pulita davanti all&#039;altoparlante\/altoparlante.<br \/>\nDopo aver giocato al programma di genetica delle onde, bevi l&#039;acqua!<br \/>\nSe disponi di un dispositivo per la genetica delle onde, posiziona una bottiglia da 2 litri piena di acqua pulita sulla bobina pi\u00f9 grande,<br \/>\ne bevi l&#039;acqua dopo aver giocato agli allomanyos!<br \/>\nScegli un sottotipo di genetica dell&#039;onda dall&#039;elenco a discesa!<\/p>","protected":false},"excerpt":{"rendered":"<h2>Genetica delle onde<\/h2>\n<p>La medicina moderna \u00e8 arrivata a un bivio. Mentre i progressi tecnologici hanno aperto opportunit\u00e0 senza precedenti, l\u2019attenzione alla salute umana sta perdendo sempre pi\u00f9 il suo carattere personale e i pazienti spesso si sentono soli e vulnerabili. L&#039;approccio olistico della guarigione tradizionale, che trattava la persona come un&#039;unit\u00e0 fisico-spirituale, sta lentamente scomparendo nelle nebbie del passato, e il suo posto \u00e8 stato preso da trattamenti chimici e terapie di massa.<\/p>\n<figure id=\"attachment_6568\" aria-describedby=\"caption-attachment-6568\" style=\"width: 300px\" class=\"wp-caption alignnone\"><img fetchpriority=\"high\" decoding=\"async\" class=\"size-medium wp-image-6568\" src=\"https:\/\/ai-xtech.eu\/oordufup\/2024\/02\/aixtech._Implicit_functions_of_the_genetic_apparatus_b6a2dc44-26af-4c4c-a3a9-590733c167d1-1-300x168.jpg\" alt=\"hull\u00e1mgenetika\" width=\"300\" height=\"168\" srcset=\"https:\/\/ai-xtech.eu\/oordufup\/2024\/02\/aixtech._Implicit_functions_of_the_genetic_apparatus_b6a2dc44-26af-4c4c-a3a9-590733c167d1-1-300x168.jpg 300w, https:\/\/ai-xtech.eu\/oordufup\/2024\/02\/aixtech._Implicit_functions_of_the_genetic_apparatus_b6a2dc44-26af-4c4c-a3a9-590733c167d1-1-768x430.jpg 768w, https:\/\/ai-xtech.eu\/oordufup\/2024\/02\/aixtech._Implicit_functions_of_the_genetic_apparatus_b6a2dc44-26af-4c4c-a3a9-590733c167d1-1-18x10.jpg 18w, https:\/\/ai-xtech.eu\/oordufup\/2024\/02\/aixtech._Implicit_functions_of_the_genetic_apparatus_b6a2dc44-26af-4c4c-a3a9-590733c167d1-1-600x336.jpg 600w, https:\/\/ai-xtech.eu\/oordufup\/2024\/02\/aixtech._Implicit_functions_of_the_genetic_apparatus_b6a2dc44-26af-4c4c-a3a9-590733c167d1-1.jpg 800w\" sizes=\"(max-width: 300px) 100vw, 300px\" \/><figcaption id=\"caption-attachment-6568\" class=\"wp-caption-text\">genetica delle onde<\/figcaption><\/figure>\n<p>Collegamento\u00a0<a href=\"https:\/\/wavegenetics.org\/en\/\">https:\/\/wavegenetics.org\/en\/<\/a><br \/>\nIn un mondo in cui il trattamento delle malattie \u00e8 dominato da processi meccanici e impersonali, gli scienziati che hanno sviluppato nuovi approcci pi\u00f9 olistici in risposta ai bisogni umani fondamentali meritano un\u2019attenzione speciale. La scienza della genetica delle onde, attribuita a Pyotr Garjayev, \u00e8 una scoperta davvero rivoluzionaria. Questo metodo si muove al confine tra fisica quantistica e biologia umana, costruendo un ponte tra il mondo materiale e le dimensioni superiori per gettare nuova luce sulle possibilit\u00e0 di guarigione.<\/p>\n<p>In quest\u2019epoca, la questione non \u00e8 pi\u00f9 solo come eliminare una malattia. La vera sfida sta nel capire come ripristinare l&#039;equilibrio interiore di una persona e come l&#039;innovazione pu\u00f2 essere utilizzata per ritrovare l&#039;armonia fisica e mentale. La genetica delle onde e altre scoperte rivoluzionarie promettono che l\u2019umanit\u00e0 potr\u00e0 finalmente uscire dai secoli bui della medicina e muoversi verso un futuro pi\u00f9 luminoso e pieno di speranza.<\/p>\n<p>Tutte le matrici in un unico pacchetto:<br \/>\n<a href=\"https:\/\/ai-xtech.eu\/termek\/garjajev-osszes-hullamgenetikai-matrixa-egy-csomagban\/\">https:\/\/ai-xtech.eu\/termek\/garjajev-osszes-hullamgenetikai-matrixa-egy-csomagban\/<\/a><\/p>\n<p>Nella storia dell\u2019umanit\u00e0 la guarigione ha sempre avuto un ruolo centrale, poich\u00e9 la nostra salute \u00e8 alla base della felicit\u00e0 e della longevit\u00e0. Tuttavia, negli ultimi secoli, la medicina si \u00e8 spostata sempre pi\u00f9 verso la tecnologia e i trattamenti a base chimica, che spesso hanno allontanato il paziente da un approccio personalizzato e olistico. Allo stesso tempo, nuove scoperte scientifiche e strumenti innovativi hanno aperto la porta a un nuovo tipo di medicina che tratta il corpo umano e l\u2019anima come un\u2019unit\u00e0.<\/p>\n<p class=\" translation-block\">&quot;Nei secoli passati la malattia e la sua cura si sono separate dal malato e sono diventate sempre pi\u00f9 impersonali, inoltre si sono spostate fortemente verso l&#039;uso di sostanze chimiche. In questo modo, le persone diventavano sempre pi\u00f9 sole e senza speranza in mezzo alle loro malattie e ai loro dolori.<br> Fin dall&#039;inizio della cultura, il paziente \u00e8 sempre stato visto e trattato insieme alla sua malattia e al suo ambiente.<\/p>\n<p>Lo scrittore, poeta e accademico francese Paul Claudel definisce i pazienti &quot;invitati all&#039;attenzione&quot;.<\/p>\n<p>Tra gli scienziati che lavorano per rendere la vita umana pi\u00f9 bella e migliore, molti di loro hanno fatto scoperte, la cui applicazione ha portato sollievo alla persona sofferente con l&#039;aiuto della guarigione delle persone. Tra i primi inventori ci fu Nikola Tesla, utilizzando le cui invenzioni Pyotr Garjayev cre\u00f2 la scienza della genetica delle onde combinando diversi campi della scienza e con l&#039;aiuto della fisica quantistica. Parallelamente, Alexander Misin ha creato un dispositivo progettato per ottimizzare i cambiamenti fisici e chimici nel corpo umano. Dopo che il professor Garjajev ha acquisito familiarit\u00e0 con il funzionamento del dispositivo, ha unito le proprie conoscenze per perfezionarlo e renderlo pi\u00f9 efficace, creando cos\u00ec un nuovo dispositivo rivoluzionario che pone la guarigione su una base diversa dai metodi precedenti.<\/p>\n<p>Finalmente, con questo strumento, possiamo aprire una nuova era, poich\u00e9 il mondo intero deve attraversare l\u2019era oscura della medicina e delle malattie.<\/p>\n<p>Il XXI. secolo l\u2019uomo \u00e8 giunto a un bivio e si trova di fronte a un dilemma. Come consumatore cieco, fa dipendere la sua esistenza futura dallo sviluppo inesorabile di nuove tecnologie e dall&#039;ulteriore utilizzo di beni materiali, oppure trova la via che porta alla responsabilit\u00e0 spirituale e spirituale, nonch\u00e9 a un comportamento attento alla salute che pu\u00f2 superare le sue malattie e consolidare il suo benessere e la sua esistenza individuale.<\/p>\n<p>Essere sani non significa solo non essere malati. Come persone sane, ci sentiamo benissimo.<\/p>\n<p>La salute \u00e8 come quando ricordiamo i momenti felici della nostra infanzia e crediamo che molte altre esperienze simili ci aspettano&quot;<\/p>\n<p class=\" translation-block\"><em><strong>L\u00e1szl\u00f3 Lehoczki<\/strong><\/em><br> redattore-direttore televisivo<br> caporedattore fondatore del dipartimento editoriale religioso di Duna Television<br> il cavaliere della cultura ungherese<\/p>\n<p data-wtdl-uid=\"10\" data-wtdl-original=\"true\" data-wtdl-translated=\"true\">I programmi universali sono mappature delle onde (spintroniche), spettri speciali, da sostanze naturali, di derivazione naturale e biologicamente attive. Ad esempio, pappa reale, miele, ginseng siberiano, germe di grano, ecc. A differenza delle singole matrici, che richiedono foto durante la compilazione, questo programma non le richiede. Questi sono i programmi finiti. Li aggiorniamo costantemente in base all&#039;elaborazione di nuove propriet\u00e0 del materiale.<\/p>\n<p data-wtdl-uid=\"11\" data-wtdl-original=\"true\" data-wtdl-translated=\"true\">Parte del programma universale \u00e8 stato sviluppato insieme a Raisa Akhmetovna Mansurova. Nei miei seminari utilizza attivamente la matrice per scopi sanitari.<\/p>\n<p data-wtdl-uid=\"12\" data-wtdl-original=\"true\" data-wtdl-translated=\"true\">Tieni presente che le matrici universali sono pubblicizzate su Internet, non conoscono la tecnologia, vendono solo copie false di qualit\u00e0 scandalosa e non si assumono la responsabilit\u00e0 del loro utilizzo, non rilasciano fattura.<\/p>","protected":false},"featured_media":6568,"comment_status":"closed","ping_status":"closed","template":"","meta":{"_angie_page":false,"site-sidebar-layout":"no-sidebar","site-content-layout":"plain-container","ast-site-content-layout":"full-width-container","site-content-style":"unboxed","site-sidebar-style":"unboxed","ast-global-header-display":"","ast-banner-title-visibility":"","ast-main-header-display":"","ast-hfb-above-header-display":"","ast-hfb-below-header-display":"","ast-hfb-mobile-header-display":"","site-post-title":"","ast-breadcrumbs-content":"","ast-featured-img":"","footer-sml-layout":"","ast-disable-related-posts":"","theme-transparent-header-meta":"default","adv-header-id-meta":"","stick-header-meta":"","header-above-stick-meta":"","header-main-stick-meta":"","header-below-stick-meta":"","astra-migrate-meta-layouts":"set","ast-page-background-enabled":"default","ast-page-background-meta":{"desktop":{"background-color":"","background-image":"","background-repeat":"repeat","background-position":"center center","background-size":"auto","background-attachment":"scroll","background-type":"","background-media":"","overlay-type":"","overlay-color":"","overlay-opacity":"","overlay-gradient":""},"tablet":{"background-color":"","background-image":"","background-repeat":"repeat","background-position":"center center","background-size":"auto","background-attachment":"scroll","background-type":"","background-media":"","overlay-type":"","overlay-color":"","overlay-opacity":"","overlay-gradient":""},"mobile":{"background-color":"","background-image":"","background-repeat":"repeat","background-position":"center center","background-size":"auto","background-attachment":"scroll","background-type":"","background-media":"","overlay-type":"","overlay-color":"","overlay-opacity":"","overlay-gradient":""}},"ast-content-background-meta":{"desktop":{"background-color":"var(--ast-global-color-5)","background-image":"","background-repeat":"repeat","background-position":"center center","background-size":"auto","background-attachment":"scroll","background-type":"","background-media":"","overlay-type":"","overlay-color":"","overlay-opacity":"","overlay-gradient":""},"tablet":{"background-color":"var(--ast-global-color-5)","background-image":"","background-repeat":"repeat","background-position":"center center","background-size":"auto","background-attachment":"scroll","background-type":"","background-media":"","overlay-type":"","overlay-color":"","overlay-opacity":"","overlay-gradient":""},"mobile":{"background-color":"var(--ast-global-color-5)","background-image":"","background-repeat":"repeat","background-position":"center center","background-size":"auto","background-attachment":"scroll","background-type":"","background-media":"","overlay-type":"","overlay-color":"","overlay-opacity":"","overlay-gradient":""}}},"product_brand":[],"product_cat":[22],"product_tag":[74],"class_list":{"0":"post-899","1":"product","2":"type-product","3":"status-publish","4":"has-post-thumbnail","6":"product_cat-hullamgenetikai-megoldasok","7":"product_tag-matrix","8":"product_shipping_class-matrices","9":"desktop-align-left","10":"tablet-align-left","11":"mobile-align-left","13":"first","14":"instock","15":"taxable","16":"shipping-taxable","17":"purchasable","18":"product-type-variable"},"_links":{"self":[{"href":"https:\/\/ai-xtech.eu\/it\/wp-json\/wp\/v2\/product\/899","targetHints":{"allow":["GET"]}}],"collection":[{"href":"https:\/\/ai-xtech.eu\/it\/wp-json\/wp\/v2\/product"}],"about":[{"href":"https:\/\/ai-xtech.eu\/it\/wp-json\/wp\/v2\/types\/product"}],"replies":[{"embeddable":true,"href":"https:\/\/ai-xtech.eu\/it\/wp-json\/wp\/v2\/comments?post=899"}],"version-history":[{"count":10,"href":"https:\/\/ai-xtech.eu\/it\/wp-json\/wp\/v2\/product\/899\/revisions"}],"predecessor-version":[{"id":7396,"href":"https:\/\/ai-xtech.eu\/it\/wp-json\/wp\/v2\/product\/899\/revisions\/7396"}],"wp:featuredmedia":[{"embeddable":true,"href":"https:\/\/ai-xtech.eu\/it\/wp-json\/wp\/v2\/media\/6568"}],"wp:attachment":[{"href":"https:\/\/ai-xtech.eu\/it\/wp-json\/wp\/v2\/media?parent=899"}],"wp:term":[{"taxonomy":"product_brand","embeddable":true,"href":"https:\/\/ai-xtech.eu\/it\/wp-json\/wp\/v2\/product_brand?post=899"},{"taxonomy":"product_cat","embeddable":true,"href":"https:\/\/ai-xtech.eu\/it\/wp-json\/wp\/v2\/product_cat?post=899"},{"taxonomy":"product_tag","embeddable":true,"href":"https:\/\/ai-xtech.eu\/it\/wp-json\/wp\/v2\/product_tag?post=899"}],"curies":[{"name":"parola chiave","href":"https:\/\/api.w.org\/{rel}","templated":true}]}}