{"id":7488,"date":"2025-03-11T18:22:44","date_gmt":"2025-03-11T17:22:44","guid":{"rendered":"https:\/\/ai-xtech.eu\/?post_type=product&#038;p=7488"},"modified":"2026-04-08T11:57:35","modified_gmt":"2026-04-08T10:57:35","slug":"zenpeak-melleny","status":"publish","type":"product","link":"https:\/\/ai-xtech.eu\/it\/prodotto\/zenpeak-melleny\/","title":{"rendered":"Gilet ZenPeak"},"content":{"rendered":"<h1><b>Il gilet ZenPeak<\/b><\/h1>\n<p>Quantit\u00e0:<strong> Tempi di consegna dell&#039;ordine: 4-8 settimane<\/strong><\/p>\n<p><span dir=\"auto\">Gilet autonomo con bobine di induzione di campo elettromagnetico e possibilit\u00e0 di passare alla modalit\u00e0 campo statico. Comodo, progettato per l&#039;uso quotidiano senza bisogno di essere collegato a una presa di corrente. Il generatore pu\u00f2 essere collegato direttamente al gilet, consentendo la libert\u00e0 di movimento nella stanza o durante le passeggiate. Presenta le stesse propriet\u00e0 delle bobine tradizionali.<\/span><\/p>\n<p><span dir=\"auto\">Una caratteristica fondamentale del trattamento \u00e8 la possibilit\u00e0 di trattare contemporaneamente un&#039;area pi\u00f9 ampia del corpo da entrambi i lati. Ci\u00f2 aumenta l&#039;efficienza e riduce i tempi di trattamento. Ci\u00f2 si ottiene passando alla modalit\u00e0 statica tramite un trasformatore elevatore. Viene utilizzato un altro metodo di funzionamento del giubbotto. Questo metodo di influenza del paziente con un campo elettrostatico si basa sull&#039;interazione del corpo con un campo elettrostatico alternato a bassa frequenza e alta intensit\u00e0.<\/span><\/p>\n<p><span dir=\"auto\">Il campo elettrostatico provoca vibrazioni tissutali di varia intensit\u00e0, che si propagano a profondit\u00e0 considerevoli. Queste vibrazioni tissutali (spostamenti), a seconda della frequenza, dell&#039;intensit\u00e0 e della durata dell&#039;applicazione, possono influenzare il sistema neurorecettore, il sistema sanguigno e linfatico localizzato, regolare il tono muscolare e influenzare lo stato funzionale degli organi interni.<\/span><\/p>\n<p><span dir=\"auto\">Il metodo di terapia elettrostatica presentato \u00e8 efficace nel trattamento delle patologie dell&#039;apparato muscolo-scheletrico, delle malattie del sistema nervoso centrale e periferico, dell&#039;insufficienza linfatica e venosa, nonch\u00e9 delle patologie dell&#039;apparato broncopolmonare e degli organi digestivi.<\/span><\/p>\n<p><span dir=\"auto\">Dettagli:<\/span><\/p>\n<p><span dir=\"auto\">Il kit del giubbotto \u00e8 composto da due bobine di filo MGTF integrate, situate nel giubbotto stesso, un generatore sinusoidale mobile da 300 kHz, un&#039;unit\u00e0 di ricarica e un trasformatore elevatore.<\/span><\/p>","protected":false},"excerpt":{"rendered":"<p>A ZenPeak mell\u00e9ny Mennyis\u00e9g: 4-8 h\u00e9t rend\u00e9lesi ido \u00d6n\u00e1ll\u00f3 mell\u00e9ny elektrom\u00e1gneses mez\u0151 indukci\u00f3s tekercsekkel \u00e9s statikus mez\u0151 \u00fczemm\u00f3dba kapcsolhat\u00f3s\u00e1g\u00e1val. K\u00e9nyelmes, mindennapi haszn\u00e1latra tervezve, an\u00e9lk\u00fcl, hogy konnektorhoz kellene k\u00f6tni. A gener\u00e1tor k\u00f6zvetlen\u00fcl a mell\u00e9nyhez r\u00f6gz\u00edthet\u0151, \u00edgy szabad mozg\u00e1st biztos\u00edt a szob\u00e1ban vagy j\u00e1r\u00e1s k\u00f6zben. Ugyanazokkal a tulajdons\u00e1gokkal rendelkezik, mint a hagyom\u00e1nyos tekercsek. A kezel\u00e9s egyik kulcsfontoss\u00e1g\u00fa [&hellip;]<\/p>\n","protected":false},"featured_media":7489,"comment_status":"closed","ping_status":"closed","template":"","meta":{"_angie_page":false,"site-sidebar-layout":"default","site-content-layout":"","ast-site-content-layout":"default","site-content-style":"default","site-sidebar-style":"default","ast-global-header-display":"","ast-banner-title-visibility":"","ast-main-header-display":"","ast-hfb-above-header-display":"","ast-hfb-below-header-display":"","ast-hfb-mobile-header-display":"","site-post-title":"","ast-breadcrumbs-content":"","ast-featured-img":"","footer-sml-layout":"","ast-disable-related-posts":"","theme-transparent-header-meta":"default","adv-header-id-meta":"","stick-header-meta":"","header-above-stick-meta":"","header-main-stick-meta":"","header-below-stick-meta":"","astra-migrate-meta-layouts":"set","ast-page-background-enabled":"default","ast-page-background-meta":{"desktop":{"background-color":"","background-image":"","background-repeat":"repeat","background-position":"center center","background-size":"auto","background-attachment":"scroll","background-type":"","background-media":"","overlay-type":"","overlay-color":"","overlay-opacity":"","overlay-gradient":""},"tablet":{"background-color":"","background-image":"","background-repeat":"repeat","background-position":"center center","background-size":"auto","background-attachment":"scroll","background-type":"","background-media":"","overlay-type":"","overlay-color":"","overlay-opacity":"","overlay-gradient":""},"mobile":{"background-color":"","background-image":"","background-repeat":"repeat","background-position":"center center","background-size":"auto","background-attachment":"scroll","background-type":"","background-media":"","overlay-type":"","overlay-color":"","overlay-opacity":"","overlay-gradient":""}},"ast-content-background-meta":{"desktop":{"background-color":"var(--ast-global-color-5)","background-image":"","background-repeat":"repeat","background-position":"center center","background-size":"auto","background-attachment":"scroll","background-type":"","background-media":"","overlay-type":"","overlay-color":"","overlay-opacity":"","overlay-gradient":""},"tablet":{"background-color":"var(--ast-global-color-5)","background-image":"","background-repeat":"repeat","background-position":"center center","background-size":"auto","background-attachment":"scroll","background-type":"","background-media":"","overlay-type":"","overlay-color":"","overlay-opacity":"","overlay-gradient":""},"mobile":{"background-color":"var(--ast-global-color-5)","background-image":"","background-repeat":"repeat","background-position":"center center","background-size":"auto","background-attachment":"scroll","background-type":"","background-media":"","overlay-type":"","overlay-color":"","overlay-opacity":"","overlay-gradient":""}}},"product_brand":[],"product_cat":[22],"product_tag":[],"class_list":{"0":"post-7488","1":"product","2":"type-product","3":"status-publish","4":"has-post-thumbnail","6":"product_cat-hullamgenetikai-megoldasok","7":"product_shipping_class-free","8":"desktop-align-left","9":"tablet-align-left","10":"mobile-align-left","12":"first","13":"instock","14":"taxable","15":"shipping-taxable","16":"purchasable","17":"product-type-simple"},"_links":{"self":[{"href":"https:\/\/ai-xtech.eu\/it\/wp-json\/wp\/v2\/product\/7488","targetHints":{"allow":["GET"]}}],"collection":[{"href":"https:\/\/ai-xtech.eu\/it\/wp-json\/wp\/v2\/product"}],"about":[{"href":"https:\/\/ai-xtech.eu\/it\/wp-json\/wp\/v2\/types\/product"}],"replies":[{"embeddable":true,"href":"https:\/\/ai-xtech.eu\/it\/wp-json\/wp\/v2\/comments?post=7488"}],"version-history":[{"count":7,"href":"https:\/\/ai-xtech.eu\/it\/wp-json\/wp\/v2\/product\/7488\/revisions"}],"predecessor-version":[{"id":8098,"href":"https:\/\/ai-xtech.eu\/it\/wp-json\/wp\/v2\/product\/7488\/revisions\/8098"}],"wp:featuredmedia":[{"embeddable":true,"href":"https:\/\/ai-xtech.eu\/it\/wp-json\/wp\/v2\/media\/7489"}],"wp:attachment":[{"href":"https:\/\/ai-xtech.eu\/it\/wp-json\/wp\/v2\/media?parent=7488"}],"wp:term":[{"taxonomy":"product_brand","embeddable":true,"href":"https:\/\/ai-xtech.eu\/it\/wp-json\/wp\/v2\/product_brand?post=7488"},{"taxonomy":"product_cat","embeddable":true,"href":"https:\/\/ai-xtech.eu\/it\/wp-json\/wp\/v2\/product_cat?post=7488"},{"taxonomy":"product_tag","embeddable":true,"href":"https:\/\/ai-xtech.eu\/it\/wp-json\/wp\/v2\/product_tag?post=7488"}],"curies":[{"name":"parola chiave","href":"https:\/\/api.w.org\/{rel}","templated":true}]}}