{"id":7175,"date":"2024-08-07T15:43:32","date_gmt":"2024-08-07T14:43:32","guid":{"rendered":"https:\/\/ai-xtech.eu\/?post_type=product&#038;p=7175"},"modified":"2026-04-08T11:58:16","modified_gmt":"2026-04-08T10:58:16","slug":"zenpeak-aura-torzos-technologia","status":"publish","type":"product","link":"https:\/\/ai-xtech.eu\/it\/prodotto\/zenpeak-aura-torzos-technologia\/","title":{"rendered":"Ripristino remoto della salute - (ZenPeakAura)"},"content":{"rendered":"<p>Aura del Picco Zen<br \/>\nQuesto trattamento energetico ha lo scopo di ripristinare uno stato di salute.<br \/>\nIl trattamento energetico con il fascio di torsione dura 1 settimana.<\/p>\n<p>Per 4 settimane, una volta alla settimana, il venerd\u00ec, attiviamo un dispositivo emettitore di segnali di torsione con la tua foto.<br \/>\ncombinato con matrici genetiche wavelet considerando il tuo problema.<br \/>\nDovrai compilare una scheda tecnica, che ti invieremo dopo l&#039;acquisto.<\/p>\n<p>Abbiamo esteso la tecnologia quantistica non locale, quindi non deve essere presente durante il trattamento energetico,<br \/>\npuoi stare ovunque nel mondo e goderti le opportunit\u00e0 e le gioie della vita!<\/p>\n<p>Inoltre, per garantire l&#039;efficacia, puoi anche utilizzare 3 matrici genetiche delle onde generali, che dovrai concordare con noi in anticipo; ti invieremo i link per il download e, se non conosci la tecnologia genetica delle onde, riceverai una guida utente dettagliata basata su video.<\/p>\n<p>Questi file audio hanno lo scopo di ripristinare l&#039;equilibrio energetico del tuo corpo.<\/p>\n<p>Finora nessuno ha fornito l\u2019opportunit\u00e0 per un metodo energetico cos\u00ec combinato, i cambiamenti attesi possono verificarsi anche entro 1 settimana, ma in genere 6 mesi sono il corso dell\u2019intero processo.<\/p>\n<p>La tecnologia \u00e8 stata fondata dal biofisico francese Prof. Dr. Luc Montaigner (principi sviluppati per la memorizzazione di informazioni sull&#039;acqua, recupero del DNA basato sul suono, scoperta del virus HIV - Premio Nobel), Prof. Dr. Anatoliy Pavlenko Akimov (sviluppatore e applicazione di teoria dello spazio-tempo torsionale) riconobbe che il modello energetico alla base del processo fu creato dal Prof. Dr. Pyotr Petrovich Garjayev (un professore russo di scienze biologiche), i primi prototipi di file genetici ondulatori da campioni biologici, e li applic\u00f2 alle cellule campioni, animali e poi umani.<br \/>\nLa combinazione di tecnologie \u00e8 stata applicata per la prima volta su scala pi\u00f9 ampia da Roland G\u00e1bor T\u00f3th (ricercatore) (Ai-Xtech GmbH)<\/p>\n<p><strong>Il pacchetto include: trattamento energetico di torsione di 4 settimane (trattamento a distanza)<\/strong><\/p>\n<p><strong>3 matrici genetiche dell&#039;onda generale che tu o i tuoi familiari potete utilizzare in qualsiasi momento!<\/strong><\/p>\n<p><strong>Mezz&#039;ora di trattamento MedBed (capsula Garjaev) a Miskolc. Clinica Bioinformatica Miskolc, J\u00e0nos \u00f9t 1<\/strong><\/p>\n<p>(Aura del Picco Zen)<\/p>","protected":false},"excerpt":{"rendered":"<p>ZenPeak Aura Ezen energetikai kezel\u00e9s, az eg\u00e9szs\u00e9ges \u00e1llapotot hivatott vissza\u00e1ll\u00edtani. Az energetikai kezel\u00e9s a torzi\u00f3s jelsug\u00e1rz\u00f3val, 1 h\u00e9tig tart. 4 h\u00e9tig, hetente 1 alkalommal, p\u00e9nteken aktiv\u00e1lunk egy torzi\u00f3s jel emitter eszk\u00f6zt, az \u00d6n fot\u00f3j\u00e1val kombin\u00e1lva a hull\u00e1mgenetikai m\u00e1trixokkal az \u00d6n probl\u00e9m\u00e1j\u00e1t figyelembe v\u00e9ve. Ki kell t\u00f6ltenie egy adatlapot, melyet a v\u00e1s\u00e1rl\u00e1s ut\u00e1n elk\u00fcld\u00fcnk. A kvantum [&hellip;]<\/p>\n","protected":false},"featured_media":7176,"comment_status":"closed","ping_status":"closed","template":"","meta":{"_angie_page":false,"site-sidebar-layout":"default","site-content-layout":"","ast-site-content-layout":"default","site-content-style":"default","site-sidebar-style":"default","ast-global-header-display":"","ast-banner-title-visibility":"","ast-main-header-display":"","ast-hfb-above-header-display":"","ast-hfb-below-header-display":"","ast-hfb-mobile-header-display":"","site-post-title":"","ast-breadcrumbs-content":"","ast-featured-img":"","footer-sml-layout":"","ast-disable-related-posts":"","theme-transparent-header-meta":"default","adv-header-id-meta":"","stick-header-meta":"","header-above-stick-meta":"","header-main-stick-meta":"","header-below-stick-meta":"","astra-migrate-meta-layouts":"set","ast-page-background-enabled":"default","ast-page-background-meta":{"desktop":{"background-color":"","background-image":"","background-repeat":"repeat","background-position":"center center","background-size":"auto","background-attachment":"scroll","background-type":"","background-media":"","overlay-type":"","overlay-color":"","overlay-opacity":"","overlay-gradient":""},"tablet":{"background-color":"","background-image":"","background-repeat":"repeat","background-position":"center center","background-size":"auto","background-attachment":"scroll","background-type":"","background-media":"","overlay-type":"","overlay-color":"","overlay-opacity":"","overlay-gradient":""},"mobile":{"background-color":"","background-image":"","background-repeat":"repeat","background-position":"center center","background-size":"auto","background-attachment":"scroll","background-type":"","background-media":"","overlay-type":"","overlay-color":"","overlay-opacity":"","overlay-gradient":""}},"ast-content-background-meta":{"desktop":{"background-color":"var(--ast-global-color-5)","background-image":"","background-repeat":"repeat","background-position":"center center","background-size":"auto","background-attachment":"scroll","background-type":"","background-media":"","overlay-type":"","overlay-color":"","overlay-opacity":"","overlay-gradient":""},"tablet":{"background-color":"var(--ast-global-color-5)","background-image":"","background-repeat":"repeat","background-position":"center center","background-size":"auto","background-attachment":"scroll","background-type":"","background-media":"","overlay-type":"","overlay-color":"","overlay-opacity":"","overlay-gradient":""},"mobile":{"background-color":"var(--ast-global-color-5)","background-image":"","background-repeat":"repeat","background-position":"center center","background-size":"auto","background-attachment":"scroll","background-type":"","background-media":"","overlay-type":"","overlay-color":"","overlay-opacity":"","overlay-gradient":""}}},"product_brand":[],"product_cat":[22],"product_tag":[],"class_list":{"0":"post-7175","1":"product","2":"type-product","3":"status-publish","4":"has-post-thumbnail","6":"product_cat-hullamgenetikai-megoldasok","7":"product_shipping_class-free","8":"desktop-align-left","9":"tablet-align-left","10":"mobile-align-left","12":"first","13":"instock","14":"taxable","15":"shipping-taxable","16":"purchasable","17":"product-type-simple"},"_links":{"self":[{"href":"https:\/\/ai-xtech.eu\/it\/wp-json\/wp\/v2\/product\/7175","targetHints":{"allow":["GET"]}}],"collection":[{"href":"https:\/\/ai-xtech.eu\/it\/wp-json\/wp\/v2\/product"}],"about":[{"href":"https:\/\/ai-xtech.eu\/it\/wp-json\/wp\/v2\/types\/product"}],"replies":[{"embeddable":true,"href":"https:\/\/ai-xtech.eu\/it\/wp-json\/wp\/v2\/comments?post=7175"}],"version-history":[{"count":8,"href":"https:\/\/ai-xtech.eu\/it\/wp-json\/wp\/v2\/product\/7175\/revisions"}],"predecessor-version":[{"id":7309,"href":"https:\/\/ai-xtech.eu\/it\/wp-json\/wp\/v2\/product\/7175\/revisions\/7309"}],"wp:featuredmedia":[{"embeddable":true,"href":"https:\/\/ai-xtech.eu\/it\/wp-json\/wp\/v2\/media\/7176"}],"wp:attachment":[{"href":"https:\/\/ai-xtech.eu\/it\/wp-json\/wp\/v2\/media?parent=7175"}],"wp:term":[{"taxonomy":"product_brand","embeddable":true,"href":"https:\/\/ai-xtech.eu\/it\/wp-json\/wp\/v2\/product_brand?post=7175"},{"taxonomy":"product_cat","embeddable":true,"href":"https:\/\/ai-xtech.eu\/it\/wp-json\/wp\/v2\/product_cat?post=7175"},{"taxonomy":"product_tag","embeddable":true,"href":"https:\/\/ai-xtech.eu\/it\/wp-json\/wp\/v2\/product_tag?post=7175"}],"curies":[{"name":"parola chiave","href":"https:\/\/api.w.org\/{rel}","templated":true}]}}