{"id":6693,"date":"2024-02-14T15:04:12","date_gmt":"2024-02-14T14:04:12","guid":{"rendered":"https:\/\/ai-xtech.eu\/?post_type=product&#038;p=6693"},"modified":"2026-04-08T11:59:02","modified_gmt":"2026-04-08T10:59:02","slug":"zenpeak-light-villanofenyes-uv-keszulek","status":"publish","type":"product","link":"https:\/\/ai-xtech.eu\/it\/prodotto\/zenpeak-light-villanofenyes-uv-keszulek\/","title":{"rendered":"ZenPeak Light (dispositivo flash UV)"},"content":{"rendered":"<p><strong><b>Tempi di consegna: 4 settimane!<\/b><br \/>\n(Ecosvet)<\/strong><\/p>\n<p>&nbsp;<\/p>","protected":false},"excerpt":{"rendered":"<p data-dl-uid=\"28\" data-dl-original=\"true\" data-dl-translated=\"true\">La \u201cLuce ZenPeak\u201d \u2013<\/p>\n<p><span dir=\"auto\">\u00c8 stato sottoposto ad anni di studi clinici ed \u00e8 approvato e raccomandato per l&#039;uso da Roszdravnadzor, dall&#039;Accademia Russa delle Scienze Mediche e dalla Societ\u00e0 Russa dei Medici Riabilitativi. ZenPeak Light aiuta a rafforzare il sistema immunitario a casa, migliorare il metabolismo, rallentare i processi di invecchiamento, normalizzare la pressione sanguigna, la funzione cardiovascolare, ridurre la viscosit\u00e0 del sangue, abbassare i livelli di zucchero nel sangue e trattare numerose altre patologie. Ti interessa la tua salute e quella della tua famiglia?<\/span><\/p>\n<h5 class=\"fw-500\"><span dir=\"auto\">Meccanismi biomolecolari di azione dell&#039;irradiazione ultravioletta del sangue (UVIB)<\/span><\/h5>\n<p><span dir=\"auto\">L&#039;irradiazione ultravioletta (UVB) \u00e8 un metodo in cui il sangue viene esposto a quanti di luce ultravioletta. Questo metodo \u00e8 utilizzato in medicina da oltre 80 anni. Nel 1928, V. Hancock ed E. Knott eseguirono i primi trattamenti UVVB extracorporei su una donna morente di sepsi durante il parto. Il volume di sangue irradiato era di 100-120 ml. La paziente guar\u00ec. In URSS, questo metodo fu utilizzato per la prima volta a Leningrado nel 1937 dai trasfusionisti A.N. Filatov e G.I. Kasumov. Nel 1979, presso l&#039;Istituto di Ottica Statale S.I. Vavilov di Leningrado, Yu. V. Popov, in collaborazione con L.M. Kukui, svilupp\u00f2 e test\u00f2 il dispositivo Izolda MD-73, ancora oggi utilizzato dai medici.<\/span><\/p>\n<p><span dir=\"auto\">Gli effetti biologici delle radiazioni ultraviolette (UVR) sono dovuti alla capacit\u00e0 delle molecole presenti nelle cellule degli organismi viventi di assorbire quanti di radiazione e, di conseguenza, di innescare diverse reazioni fotochimiche che ne modificano la struttura e il funzionamento. Il meccanismo d&#039;azione del sangue irradiato sugli esseri umani \u00e8 complesso e multiforme. Sebbene non esista ancora una teoria unificata sugli effetti delle radiazioni UV sul corpo umano, gli scienziati hanno dimostrato che le radiazioni UV aumentano notevolmente l&#039;attivit\u00e0 battericida del sangue e inattivano sostanze tossiche ed enzimi attraverso l&#039;ossidazione. Nella seconda fase, il funzionamento delle cellule del sangue viene attivato nel sangue irradiato e vengono rilasciati numerosi fattori immunitari aspecifici. Sotto l&#039;influenza dell&#039;energia quantistica, sulla superficie dei globuli rossi si formano nuovi tensioattivi, modificando la carica elettrica della membrana, riducendo cos\u00ec la viscosit\u00e0 del sangue e aumentandone la capacit\u00e0 di trasporto dell&#039;ossigeno.<\/span><\/p>\n<p><span dir=\"auto\">L&#039;effetto terapeutico della terapia UVB svolge un ruolo significativo nella riorganizzazione del sistema immunitario dell&#039;organismo. Gli effetti clinici positivi della terapia UVB sono associati a un miglioramento della microcircolazione dovuto alla diminuzione della viscosit\u00e0 del sangue e alla rimozione dei depositi di fibrina dai vasi sanguigni, con conseguente aumento del flusso sanguigno periferico e miglioramento dell&#039;ossigenazione dei tessuti.<\/span><\/p>\n<p><span dir=\"auto\">Uno degli effetti pi\u00f9 importanti dei raggi UVB \u00e8 il loro effetto battericida. Agendo su alcune sostanze presenti nelle cellule batteriche, i raggi ultravioletti hanno un effetto battericida sul sangue del paziente. \u00c8 stato scoperto che l&#039;effetto battericida del sangue fotomodificato \u00e8 molto simile a quello degli antibiotici.<\/span><\/p>\n<p><span dir=\"auto\">Pertanto, UFO fornisce i seguenti effetti terapeutici:<\/span><\/p>\n<ul>\n<li><span dir=\"auto\">battericida;<\/span><\/li>\n<li><span dir=\"auto\">antinfiammatorio;<\/span><\/li>\n<li><span dir=\"auto\">migliorare la microcircolazione;<\/span><\/li>\n<li><span dir=\"auto\">aumentando la capacit\u00e0 di ossigenazione del sangue e migliorando l&#039;apporto di ossigeno agli organi e ai tessuti;<\/span><\/li>\n<li><span dir=\"auto\">normalizzazione e stimolazione dei processi rigenerativi e metabolici;<\/span><\/li>\n<li><span dir=\"auto\">immunocorrettivo;<\/span><\/li>\n<li><span dir=\"auto\">stimolando la rigenerazione, migliorando le propriet\u00e0 funzionali degli eritrociti.<\/span><\/li>\n<\/ul>\n<p><span dir=\"auto\">Nonostante i progressi compiuti nello studio dei meccanismi d&#039;azione dei raggi UVB, la ricerca continua a sviluppare programmi di trattamento ottimali per diverse patologie.<\/span><\/p>\n<p><span dir=\"auto\">I dati presentati dimostrano chiaramente la necessit\u00e0 di un uso diffuso della terapia UVB, efficace e sicura, nella pratica clinica quotidiana, sia come parte di un approccio terapeutico completo per un&#039;ampia gamma di patologie e condizioni cliniche, sia come trattamento autonomo, soprattutto in caso di intolleranza ai farmaci, indisponibilit\u00e0 o costo elevato di alcuni farmaci. Questo dovrebbe essere guidato dai seguenti principi: non invasivit\u00e0, adeguata efficacia, sicurezza, effetti terapeutici ad ampio spettro, facilit\u00e0 d&#039;uso e dimensioni compatte. L&#039;esclusivo dispositivo UVB &quot;ZenPeak Light&quot; per uso domestico soddisfa pienamente questi requisiti.<\/span><\/p>\n<h4 class=\"text-center color-blue fw-500\"><span dir=\"auto\">In che modo il dispositivo ZenPeak Light influisce sulla salute umana?<\/span><\/h4>\n<div class=\"row d-flex justify-content-center text-center align-middle py-4\">\n<div class=\"col-xl-3 col-lg-3 col-md-3 col-6\">\n<p><img decoding=\"async\" class=\"img-fluid\" title=\"\" src=\"https:\/\/xn----7sbajjre4ayapgs2d8e2b.xn--p1ai\/wp-content\/themes\/biolis\/assets\/img\/ekosvet__ico-1.png\" alt=\"\" \/><\/p>\n<p class=\"text-center\"><span dir=\"auto\">Rallenta il processo di invecchiamento del corpo<\/span><\/p>\n<\/div>\n<div class=\"col-xl-3 col-lg-3 col-md-3 col-6\">\n<p><img decoding=\"async\" class=\"img-fluid\" title=\"\" src=\"https:\/\/xn----7sbajjre4ayapgs2d8e2b.xn--p1ai\/wp-content\/themes\/biolis\/assets\/img\/ekosvet__ico-2.png\" alt=\"\" \/><\/p>\n<p class=\"text-center\"><span dir=\"auto\">Riduce i livelli di zucchero nel sangue e i livelli di colesterolo \u201ecattivo\u201d<\/span><\/p>\n<\/div>\n<div class=\"col-xl-3 col-lg-3 col-md-3 col-6\">\n<p><img decoding=\"async\" class=\"img-fluid\" title=\"\" src=\"https:\/\/xn----7sbajjre4ayapgs2d8e2b.xn--p1ai\/wp-content\/themes\/biolis\/assets\/img\/ekosvet__ico-3.png\" alt=\"\" \/><\/p>\n<p class=\"text-center\"><span dir=\"auto\">Normalizza i processi del sistema nervoso<\/span><\/p>\n<\/div>\n<div class=\"col-xl-3 col-lg-3 col-md-3 col-6\">\n<p><img decoding=\"async\" class=\"img-fluid\" title=\"\" src=\"https:\/\/xn----7sbajjre4ayapgs2d8e2b.xn--p1ai\/wp-content\/themes\/biolis\/assets\/img\/ekosvet__ico-4.png\" alt=\"\" \/><\/p>\n<p class=\"text-center\"><span dir=\"auto\">Riduce la viscosit\u00e0 del sangue e lo arricchisce di ossigeno<\/span><\/p>\n<\/div>\n<\/div>\n<div class=\"row d-flex justify-content-center text-center align-middle pb-5\">\n<div class=\"col-xl-3 col-lg-3 col-md-3 col-6\">\n<p><img decoding=\"async\" class=\"img-fluid\" title=\"\" src=\"https:\/\/xn----7sbajjre4ayapgs2d8e2b.xn--p1ai\/wp-content\/themes\/biolis\/assets\/img\/ekosvet__ico-5.png\" alt=\"\" \/><\/p>\n<p class=\"text-center\"><span dir=\"auto\">Migliora il metabolismo<\/span><\/p>\n<\/div>\n<div class=\"col-xl-3 col-lg-3 col-md-3 col-6\">\n<p><img decoding=\"async\" class=\"img-fluid\" title=\"\" src=\"https:\/\/xn----7sbajjre4ayapgs2d8e2b.xn--p1ai\/wp-content\/themes\/biolis\/assets\/img\/ekosvet__ico-6.png\" alt=\"\" \/><\/p>\n<p class=\"text-center\"><span dir=\"auto\">Normalizza i processi del sistema nervoso<\/span><\/p>\n<\/div>\n<div class=\"col-xl-3 col-lg-3 col-md-3 col-6\">\n<p><img decoding=\"async\" class=\"img-fluid\" title=\"\" src=\"https:\/\/xn----7sbajjre4ayapgs2d8e2b.xn--p1ai\/wp-content\/themes\/biolis\/assets\/img\/ekosvet__ico-7.png\" alt=\"\" \/><\/p>\n<p class=\"text-center\"><span dir=\"auto\">Ripristina e rafforza il sistema immunitario<\/span><\/p>\n<\/div>\n<div class=\"col-xl-3 col-lg-3 col-md-3 col-6\">\n<p><img decoding=\"async\" class=\"img-fluid\" title=\"\" src=\"https:\/\/xn----7sbajjre4ayapgs2d8e2b.xn--p1ai\/wp-content\/themes\/biolis\/assets\/img\/ekosvet__ico-8.png\" alt=\"\" \/><\/p>\n<p class=\"\"><span dir=\"auto\">Distrugge le infezioni, allevia l&#039;infiammazione<\/span><\/p>\n<\/div>\n<\/div>\n<h4 class=\"text-center color-blue fw-500\"><span dir=\"auto\">Perch\u00e9 le persone scelgono Ecosvet 1?<\/span><\/h4>\n<div class=\"row d-flex justify-content-center text-center align-middle py-4\">\n<div class=\"col-xl-3 col-lg-3 col-md-3 col-6\">\n<p><img decoding=\"async\" class=\"img-fluid\" title=\"\" src=\"https:\/\/xn----7sbajjre4ayapgs2d8e2b.xn--p1ai\/wp-content\/themes\/biolis\/assets\/img\/ekosvet__ico-9.png\" alt=\"\" \/><\/p>\n<p class=\"text-center\"><span class=\"fw-500\"><span dir=\"auto\">Sicurezza:<\/span><\/span><br \/>\n<span dir=\"auto\">Presenta controindicazioni minime ed \u00e8 adatto al trattamento di adulti e bambini a partire dai 4 anni di et\u00e0.<\/span><\/p>\n<\/div>\n<div class=\"col-xl-3 col-lg-3 col-md-3 col-6\">\n<p><img decoding=\"async\" class=\"img-fluid\" title=\"\" src=\"https:\/\/xn----7sbajjre4ayapgs2d8e2b.xn--p1ai\/wp-content\/themes\/biolis\/assets\/img\/ekosvet__ico-10.png\" alt=\"\" \/><\/p>\n<p class=\"text-center\"><span class=\"fw-500\"><span dir=\"auto\">Sicurezza:<\/span><\/span><br \/>\n<span dir=\"auto\">Presenta controindicazioni minime ed \u00e8 adatto al trattamento di adulti e bambini a partire dai 4 anni di et\u00e0.<\/span><\/p>\n<\/div>\n<div class=\"col-xl-3 col-lg-3 col-md-3 col-6\">\n<p><img decoding=\"async\" class=\"img-fluid\" title=\"\" src=\"https:\/\/xn----7sbajjre4ayapgs2d8e2b.xn--p1ai\/wp-content\/themes\/biolis\/assets\/img\/ekosvet__ico-11.png\" alt=\"\" \/><\/p>\n<p class=\"text-center\"><span dir=\"auto\">Ecosvet 1\u00a0<span class=\"fw-500\">le garanzie sono raccomandate dalla Societ\u00e0 Russa dei Medici Riabilitatori e approvate dal Consiglio Scientifico dell&#039;Accademia Russa delle Scienze Mediche.<\/span><\/span><\/p>\n<\/div>\n<div class=\"col-xl-3 col-lg-3 col-md-3 col-6\">\n<p><img decoding=\"async\" class=\"img-fluid\" title=\"\" src=\"https:\/\/xn----7sbajjre4ayapgs2d8e2b.xn--p1ai\/wp-content\/themes\/biolis\/assets\/img\/ekosvet__ico-12.png\" alt=\"\" \/><\/p>\n<p class=\"text-center\"><span class=\"fw-500\"><span dir=\"auto\">Comfort<\/span><\/span><br \/>\n<span dir=\"auto\">Si tratta di una procedura sicura e comoda che pu\u00f2 essere eseguita facilmente a casa in 10 minuti.<\/span><\/p>\n<\/div>\n<\/div>\n<p><strong>\u00a0\u00a0\u00a0\u00a0\u00a0\u00a0<\/strong><strong><span dir=\"auto\">Controindicazioni generali per gli UFO\u00a0<\/span><\/strong><strong><span dir=\"auto\">:<\/span><\/strong><\/p>\n<ul>\n<li><span dir=\"auto\">ipersensibilit\u00e0 ai raggi UV<\/span><\/li>\n<li><span dir=\"auto\">ipocoagulazione<\/span><\/li>\n<li><span dir=\"auto\">III. ipertensione di stadio<\/span><\/li>\n<li><span dir=\"auto\">forme gravi di aterosclerosi<\/span><\/li>\n<li><span dir=\"auto\">accidenti cerebrovascolari acuti<\/span><\/li>\n<\/ul>\n<p><strong><span dir=\"auto\">\u00a0\u00a0\u00a0\u00a0\u00a0\u00a0 Controindicazioni per l&#039;applicazione locale di UFO:<\/span><\/strong><\/p>\n<ul>\n<li><span dir=\"auto\">tumore maligno<\/span><\/li>\n<li><span dir=\"auto\">tubercolosi attiva<\/span><\/li>\n<li><span dir=\"auto\">Malattie del fegato e dei reni con grave compromissione funzionale<\/span><\/li>\n<li><span dir=\"auto\">tireotossicosi<\/span><\/li>\n<li><span dir=\"auto\">lupus eritematoso sistemico<\/span><\/li>\n<\/ul>","protected":false},"featured_media":5598,"comment_status":"closed","ping_status":"closed","template":"","meta":{"_angie_page":false,"site-sidebar-layout":"default","site-content-layout":"","ast-site-content-layout":"default","site-content-style":"default","site-sidebar-style":"default","ast-global-header-display":"","ast-banner-title-visibility":"","ast-main-header-display":"","ast-hfb-above-header-display":"","ast-hfb-below-header-display":"","ast-hfb-mobile-header-display":"","site-post-title":"","ast-breadcrumbs-content":"","ast-featured-img":"","footer-sml-layout":"","ast-disable-related-posts":"","theme-transparent-header-meta":"default","adv-header-id-meta":"","stick-header-meta":"","header-above-stick-meta":"","header-main-stick-meta":"","header-below-stick-meta":"","astra-migrate-meta-layouts":"set","ast-page-background-enabled":"default","ast-page-background-meta":{"desktop":{"background-color":"","background-image":"","background-repeat":"repeat","background-position":"center center","background-size":"auto","background-attachment":"scroll","background-type":"","background-media":"","overlay-type":"","overlay-color":"","overlay-opacity":"","overlay-gradient":""},"tablet":{"background-color":"","background-image":"","background-repeat":"repeat","background-position":"center center","background-size":"auto","background-attachment":"scroll","background-type":"","background-media":"","overlay-type":"","overlay-color":"","overlay-opacity":"","overlay-gradient":""},"mobile":{"background-color":"","background-image":"","background-repeat":"repeat","background-position":"center center","background-size":"auto","background-attachment":"scroll","background-type":"","background-media":"","overlay-type":"","overlay-color":"","overlay-opacity":"","overlay-gradient":""}},"ast-content-background-meta":{"desktop":{"background-color":"var(--ast-global-color-5)","background-image":"","background-repeat":"repeat","background-position":"center center","background-size":"auto","background-attachment":"scroll","background-type":"","background-media":"","overlay-type":"","overlay-color":"","overlay-opacity":"","overlay-gradient":""},"tablet":{"background-color":"var(--ast-global-color-5)","background-image":"","background-repeat":"repeat","background-position":"center center","background-size":"auto","background-attachment":"scroll","background-type":"","background-media":"","overlay-type":"","overlay-color":"","overlay-opacity":"","overlay-gradient":""},"mobile":{"background-color":"var(--ast-global-color-5)","background-image":"","background-repeat":"repeat","background-position":"center center","background-size":"auto","background-attachment":"scroll","background-type":"","background-media":"","overlay-type":"","overlay-color":"","overlay-opacity":"","overlay-gradient":""}}},"product_brand":[],"product_cat":[22],"product_tag":[],"class_list":{"0":"post-6693","1":"product","2":"type-product","3":"status-publish","4":"has-post-thumbnail","6":"product_cat-hullamgenetikai-megoldasok","7":"product_shipping_class-free","8":"desktop-align-left","9":"tablet-align-left","10":"mobile-align-left","12":"first","13":"instock","14":"taxable","15":"shipping-taxable","16":"purchasable","17":"product-type-simple"},"_links":{"self":[{"href":"https:\/\/ai-xtech.eu\/it\/wp-json\/wp\/v2\/product\/6693","targetHints":{"allow":["GET"]}}],"collection":[{"href":"https:\/\/ai-xtech.eu\/it\/wp-json\/wp\/v2\/product"}],"about":[{"href":"https:\/\/ai-xtech.eu\/it\/wp-json\/wp\/v2\/types\/product"}],"replies":[{"embeddable":true,"href":"https:\/\/ai-xtech.eu\/it\/wp-json\/wp\/v2\/comments?post=6693"}],"version-history":[{"count":6,"href":"https:\/\/ai-xtech.eu\/it\/wp-json\/wp\/v2\/product\/6693\/revisions"}],"predecessor-version":[{"id":7840,"href":"https:\/\/ai-xtech.eu\/it\/wp-json\/wp\/v2\/product\/6693\/revisions\/7840"}],"wp:featuredmedia":[{"embeddable":true,"href":"https:\/\/ai-xtech.eu\/it\/wp-json\/wp\/v2\/media\/5598"}],"wp:attachment":[{"href":"https:\/\/ai-xtech.eu\/it\/wp-json\/wp\/v2\/media?parent=6693"}],"wp:term":[{"taxonomy":"product_brand","embeddable":true,"href":"https:\/\/ai-xtech.eu\/it\/wp-json\/wp\/v2\/product_brand?post=6693"},{"taxonomy":"product_cat","embeddable":true,"href":"https:\/\/ai-xtech.eu\/it\/wp-json\/wp\/v2\/product_cat?post=6693"},{"taxonomy":"product_tag","embeddable":true,"href":"https:\/\/ai-xtech.eu\/it\/wp-json\/wp\/v2\/product_tag?post=6693"}],"curies":[{"name":"parola chiave","href":"https:\/\/api.w.org\/{rel}","templated":true}]}}