{"id":6263,"date":"2023-12-02T16:40:11","date_gmt":"2023-12-02T16:40:11","guid":{"rendered":"https:\/\/ai-xtech.eu\/?post_type=product&#038;p=6263"},"modified":"2026-04-08T11:59:50","modified_gmt":"2026-04-08T10:59:50","slug":"zenpeak-modulator-egyeni-matrixxal","status":"publish","type":"product","link":"https:\/\/ai-xtech.eu\/it\/prodotto\/zenpeak-modulator-egyeni-matrixxal\/","title":{"rendered":"Modulatore genetico dell&#039;onda ZenPeak (con tutte le matrici Garjayev)"},"content":{"rendered":"<p><strong>Tempi di consegna: 2 mesi!<br \/>\n<\/strong><\/p>\n<ul>\n<li data-start=\"1044\" data-end=\"1085\">\n<p data-start=\"1046\" data-end=\"1085\">Configurazione del sistema personale in 60 minuti<\/p>\n<\/li>\n<li data-start=\"1086\" data-end=\"1115\">\n<p data-start=\"1088\" data-end=\"1115\">Controllo di follow-up a 30 giorni<\/p>\n<\/li>\n<li data-start=\"1116\" data-end=\"1140\">\n<p data-start=\"1118\" data-end=\"1140\">protocollo strutturato<\/p>\n<\/li>\n<li data-start=\"1141\" data-end=\"1170\">\n<p data-start=\"1143\" data-end=\"1170\">\u201estato di &quot;partner di ricerca&quot;<\/p>\n<\/li>\n<\/ul>\n<p><strong>\u00a0<\/strong><\/p>\n<p>Modulatore genetico dell&#039;onda ZenPeak con tutte le matrici genetiche originali dell&#039;onda Garjaev!<\/p>\n<p>21 problemi di salute!<\/p>\n<p class=\" translation-block\">&quot;Nei secoli passati la malattia e la sua cura si sono separate dal malato e sono diventate sempre pi\u00f9 impersonali, inoltre si sono spostate fortemente verso l&#039;uso di sostanze chimiche. In questo modo, le persone diventavano sempre pi\u00f9 sole e senza speranza in mezzo alle loro malattie e ai loro dolori.<br> Fin dall&#039;inizio della cultura, il paziente \u00e8 sempre stato visto e trattato insieme alla sua malattia e al suo ambiente.<\/p>\n<p>Lo scrittore, poeta e accademico francese Paul Claudel definisce i pazienti &quot;invitati all&#039;attenzione&quot;.<\/p>\n<p>Tra gli scienziati che lavorano per rendere la vita umana pi\u00f9 bella e migliore, molti di loro hanno fatto scoperte, la cui applicazione ha portato sollievo alla persona sofferente con l&#039;aiuto della guarigione delle persone. Tra i primi inventori ci fu Nikola Tesla, utilizzando le cui invenzioni Pyotr Garjayev cre\u00f2 la scienza della genetica delle onde combinando diversi campi della scienza e con l&#039;aiuto della fisica quantistica. Parallelamente, Alexander Misin ha creato un dispositivo progettato per ottimizzare i cambiamenti fisici e chimici nel corpo umano. Dopo che il professor Garjajev ha acquisito familiarit\u00e0 con il funzionamento del dispositivo, ha unito le proprie conoscenze per perfezionarlo e renderlo pi\u00f9 efficace, creando cos\u00ec un nuovo dispositivo rivoluzionario che pone la guarigione su una base diversa dai metodi precedenti.<\/p>\n<p>Finalmente, con questo strumento, possiamo aprire una nuova era, poich\u00e9 il mondo intero deve attraversare l\u2019era oscura della medicina e delle malattie.<\/p>\n<p>Il XXI. secolo l\u2019uomo \u00e8 giunto a un bivio e si trova di fronte a un dilemma. Come consumatore cieco, fa dipendere la sua esistenza futura dallo sviluppo inesorabile di nuove tecnologie e dall&#039;ulteriore utilizzo di beni materiali, oppure trova la via che porta alla responsabilit\u00e0 spirituale e spirituale, nonch\u00e9 a un comportamento attento alla salute che pu\u00f2 superare le sue malattie e consolidare il suo benessere e la sua esistenza individuale.<\/p>\n<p>Essere sani non significa solo non essere malati. Come persone sane, ci sentiamo benissimo.<\/p>\n<p>La salute \u00e8 come quando ricordiamo i momenti felici della nostra infanzia e crediamo che molte altre esperienze simili ci aspettano&quot;<\/p>\n<p class=\" translation-block\"><em><strong>L\u00e1szl\u00f3 Lehoczki<\/strong><\/em><br> redattore-direttore televisivo<br> caporedattore fondatore del dipartimento editoriale religioso di Duna Television<br> il cavaliere della cultura ungherese<\/p>\n<p>(con le matrici riportate nell&#039;elenco)<\/p>\n<p>Non. 1 &quot;Correzione del sistema immunitario&quot;. 21 milioni. 2s.<br \/>\nNon. 2 &quot;Correzione del sistema scheletrico&quot;. 1 ora. 36 milioni.<br \/>\nNon. 3 &quot;Correzione del sistema cardiovascolare&quot;. 1 ora. 59 m.<br \/>\nNon. 4 &quot;Correzione dei disturbi del sistema nervoso&quot; 2h. 22 milioni.<br \/>\nNon. 5 &quot;Programma anti-cancro&quot;. 1 ora. 9 milioni<br \/>\nNon. 6 &quot;Correzione del metabolismo generale e dell&#039;apparato digerente&quot;. 1 ora. 55 m.<br \/>\nNon. 7 &quot;Antiet\u00e0&quot;. 2 ore. 2 metri<br \/>\nNon. 8 &quot;Linea Maschile&quot;. 1 ora. 38 milioni.<br \/>\nNon. 9 &quot;Linea Donna&quot;. 1 ora. 18 milioni.<br \/>\nNon. 10 &quot;Sostegno futuro&quot;. 1 ora. 16 milioni.<br \/>\nNon. 11 \u201cIl recupero dell&#039;organizzazione dopo 40-50 anni\u201d. 1 ora. 0 metri<br \/>\nNon. 12 &quot;Programma antiparassitario&quot;. 1 ora. 50 m.<br \/>\nNon. 13 &quot;Figura snella&quot;. 34 milioni. 2s.<br \/>\nNon. 14 &quot;Contro le allergie&quot;. 29 milioni. 2s.<br \/>\nNon. 15 \u201cGiovinezza e salute della pelle\u201d. 1 ora. 45 metri.<br \/>\nNon. 16 \u201cImmunit\u00e0 alle ondate antivirali\u201d. 58 m. 54s.<br \/>\nNon. 17 \u201cContro il fumo\u201d. 21 milioni. 0s.<br \/>\nNon. 18 &quot;Normalizzazione del sistema urinario&quot; 1 ora. 56 m.<br \/>\nNon. 19 \u201cRestauro della salma dopo 70 anni\u201d 1 ora. 38 milioni.<br \/>\nNon. 20 &quot;Contro la dipendenza dall&#039;alcol&quot; 1h. 5 metri<br \/>\nNon. 21 &quot;La pulizia del corpo&quot; 30m. 2s.<\/p>\n<p>Manuale utente ENG<\/p>\n<div class=\"ast-oembed-container\" style=\"height: 100%;\"><iframe title=\"Modulatore ZenPeak Wavegenetics, manuale d&#039;uso con effetto curativo negentropia!\" width=\"500\" height=\"281\" src=\"https:\/\/www.youtube.com\/embed\/ccemXKrgNBc?feature=oembed\" frameborder=\"0\" allow=\"accelerometer; autoplay; clipboard-write; encrypted-media; gyroscope; picture-in-picture; web-share\" referrerpolicy=\"strict-origin-when-cross-origin\" allowfullscreen><\/iframe><\/div>\n<p>Manuale d&#039;uso \u2013 INGLESE<\/p>\n<div class=\"ast-oembed-container\" style=\"height: 100%;\"><iframe title=\"ZenPeak hull\u00e1mgenetikai modul\u00e1tor - Teljes \u00datmutat\u00f3 @lifacademy\" width=\"500\" height=\"281\" src=\"https:\/\/www.youtube.com\/embed\/p8MpDbPm7UY?feature=oembed\" frameborder=\"0\" allow=\"accelerometer; autoplay; clipboard-write; encrypted-media; gyroscope; picture-in-picture; web-share\" referrerpolicy=\"strict-origin-when-cross-origin\" allowfullscreen><\/iframe><\/div>","protected":false},"excerpt":{"rendered":"<p>Post\u00e1z\u00e1si id\u00f5 2 h\u00f3nap! 60 perces szem\u00e9lyes rendszer-be\u00e1ll\u00edt\u00e1s 30 napos follow-up check-in struktur\u00e1lt protokoll \u201eresearch partner\u201d st\u00e1tusz \u00a0 ZenPeak hull\u00e1mgenetikai modul\u00e1tor az \u00f6sszes eredeti Garjajev hull\u00e1mgenetikai m\u00e1trixxal! 21 eg\u00e9szs\u00e9g\u00fcgyi probl\u00e9m\u00e1ra! \u201cA betegs\u00e9g, \u00e9s annak gy\u00f3gy\u00edt\u00e1sa az elm\u00falt sz\u00e1zadok sor\u00e1n elszakadt a p\u00e1cienst\u0151l \u00e9s egyre szem\u00e9lytelenebb\u00e9 v\u00e1lt, r\u00e1ad\u00e1sul er\u0151sen eltol\u00f3dott a k\u00e9miai anyagok alkalmaz\u00e1sa fel\u00e9. \u00cdgy [&hellip;]<\/p>\n","protected":false},"featured_media":6825,"comment_status":"closed","ping_status":"closed","template":"","meta":{"_angie_page":false,"site-sidebar-layout":"default","site-content-layout":"","ast-site-content-layout":"default","site-content-style":"default","site-sidebar-style":"default","ast-global-header-display":"","ast-banner-title-visibility":"","ast-main-header-display":"","ast-hfb-above-header-display":"","ast-hfb-below-header-display":"","ast-hfb-mobile-header-display":"","site-post-title":"","ast-breadcrumbs-content":"","ast-featured-img":"","footer-sml-layout":"","ast-disable-related-posts":"","theme-transparent-header-meta":"default","adv-header-id-meta":"","stick-header-meta":"","header-above-stick-meta":"","header-main-stick-meta":"","header-below-stick-meta":"","astra-migrate-meta-layouts":"set","ast-page-background-enabled":"default","ast-page-background-meta":{"desktop":{"background-color":"","background-image":"","background-repeat":"repeat","background-position":"center center","background-size":"auto","background-attachment":"scroll","background-type":"","background-media":"","overlay-type":"","overlay-color":"","overlay-opacity":"","overlay-gradient":""},"tablet":{"background-color":"","background-image":"","background-repeat":"repeat","background-position":"center center","background-size":"auto","background-attachment":"scroll","background-type":"","background-media":"","overlay-type":"","overlay-color":"","overlay-opacity":"","overlay-gradient":""},"mobile":{"background-color":"","background-image":"","background-repeat":"repeat","background-position":"center center","background-size":"auto","background-attachment":"scroll","background-type":"","background-media":"","overlay-type":"","overlay-color":"","overlay-opacity":"","overlay-gradient":""}},"ast-content-background-meta":{"desktop":{"background-color":"var(--ast-global-color-5)","background-image":"","background-repeat":"repeat","background-position":"center center","background-size":"auto","background-attachment":"scroll","background-type":"","background-media":"","overlay-type":"","overlay-color":"","overlay-opacity":"","overlay-gradient":""},"tablet":{"background-color":"var(--ast-global-color-5)","background-image":"","background-repeat":"repeat","background-position":"center center","background-size":"auto","background-attachment":"scroll","background-type":"","background-media":"","overlay-type":"","overlay-color":"","overlay-opacity":"","overlay-gradient":""},"mobile":{"background-color":"var(--ast-global-color-5)","background-image":"","background-repeat":"repeat","background-position":"center center","background-size":"auto","background-attachment":"scroll","background-type":"","background-media":"","overlay-type":"","overlay-color":"","overlay-opacity":"","overlay-gradient":""}}},"product_brand":[],"product_cat":[22],"product_tag":[71],"class_list":{"0":"post-6263","1":"product","2":"type-product","3":"status-publish","4":"has-post-thumbnail","6":"product_cat-hullamgenetikai-megoldasok","7":"product_tag-zenpeak","8":"product_shipping_class-free","9":"desktop-align-left","10":"tablet-align-left","11":"mobile-align-left","13":"first","14":"instock","15":"sale","16":"taxable","17":"shipping-taxable","18":"purchasable","19":"product-type-simple"},"_links":{"self":[{"href":"https:\/\/ai-xtech.eu\/it\/wp-json\/wp\/v2\/product\/6263","targetHints":{"allow":["GET"]}}],"collection":[{"href":"https:\/\/ai-xtech.eu\/it\/wp-json\/wp\/v2\/product"}],"about":[{"href":"https:\/\/ai-xtech.eu\/it\/wp-json\/wp\/v2\/types\/product"}],"replies":[{"embeddable":true,"href":"https:\/\/ai-xtech.eu\/it\/wp-json\/wp\/v2\/comments?post=6263"}],"version-history":[{"count":17,"href":"https:\/\/ai-xtech.eu\/it\/wp-json\/wp\/v2\/product\/6263\/revisions"}],"predecessor-version":[{"id":8097,"href":"https:\/\/ai-xtech.eu\/it\/wp-json\/wp\/v2\/product\/6263\/revisions\/8097"}],"wp:featuredmedia":[{"embeddable":true,"href":"https:\/\/ai-xtech.eu\/it\/wp-json\/wp\/v2\/media\/6825"}],"wp:attachment":[{"href":"https:\/\/ai-xtech.eu\/it\/wp-json\/wp\/v2\/media?parent=6263"}],"wp:term":[{"taxonomy":"product_brand","embeddable":true,"href":"https:\/\/ai-xtech.eu\/it\/wp-json\/wp\/v2\/product_brand?post=6263"},{"taxonomy":"product_cat","embeddable":true,"href":"https:\/\/ai-xtech.eu\/it\/wp-json\/wp\/v2\/product_cat?post=6263"},{"taxonomy":"product_tag","embeddable":true,"href":"https:\/\/ai-xtech.eu\/it\/wp-json\/wp\/v2\/product_tag?post=6263"}],"curies":[{"name":"parola chiave","href":"https:\/\/api.w.org\/{rel}","templated":true}]}}