{"id":6469,"date":"2024-02-05T13:45:03","date_gmt":"2024-02-05T13:45:03","guid":{"rendered":"https:\/\/ai-xtech.eu\/?page_id=6469"},"modified":"2024-02-05T14:43:54","modified_gmt":"2024-02-05T14:43:54","slug":"p-p-garjajev","status":"publish","type":"page","link":"https:\/\/ai-xtech.eu\/it\/p-p-garjajev\/","title":{"rendered":"PP Garjaev"},"content":{"rendered":"<h2 class=\"wp-block-heading has-ast-global-color-5-background-color has-background\">Dr. Peter P. Garyaev, dottore in scienze biologiche, rans e RAMTN<\/h2>\n\n\n\n<figure class=\"wp-block-image size-full\"><img fetchpriority=\"high\" decoding=\"async\" width=\"250\" height=\"226\" src=\"https:\/\/ai-xtech.eu\/oordufup\/2024\/02\/garyaev.png\" alt=\"\" class=\"wp-image-6453\" srcset=\"https:\/\/ai-xtech.eu\/oordufup\/2024\/02\/garyaev.png 250w, https:\/\/ai-xtech.eu\/oordufup\/2024\/02\/garyaev-13x12.png 13w\" sizes=\"(max-width: 250px) 100vw, 250px\" \/><\/figure>\n\n\n\n<p class=\"has-ast-global-color-5-background-color has-background\">dal 1984,\u00a0<strong>Peter P. Garjaev<\/strong>\u00a0inizi\u00f2 a ricercare nuove aree nel campo della codifica genetica e nel 1994 cre\u00f2 una nuova tendenza nella genetica - Genetics Wave, poi Lingvistiko - A Wave Genetics. In questo argomento\u00a0<strong>Peter P. Garyaev<\/strong>\u00a0nel 1997. ha difeso la sua tesi di dottorato friazino. Bauman all&#039;HIAC. \u00c8 stato eletto accademico della RANS e della RAMTN e membro della New York Academy of Sciences. Nel 2001-2002,\u00a0<strong>Peter P. Garyaev<\/strong>\u00a0, Canada (Toronto), dove ha confermato sperimentalmente la correttezza delle idee di base lingvistiko - la genetica delle onde. Nel 2013 ha fondato la societ\u00e0 &quot;Institute Of Quantum Genetics&quot;.<\/p>\n\n\n\n<p class=\"has-ast-global-color-5-background-color has-background\">Ha lavorato come collaboratore scientifico senior e capogruppo presso l&#039;Istituto di problemi fisici e tecnici dell&#039;Accademia delle scienze dell&#039;Unione Sovietica (1984-1998)&nbsp;<strong>Peter P. Garjaev<\/strong>&nbsp;hanno scoperto due tipi insoliti e precedentemente sconosciuti di memoria del DNA. Ci\u00f2 \u00e8 stato registrato mediante spettroscopia di correlazione laser.<\/p>\n\n\n\n<p class=\"has-ast-global-color-5-background-color has-background\">Il primo tipo \u00e8 la dinamica non lineare (acustica) del DNA con ritorno delle eccitazioni della modalit\u00e0 primaria. Questo \u00e8 un fenomeno fondamentale (non il DNA, ecc., le strutture sono organismi). \u00c8 noto da tempo in fisica come &quot;il fenomeno di Fermi-Pasta-Ulam&quot; (vedi FPU) e l&#039;eccitazione di sistemi di memoria non lineari. L&#039;apparato genetico sfrutta questo fenomeno per gestire la richiesta di richiamare i programmi olografici presenti nei propri cromosomi. Tali richieste si realizzano nei sistemi biologici dei processi di rigenerazione di organi e tessuti, quando vogliamo chiamarlo, il &quot;ritorno&quot; della struttura informativa del fegato umano regeneriruemoj, gli artigli del cancro, la coda di una lucertola , ecc.. Questi &quot;check-in&quot;, secondo la nostra ricerca, non solo il DNA, ma anche le mie nucleoproteine (ribosomi), proteine e biostrutture (collagene, matrice extracellulare).<\/p>\n\n\n\n<p class=\"has-ast-global-color-5-background-color has-background\">Il secondo tipo di memoria \u00e8 l&#039;effetto fantasma del DNA, cio\u00e8 un ambiente di memoria basato sul ruolo ondulatorio dinamico delle molecole di DNA con carattere ondulatorio dinamico. L&#039;ambiente \u00e8 uno, ad esempio, lo spazio del vano della cuvetta dello spettrometro o lo spazio delle cellule e dei tessuti viventi. Viene utilizzato anche dagli organismi per portare uno degli stati quantistici.... molecole sotto forma di fantasmi di DNA. In pratica, ci\u00f2 pu\u00f2 essere ottenuto creando artificialmente matrici quantistiche di frammenti di DNA inerenti al corpo, che riempiono e sostituiscono i frammenti di DNA perduti negli esseri umani e non causano danni genetici. Ad esempio, la mutazione numero 508 nella fibrosi cistica.<\/p>\n\n\n\n<p class=\"has-ast-global-color-5-background-color has-background\">Un&#039;altra parte significativa del nostro lavoro \u00e8 l&#039;adeguamento dell&#039;attuale modello di codifica nell&#039;apparato genetico delle triplette proteiche. L&#039;essenza delle nostre modifiche \u00e8: qual \u00e8 il sistema di orientamento contestuale dei ribosomi sull&#039;RNA realizzato nel processo di biosintesi delle proteine. Ci\u00f2 significa che introduciamo la forte posizione di geni tekstovosti reali (non metaforici) e di menti quasi pensanti nel culo del genoma, come un biocomputer quantistico. Utilizzando il concetto di dimensioni frattali legate ai livelli di coscienza e pensando ai sistemi biologici. E l&#039;ultimo punto chiave \u00e8 l&#039;uso del modello dell&#039;universo &quot;Boma&quot; Berkovica - per l&#039;applicazione pratica delle nostre tecnologie.<\/p>\n\n\n\n<p class=\"has-ast-global-color-5-background-color has-background\">Queste fasi del nostro lavoro hanno costituito la base per la revisione e l&#039;aggiunta delle funzioni gi\u00e0 importanti del DNA nella codifica genetica. Lingvistiko - teoria del genoma ondulatorio. Abbiamo pubblicato dozzine di articoli scientifici in collaborazione con i principali fisici dell&#039;Universit\u00e0 statale di Mosca, FIANa, ISP RAS e ricercatori stranieri. Sono state pubblicate tre monografie (autore\u00a0<strong>Peter P. Garyaev<\/strong>). Brevetti e priorit\u00e0. Sulla base di tutto ci\u00f2 \u00e8 stata sviluppata una tecnologia di correzione fondamentalmente nuova per prolungare la salute e la vita attiva. Uno dei punti pi\u00f9 importanti delle tecnologie emergenti \u00e8 la programmazione quantistica delle cellule staminali attraverso programmi naturali, utilizzati dal corpo umano.<\/p>\n\n\n\n<p class=\"has-ast-global-color-5-background-color has-background\"><strong>Peter P. Garjaev<\/strong>&nbsp;\u00e8 stato nominato per il Premio Nobel per la Medicina, che avr\u00e0 luogo nel 2021.<\/p>\n\n\n\n<figure class=\"wp-block-image size-full\"><img decoding=\"async\" width=\"513\" height=\"695\" src=\"https:\/\/ai-xtech.eu\/oordufup\/2024\/02\/the-nobel-committee.jpg\" alt=\"\" class=\"wp-image-6509\" srcset=\"https:\/\/ai-xtech.eu\/oordufup\/2024\/02\/the-nobel-committee.jpg 513w, https:\/\/ai-xtech.eu\/oordufup\/2024\/02\/the-nobel-committee-221x300.jpg 221w, https:\/\/ai-xtech.eu\/oordufup\/2024\/02\/the-nobel-committee-9x12.jpg 9w\" sizes=\"(max-width: 513px) 100vw, 513px\" \/><\/figure>","protected":false},"excerpt":{"rendered":"<p>Dr. Peter P. Garyaev, a biol\u00f3giai tudom\u00e1nyok doktora, rans \u00e9s RAMTN 1984 \u00f3ta,\u00a0Peter P. Garjajev\u00a0kutatni kezdett \u00faj ter\u00fcleteken a genetikai k\u00f3dol\u00e1s teruleten \u00e9s 1994-ben l\u00e9trehozott egy \u00faj ir\u00e1nyzatot a genetika &#8211; Genetics Wave, majd Lingvistiko &#8211; A Wave Genetics. Ebben a t\u00e9m\u00e1ban\u00a0Peter P. Garyaev\u00a01997-ben. megv\u00e9dte doktori disszert\u00e1ci\u00f3j\u00e1t fryazino. Bauman a HIAC-ban. A RANS \u00e9s a [&hellip;]<\/p>\n","protected":false},"author":1,"featured_media":0,"parent":0,"menu_order":0,"comment_status":"closed","ping_status":"closed","template":"","meta":{"_angie_page":false,"site-sidebar-layout":"no-sidebar","site-content-layout":"page-builder","ast-site-content-layout":"full-width-container","site-content-style":"default","site-sidebar-style":"default","ast-global-header-display":"","ast-banner-title-visibility":"","ast-main-header-display":"","ast-hfb-above-header-display":"","ast-hfb-below-header-display":"","ast-hfb-mobile-header-display":"","site-post-title":"disabled","ast-breadcrumbs-content":"","ast-featured-img":"disabled","footer-sml-layout":"","ast-disable-related-posts":"","theme-transparent-header-meta":"","adv-header-id-meta":"","stick-header-meta":"","header-above-stick-meta":"","header-main-stick-meta":"","header-below-stick-meta":"","astra-migrate-meta-layouts":"set","ast-page-background-enabled":"default","ast-page-background-meta":{"desktop":{"background-color":"","background-image":"","background-repeat":"repeat","background-position":"center center","background-size":"auto","background-attachment":"scroll","background-type":"","background-media":"","overlay-type":"","overlay-color":"","overlay-opacity":"","overlay-gradient":""},"tablet":{"background-color":"","background-image":"","background-repeat":"repeat","background-position":"center center","background-size":"auto","background-attachment":"scroll","background-type":"","background-media":"","overlay-type":"","overlay-color":"","overlay-opacity":"","overlay-gradient":""},"mobile":{"background-color":"","background-image":"","background-repeat":"repeat","background-position":"center center","background-size":"auto","background-attachment":"scroll","background-type":"","background-media":"","overlay-type":"","overlay-color":"","overlay-opacity":"","overlay-gradient":""}},"ast-content-background-meta":{"desktop":{"background-color":"var(--ast-global-color-5)","background-image":"","background-repeat":"repeat","background-position":"center center","background-size":"auto","background-attachment":"scroll","background-type":"","background-media":"","overlay-type":"","overlay-color":"","overlay-opacity":"","overlay-gradient":""},"tablet":{"background-color":"var(--ast-global-color-5)","background-image":"","background-repeat":"repeat","background-position":"center center","background-size":"auto","background-attachment":"scroll","background-type":"","background-media":"","overlay-type":"","overlay-color":"","overlay-opacity":"","overlay-gradient":""},"mobile":{"background-color":"var(--ast-global-color-5)","background-image":"","background-repeat":"repeat","background-position":"center center","background-size":"auto","background-attachment":"scroll","background-type":"","background-media":"","overlay-type":"","overlay-color":"","overlay-opacity":"","overlay-gradient":""}},"footnotes":"[]"},"class_list":["post-6469","page","type-page","status-publish","hentry"],"_links":{"self":[{"href":"https:\/\/ai-xtech.eu\/it\/wp-json\/wp\/v2\/pages\/6469","targetHints":{"allow":["GET"]}}],"collection":[{"href":"https:\/\/ai-xtech.eu\/it\/wp-json\/wp\/v2\/pages"}],"about":[{"href":"https:\/\/ai-xtech.eu\/it\/wp-json\/wp\/v2\/types\/page"}],"author":[{"embeddable":true,"href":"https:\/\/ai-xtech.eu\/it\/wp-json\/wp\/v2\/users\/1"}],"replies":[{"embeddable":true,"href":"https:\/\/ai-xtech.eu\/it\/wp-json\/wp\/v2\/comments?post=6469"}],"version-history":[{"count":5,"href":"https:\/\/ai-xtech.eu\/it\/wp-json\/wp\/v2\/pages\/6469\/revisions"}],"predecessor-version":[{"id":6512,"href":"https:\/\/ai-xtech.eu\/it\/wp-json\/wp\/v2\/pages\/6469\/revisions\/6512"}],"wp:attachment":[{"href":"https:\/\/ai-xtech.eu\/it\/wp-json\/wp\/v2\/media?parent=6469"}],"curies":[{"name":"parola chiave","href":"https:\/\/api.w.org\/{rel}","templated":true}]}}