{"id":899,"date":"2021-07-31T20:33:25","date_gmt":"2021-07-31T20:33:25","guid":{"rendered":"https:\/\/ai-xtech.eu\/?post_type=product&#038;p=899"},"modified":"2026-04-08T11:55:39","modified_gmt":"2026-04-08T10:55:39","slug":"garyaev-hullamgenetikai-matrixai","status":"publish","type":"product","link":"https:\/\/ai-xtech.eu\/fr\/produit\/garyaev-hullamgenetikai-matrixai\/","title":{"rendered":"Fichiers audio utilisant la technologie Tertyshny-Garyaev (matrices g\u00e9n\u00e9tiques d&#039;ondes)"},"content":{"rendered":"<p>Nous cr\u00e9ons 21 types de matrices g\u00e9n\u00e9tiques d&#039;ondes sur la base des travaux du Dr Pyotr Garyaev Petrovich et du professeur Luc Montaigner.<br \/>\n<strong>Il est \u00e9galement possible de demander une matrice unique !<\/strong><br \/>\nL&#039;\u00e9coute des matrices est \u00e9galement efficace, mais avec le dispositif g\u00e9n\u00e9tique ondulatoire, c&#039;est l&#039;efficacit\u00e9<br \/>\npeut \u00eatre tripl\u00e9. Ces fichiers g\u00e9n\u00e9tiques (sons) sub-ondes sont \u00e9galement parfaitement adapt\u00e9s au traitement de l\u2019eau !<br \/>\nSi vous ne poss\u00e9dez pas d&#039;appareil de g\u00e9n\u00e9tique ondulatoire, placez un r\u00e9cipient rempli d&#039;eau propre devant l&#039;enceinte\/enceinte.<br \/>\nApr\u00e8s avoir jou\u00e9 au programme de g\u00e9n\u00e9tique des vagues, buvez de l&#039;eau !<br \/>\nSi vous disposez d&#039;un appareil de g\u00e9n\u00e9tique ondulatoire, placez une bouteille de 2 litres remplie d&#039;eau propre sur la plus grande r\u00e9sistance,<br \/>\net buvez l&#039;eau apr\u00e8s avoir jou\u00e9 les allomanyos\u00a0!<br \/>\nChoisissez un sous-type de g\u00e9n\u00e9tique des vagues dans la liste d\u00e9roulante\u00a0!<\/p>","protected":false},"excerpt":{"rendered":"<h2>G\u00e9n\u00e9tique des vagues<\/h2>\n<p>La m\u00e9decine moderne est \u00e0 la crois\u00e9e des chemins. Alors que les progr\u00e8s technologiques ouvrent des perspectives sans pr\u00e9c\u00e9dent, l\u2019attention port\u00e9e \u00e0 la sant\u00e9 humaine perd de plus en plus son caract\u00e8re personnel et les patients se sentent souvent seuls et vuln\u00e9rables. L\u2019approche holistique de la gu\u00e9rison traditionnelle, qui traitait la personne comme une unit\u00e9 physique et spirituelle, dispara\u00eet lentement dans les brumes du pass\u00e9, et sa place a \u00e9t\u00e9 remplac\u00e9e par des traitements chimiques et des th\u00e9rapies appliqu\u00e9es de masse.<\/p>\n<figure id=\"attachment_6568\" aria-describedby=\"caption-attachment-6568\" style=\"width: 300px\" class=\"wp-caption alignnone\"><img fetchpriority=\"high\" decoding=\"async\" class=\"size-medium wp-image-6568\" src=\"https:\/\/ai-xtech.eu\/oordufup\/2024\/02\/aixtech._Implicit_functions_of_the_genetic_apparatus_b6a2dc44-26af-4c4c-a3a9-590733c167d1-1-300x168.jpg\" alt=\"hull\u00e1mgenetika\" width=\"300\" height=\"168\" srcset=\"https:\/\/ai-xtech.eu\/oordufup\/2024\/02\/aixtech._Implicit_functions_of_the_genetic_apparatus_b6a2dc44-26af-4c4c-a3a9-590733c167d1-1-300x168.jpg 300w, https:\/\/ai-xtech.eu\/oordufup\/2024\/02\/aixtech._Implicit_functions_of_the_genetic_apparatus_b6a2dc44-26af-4c4c-a3a9-590733c167d1-1-768x430.jpg 768w, https:\/\/ai-xtech.eu\/oordufup\/2024\/02\/aixtech._Implicit_functions_of_the_genetic_apparatus_b6a2dc44-26af-4c4c-a3a9-590733c167d1-1-18x10.jpg 18w, https:\/\/ai-xtech.eu\/oordufup\/2024\/02\/aixtech._Implicit_functions_of_the_genetic_apparatus_b6a2dc44-26af-4c4c-a3a9-590733c167d1-1-600x336.jpg 600w, https:\/\/ai-xtech.eu\/oordufup\/2024\/02\/aixtech._Implicit_functions_of_the_genetic_apparatus_b6a2dc44-26af-4c4c-a3a9-590733c167d1-1.jpg 800w\" sizes=\"(max-width: 300px) 100vw, 300px\" \/><figcaption id=\"caption-attachment-6568\" class=\"wp-caption-text\">g\u00e9n\u00e9tique des vagues<\/figcaption><\/figure>\n<p>Lien\u00a0<a href=\"https:\/\/wavegenetics.org\/en\/\">https:\/\/wavegenetics.org\/en\/<\/a><br \/>\nDans un monde o\u00f9 le traitement des maladies est domin\u00e9 par des processus m\u00e9caniques et impersonnels, les scientifiques qui ont d\u00e9velopp\u00e9 de nouvelles approches plus holistiques en r\u00e9ponse aux besoins humains fondamentaux m\u00e9ritent une attention particuli\u00e8re. La science de la g\u00e9n\u00e9tique des vagues, attribu\u00e9e \u00e0 Piotr Garjayev, est une d\u00e9couverte r\u00e9volutionnaire. Cette m\u00e9thode se situe \u00e0 la fronti\u00e8re de la physique quantique et de la biologie humaine, \u00e9tablissant un pont entre le monde mat\u00e9riel et les dimensions sup\u00e9rieures pour jeter un nouvel \u00e9clairage sur les possibilit\u00e9s de gu\u00e9rison.<\/p>\n<p>\u00c0 notre \u00e9poque, la question n\u2019est plus seulement de savoir comment \u00e9liminer une maladie. Le v\u00e9ritable d\u00e9fi consiste \u00e0 comprendre comment restaurer l&#039;\u00e9quilibre int\u00e9rieur d&#039;une personne et comment l&#039;innovation peut \u00eatre utilis\u00e9e pour restaurer l&#039;harmonie physique et mentale. La g\u00e9n\u00e9tique des vagues et d\u2019autres d\u00e9couvertes r\u00e9volutionnaires promettent que l\u2019humanit\u00e9 pourra enfin sortir de l\u2019\u00e2ge sombre de la m\u00e9decine et se diriger vers un avenir meilleur et plus prometteur.<\/p>\n<p>Toutes les matrices dans un seul package\u00a0:<br \/>\n<a href=\"https:\/\/ai-xtech.eu\/termek\/garjajev-osszes-hullamgenetikai-matrixa-egy-csomagban\/\">https:\/\/ai-xtech.eu\/termek\/garjajev-osszes-hullamgenetikai-matrixa-egy-csomagban\/<\/a><\/p>\n<p>Dans l\u2019histoire de l\u2019humanit\u00e9, la gu\u00e9rison a toujours jou\u00e9 un r\u00f4le central, car notre sant\u00e9 est la base du bonheur et de la long\u00e9vit\u00e9. Cependant, au cours des si\u00e8cles pass\u00e9s, la m\u00e9decine s\u2019est de plus en plus orient\u00e9e vers la technologie et les traitements chimiques, ce qui a souvent \u00e9loign\u00e9 le patient d\u2019une approche personnalis\u00e9e et holistique. Dans le m\u00eame temps, de nouvelles d\u00e9couvertes scientifiques et des outils innovants ont ouvert la porte \u00e0 un nouveau type de m\u00e9decine qui traite le corps et l\u2019esprit humains comme une seule entit\u00e9.<\/p>\n<p class=\" translation-block\">&quot;Au cours des si\u00e8cles pass\u00e9s, la maladie et son traitement se sont \u00e9loign\u00e9s du patient et sont devenus de plus en plus impersonnels. De plus, ils se sont fortement orient\u00e9s vers l&#039;utilisation de substances chimiques. De cette fa\u00e7on, les gens sont devenus de plus en plus seuls et d\u00e9sesp\u00e9r\u00e9s au milieu de leurs maladies et de leurs douleurs.<br> Depuis le d\u00e9but de la culture, le patient a toujours \u00e9t\u00e9 consid\u00e9r\u00e9 et trait\u00e9 en relation avec sa maladie et son environnement.<\/p>\n<p>L&#039;\u00e9crivain, po\u00e8te et acad\u00e9micien fran\u00e7ais Paul Claudel qualifie les patients d&#039;\u00ab invit\u00e9s \u00e0 l&#039;attention \u00bb.<\/p>\n<p>Parmi les scientifiques travaillant pour rendre la vie humaine plus belle et meilleure, beaucoup d&#039;entre eux ont fait des d\u00e9couvertes dont l&#039;application a apport\u00e9 un soulagement \u00e0 la personne qui souffrait gr\u00e2ce \u00e0 la coop\u00e9ration des gu\u00e9risseurs. Parmi les premiers inventeurs figurait Nikola Tesla, gr\u00e2ce aux inventions duquel Piotr Garjayev a cr\u00e9\u00e9 la science de la g\u00e9n\u00e9tique ondulatoire en combinant plusieurs domaines scientifiques et avec l&#039;aide de la physique quantique. En parall\u00e8le, Alexander Misin a cr\u00e9\u00e9 un appareil con\u00e7u pour optimiser les changements physiques et chimiques dans le corps humain. Apr\u00e8s que le professeur Garjajev se soit familiaris\u00e9 avec le fonctionnement de l&#039;appareil, il a combin\u00e9 ses propres connaissances pour le perfectionner et le rendre plus efficace, cr\u00e9ant ainsi un nouvel appareil r\u00e9volutionnaire qui place la gu\u00e9rison sur une base diff\u00e9rente des m\u00e9thodes pr\u00e9c\u00e9dentes.<\/p>\n<p>Enfin, gr\u00e2ce \u00e0 cet outil, nous pouvons ouvrir une nouvelle \u00e8re, dans laquelle le monde entier devra traverser l\u2019\u00e2ge sombre de la m\u00e9decine et de la maladie.<\/p>\n<p>Le XXI. L\u2019homme du si\u00e8cle est arriv\u00e9 \u00e0 la crois\u00e9e des chemins et se trouve confront\u00e9 \u00e0 un dilemme. En tant que consommateur aveugle, il fait d\u00e9pendre son existence future du d\u00e9veloppement inexorable des nouvelles technologies et de l&#039;utilisation accrue des biens mat\u00e9riels, ou bien il trouve le chemin qui m\u00e8ne \u00e0 la responsabilit\u00e9 spirituelle et spirituelle, ainsi qu&#039;\u00e0 un comportement soucieux de sa sant\u00e9 qui peut surmonter ses maladies et consolider son bien-\u00eatre individuel et son existence.<\/p>\n<p>\u00catre en bonne sant\u00e9 ne signifie pas seulement ne pas \u00eatre malade. En tant que personnes en bonne sant\u00e9, nous nous sentons merveilleusement bien.<\/p>\n<p>La sant\u00e9, c&#039;est comme lorsque nous nous souvenons des moments heureux de notre enfance et pensons que de nombreuses autres exp\u00e9riences de ce type nous attendent. \u00bb<\/p>\n<p class=\" translation-block\"><em><strong>Laszlo Lehoczki<\/strong><\/em><br> monteur-r\u00e9alisateur de t\u00e9l\u00e9vision<br> r\u00e9dacteur en chef fondateur du d\u00e9partement \u00e9ditorial religieux de Duna Television<br> le chevalier de la culture hongroise<\/p>\n<p data-wtdl-uid=\"10\" data-wtdl-original=\"true\" data-wtdl-translated=\"true\">Les programmes universels sont des cartographies d&#039;ondes (spintroniques), des spectres sp\u00e9ciaux, \u00e0 partir de substances naturelles, d&#039;origine naturelle et biologiquement actives. Par exemple, la gel\u00e9e royale, le miel, le ginseng de Sib\u00e9rie, le germe de bl\u00e9, etc. Contrairement aux matrices individuelles, qui n\u00e9cessitent des photos lors de la compilation, ce programme n&#039;en a pas besoin. Ce sont les programmes termin\u00e9s. Nous les mettons constamment \u00e0 jour en fonction du traitement des nouvelles propri\u00e9t\u00e9s du mat\u00e9riau.<\/p>\n<p data-wtdl-uid=\"11\" data-wtdl-original=\"true\" data-wtdl-translated=\"true\">Une partie du programme universel a \u00e9t\u00e9 d\u00e9velopp\u00e9e en collaboration avec Raisa Akhmetovna Mansurova. Dans mes s\u00e9minaires, il utilise activement la matrice \u00e0 des fins de sant\u00e9.<\/p>\n<p data-wtdl-uid=\"12\" data-wtdl-original=\"true\" data-wtdl-translated=\"true\">Veuillez noter que les matrices universelles sont annonc\u00e9es sur Internet. Ils ne connaissent pas la technologie, ne vendent que de fausses copies d&#039;une qualit\u00e9 scandaleuse, n&#039;assument aucune responsabilit\u00e9 quant \u00e0 leur utilisation et ne donnent pas de facture.<\/p>","protected":false},"featured_media":6568,"comment_status":"closed","ping_status":"closed","template":"","meta":{"_angie_page":false,"site-sidebar-layout":"no-sidebar","site-content-layout":"plain-container","ast-site-content-layout":"full-width-container","site-content-style":"unboxed","site-sidebar-style":"unboxed","ast-global-header-display":"","ast-banner-title-visibility":"","ast-main-header-display":"","ast-hfb-above-header-display":"","ast-hfb-below-header-display":"","ast-hfb-mobile-header-display":"","site-post-title":"","ast-breadcrumbs-content":"","ast-featured-img":"","footer-sml-layout":"","ast-disable-related-posts":"","theme-transparent-header-meta":"default","adv-header-id-meta":"","stick-header-meta":"","header-above-stick-meta":"","header-main-stick-meta":"","header-below-stick-meta":"","astra-migrate-meta-layouts":"set","ast-page-background-enabled":"default","ast-page-background-meta":{"desktop":{"background-color":"","background-image":"","background-repeat":"repeat","background-position":"center center","background-size":"auto","background-attachment":"scroll","background-type":"","background-media":"","overlay-type":"","overlay-color":"","overlay-opacity":"","overlay-gradient":""},"tablet":{"background-color":"","background-image":"","background-repeat":"repeat","background-position":"center center","background-size":"auto","background-attachment":"scroll","background-type":"","background-media":"","overlay-type":"","overlay-color":"","overlay-opacity":"","overlay-gradient":""},"mobile":{"background-color":"","background-image":"","background-repeat":"repeat","background-position":"center center","background-size":"auto","background-attachment":"scroll","background-type":"","background-media":"","overlay-type":"","overlay-color":"","overlay-opacity":"","overlay-gradient":""}},"ast-content-background-meta":{"desktop":{"background-color":"var(--ast-global-color-5)","background-image":"","background-repeat":"repeat","background-position":"center center","background-size":"auto","background-attachment":"scroll","background-type":"","background-media":"","overlay-type":"","overlay-color":"","overlay-opacity":"","overlay-gradient":""},"tablet":{"background-color":"var(--ast-global-color-5)","background-image":"","background-repeat":"repeat","background-position":"center center","background-size":"auto","background-attachment":"scroll","background-type":"","background-media":"","overlay-type":"","overlay-color":"","overlay-opacity":"","overlay-gradient":""},"mobile":{"background-color":"var(--ast-global-color-5)","background-image":"","background-repeat":"repeat","background-position":"center center","background-size":"auto","background-attachment":"scroll","background-type":"","background-media":"","overlay-type":"","overlay-color":"","overlay-opacity":"","overlay-gradient":""}}},"product_brand":[],"product_cat":[22],"product_tag":[74],"class_list":{"0":"post-899","1":"product","2":"type-product","3":"status-publish","4":"has-post-thumbnail","6":"product_cat-hullamgenetikai-megoldasok","7":"product_tag-matrix","8":"product_shipping_class-matrices","9":"desktop-align-left","10":"tablet-align-left","11":"mobile-align-left","13":"first","14":"instock","15":"taxable","16":"shipping-taxable","17":"purchasable","18":"product-type-variable"},"_links":{"self":[{"href":"https:\/\/ai-xtech.eu\/fr\/wp-json\/wp\/v2\/product\/899","targetHints":{"allow":["GET"]}}],"collection":[{"href":"https:\/\/ai-xtech.eu\/fr\/wp-json\/wp\/v2\/product"}],"about":[{"href":"https:\/\/ai-xtech.eu\/fr\/wp-json\/wp\/v2\/types\/product"}],"replies":[{"embeddable":true,"href":"https:\/\/ai-xtech.eu\/fr\/wp-json\/wp\/v2\/comments?post=899"}],"version-history":[{"count":10,"href":"https:\/\/ai-xtech.eu\/fr\/wp-json\/wp\/v2\/product\/899\/revisions"}],"predecessor-version":[{"id":7396,"href":"https:\/\/ai-xtech.eu\/fr\/wp-json\/wp\/v2\/product\/899\/revisions\/7396"}],"wp:featuredmedia":[{"embeddable":true,"href":"https:\/\/ai-xtech.eu\/fr\/wp-json\/wp\/v2\/media\/6568"}],"wp:attachment":[{"href":"https:\/\/ai-xtech.eu\/fr\/wp-json\/wp\/v2\/media?parent=899"}],"wp:term":[{"taxonomy":"product_brand","embeddable":true,"href":"https:\/\/ai-xtech.eu\/fr\/wp-json\/wp\/v2\/product_brand?post=899"},{"taxonomy":"product_cat","embeddable":true,"href":"https:\/\/ai-xtech.eu\/fr\/wp-json\/wp\/v2\/product_cat?post=899"},{"taxonomy":"product_tag","embeddable":true,"href":"https:\/\/ai-xtech.eu\/fr\/wp-json\/wp\/v2\/product_tag?post=899"}],"curies":[{"name":"wp","href":"https:\/\/api.w.org\/{rel}","templated":true}]}}