{"id":7488,"date":"2025-03-11T18:22:44","date_gmt":"2025-03-11T17:22:44","guid":{"rendered":"https:\/\/ai-xtech.eu\/?post_type=product&#038;p=7488"},"modified":"2026-04-08T11:57:35","modified_gmt":"2026-04-08T10:57:35","slug":"zenpeak-melleny","status":"publish","type":"product","link":"https:\/\/ai-xtech.eu\/fr\/produit\/zenpeak-melleny\/","title":{"rendered":"Gilet ZenPeak"},"content":{"rendered":"<h1><b>Le gilet ZenPeak<\/b><\/h1>\n<p>Quantit\u00e9:<strong> D\u00e9lai de commande : 4 \u00e0 8 semaines<\/strong><\/p>\n<p><span dir=\"auto\">Gilet autonome avec bobines d&#039;induction de champ \u00e9lectromagn\u00e9tique et possibilit\u00e9 de passer en mode champ statique. Confortable, il est con\u00e7u pour une utilisation quotidienne sans n\u00e9cessiter de branchement \u00e9lectrique. Le g\u00e9n\u00e9rateur peut \u00eatre fix\u00e9 directement au gilet, permettant ainsi une libert\u00e9 de mouvement dans la pi\u00e8ce ou lors de la marche. Il poss\u00e8de les m\u00eames propri\u00e9t\u00e9s que les bobines traditionnelles.<\/span><\/p>\n<p><span dir=\"auto\">L&#039;une des principales caract\u00e9ristiques du traitement r\u00e9side dans la possibilit\u00e9 de traiter simultan\u00e9ment une plus grande surface du corps des deux c\u00f4t\u00e9s. Cela am\u00e9liore l&#039;efficacit\u00e9 et r\u00e9duit la dur\u00e9e du traitement. Ce r\u00e9sultat est obtenu gr\u00e2ce au passage en mode statique via un transformateur \u00e9l\u00e9vateur. Un autre mode de fonctionnement du gilet est utilis\u00e9\u00a0: l&#039;influence du champ \u00e9lectrostatique sur le patient repose sur l&#039;interaction du corps avec un champ \u00e9lectrostatique alternatif basse fr\u00e9quence et haute intensit\u00e9.<\/span><\/p>\n<p><span dir=\"auto\">Le champ \u00e9lectrostatique provoque des vibrations tissulaires d&#039;intensit\u00e9 variable, qui se propagent \u00e0 des profondeurs consid\u00e9rables. Ces vibrations (d\u00e9placements) tissulaires, selon leur fr\u00e9quence, leur intensit\u00e9 et leur dur\u00e9e d&#039;application, peuvent affecter le syst\u00e8me neuror\u00e9cepteur, le syst\u00e8me sanguin et lymphatique localis\u00e9, r\u00e9guler le tonus musculaire et affecter le fonctionnement des organes internes.<\/span><\/p>\n<p><span dir=\"auto\">La m\u00e9thode pr\u00e9sent\u00e9e de th\u00e9rapie \u00e9lectrostatique est efficace dans le traitement des pathologies du syst\u00e8me musculo-squelettique, des maladies du syst\u00e8me nerveux central et p\u00e9riph\u00e9rique, de l&#039;insuffisance lymphatique et veineuse, ainsi que des pathologies du syst\u00e8me bronchopulmonaire et des organes digestifs.<\/span><\/p>\n<p><span dir=\"auto\">D\u00e9tails:<\/span><\/p>\n<p><span dir=\"auto\">Le kit de gilet se compose de deux bobines de fil MGTF int\u00e9gr\u00e9es situ\u00e9es dans le gilet lui-m\u00eame, d&#039;un g\u00e9n\u00e9rateur sinuso\u00efdal mobile de 300 kHz, d&#039;une unit\u00e9 de charge et d&#039;un transformateur \u00e9l\u00e9vateur.<\/span><\/p>","protected":false},"excerpt":{"rendered":"<p>A ZenPeak mell\u00e9ny Mennyis\u00e9g: 4-8 h\u00e9t rend\u00e9lesi ido \u00d6n\u00e1ll\u00f3 mell\u00e9ny elektrom\u00e1gneses mez\u0151 indukci\u00f3s tekercsekkel \u00e9s statikus mez\u0151 \u00fczemm\u00f3dba kapcsolhat\u00f3s\u00e1g\u00e1val. K\u00e9nyelmes, mindennapi haszn\u00e1latra tervezve, an\u00e9lk\u00fcl, hogy konnektorhoz kellene k\u00f6tni. A gener\u00e1tor k\u00f6zvetlen\u00fcl a mell\u00e9nyhez r\u00f6gz\u00edthet\u0151, \u00edgy szabad mozg\u00e1st biztos\u00edt a szob\u00e1ban vagy j\u00e1r\u00e1s k\u00f6zben. Ugyanazokkal a tulajdons\u00e1gokkal rendelkezik, mint a hagyom\u00e1nyos tekercsek. A kezel\u00e9s egyik kulcsfontoss\u00e1g\u00fa [&hellip;]<\/p>\n","protected":false},"featured_media":7489,"comment_status":"closed","ping_status":"closed","template":"","meta":{"_angie_page":false,"site-sidebar-layout":"default","site-content-layout":"","ast-site-content-layout":"default","site-content-style":"default","site-sidebar-style":"default","ast-global-header-display":"","ast-banner-title-visibility":"","ast-main-header-display":"","ast-hfb-above-header-display":"","ast-hfb-below-header-display":"","ast-hfb-mobile-header-display":"","site-post-title":"","ast-breadcrumbs-content":"","ast-featured-img":"","footer-sml-layout":"","ast-disable-related-posts":"","theme-transparent-header-meta":"default","adv-header-id-meta":"","stick-header-meta":"","header-above-stick-meta":"","header-main-stick-meta":"","header-below-stick-meta":"","astra-migrate-meta-layouts":"set","ast-page-background-enabled":"default","ast-page-background-meta":{"desktop":{"background-color":"","background-image":"","background-repeat":"repeat","background-position":"center center","background-size":"auto","background-attachment":"scroll","background-type":"","background-media":"","overlay-type":"","overlay-color":"","overlay-opacity":"","overlay-gradient":""},"tablet":{"background-color":"","background-image":"","background-repeat":"repeat","background-position":"center center","background-size":"auto","background-attachment":"scroll","background-type":"","background-media":"","overlay-type":"","overlay-color":"","overlay-opacity":"","overlay-gradient":""},"mobile":{"background-color":"","background-image":"","background-repeat":"repeat","background-position":"center center","background-size":"auto","background-attachment":"scroll","background-type":"","background-media":"","overlay-type":"","overlay-color":"","overlay-opacity":"","overlay-gradient":""}},"ast-content-background-meta":{"desktop":{"background-color":"var(--ast-global-color-5)","background-image":"","background-repeat":"repeat","background-position":"center center","background-size":"auto","background-attachment":"scroll","background-type":"","background-media":"","overlay-type":"","overlay-color":"","overlay-opacity":"","overlay-gradient":""},"tablet":{"background-color":"var(--ast-global-color-5)","background-image":"","background-repeat":"repeat","background-position":"center center","background-size":"auto","background-attachment":"scroll","background-type":"","background-media":"","overlay-type":"","overlay-color":"","overlay-opacity":"","overlay-gradient":""},"mobile":{"background-color":"var(--ast-global-color-5)","background-image":"","background-repeat":"repeat","background-position":"center center","background-size":"auto","background-attachment":"scroll","background-type":"","background-media":"","overlay-type":"","overlay-color":"","overlay-opacity":"","overlay-gradient":""}}},"product_brand":[],"product_cat":[22],"product_tag":[],"class_list":{"0":"post-7488","1":"product","2":"type-product","3":"status-publish","4":"has-post-thumbnail","6":"product_cat-hullamgenetikai-megoldasok","7":"product_shipping_class-free","8":"desktop-align-left","9":"tablet-align-left","10":"mobile-align-left","12":"first","13":"instock","14":"taxable","15":"shipping-taxable","16":"purchasable","17":"product-type-simple"},"_links":{"self":[{"href":"https:\/\/ai-xtech.eu\/fr\/wp-json\/wp\/v2\/product\/7488","targetHints":{"allow":["GET"]}}],"collection":[{"href":"https:\/\/ai-xtech.eu\/fr\/wp-json\/wp\/v2\/product"}],"about":[{"href":"https:\/\/ai-xtech.eu\/fr\/wp-json\/wp\/v2\/types\/product"}],"replies":[{"embeddable":true,"href":"https:\/\/ai-xtech.eu\/fr\/wp-json\/wp\/v2\/comments?post=7488"}],"version-history":[{"count":7,"href":"https:\/\/ai-xtech.eu\/fr\/wp-json\/wp\/v2\/product\/7488\/revisions"}],"predecessor-version":[{"id":8098,"href":"https:\/\/ai-xtech.eu\/fr\/wp-json\/wp\/v2\/product\/7488\/revisions\/8098"}],"wp:featuredmedia":[{"embeddable":true,"href":"https:\/\/ai-xtech.eu\/fr\/wp-json\/wp\/v2\/media\/7489"}],"wp:attachment":[{"href":"https:\/\/ai-xtech.eu\/fr\/wp-json\/wp\/v2\/media?parent=7488"}],"wp:term":[{"taxonomy":"product_brand","embeddable":true,"href":"https:\/\/ai-xtech.eu\/fr\/wp-json\/wp\/v2\/product_brand?post=7488"},{"taxonomy":"product_cat","embeddable":true,"href":"https:\/\/ai-xtech.eu\/fr\/wp-json\/wp\/v2\/product_cat?post=7488"},{"taxonomy":"product_tag","embeddable":true,"href":"https:\/\/ai-xtech.eu\/fr\/wp-json\/wp\/v2\/product_tag?post=7488"}],"curies":[{"name":"wp","href":"https:\/\/api.w.org\/{rel}","templated":true}]}}