{"id":7175,"date":"2024-08-07T15:43:32","date_gmt":"2024-08-07T14:43:32","guid":{"rendered":"https:\/\/ai-xtech.eu\/?post_type=product&#038;p=7175"},"modified":"2026-04-08T11:58:16","modified_gmt":"2026-04-08T10:58:16","slug":"zenpeak-aura-torzos-technologia","status":"publish","type":"product","link":"https:\/\/ai-xtech.eu\/fr\/produit\/zenpeak-aura-torzos-technologia\/","title":{"rendered":"Restauration de la sant\u00e9 \u00e0 distance - (ZenPeakAura)"},"content":{"rendered":"<p>ZenPeak Aura<br \/>\nCe soin \u00e9nerg\u00e9tique a pour but de retrouver un \u00e9tat de sant\u00e9.<br \/>\nLe soin \u00e9nerg\u00e9tique avec la poutre de torsion dure 1 semaine.<\/p>\n<p>Pendant 4 semaines, une fois par semaine, le vendredi, nous activons un dispositif \u00e9metteur de signal de torsion avec votre photo.<br \/>\ncombin\u00e9 avec des matrices g\u00e9n\u00e9tiques d&#039;ondelettes en tenant compte de votre probl\u00e8me.<br \/>\nVous devez remplir une fiche technique que nous vous enverrons apr\u00e8s l&#039;achat.<\/p>\n<p>Nous avons \u00e9tendu la technologie quantique non locale, afin qu&#039;elle n&#039;ait pas besoin d&#039;\u00eatre pr\u00e9sente lors du traitement \u00e9nerg\u00e9tique,<br \/>\nvous pouvez s\u00e9journer n&#039;importe o\u00f9 dans le monde et profiter des opportunit\u00e9s et des joies de la vie !<\/p>\n<p>De plus, pour garantir l&#039;efficacit\u00e9, vous pouvez \u00e9galement utiliser 3 matrices g\u00e9n\u00e9tiques d&#039;ondes g\u00e9n\u00e9rales, que vous devez accepter avec nous \u00e0 l&#039;avance, nous vous enverrons les liens de t\u00e9l\u00e9chargement et vous recevrez un guide d&#039;utilisation d\u00e9taill\u00e9 bas\u00e9 sur une vid\u00e9o si la technologie g\u00e9n\u00e9tique des ondes vous est inconnue.<\/p>\n<p>Ces fichiers sonores sont destin\u00e9s \u00e0 r\u00e9tablir l&#039;\u00e9quilibre \u00e9nerg\u00e9tique de votre corps.<\/p>\n<p>Jusqu&#039;\u00e0 pr\u00e9sent, personne n&#039;a fourni la possibilit\u00e9 d&#039;une telle m\u00e9thode \u00e9nerg\u00e9tique combin\u00e9e, les changements attendus peuvent se produire en 1 semaine, mais g\u00e9n\u00e9ralement 6 mois correspondent au d\u00e9roulement de l&#039;ensemble du processus.<\/p>\n<p>La technologie a \u00e9t\u00e9 d\u00e9velopp\u00e9e par le Prof. Dr. Elle a \u00e9t\u00e9 fond\u00e9e par le biophysicien fran\u00e7ais Luc Montaigner (principes d\u00e9velopp\u00e9s pour le stockage des informations sur l&#039;eau, r\u00e9cup\u00e9ration d&#039;ADN bas\u00e9e sur le son, d\u00e9couverte du virus VIH - Prix Nobel), le Prof. Dr. Anatoly Pavlenko Akimov (d\u00e9veloppeur et application de la th\u00e9orie de l&#039;espace-temps de torsion) a reconnu le mod\u00e8le \u00e9nerg\u00e9tique derri\u00e8re le processus, a d\u00e9clar\u00e9 le professeur. Dr. Piotr Petrovich Garjayev (professeur russe de sciences biologiques) a cr\u00e9\u00e9 les premiers prototypes de fichiers g\u00e9n\u00e9tiques d&#039;ondes \u00e0 partir d&#039;\u00e9chantillons biologiques et les a appliqu\u00e9s \u00e0 des \u00e9chantillons de cellules, d&#039;animaux, puis d&#039;humains.<br \/>\nLa combinaison de technologies a \u00e9t\u00e9 appliqu\u00e9e pour la premi\u00e8re fois \u00e0 plus grande \u00e9chelle par G\u00e1bor Roland T\u00f3th (chercheur) (Ai-Xtech GmbH)<\/p>\n<p><strong>Le forfait comprend : un traitement \u00e9nerg\u00e9tique de torsion de 4 semaines (traitement \u00e0 distance)<\/strong><\/p>\n<p><strong>3 matrices g\u00e9n\u00e9tiques g\u00e9n\u00e9rales d&#039;ondes que vous ou les membres de votre famille pouvez utiliser \u00e0 tout moment !<\/strong><\/p>\n<p><strong>Traitement MedBed (capsule Garjaev) d&#039;une demi-heure \u00e0 Miskolc. Clinique de bioinformatique de Miskolc, J\u00e0nos \u00f9t 1<\/strong><\/p>\n<p>(Aura ZenPeak)<\/p>","protected":false},"excerpt":{"rendered":"<p>ZenPeak Aura Ezen energetikai kezel\u00e9s, az eg\u00e9szs\u00e9ges \u00e1llapotot hivatott vissza\u00e1ll\u00edtani. Az energetikai kezel\u00e9s a torzi\u00f3s jelsug\u00e1rz\u00f3val, 1 h\u00e9tig tart. 4 h\u00e9tig, hetente 1 alkalommal, p\u00e9nteken aktiv\u00e1lunk egy torzi\u00f3s jel emitter eszk\u00f6zt, az \u00d6n fot\u00f3j\u00e1val kombin\u00e1lva a hull\u00e1mgenetikai m\u00e1trixokkal az \u00d6n probl\u00e9m\u00e1j\u00e1t figyelembe v\u00e9ve. Ki kell t\u00f6ltenie egy adatlapot, melyet a v\u00e1s\u00e1rl\u00e1s ut\u00e1n elk\u00fcld\u00fcnk. A kvantum [&hellip;]<\/p>\n","protected":false},"featured_media":7176,"comment_status":"closed","ping_status":"closed","template":"","meta":{"_angie_page":false,"site-sidebar-layout":"default","site-content-layout":"","ast-site-content-layout":"default","site-content-style":"default","site-sidebar-style":"default","ast-global-header-display":"","ast-banner-title-visibility":"","ast-main-header-display":"","ast-hfb-above-header-display":"","ast-hfb-below-header-display":"","ast-hfb-mobile-header-display":"","site-post-title":"","ast-breadcrumbs-content":"","ast-featured-img":"","footer-sml-layout":"","ast-disable-related-posts":"","theme-transparent-header-meta":"default","adv-header-id-meta":"","stick-header-meta":"","header-above-stick-meta":"","header-main-stick-meta":"","header-below-stick-meta":"","astra-migrate-meta-layouts":"set","ast-page-background-enabled":"default","ast-page-background-meta":{"desktop":{"background-color":"","background-image":"","background-repeat":"repeat","background-position":"center center","background-size":"auto","background-attachment":"scroll","background-type":"","background-media":"","overlay-type":"","overlay-color":"","overlay-opacity":"","overlay-gradient":""},"tablet":{"background-color":"","background-image":"","background-repeat":"repeat","background-position":"center center","background-size":"auto","background-attachment":"scroll","background-type":"","background-media":"","overlay-type":"","overlay-color":"","overlay-opacity":"","overlay-gradient":""},"mobile":{"background-color":"","background-image":"","background-repeat":"repeat","background-position":"center center","background-size":"auto","background-attachment":"scroll","background-type":"","background-media":"","overlay-type":"","overlay-color":"","overlay-opacity":"","overlay-gradient":""}},"ast-content-background-meta":{"desktop":{"background-color":"var(--ast-global-color-5)","background-image":"","background-repeat":"repeat","background-position":"center center","background-size":"auto","background-attachment":"scroll","background-type":"","background-media":"","overlay-type":"","overlay-color":"","overlay-opacity":"","overlay-gradient":""},"tablet":{"background-color":"var(--ast-global-color-5)","background-image":"","background-repeat":"repeat","background-position":"center center","background-size":"auto","background-attachment":"scroll","background-type":"","background-media":"","overlay-type":"","overlay-color":"","overlay-opacity":"","overlay-gradient":""},"mobile":{"background-color":"var(--ast-global-color-5)","background-image":"","background-repeat":"repeat","background-position":"center center","background-size":"auto","background-attachment":"scroll","background-type":"","background-media":"","overlay-type":"","overlay-color":"","overlay-opacity":"","overlay-gradient":""}}},"product_brand":[],"product_cat":[22],"product_tag":[],"class_list":{"0":"post-7175","1":"product","2":"type-product","3":"status-publish","4":"has-post-thumbnail","6":"product_cat-hullamgenetikai-megoldasok","7":"product_shipping_class-free","8":"desktop-align-left","9":"tablet-align-left","10":"mobile-align-left","12":"first","13":"instock","14":"taxable","15":"shipping-taxable","16":"purchasable","17":"product-type-simple"},"_links":{"self":[{"href":"https:\/\/ai-xtech.eu\/fr\/wp-json\/wp\/v2\/product\/7175","targetHints":{"allow":["GET"]}}],"collection":[{"href":"https:\/\/ai-xtech.eu\/fr\/wp-json\/wp\/v2\/product"}],"about":[{"href":"https:\/\/ai-xtech.eu\/fr\/wp-json\/wp\/v2\/types\/product"}],"replies":[{"embeddable":true,"href":"https:\/\/ai-xtech.eu\/fr\/wp-json\/wp\/v2\/comments?post=7175"}],"version-history":[{"count":8,"href":"https:\/\/ai-xtech.eu\/fr\/wp-json\/wp\/v2\/product\/7175\/revisions"}],"predecessor-version":[{"id":7309,"href":"https:\/\/ai-xtech.eu\/fr\/wp-json\/wp\/v2\/product\/7175\/revisions\/7309"}],"wp:featuredmedia":[{"embeddable":true,"href":"https:\/\/ai-xtech.eu\/fr\/wp-json\/wp\/v2\/media\/7176"}],"wp:attachment":[{"href":"https:\/\/ai-xtech.eu\/fr\/wp-json\/wp\/v2\/media?parent=7175"}],"wp:term":[{"taxonomy":"product_brand","embeddable":true,"href":"https:\/\/ai-xtech.eu\/fr\/wp-json\/wp\/v2\/product_brand?post=7175"},{"taxonomy":"product_cat","embeddable":true,"href":"https:\/\/ai-xtech.eu\/fr\/wp-json\/wp\/v2\/product_cat?post=7175"},{"taxonomy":"product_tag","embeddable":true,"href":"https:\/\/ai-xtech.eu\/fr\/wp-json\/wp\/v2\/product_tag?post=7175"}],"curies":[{"name":"wp","href":"https:\/\/api.w.org\/{rel}","templated":true}]}}