{"id":6693,"date":"2024-02-14T15:04:12","date_gmt":"2024-02-14T14:04:12","guid":{"rendered":"https:\/\/ai-xtech.eu\/?post_type=product&#038;p=6693"},"modified":"2026-04-08T11:59:02","modified_gmt":"2026-04-08T10:59:02","slug":"zenpeak-light-villanofenyes-uv-keszulek","status":"publish","type":"product","link":"https:\/\/ai-xtech.eu\/fr\/produit\/zenpeak-light-villanofenyes-uv-keszulek\/","title":{"rendered":"ZenPeak Light (appareil flash UV)"},"content":{"rendered":"<p><strong><b>4 semaines, d\u00e9lai de livraison !<\/b><br \/>\n(Ecosvet)<\/strong><\/p>\n<p>&nbsp;<\/p>","protected":false},"excerpt":{"rendered":"<p data-dl-uid=\"28\" data-dl-original=\"true\" data-dl-translated=\"true\">La \u201c\u00a0Lumi\u00e8re ZenPeak\u00a0\u201d \u2013<\/p>\n<p><span dir=\"auto\">Apr\u00e8s des ann\u00e9es d&#039;essais cliniques, ZenPeak Light est approuv\u00e9 et recommand\u00e9 par Roszdravnadzor, l&#039;Acad\u00e9mie russe des sciences m\u00e9dicales et la Soci\u00e9t\u00e9 russe des m\u00e9decins de r\u00e9adaptation. Il contribue \u00e0 renforcer le syst\u00e8me immunitaire \u00e0 domicile, \u00e0 am\u00e9liorer le m\u00e9tabolisme, \u00e0 ralentir le vieillissement, \u00e0 normaliser la tension art\u00e9rielle et la fonction cardiovasculaire, \u00e0 r\u00e9duire la viscosit\u00e9 sanguine, \u00e0 abaisser la glyc\u00e9mie et \u00e0 traiter de nombreuses autres maladies. Votre sant\u00e9 et celle de votre famille vous int\u00e9ressent-elles\u00a0?<\/span><\/p>\n<h5 class=\"fw-500\"><span dir=\"auto\">M\u00e9canismes d&#039;action biomol\u00e9culaires de l&#039;irradiation ultraviolette du sang (UVIB)<\/span><\/h5>\n<p><span dir=\"auto\">L&#039;irradiation ultraviolette (UVBI) est une m\u00e9thode qui consiste \u00e0 exposer le sang \u00e0 des quanta de lumi\u00e8re ultraviolette. Cette m\u00e9thode est utilis\u00e9e en m\u00e9decine depuis plus de 80 ans. En 1928, V. Hancock et E. Knott ont r\u00e9alis\u00e9 les premiers traitements extracorporels par UVBI sur une femme mourant d&#039;une septic\u00e9mie lors d&#039;un accouchement. Le volume de sang irradi\u00e9 \u00e9tait de 100 \u00e0 120 ml. La patiente s&#039;est r\u00e9tablie. En URSS, cette m\u00e9thode a \u00e9t\u00e9 utilis\u00e9e pour la premi\u00e8re fois \u00e0 Leningrad en 1937 par les transfusiologues A.N. Filatov et G.I. Kasumov. En 1979, \u00e0 l&#039;Institut d&#039;optique d&#039;\u00c9tat S.I. Vavilov de Leningrad, Yu. V. Popov, en collaboration avec L.M. Kukui, a d\u00e9velopp\u00e9 et test\u00e9 l&#039;appareil Izolda MD-73, encore utilis\u00e9 par les m\u00e9decins aujourd&#039;hui.<\/span><\/p>\n<p><span dir=\"auto\">Les effets biologiques du rayonnement ultraviolet (UV) sont dus \u00e0 la capacit\u00e9 des mol\u00e9cules des cellules des organismes vivants \u00e0 absorber les quanta de rayonnement et, par cons\u00e9quent, \u00e0 participer \u00e0 diverses r\u00e9actions photochimiques qui modifient leur structure et leur fonctionnement. Le m\u00e9canisme d&#039;action du sang irradi\u00e9 sur l&#039;homme est complexe et multiforme. Bien qu&#039;il n&#039;existe pas encore de th\u00e9orie unifi\u00e9e des effets des UV sur le corps humain, les scientifiques ont d\u00e9montr\u00e9 que les UV augmentent consid\u00e9rablement l&#039;activit\u00e9 bact\u00e9ricide du sang et inactivent les substances toxiques et les enzymes par oxydation. Dans un deuxi\u00e8me temps, le fonctionnement des cellules sanguines est activ\u00e9 dans le sang irradi\u00e9, lib\u00e9rant ainsi plusieurs facteurs immunitaires non sp\u00e9cifiques. Sous l&#039;influence de l&#039;\u00e9nergie quantique, de nouveaux tensioactifs se forment \u00e0 la surface des globules rouges, modifiant la charge \u00e9lectrique de la membrane, r\u00e9duisant ainsi la viscosit\u00e9 du sang et augmentant sa capacit\u00e9 \u00e0 transporter l&#039;oxyg\u00e8ne.<\/span><\/p>\n<p><span dir=\"auto\">L&#039;effet th\u00e9rapeutique de la th\u00e9rapie UVB joue un r\u00f4le important dans la r\u00e9organisation du syst\u00e8me immunitaire. Les effets cliniques positifs de la th\u00e9rapie UVB sont associ\u00e9s \u00e0 une am\u00e9lioration de la microcirculation gr\u00e2ce \u00e0 une diminution de la viscosit\u00e9 sanguine et \u00e0 l&#039;\u00e9limination des d\u00e9p\u00f4ts de fibrine des vaisseaux sanguins, ce qui augmente le flux sanguin p\u00e9riph\u00e9rique et am\u00e9liore l&#039;oxyg\u00e9nation des tissus.<\/span><\/p>\n<p><span dir=\"auto\">L&#039;un des effets les plus importants des rayons UVB est leur effet bact\u00e9ricide. En agissant sur certaines substances des cellules bact\u00e9riennes, les rayons ultraviolets ont un effet bact\u00e9ricide sur le sang du patient. Il a \u00e9t\u00e9 constat\u00e9 que l&#039;effet bact\u00e9ricide du sang photomodifi\u00e9 est tr\u00e8s similaire \u00e0 celui des antibiotiques.<\/span><\/p>\n<p><span dir=\"auto\">Ainsi, l\u2019OVNI procure les effets th\u00e9rapeutiques suivants :<\/span><\/p>\n<ul>\n<li><span dir=\"auto\">bact\u00e9ricide;<\/span><\/li>\n<li><span dir=\"auto\">anti-inflammatoire;<\/span><\/li>\n<li><span dir=\"auto\">am\u00e9liorer la microcirculation;<\/span><\/li>\n<li><span dir=\"auto\">augmenter la capacit\u00e9 d\u2019oxyg\u00e8ne du sang et am\u00e9liorer l\u2019apport d\u2019oxyg\u00e8ne aux organes et aux tissus ;<\/span><\/li>\n<li><span dir=\"auto\">normalisation et stimulation des processus r\u00e9g\u00e9n\u00e9ratifs et m\u00e9taboliques ;<\/span><\/li>\n<li><span dir=\"auto\">immunocorrecteur;<\/span><\/li>\n<li><span dir=\"auto\">stimuler la r\u00e9g\u00e9n\u00e9ration, am\u00e9liorer les propri\u00e9t\u00e9s fonctionnelles des \u00e9rythrocytes.<\/span><\/li>\n<\/ul>\n<p><span dir=\"auto\">Malgr\u00e9 les progr\u00e8s r\u00e9alis\u00e9s dans l\u2019\u00e9tude des m\u00e9canismes d\u2019action des rayonnements UVB, la recherche continue de d\u00e9velopper des programmes de traitement optimaux pour diverses maladies.<\/span><\/p>\n<p><span dir=\"auto\">Les donn\u00e9es pr\u00e9sent\u00e9es d\u00e9montrent clairement la n\u00e9cessit\u00e9 d&#039;une utilisation g\u00e9n\u00e9ralis\u00e9e d&#039;une th\u00e9rapie UVB efficace et s\u00fbre en pratique clinique quotidienne, tant dans le cadre d&#039;une approche th\u00e9rapeutique globale pour un large \u00e9ventail de maladies et d&#039;affections cliniques, qu&#039;en tant que traitement autonome, notamment en cas d&#039;intol\u00e9rance, d&#039;indisponibilit\u00e9 ou de co\u00fbt \u00e9lev\u00e9 de certains m\u00e9dicaments. Cette approche doit respecter les principes suivants\u00a0: non-invasivit\u00e9, efficacit\u00e9 ad\u00e9quate, s\u00e9curit\u00e9, effets th\u00e9rapeutiques \u00e0 large spectre, facilit\u00e9 d&#039;utilisation et compacit\u00e9. L&#039;appareil UVB \u201c\u00a0ZenPeak Light\u00a0\u201d unique \u00e0 usage domestique r\u00e9pond pleinement \u00e0 ces exigences.<\/span><\/p>\n<h4 class=\"text-center color-blue fw-500\"><span dir=\"auto\">Comment l\u2019appareil ZenPeak Light affecte-t-il la sant\u00e9 humaine ?<\/span><\/h4>\n<div class=\"row d-flex justify-content-center text-center align-middle py-4\">\n<div class=\"col-xl-3 col-lg-3 col-md-3 col-6\">\n<p><img decoding=\"async\" class=\"img-fluid\" title=\"\" src=\"https:\/\/xn----7sbajjre4ayapgs2d8e2b.xn--p1ai\/wp-content\/themes\/biolis\/assets\/img\/ekosvet__ico-1.png\" alt=\"\" \/><\/p>\n<p class=\"text-center\"><span dir=\"auto\">Ralentit le processus de vieillissement du corps<\/span><\/p>\n<\/div>\n<div class=\"col-xl-3 col-lg-3 col-md-3 col-6\">\n<p><img decoding=\"async\" class=\"img-fluid\" title=\"\" src=\"https:\/\/xn----7sbajjre4ayapgs2d8e2b.xn--p1ai\/wp-content\/themes\/biolis\/assets\/img\/ekosvet__ico-2.png\" alt=\"\" \/><\/p>\n<p class=\"text-center\"><span dir=\"auto\">R\u00e9duit le taux de sucre dans le sang et le taux de \u201e mauvais \u201d cholest\u00e9rol<\/span><\/p>\n<\/div>\n<div class=\"col-xl-3 col-lg-3 col-md-3 col-6\">\n<p><img decoding=\"async\" class=\"img-fluid\" title=\"\" src=\"https:\/\/xn----7sbajjre4ayapgs2d8e2b.xn--p1ai\/wp-content\/themes\/biolis\/assets\/img\/ekosvet__ico-3.png\" alt=\"\" \/><\/p>\n<p class=\"text-center\"><span dir=\"auto\">Normalise les processus du syst\u00e8me nerveux<\/span><\/p>\n<\/div>\n<div class=\"col-xl-3 col-lg-3 col-md-3 col-6\">\n<p><img decoding=\"async\" class=\"img-fluid\" title=\"\" src=\"https:\/\/xn----7sbajjre4ayapgs2d8e2b.xn--p1ai\/wp-content\/themes\/biolis\/assets\/img\/ekosvet__ico-4.png\" alt=\"\" \/><\/p>\n<p class=\"text-center\"><span dir=\"auto\">R\u00e9duit la viscosit\u00e9 du sang et l&#039;enrichit en oxyg\u00e8ne<\/span><\/p>\n<\/div>\n<\/div>\n<div class=\"row d-flex justify-content-center text-center align-middle pb-5\">\n<div class=\"col-xl-3 col-lg-3 col-md-3 col-6\">\n<p><img decoding=\"async\" class=\"img-fluid\" title=\"\" src=\"https:\/\/xn----7sbajjre4ayapgs2d8e2b.xn--p1ai\/wp-content\/themes\/biolis\/assets\/img\/ekosvet__ico-5.png\" alt=\"\" \/><\/p>\n<p class=\"text-center\"><span dir=\"auto\">Am\u00e9liore le m\u00e9tabolisme<\/span><\/p>\n<\/div>\n<div class=\"col-xl-3 col-lg-3 col-md-3 col-6\">\n<p><img decoding=\"async\" class=\"img-fluid\" title=\"\" src=\"https:\/\/xn----7sbajjre4ayapgs2d8e2b.xn--p1ai\/wp-content\/themes\/biolis\/assets\/img\/ekosvet__ico-6.png\" alt=\"\" \/><\/p>\n<p class=\"text-center\"><span dir=\"auto\">Normalise les processus du syst\u00e8me nerveux<\/span><\/p>\n<\/div>\n<div class=\"col-xl-3 col-lg-3 col-md-3 col-6\">\n<p><img decoding=\"async\" class=\"img-fluid\" title=\"\" src=\"https:\/\/xn----7sbajjre4ayapgs2d8e2b.xn--p1ai\/wp-content\/themes\/biolis\/assets\/img\/ekosvet__ico-7.png\" alt=\"\" \/><\/p>\n<p class=\"text-center\"><span dir=\"auto\">Restaure et renforce le syst\u00e8me immunitaire<\/span><\/p>\n<\/div>\n<div class=\"col-xl-3 col-lg-3 col-md-3 col-6\">\n<p><img decoding=\"async\" class=\"img-fluid\" title=\"\" src=\"https:\/\/xn----7sbajjre4ayapgs2d8e2b.xn--p1ai\/wp-content\/themes\/biolis\/assets\/img\/ekosvet__ico-8.png\" alt=\"\" \/><\/p>\n<p class=\"\"><span dir=\"auto\">D\u00e9truit les infections, soulage l&#039;inflammation<\/span><\/p>\n<\/div>\n<\/div>\n<h4 class=\"text-center color-blue fw-500\"><span dir=\"auto\">Pourquoi les gens choisissent-ils Ecosvet 1 ?<\/span><\/h4>\n<div class=\"row d-flex justify-content-center text-center align-middle py-4\">\n<div class=\"col-xl-3 col-lg-3 col-md-3 col-6\">\n<p><img decoding=\"async\" class=\"img-fluid\" title=\"\" src=\"https:\/\/xn----7sbajjre4ayapgs2d8e2b.xn--p1ai\/wp-content\/themes\/biolis\/assets\/img\/ekosvet__ico-9.png\" alt=\"\" \/><\/p>\n<p class=\"text-center\"><span class=\"fw-500\"><span dir=\"auto\">S\u00e9curit\u00e9:<\/span><\/span><br \/>\n<span dir=\"auto\">Il pr\u00e9sente des contre-indications minimales et convient au traitement des adultes et des enfants \u00e0 partir de 4 ans.<\/span><\/p>\n<\/div>\n<div class=\"col-xl-3 col-lg-3 col-md-3 col-6\">\n<p><img decoding=\"async\" class=\"img-fluid\" title=\"\" src=\"https:\/\/xn----7sbajjre4ayapgs2d8e2b.xn--p1ai\/wp-content\/themes\/biolis\/assets\/img\/ekosvet__ico-10.png\" alt=\"\" \/><\/p>\n<p class=\"text-center\"><span class=\"fw-500\"><span dir=\"auto\">S\u00e9curit\u00e9:<\/span><\/span><br \/>\n<span dir=\"auto\">Il pr\u00e9sente des contre-indications minimales et convient au traitement des adultes et des enfants \u00e0 partir de 4 ans.<\/span><\/p>\n<\/div>\n<div class=\"col-xl-3 col-lg-3 col-md-3 col-6\">\n<p><img decoding=\"async\" class=\"img-fluid\" title=\"\" src=\"https:\/\/xn----7sbajjre4ayapgs2d8e2b.xn--p1ai\/wp-content\/themes\/biolis\/assets\/img\/ekosvet__ico-11.png\" alt=\"\" \/><\/p>\n<p class=\"text-center\"><span dir=\"auto\">Ecosvet 1\u00a0<span class=\"fw-500\">Les garanties sont recommand\u00e9es par la Soci\u00e9t\u00e9 russe des m\u00e9decins de r\u00e9adaptation et approuv\u00e9es par le Conseil scientifique de l&#039;Acad\u00e9mie russe des sciences m\u00e9dicales.<\/span><\/span><\/p>\n<\/div>\n<div class=\"col-xl-3 col-lg-3 col-md-3 col-6\">\n<p><img decoding=\"async\" class=\"img-fluid\" title=\"\" src=\"https:\/\/xn----7sbajjre4ayapgs2d8e2b.xn--p1ai\/wp-content\/themes\/biolis\/assets\/img\/ekosvet__ico-12.png\" alt=\"\" \/><\/p>\n<p class=\"text-center\"><span class=\"fw-500\"><span dir=\"auto\">Confort<\/span><\/span><br \/>\n<span dir=\"auto\">Il s\u2019agit d\u2019une proc\u00e9dure s\u00fbre et pratique qui peut \u00eatre facilement r\u00e9alis\u00e9e \u00e0 la maison en 10 minutes.<\/span><\/p>\n<\/div>\n<\/div>\n<p><strong>\u00a0\u00a0\u00a0\u00a0\u00a0\u00a0<\/strong><strong><span dir=\"auto\">Contre-indications g\u00e9n\u00e9rales pour les OVNI\u00a0<\/span><\/strong><strong><span dir=\"auto\">:<\/span><\/strong><\/p>\n<ul>\n<li><span dir=\"auto\">hypersensibilit\u00e9 aux rayons UV<\/span><\/li>\n<li><span dir=\"auto\">hypocoagulation<\/span><\/li>\n<li><span dir=\"auto\">III. stade d&#039;hypertension<\/span><\/li>\n<li><span dir=\"auto\">formes s\u00e9v\u00e8res d&#039;ath\u00e9roscl\u00e9rose<\/span><\/li>\n<li><span dir=\"auto\">accidents vasculaires c\u00e9r\u00e9braux aigus<\/span><\/li>\n<\/ul>\n<p><strong><span dir=\"auto\">\u00a0\u00a0\u00a0\u00a0\u00a0\u00a0 Contre-indications \u00e0 l&#039;application locale d&#039;UFO :<\/span><\/strong><\/p>\n<ul>\n<li><span dir=\"auto\">tumeurs malignes<\/span><\/li>\n<li><span dir=\"auto\">tuberculose active<\/span><\/li>\n<li><span dir=\"auto\">Maladies du foie et des reins avec alt\u00e9ration fonctionnelle s\u00e9v\u00e8re<\/span><\/li>\n<li><span dir=\"auto\">thyrotoxicose<\/span><\/li>\n<li><span dir=\"auto\">le lupus \u00e9ryth\u00e9mateux diss\u00e9min\u00e9<\/span><\/li>\n<\/ul>","protected":false},"featured_media":5598,"comment_status":"closed","ping_status":"closed","template":"","meta":{"_angie_page":false,"site-sidebar-layout":"default","site-content-layout":"","ast-site-content-layout":"default","site-content-style":"default","site-sidebar-style":"default","ast-global-header-display":"","ast-banner-title-visibility":"","ast-main-header-display":"","ast-hfb-above-header-display":"","ast-hfb-below-header-display":"","ast-hfb-mobile-header-display":"","site-post-title":"","ast-breadcrumbs-content":"","ast-featured-img":"","footer-sml-layout":"","ast-disable-related-posts":"","theme-transparent-header-meta":"default","adv-header-id-meta":"","stick-header-meta":"","header-above-stick-meta":"","header-main-stick-meta":"","header-below-stick-meta":"","astra-migrate-meta-layouts":"set","ast-page-background-enabled":"default","ast-page-background-meta":{"desktop":{"background-color":"","background-image":"","background-repeat":"repeat","background-position":"center center","background-size":"auto","background-attachment":"scroll","background-type":"","background-media":"","overlay-type":"","overlay-color":"","overlay-opacity":"","overlay-gradient":""},"tablet":{"background-color":"","background-image":"","background-repeat":"repeat","background-position":"center center","background-size":"auto","background-attachment":"scroll","background-type":"","background-media":"","overlay-type":"","overlay-color":"","overlay-opacity":"","overlay-gradient":""},"mobile":{"background-color":"","background-image":"","background-repeat":"repeat","background-position":"center center","background-size":"auto","background-attachment":"scroll","background-type":"","background-media":"","overlay-type":"","overlay-color":"","overlay-opacity":"","overlay-gradient":""}},"ast-content-background-meta":{"desktop":{"background-color":"var(--ast-global-color-5)","background-image":"","background-repeat":"repeat","background-position":"center center","background-size":"auto","background-attachment":"scroll","background-type":"","background-media":"","overlay-type":"","overlay-color":"","overlay-opacity":"","overlay-gradient":""},"tablet":{"background-color":"var(--ast-global-color-5)","background-image":"","background-repeat":"repeat","background-position":"center center","background-size":"auto","background-attachment":"scroll","background-type":"","background-media":"","overlay-type":"","overlay-color":"","overlay-opacity":"","overlay-gradient":""},"mobile":{"background-color":"var(--ast-global-color-5)","background-image":"","background-repeat":"repeat","background-position":"center center","background-size":"auto","background-attachment":"scroll","background-type":"","background-media":"","overlay-type":"","overlay-color":"","overlay-opacity":"","overlay-gradient":""}}},"product_brand":[],"product_cat":[22],"product_tag":[],"class_list":{"0":"post-6693","1":"product","2":"type-product","3":"status-publish","4":"has-post-thumbnail","6":"product_cat-hullamgenetikai-megoldasok","7":"product_shipping_class-free","8":"desktop-align-left","9":"tablet-align-left","10":"mobile-align-left","12":"first","13":"instock","14":"taxable","15":"shipping-taxable","16":"purchasable","17":"product-type-simple"},"_links":{"self":[{"href":"https:\/\/ai-xtech.eu\/fr\/wp-json\/wp\/v2\/product\/6693","targetHints":{"allow":["GET"]}}],"collection":[{"href":"https:\/\/ai-xtech.eu\/fr\/wp-json\/wp\/v2\/product"}],"about":[{"href":"https:\/\/ai-xtech.eu\/fr\/wp-json\/wp\/v2\/types\/product"}],"replies":[{"embeddable":true,"href":"https:\/\/ai-xtech.eu\/fr\/wp-json\/wp\/v2\/comments?post=6693"}],"version-history":[{"count":6,"href":"https:\/\/ai-xtech.eu\/fr\/wp-json\/wp\/v2\/product\/6693\/revisions"}],"predecessor-version":[{"id":7840,"href":"https:\/\/ai-xtech.eu\/fr\/wp-json\/wp\/v2\/product\/6693\/revisions\/7840"}],"wp:featuredmedia":[{"embeddable":true,"href":"https:\/\/ai-xtech.eu\/fr\/wp-json\/wp\/v2\/media\/5598"}],"wp:attachment":[{"href":"https:\/\/ai-xtech.eu\/fr\/wp-json\/wp\/v2\/media?parent=6693"}],"wp:term":[{"taxonomy":"product_brand","embeddable":true,"href":"https:\/\/ai-xtech.eu\/fr\/wp-json\/wp\/v2\/product_brand?post=6693"},{"taxonomy":"product_cat","embeddable":true,"href":"https:\/\/ai-xtech.eu\/fr\/wp-json\/wp\/v2\/product_cat?post=6693"},{"taxonomy":"product_tag","embeddable":true,"href":"https:\/\/ai-xtech.eu\/fr\/wp-json\/wp\/v2\/product_tag?post=6693"}],"curies":[{"name":"wp","href":"https:\/\/api.w.org\/{rel}","templated":true}]}}