{"id":6263,"date":"2023-12-02T16:40:11","date_gmt":"2023-12-02T16:40:11","guid":{"rendered":"https:\/\/ai-xtech.eu\/?post_type=product&#038;p=6263"},"modified":"2026-04-08T11:59:50","modified_gmt":"2026-04-08T10:59:50","slug":"zenpeak-modulator-egyeni-matrixxal","status":"publish","type":"product","link":"https:\/\/ai-xtech.eu\/fr\/produit\/zenpeak-modulator-egyeni-matrixxal\/","title":{"rendered":"Modulateur g\u00e9n\u00e9tique d&#039;onde ZenPeak (avec toutes les matrices Garjayev)"},"content":{"rendered":"<p><strong>D\u00e9lai de livraison : 2 mois !<br \/>\n<\/strong><\/p>\n<ul>\n<li data-start=\"1044\" data-end=\"1085\">\n<p data-start=\"1046\" data-end=\"1085\">Configuration du syst\u00e8me personnel en 60 minutes<\/p>\n<\/li>\n<li data-start=\"1086\" data-end=\"1115\">\n<p data-start=\"1088\" data-end=\"1115\">Contr\u00f4le de suivi \u00e0 30 jours<\/p>\n<\/li>\n<li data-start=\"1116\" data-end=\"1140\">\n<p data-start=\"1118\" data-end=\"1140\">protocole structur\u00e9<\/p>\n<\/li>\n<li data-start=\"1141\" data-end=\"1170\">\n<p data-start=\"1143\" data-end=\"1170\">\u201estatut de \u201d partenaire de recherche \u00bb<\/p>\n<\/li>\n<\/ul>\n<p><strong>\u00a0<\/strong><\/p>\n<p>Modulateur g\u00e9n\u00e9tique d&#039;onde ZenPeak avec toutes les matrices g\u00e9n\u00e9tiques d&#039;onde Garjaev originales\u00a0!<\/p>\n<p>21 probl\u00e8mes de sant\u00e9 !<\/p>\n<p class=\" translation-block\">&quot;Au cours des si\u00e8cles pass\u00e9s, la maladie et son traitement se sont \u00e9loign\u00e9s du patient et sont devenus de plus en plus impersonnels. De plus, ils se sont fortement orient\u00e9s vers l&#039;utilisation de substances chimiques. De cette fa\u00e7on, les gens sont devenus de plus en plus seuls et d\u00e9sesp\u00e9r\u00e9s au milieu de leurs maladies et de leurs douleurs.<br> Depuis le d\u00e9but de la culture, le patient a toujours \u00e9t\u00e9 consid\u00e9r\u00e9 et trait\u00e9 en relation avec sa maladie et son environnement.<\/p>\n<p>L&#039;\u00e9crivain, po\u00e8te et acad\u00e9micien fran\u00e7ais Paul Claudel qualifie les patients d&#039;\u00ab invit\u00e9s \u00e0 l&#039;attention \u00bb.<\/p>\n<p>Parmi les scientifiques travaillant pour rendre la vie humaine plus belle et meilleure, beaucoup d&#039;entre eux ont fait des d\u00e9couvertes dont l&#039;application a apport\u00e9 un soulagement \u00e0 la personne qui souffrait gr\u00e2ce \u00e0 la coop\u00e9ration des gu\u00e9risseurs. Parmi les premiers inventeurs figurait Nikola Tesla, gr\u00e2ce aux inventions duquel Piotr Garjayev a cr\u00e9\u00e9 la science de la g\u00e9n\u00e9tique ondulatoire en combinant plusieurs domaines scientifiques et avec l&#039;aide de la physique quantique. En parall\u00e8le, Alexander Misin a cr\u00e9\u00e9 un appareil con\u00e7u pour optimiser les changements physiques et chimiques dans le corps humain. Apr\u00e8s que le professeur Garjajev se soit familiaris\u00e9 avec le fonctionnement de l&#039;appareil, il a combin\u00e9 ses propres connaissances pour le perfectionner et le rendre plus efficace, cr\u00e9ant ainsi un nouvel appareil r\u00e9volutionnaire qui place la gu\u00e9rison sur une base diff\u00e9rente des m\u00e9thodes pr\u00e9c\u00e9dentes.<\/p>\n<p>Enfin, gr\u00e2ce \u00e0 cet outil, nous pouvons ouvrir une nouvelle \u00e8re, dans laquelle le monde entier devra traverser l\u2019\u00e2ge sombre de la m\u00e9decine et de la maladie.<\/p>\n<p>Le XXI. L\u2019homme du si\u00e8cle est arriv\u00e9 \u00e0 la crois\u00e9e des chemins et se trouve confront\u00e9 \u00e0 un dilemme. En tant que consommateur aveugle, il fait d\u00e9pendre son existence future du d\u00e9veloppement inexorable des nouvelles technologies et de l&#039;utilisation accrue des biens mat\u00e9riels, ou bien il trouve le chemin qui m\u00e8ne \u00e0 la responsabilit\u00e9 spirituelle et spirituelle, ainsi qu&#039;\u00e0 un comportement soucieux de sa sant\u00e9 qui peut surmonter ses maladies et consolider son bien-\u00eatre individuel et son existence.<\/p>\n<p>\u00catre en bonne sant\u00e9 ne signifie pas seulement ne pas \u00eatre malade. En tant que personnes en bonne sant\u00e9, nous nous sentons merveilleusement bien.<\/p>\n<p>La sant\u00e9, c&#039;est comme lorsque nous nous souvenons des moments heureux de notre enfance et pensons que de nombreuses autres exp\u00e9riences de ce type nous attendent. \u00bb<\/p>\n<p class=\" translation-block\"><em><strong>Laszlo Lehoczki<\/strong><\/em><br> monteur-r\u00e9alisateur de t\u00e9l\u00e9vision<br> r\u00e9dacteur en chef fondateur du d\u00e9partement \u00e9ditorial religieux de Duna Television<br> le chevalier de la culture hongroise<\/p>\n<p>(avec les matrices affich\u00e9es dans la liste)<\/p>\n<p>Pas. 1 &quot;Correction du syst\u00e8me immunitaire&quot;. 21 m. 2s.<br \/>\nPas. 2 &quot;Correction du syst\u00e8me squelettique&quot;. 1 heure. 36 m.<br \/>\nPas. 3 &quot;Correction du syst\u00e8me cardiovasculaire&quot;. 1 heure. 59 m.<br \/>\nPas. 4 &quot;Correction des troubles du syst\u00e8me nerveux&quot; 2h. 22 m.<br \/>\nPas. 5 &quot;Programme anti-cancer&quot;. 1 heure. 9 m<br \/>\nPas. 6 &quot;Correction du m\u00e9tabolisme g\u00e9n\u00e9ral et du syst\u00e8me digestif.&quot; 1 heure. 55 m.<br \/>\nPas. 7 &quot;Anti-\u00e2ge&quot;. 2 heures. 2 m<br \/>\nPas. 8 &quot;Ligne masculine&quot;. 1 heure. 38 m.<br \/>\nPas. 9 &quot;Ligne Femme&quot;. 1 heure. 18 m.<br \/>\nPas. 10 &quot;Support futur&quot;. 1 heure. 16 m.<br \/>\nPas. 11 &quot;Reprise de l&#039;organisation apr\u00e8s 40-50 ans&quot;. 1 heure. 0 m<br \/>\nPas. 12 &quot;Programme anti-parasite&quot;. 1 heure. 50 m.<br \/>\nPas. 13 &quot;Figure mince&quot;. 34 m. 2s.<br \/>\nPas. 14 &quot;Contre les allergies.&quot; 29 m. 2s.<br \/>\nPas. 15 &quot;Jeunesse et sant\u00e9 de la peau&quot;. 1 heure. 45 m.<br \/>\nPas. 16 \u00ab Immunit\u00e9 antivirale contre les vagues \u00bb. 58 m. 54s.<br \/>\nPas. 17 &quot;Contre le tabagisme&quot;. 21 m. 0s.<br \/>\nPas. 18 &quot;Normalisation du syst\u00e8me urinaire&quot; 1 heure. 56 m.<br \/>\nPas. 19 &quot;Restauration du corps apr\u00e8s 70 ans&quot; 1 heure. 38 m.<br \/>\nPas. 20 &quot;Contre l&#039;addiction \u00e0 l&#039;alcool&quot; 1h. 5 m<br \/>\nPas. 21 &quot;Nettoyer le corps&quot; 30m. 2s.<\/p>\n<p>Manuel d&#039;utilisation ENG<\/p>\n<div class=\"ast-oembed-container\" style=\"height: 100%;\"><iframe title=\"Modulateur ZenPeak Wavegenetics, guide d&#039;utilisation avec effet de gu\u00e9rison n\u00e9guentropique !\" width=\"500\" height=\"281\" src=\"https:\/\/www.youtube.com\/embed\/ccemXKrgNBc?feature=oembed\" frameborder=\"0\" allow=\"accelerometer; autoplay; clipboard-write; encrypted-media; gyroscope; picture-in-picture; web-share\" referrerpolicy=\"strict-origin-when-cross-origin\" allowfullscreen><\/iframe><\/div>\n<p>Manuel d&#039;utilisation \u2013 ANGLAIS<\/p>\n<div class=\"ast-oembed-container\" style=\"height: 100%;\"><iframe title=\"ZenPeak hull\u00e1mgenetikai modul\u00e1tor - Teljes \u00datmutat\u00f3 @lifacademy\" width=\"500\" height=\"281\" src=\"https:\/\/www.youtube.com\/embed\/p8MpDbPm7UY?feature=oembed\" frameborder=\"0\" allow=\"accelerometer; autoplay; clipboard-write; encrypted-media; gyroscope; picture-in-picture; web-share\" referrerpolicy=\"strict-origin-when-cross-origin\" allowfullscreen><\/iframe><\/div>","protected":false},"excerpt":{"rendered":"<p>Post\u00e1z\u00e1si id\u00f5 2 h\u00f3nap! 60 perces szem\u00e9lyes rendszer-be\u00e1ll\u00edt\u00e1s 30 napos follow-up check-in struktur\u00e1lt protokoll \u201eresearch partner\u201d st\u00e1tusz \u00a0 ZenPeak hull\u00e1mgenetikai modul\u00e1tor az \u00f6sszes eredeti Garjajev hull\u00e1mgenetikai m\u00e1trixxal! 21 eg\u00e9szs\u00e9g\u00fcgyi probl\u00e9m\u00e1ra! \u201cA betegs\u00e9g, \u00e9s annak gy\u00f3gy\u00edt\u00e1sa az elm\u00falt sz\u00e1zadok sor\u00e1n elszakadt a p\u00e1cienst\u0151l \u00e9s egyre szem\u00e9lytelenebb\u00e9 v\u00e1lt, r\u00e1ad\u00e1sul er\u0151sen eltol\u00f3dott a k\u00e9miai anyagok alkalmaz\u00e1sa fel\u00e9. \u00cdgy [&hellip;]<\/p>\n","protected":false},"featured_media":6825,"comment_status":"closed","ping_status":"closed","template":"","meta":{"_angie_page":false,"site-sidebar-layout":"default","site-content-layout":"","ast-site-content-layout":"default","site-content-style":"default","site-sidebar-style":"default","ast-global-header-display":"","ast-banner-title-visibility":"","ast-main-header-display":"","ast-hfb-above-header-display":"","ast-hfb-below-header-display":"","ast-hfb-mobile-header-display":"","site-post-title":"","ast-breadcrumbs-content":"","ast-featured-img":"","footer-sml-layout":"","ast-disable-related-posts":"","theme-transparent-header-meta":"default","adv-header-id-meta":"","stick-header-meta":"","header-above-stick-meta":"","header-main-stick-meta":"","header-below-stick-meta":"","astra-migrate-meta-layouts":"set","ast-page-background-enabled":"default","ast-page-background-meta":{"desktop":{"background-color":"","background-image":"","background-repeat":"repeat","background-position":"center center","background-size":"auto","background-attachment":"scroll","background-type":"","background-media":"","overlay-type":"","overlay-color":"","overlay-opacity":"","overlay-gradient":""},"tablet":{"background-color":"","background-image":"","background-repeat":"repeat","background-position":"center center","background-size":"auto","background-attachment":"scroll","background-type":"","background-media":"","overlay-type":"","overlay-color":"","overlay-opacity":"","overlay-gradient":""},"mobile":{"background-color":"","background-image":"","background-repeat":"repeat","background-position":"center center","background-size":"auto","background-attachment":"scroll","background-type":"","background-media":"","overlay-type":"","overlay-color":"","overlay-opacity":"","overlay-gradient":""}},"ast-content-background-meta":{"desktop":{"background-color":"var(--ast-global-color-5)","background-image":"","background-repeat":"repeat","background-position":"center center","background-size":"auto","background-attachment":"scroll","background-type":"","background-media":"","overlay-type":"","overlay-color":"","overlay-opacity":"","overlay-gradient":""},"tablet":{"background-color":"var(--ast-global-color-5)","background-image":"","background-repeat":"repeat","background-position":"center center","background-size":"auto","background-attachment":"scroll","background-type":"","background-media":"","overlay-type":"","overlay-color":"","overlay-opacity":"","overlay-gradient":""},"mobile":{"background-color":"var(--ast-global-color-5)","background-image":"","background-repeat":"repeat","background-position":"center center","background-size":"auto","background-attachment":"scroll","background-type":"","background-media":"","overlay-type":"","overlay-color":"","overlay-opacity":"","overlay-gradient":""}}},"product_brand":[],"product_cat":[22],"product_tag":[71],"class_list":{"0":"post-6263","1":"product","2":"type-product","3":"status-publish","4":"has-post-thumbnail","6":"product_cat-hullamgenetikai-megoldasok","7":"product_tag-zenpeak","8":"product_shipping_class-free","9":"desktop-align-left","10":"tablet-align-left","11":"mobile-align-left","13":"first","14":"instock","15":"sale","16":"taxable","17":"shipping-taxable","18":"purchasable","19":"product-type-simple"},"_links":{"self":[{"href":"https:\/\/ai-xtech.eu\/fr\/wp-json\/wp\/v2\/product\/6263","targetHints":{"allow":["GET"]}}],"collection":[{"href":"https:\/\/ai-xtech.eu\/fr\/wp-json\/wp\/v2\/product"}],"about":[{"href":"https:\/\/ai-xtech.eu\/fr\/wp-json\/wp\/v2\/types\/product"}],"replies":[{"embeddable":true,"href":"https:\/\/ai-xtech.eu\/fr\/wp-json\/wp\/v2\/comments?post=6263"}],"version-history":[{"count":17,"href":"https:\/\/ai-xtech.eu\/fr\/wp-json\/wp\/v2\/product\/6263\/revisions"}],"predecessor-version":[{"id":8097,"href":"https:\/\/ai-xtech.eu\/fr\/wp-json\/wp\/v2\/product\/6263\/revisions\/8097"}],"wp:featuredmedia":[{"embeddable":true,"href":"https:\/\/ai-xtech.eu\/fr\/wp-json\/wp\/v2\/media\/6825"}],"wp:attachment":[{"href":"https:\/\/ai-xtech.eu\/fr\/wp-json\/wp\/v2\/media?parent=6263"}],"wp:term":[{"taxonomy":"product_brand","embeddable":true,"href":"https:\/\/ai-xtech.eu\/fr\/wp-json\/wp\/v2\/product_brand?post=6263"},{"taxonomy":"product_cat","embeddable":true,"href":"https:\/\/ai-xtech.eu\/fr\/wp-json\/wp\/v2\/product_cat?post=6263"},{"taxonomy":"product_tag","embeddable":true,"href":"https:\/\/ai-xtech.eu\/fr\/wp-json\/wp\/v2\/product_tag?post=6263"}],"curies":[{"name":"wp","href":"https:\/\/api.w.org\/{rel}","templated":true}]}}