{"id":6099,"date":"2023-08-10T13:38:06","date_gmt":"2023-08-10T13:38:06","guid":{"rendered":"https:\/\/ai-xtech.eu\/?post_type=product&#038;p=6099"},"modified":"2026-03-26T10:24:57","modified_gmt":"2026-03-26T09:24:57","slug":"vernada-geo","status":"publish","type":"product","link":"https:\/\/ai-xtech.eu\/fr\/produit\/vernada-geo\/","title":{"rendered":"Vernada G\u00e9o 2"},"content":{"rendered":"<h1><strong>D\u00e9lai de livraison : 5 jours ouvrables !<\/strong><\/h1>\n<h1><strong>En stock!<\/strong><\/h1>\n<h2>Vernada G\u00e9o 2<\/h2>\n<p>VERNADA GEO \u2014 un dispositif qui offre une protection fiable et facile \u00e0 utiliser contre les effets n\u00e9gatifs de la composante torsionnelle (informationnelle) du rayonnement \u00e9lectromagn\u00e9tique des routeurs WI-FI, des t\u00e9l\u00e9viseurs et autres appareils \u00e9lectroniques, ainsi que des zones g\u00e9opathog\u00e8nes (la Terre ). ) ou des zones technopathog\u00e8nes (apparaissant par exemple suite au fonctionnement de stations de base de t\u00e9l\u00e9phonie mobile) \u00e0 l&#039;int\u00e9rieur.<br \/>\nDANGER! Vernada Geo n&#039;interf\u00e8re avec aucun appareil \u00e9lectronique.<\/p>\n<p>COMMENT UTILISER VERNADA G\u00c9O<\/p>\n<p>1) L&#039;appareil doit \u00eatre connect\u00e9 au r\u00e9seau de la maison, du bureau ou de toute autre pi\u00e8ce o\u00f9 vous travaillez, etc.<\/p>\n<p>Il est important que l&#039;alimentation secteur soit aliment\u00e9e par la m\u00eame phase.<br \/>\n2) Apr\u00e8s connexion au r\u00e9seau \u00e9lectrique (le voyant vert est allum\u00e9), l&#039;appareil Vernada Geo neutralise l&#039;effet n\u00e9gatif du rayonnement des routeurs WI-FI, ainsi que l&#039;effet n\u00e9gatif des zones g\u00e9opathog\u00e8nes ou technopathog\u00e8nes dans toute la pi\u00e8ce, ainsi harmonisant l&#039;espace de votre appartement, maison ou bureau.<\/p>\n<p>&nbsp;<\/p>\n<p>COMMENT \u00c7A FONCTIONNE<\/p>\n<p>L&#039;appareil est constitu\u00e9 d&#039;un bo\u00eetier en plastique qui contient l&#039;onduleur et l&#039;affichage du r\u00e9seau. Le dispositif provoque l&#039;inversion du champ de torsion du c\u00f4t\u00e9 gauche du r\u00e9seau conducteur de phase vers le champ de torsion du c\u00f4t\u00e9 droit.<\/p>\n<p>&nbsp;<\/p>\n<p>POURQUOI EST-IL IMPORTANT D&#039;UTILISER VERNADA GEO<\/p>\n<p>Une exposition prolong\u00e9e \u00e0 la composante torsionnelle (informationnelle) du rayonnement du routeur Wi-Fi, ainsi qu&#039;un s\u00e9jour prolong\u00e9 dans la zone pathog\u00e8ne de la terre, peuvent affaiblir le syst\u00e8me immunitaire, provoquer des maux de t\u00eate, une fatigue excessive et une exacerbation des maladies chroniques. Vernada Geo neutralise efficacement ces effets n\u00e9fastes.<\/p>\n<p>L&#039;utilisation continue de Vernada Geo vous permet de :<\/p>\n<p>am\u00e9liore la concentration;<br \/>\nr\u00e9duit les maux de t\u00eate fr\u00e9quents;<br \/>\nam\u00e9liore le sommeil;<br \/>\nam\u00e9liorer l&#039;activit\u00e9 c\u00e9r\u00e9brale;<br \/>\nam\u00e9liorer la sant\u00e9.<\/p>\n<p>AVANTAGES<\/p>\n<p>1) L&#039;appareil neutralise efficacement les effets nocifs des rayonnements suivants\u00a0:<\/p>\n<p>champs \u00e9lectromagn\u00e9tiques (CEM);<br \/>\nzones g\u00e9opathog\u00e8nes ;<br \/>\nRouteur Wi-Fi;<br \/>\nr\u00e9seaux sans fil;<br \/>\nR\u00e9seaux 4G\/5G\u00a0;<br \/>\nOrdinateurs portables, PC, tablettes, t\u00e9l\u00e9viseurs, t\u00e9l\u00e9phones mobiles, etc.\u00a0;<br \/>\nd&#039;autres appareils \u00e9lectroniques.<br \/>\n2) Vernada Geo prot\u00e8ge toute la maison, pas seulement une pi\u00e8ce ou une zone.<\/p>\n<p>3) L&#039;appareil est couvert par une garantie de 3 ans \u00e0 compter de la date d&#039;achat.<\/p>\n<p>\u00c0 PROPOS DE L&#039;ENTREPRISE<br \/>\nSpinor International, LLC m\u00e8ne des recherches sur les effets des champs de torsion sur la sant\u00e9 humaine. Depuis 1991, nous d\u00e9veloppons des m\u00e9thodes pour prot\u00e9ger les personnes des effets n\u00e9gatifs des champs de torsion.<\/p>","protected":false},"excerpt":{"rendered":"<p>Vernada GEO est un appareil sp\u00e9cial qui vise \u00e0 harmoniser les syst\u00e8mes biologiques du corps. Il a \u00e9t\u00e9 sp\u00e9cifiquement d\u00e9velopp\u00e9 pour optimiser la relation entre l&#039;environnement g\u00e9ographique et le corps humain. Cette technologie est bas\u00e9e sur l\u2019\u00e9quilibrage des fr\u00e9quences naturelles et des rayonnements terrestres, aidant le corps humain \u00e0 mieux s\u2019adapter aux facteurs nocifs de son environnement.<br \/>\nMath\u00e9matiques spinoriennes\u00a0:\u00a0<a href=\"https:\/\/en.wikipedia.org\/wiki\/Spinor\">https:\/\/en.wikipedia.org\/wiki\/Spinor<\/a><\/p>\n<p>Les principes qui sous-tendent le dispositif proviennent de la physique quantique, de la biophysique et de la m\u00e9canique des ondes. Vernada GEO est con\u00e7u pour d\u00e9tecter les mod\u00e8les \u00e9nerg\u00e9tiques de l&#039;environnement, puis les \u00e9quilibrer \u00e0 l&#039;aide de fr\u00e9quences harmoniques. Cela peut \u00eatre particuli\u00e8rement utile dans les cas o\u00f9 l&#039;utilisateur est expos\u00e9 pendant une longue p\u00e9riode \u00e0 des rayonnements artificiels, tels que les ondes g\u00e9n\u00e9r\u00e9es par les r\u00e9seaux WiFi, les champs \u00e9lectromagn\u00e9tiques ou d&#039;autres appareils technologiques.<\/p>\n<p>L&#039;appareil est facile \u00e0 utiliser, portable et peut \u00eatre utilis\u00e9 dans une vari\u00e9t\u00e9 d&#039;environnements, que ce soit \u00e0 la maison, au travail ou en voyage. Cela peut non seulement contribuer \u00e0 r\u00e9duire le stress, mais \u00e9galement \u00e0 am\u00e9liorer la qualit\u00e9 du sommeil et \u00e0 r\u00e9tablir le bien-\u00eatre g\u00e9n\u00e9ral. Vernada GEO propose diff\u00e9rents programmes qui apportent des solutions personnalis\u00e9es aux besoins individuels, favorisant ainsi v\u00e9ritablement l&#039;harmonie et la sant\u00e9 personnelles.<\/p>\n<p>Dans l&#039;ensemble, Vernada GEO est un outil innovant qui vise \u00e0 r\u00e9tablir l&#039;harmonie entre les \u00e9nergies naturelles et la biologie humaine, contribuant ainsi \u00e0 att\u00e9nuer le stress et les effets n\u00e9fastes v\u00e9cus dans le monde moderne. Cette technologie est l\u2019un des outils prometteurs de la m\u00e9decine du futur qui favorise une vie plus saine et plus \u00e9quilibr\u00e9e.<\/p>\n<p>Nos matrices g\u00e9n\u00e9tiques ondulatoires :\u00a0<a href=\"https:\/\/ai-xtech.eu\/termek\/garyaev-hullamgenetikai-matrixai\/\">https:\/\/ai-xtech.eu\/termek\/garyaev-hullamgenetikai-matrixai\/<\/a><\/p>\n<p>&nbsp;<\/p>\n<p>L&#039;approche unique de Vernada GEO r\u00e9side dans le fait qu&#039;elle ne se concentre pas sur le traitement des sympt\u00f4mes, mais sur le r\u00e9tablissement de l&#039;\u00e9quilibre naturel entre le corps et l&#039;environnement. Cette technologie apporte non seulement une solution au traitement des probl\u00e8mes g\u00e9n\u00e9r\u00e9s par la vie moderne, comme l&#039;\u00e9lectrosmog, mais affecte \u00e9galement les syst\u00e8mes biologiques du corps \u00e0 un niveau plus profond. L&#039;appareil aide \u00e0 minimiser l&#039;impact des facteurs de stress environnementaux, de sorte que les processus d&#039;auto-r\u00e9g\u00e9n\u00e9ration du corps peuvent \u00e9galement devenir plus efficaces.<\/p>\n<p>Parmi les fonctions sp\u00e9ciales de Vernada GEO figure l&#039;harmonisation des voies \u00e9nerg\u00e9tiques, qui peut contribuer \u00e0 la r\u00e9alisation d&#039;une meilleure r\u00e9partition de l&#039;\u00e9nergie dans le corps. De cette mani\u00e8re, le bien-\u00eatre physique mais aussi mental peut \u00eatre soutenu, car les fr\u00e9quences harmoniques entra\u00eenent \u00e9galement un fonctionnement plus \u00e9quilibr\u00e9 du syst\u00e8me nerveux.<\/p>\n<p>La conception de l&#039;appareil est compacte et conviviale, ce qui lui permet d&#039;\u00eatre utilis\u00e9 confortablement dans toutes les situations de la vie. Il convient aussi bien \u00e0 une utilisation \u00e0 la maison qu\u2019en voyage ou au bureau. Outre sa manipulation simple, un gros avantage est qu&#039;il ne n\u00e9cessite pas de r\u00e9glages compliqu\u00e9s et qu&#039;il est facilement accessible aux personnes de tout \u00e2ge gr\u00e2ce \u00e0 son fonctionnement intuitif.<\/p>\n<p>De plus, Vernada GEO est en d\u00e9veloppement continu pour int\u00e9grer les derniers r\u00e9sultats scientifiques dans la technologie. Au cours de la recherche, une attention particuli\u00e8re est accord\u00e9e au fait que l&#039;appareil apporte une solution universelle aux plus grands d\u00e9fis du monde moderne, notamment le traitement du stress physique et psychologique, ainsi que le soutien des m\u00e9canismes de d\u00e9fense naturels de l&#039;organisme.<\/p>\n<p>Vernada GEO offre une solution pour ceux qui souhaitent garder leur corps et leur esprit en \u00e9quilibre tout en r\u00e9duisant les effets n\u00e9gatifs des dommages environnementaux. Cet appareil n\u2019est pas seulement une prouesse technologique, mais une \u00e9tape vers des soins de sant\u00e9 holistiques et une vie harmonieuse.<\/p>\n<p><a href=\"https:\/\/ai-xtech.eu\/termek\/garyaev-hullamgenetikai-matrixai\/\">\u00a0<\/a><\/p>","protected":false},"featured_media":7233,"comment_status":"closed","ping_status":"closed","template":"","meta":{"_angie_page":false,"site-sidebar-layout":"default","site-content-layout":"default","ast-site-content-layout":"default","site-content-style":"default","site-sidebar-style":"default","ast-global-header-display":"","ast-banner-title-visibility":"","ast-main-header-display":"","ast-hfb-above-header-display":"","ast-hfb-below-header-display":"","ast-hfb-mobile-header-display":"","site-post-title":"","ast-breadcrumbs-content":"","ast-featured-img":"","footer-sml-layout":"","ast-disable-related-posts":"","theme-transparent-header-meta":"default","adv-header-id-meta":"","stick-header-meta":"","header-above-stick-meta":"","header-main-stick-meta":"","header-below-stick-meta":"","astra-migrate-meta-layouts":"set","ast-page-background-enabled":"default","ast-page-background-meta":{"desktop":{"background-color":"","background-image":"","background-repeat":"repeat","background-position":"center center","background-size":"auto","background-attachment":"scroll","background-type":"","background-media":"","overlay-type":"","overlay-color":"","overlay-opacity":"","overlay-gradient":""},"tablet":{"background-color":"","background-image":"","background-repeat":"repeat","background-position":"center center","background-size":"auto","background-attachment":"scroll","background-type":"","background-media":"","overlay-type":"","overlay-color":"","overlay-opacity":"","overlay-gradient":""},"mobile":{"background-color":"","background-image":"","background-repeat":"repeat","background-position":"center center","background-size":"auto","background-attachment":"scroll","background-type":"","background-media":"","overlay-type":"","overlay-color":"","overlay-opacity":"","overlay-gradient":""}},"ast-content-background-meta":{"desktop":{"background-color":"var(--ast-global-color-5)","background-image":"","background-repeat":"repeat","background-position":"center center","background-size":"auto","background-attachment":"scroll","background-type":"","background-media":"","overlay-type":"","overlay-color":"","overlay-opacity":"","overlay-gradient":""},"tablet":{"background-color":"var(--ast-global-color-5)","background-image":"","background-repeat":"repeat","background-position":"center center","background-size":"auto","background-attachment":"scroll","background-type":"","background-media":"","overlay-type":"","overlay-color":"","overlay-opacity":"","overlay-gradient":""},"mobile":{"background-color":"var(--ast-global-color-5)","background-image":"","background-repeat":"repeat","background-position":"center center","background-size":"auto","background-attachment":"scroll","background-type":"","background-media":"","overlay-type":"","overlay-color":"","overlay-opacity":"","overlay-gradient":""}}},"product_brand":[],"product_cat":[22],"product_tag":[],"class_list":{"0":"post-6099","1":"product","2":"type-product","3":"status-publish","4":"has-post-thumbnail","6":"product_cat-hullamgenetikai-megoldasok","7":"product_shipping_class-free","8":"desktop-align-left","9":"tablet-align-left","10":"mobile-align-left","12":"first","13":"instock","14":"sale","15":"taxable","16":"shipping-taxable","17":"purchasable","18":"product-type-simple"},"_links":{"self":[{"href":"https:\/\/ai-xtech.eu\/fr\/wp-json\/wp\/v2\/product\/6099","targetHints":{"allow":["GET"]}}],"collection":[{"href":"https:\/\/ai-xtech.eu\/fr\/wp-json\/wp\/v2\/product"}],"about":[{"href":"https:\/\/ai-xtech.eu\/fr\/wp-json\/wp\/v2\/types\/product"}],"replies":[{"embeddable":true,"href":"https:\/\/ai-xtech.eu\/fr\/wp-json\/wp\/v2\/comments?post=6099"}],"version-history":[{"count":11,"href":"https:\/\/ai-xtech.eu\/fr\/wp-json\/wp\/v2\/product\/6099\/revisions"}],"predecessor-version":[{"id":7991,"href":"https:\/\/ai-xtech.eu\/fr\/wp-json\/wp\/v2\/product\/6099\/revisions\/7991"}],"wp:featuredmedia":[{"embeddable":true,"href":"https:\/\/ai-xtech.eu\/fr\/wp-json\/wp\/v2\/media\/7233"}],"wp:attachment":[{"href":"https:\/\/ai-xtech.eu\/fr\/wp-json\/wp\/v2\/media?parent=6099"}],"wp:term":[{"taxonomy":"product_brand","embeddable":true,"href":"https:\/\/ai-xtech.eu\/fr\/wp-json\/wp\/v2\/product_brand?post=6099"},{"taxonomy":"product_cat","embeddable":true,"href":"https:\/\/ai-xtech.eu\/fr\/wp-json\/wp\/v2\/product_cat?post=6099"},{"taxonomy":"product_tag","embeddable":true,"href":"https:\/\/ai-xtech.eu\/fr\/wp-json\/wp\/v2\/product_tag?post=6099"}],"curies":[{"name":"wp","href":"https:\/\/api.w.org\/{rel}","templated":true}]}}