{"id":6554,"date":"2024-02-06T12:06:31","date_gmt":"2024-02-06T12:06:31","guid":{"rendered":"https:\/\/ai-xtech.eu\/?page_id=6554"},"modified":"2024-02-06T13:22:39","modified_gmt":"2024-02-06T13:22:39","slug":"theories","status":"publish","type":"page","link":"https:\/\/ai-xtech.eu\/fr\/theories\/","title":{"rendered":"Th\u00e9ories"},"content":{"rendered":"<div data-elementor-type=\"wp-page\" data-elementor-id=\"6554\" class=\"elementor elementor-6554\" data-elementor-post-type=\"page\">\n\t\t\t\t\t\t<section class=\"elementor-section elementor-top-section elementor-element elementor-element-636e6846 elementor-section-full_width elementor-section-content-middle elementor-section-height-default elementor-section-height-default\" data-id=\"636e6846\" data-element_type=\"section\" data-e-type=\"section\" data-settings=\"{&quot;background_background&quot;:&quot;classic&quot;}\">\n\t\t\t\t\t\t<div class=\"elementor-container elementor-column-gap-no\">\n\t\t\t\t\t<div class=\"elementor-column elementor-col-50 elementor-top-column elementor-element elementor-element-29ffe393\" data-id=\"29ffe393\" data-element_type=\"column\" data-e-type=\"column\" data-settings=\"{&quot;background_background&quot;:&quot;classic&quot;}\">\n\t\t\t<div class=\"elementor-widget-wrap elementor-element-populated\">\n\t\t\t\t\t<div class=\"elementor-background-overlay\"><\/div>\n\t\t\t\t\t\t<div class=\"elementor-element elementor-element-58d44b0f elementor-widget elementor-widget-heading\" data-id=\"58d44b0f\" data-element_type=\"widget\" data-e-type=\"widget\" data-widget_type=\"heading.default\">\n\t\t\t\t<div class=\"elementor-widget-container\">\n\t\t\t\t\t<h4 class=\"elementor-heading-title elementor-size-default\">Fonctions implicites de l&#039;appareil g\u00e9n\u00e9tique<\/h4>\t\t\t\t<\/div>\n\t\t\t\t<\/div>\n\t\t\t\t\t<\/div>\n\t\t<\/div>\n\t\t\t\t<div class=\"elementor-column elementor-col-50 elementor-top-column elementor-element elementor-element-21e1ea87\" data-id=\"21e1ea87\" data-element_type=\"column\" data-e-type=\"column\">\n\t\t\t<div class=\"elementor-widget-wrap elementor-element-populated\">\n\t\t\t\t\t\t<div class=\"elementor-element elementor-element-71fb893e elementor-widget elementor-widget-text-editor\" data-id=\"71fb893e\" data-element_type=\"widget\" data-e-type=\"widget\" data-widget_type=\"text-editor.default\">\n\t\t\t\t<div class=\"elementor-widget-container\">\n\t\t\t\t\t\t\t\t\t<p><b><span class=\"Apple-converted-space\">\u00a0<\/span>Fa Poppa (FAPopp), une source coh\u00e9rente trouv\u00e9e pour une \u00e9mission de photons ultra-faibles dans la plage 250-800 nm. C&#039;est le chromosome le plus \u00ab \u00e9quivalent au champ \u00bb. Cependant, le r\u00f4le de ces radiations h\u00e9r\u00e9ditaires n\u2019\u00e9tait pas compris. Mes coll\u00e8gues et moi avons particip\u00e9 \u00e0 ces recherches, depuis 1984, \u00e0 l&#039;Institut des probl\u00e8mes physiques et techniques (IFTP) ACAD\u00c9MIE DES SCIENCES DE l&#039;URSS, Institut, aujourd&#039;hui rasformirovannom. En 1984-1988. En utilisant la m\u00e9thode de corr\u00e9lation de la spectroscopie laser, nous avons d\u00e9couvert deux propri\u00e9t\u00e9s fondamentales de l&#039;ADN : la capacit\u00e9 de produire une onde solionnelle spontan\u00e9e TN. le ph\u00e9nom\u00e8ne Fermi-pasta-Ulam (FPU)<span class=\"Apple-converted-space\">\u00a0 <\/span>g\u00e9n\u00e8re une structure fant\u00f4me d\u2019onde (l\u2019effet fant\u00f4me de l\u2019ADN). Vous pouvez en savoir plus \u00e0 ce sujet dans mes monographies \u00ab Wave Genome \u00bb (1994), \u00ab The Wave of the Genetic Code \u00bb (1997) et \u00ab Linguistic Wave Gene \u00bb. Th\u00e9orie et pratique&quot; (2009), ainsi que dans nos articles. Ces deux propri\u00e9t\u00e9s sont essentiellement inconnues<span class=\"Apple-converted-space\">\u00a0 <\/span>volt.<br \/><br \/><span class=\"Apple-converted-space\">Prof. Dr. PP Garyaev<\/span><\/b><\/p>\t\t\t\t\t\t\t\t<\/div>\n\t\t\t\t<\/div>\n\t\t\t\t<div class=\"elementor-element elementor-element-acc9d45 elementor-widget elementor-widget-button\" data-id=\"acc9d45\" data-element_type=\"widget\" data-e-type=\"widget\" data-widget_type=\"button.default\">\n\t\t\t\t<div class=\"elementor-widget-container\">\n\t\t\t\t\t\t\t\t\t<div class=\"elementor-button-wrapper\">\n\t\t\t\t\t<a class=\"elementor-button elementor-button-link elementor-size-sm\" href=\"https:\/\/ai-xtech.eu\/function-of-genetics-apparatus\/\">\n\t\t\t\t\t\t<span class=\"elementor-button-content-wrapper\">\n\t\t\t\t\t\t\t\t\t<span class=\"elementor-button-text\">Plus<\/span>\n\t\t\t\t\t<\/span>\n\t\t\t\t\t<\/a>\n\t\t\t\t<\/div>\n\t\t\t\t\t\t\t\t<\/div>\n\t\t\t\t<\/div>\n\t\t\t\t\t<\/div>\n\t\t<\/div>\n\t\t\t\t\t<\/div>\n\t\t<\/section>\n\t\t\t\t<\/div>","protected":false},"excerpt":{"rendered":"<p>A genetikai appar\u00e1tus implicit funkci\u00f3i \u00a0F.a. Poppa (F.A.Popp), egy koherens forr\u00e1st tal\u00e1lt az ultra-gyenge foton emisszi\u00f3 a tartom\u00e1nyban 250-800 nm. Ez a legink\u00e1bb &#8220;mez\u0151egyen\u00e9rt\u00e9k\u0171 kromosz\u00f3ma\u201d. Ezeknek az \u00f6r\u00f6k\u00edt\u0151 sug\u00e1rz\u00e1soknak a szerep\u00e9t azonban nem \u00e9rtett\u00e9k meg. A koll\u00e9g\u00e1im \u00e9s \u00e9n r\u00e9szt vett\u00fcnk ezekben a vizsg\u00e1latokban, 1984 \u00f3ta, az Institute of Physical and technical problems (IFTP) ACADEMY [&hellip;]<\/p>\n","protected":false},"author":1,"featured_media":0,"parent":0,"menu_order":0,"comment_status":"closed","ping_status":"closed","template":"elementor_header_footer","meta":{"_angie_page":false,"site-sidebar-layout":"no-sidebar","site-content-layout":"page-builder","ast-site-content-layout":"full-width-container","site-content-style":"default","site-sidebar-style":"default","ast-global-header-display":"","ast-banner-title-visibility":"","ast-main-header-display":"","ast-hfb-above-header-display":"","ast-hfb-below-header-display":"","ast-hfb-mobile-header-display":"","site-post-title":"disabled","ast-breadcrumbs-content":"","ast-featured-img":"disabled","footer-sml-layout":"","ast-disable-related-posts":"","theme-transparent-header-meta":"","adv-header-id-meta":"","stick-header-meta":"","header-above-stick-meta":"","header-main-stick-meta":"","header-below-stick-meta":"","astra-migrate-meta-layouts":"set","ast-page-background-enabled":"default","ast-page-background-meta":{"desktop":{"background-color":"","background-image":"","background-repeat":"repeat","background-position":"center center","background-size":"auto","background-attachment":"scroll","background-type":"","background-media":"","overlay-type":"","overlay-color":"","overlay-opacity":"","overlay-gradient":""},"tablet":{"background-color":"","background-image":"","background-repeat":"repeat","background-position":"center center","background-size":"auto","background-attachment":"scroll","background-type":"","background-media":"","overlay-type":"","overlay-color":"","overlay-opacity":"","overlay-gradient":""},"mobile":{"background-color":"","background-image":"","background-repeat":"repeat","background-position":"center center","background-size":"auto","background-attachment":"scroll","background-type":"","background-media":"","overlay-type":"","overlay-color":"","overlay-opacity":"","overlay-gradient":""}},"ast-content-background-meta":{"desktop":{"background-color":"var(--ast-global-color-5)","background-image":"","background-repeat":"repeat","background-position":"center center","background-size":"auto","background-attachment":"scroll","background-type":"","background-media":"","overlay-type":"","overlay-color":"","overlay-opacity":"","overlay-gradient":""},"tablet":{"background-color":"var(--ast-global-color-5)","background-image":"","background-repeat":"repeat","background-position":"center center","background-size":"auto","background-attachment":"scroll","background-type":"","background-media":"","overlay-type":"","overlay-color":"","overlay-opacity":"","overlay-gradient":""},"mobile":{"background-color":"var(--ast-global-color-5)","background-image":"","background-repeat":"repeat","background-position":"center center","background-size":"auto","background-attachment":"scroll","background-type":"","background-media":"","overlay-type":"","overlay-color":"","overlay-opacity":"","overlay-gradient":""}},"footnotes":""},"class_list":["post-6554","page","type-page","status-publish","hentry"],"_links":{"self":[{"href":"https:\/\/ai-xtech.eu\/fr\/wp-json\/wp\/v2\/pages\/6554","targetHints":{"allow":["GET"]}}],"collection":[{"href":"https:\/\/ai-xtech.eu\/fr\/wp-json\/wp\/v2\/pages"}],"about":[{"href":"https:\/\/ai-xtech.eu\/fr\/wp-json\/wp\/v2\/types\/page"}],"author":[{"embeddable":true,"href":"https:\/\/ai-xtech.eu\/fr\/wp-json\/wp\/v2\/users\/1"}],"replies":[{"embeddable":true,"href":"https:\/\/ai-xtech.eu\/fr\/wp-json\/wp\/v2\/comments?post=6554"}],"version-history":[{"count":5,"href":"https:\/\/ai-xtech.eu\/fr\/wp-json\/wp\/v2\/pages\/6554\/revisions"}],"predecessor-version":[{"id":6575,"href":"https:\/\/ai-xtech.eu\/fr\/wp-json\/wp\/v2\/pages\/6554\/revisions\/6575"}],"wp:attachment":[{"href":"https:\/\/ai-xtech.eu\/fr\/wp-json\/wp\/v2\/media?parent=6554"}],"curies":[{"name":"wp","href":"https:\/\/api.w.org\/{rel}","templated":true}]}}