{"id":6469,"date":"2024-02-05T13:45:03","date_gmt":"2024-02-05T13:45:03","guid":{"rendered":"https:\/\/ai-xtech.eu\/?page_id=6469"},"modified":"2024-02-05T14:43:54","modified_gmt":"2024-02-05T14:43:54","slug":"p-p-garjajev","status":"publish","type":"page","link":"https:\/\/ai-xtech.eu\/fr\/p-p-garjajev\/","title":{"rendered":"PP Garjaev"},"content":{"rendered":"<h2 class=\"wp-block-heading has-ast-global-color-5-background-color has-background\">Dr Peter P. Garyaev, docteur en sciences biologiques, rans et RAMTN<\/h2>\n\n\n\n<figure class=\"wp-block-image size-full\"><img fetchpriority=\"high\" decoding=\"async\" width=\"250\" height=\"226\" src=\"https:\/\/ai-xtech.eu\/oordufup\/2024\/02\/garyaev.png\" alt=\"\" class=\"wp-image-6453\" srcset=\"https:\/\/ai-xtech.eu\/oordufup\/2024\/02\/garyaev.png 250w, https:\/\/ai-xtech.eu\/oordufup\/2024\/02\/garyaev-13x12.png 13w\" sizes=\"(max-width: 250px) 100vw, 250px\" \/><\/figure>\n\n\n\n<p class=\"has-ast-global-color-5-background-color has-background\">depuis 1984,\u00a0<strong>Peter P. Garjaev<\/strong>\u00a0a commenc\u00e9 des recherches dans de nouveaux domaines dans le domaine du codage g\u00e9n\u00e9tique et a cr\u00e9\u00e9 en 1994 une nouvelle tendance en g\u00e9n\u00e9tique - Genetics Wave, puis Lingvistiko - A Wave Genetics. Dans ce sujet\u00a0<strong>Peter P. Garyaev<\/strong>\u00a0en 1997. a soutenu sa th\u00e8se de doctorat fritazino. Bauman chez HIAC. Il a \u00e9t\u00e9 \u00e9lu acad\u00e9micien du RANS et du RAMTN et membre de l&#039;Acad\u00e9mie des sciences de New York. En 2001-2002,\u00a0<strong>Peter P. Garyaev<\/strong>\u00a0, Canada (Toronto), o\u00f9 il a confirm\u00e9 exp\u00e9rimentalement l&#039;exactitude des id\u00e9es de base du lingvistiko - la g\u00e9n\u00e9tique des vagues. En 2013, il fonde la soci\u00e9t\u00e9 \u00ab Institute Of Quantum Genetics \u00bb.<\/p>\n\n\n\n<p class=\"has-ast-global-color-5-background-color has-background\">Travailler en tant qu&#039;associ\u00e9 scientifique principal et chef de groupe \u00e0 l&#039;Institut des probl\u00e8mes physiques et techniques de l&#039;Acad\u00e9mie des sciences de l&#039;Union sovi\u00e9tique (1984-1998)&nbsp;<strong>Peter P. Garjaev<\/strong>&nbsp;d\u00e9couvert deux types inhabituels et inconnus de m\u00e9moire ADN. Ceci a \u00e9t\u00e9 enregistr\u00e9 par spectroscopie de corr\u00e9lation laser.<\/p>\n\n\n\n<p class=\"has-ast-global-color-5-background-color has-background\">Le premier type est la dynamique non lin\u00e9aire (acoustique) de l\u2019ADN avec retour des excitations du mode primaire. Il s&#039;agit d&#039;un ph\u00e9nom\u00e8ne fondamental (pas d&#039;ADN, etc., les structures sont des organismes). Il est connu depuis longtemps en physique sous le nom de &quot;ph\u00e9nom\u00e8ne de Fermi-Pasta-Ulam&quot; (v\u00e9rifiez FPU) et d&#039;excitation de syst\u00e8mes de m\u00e9moire non lin\u00e9aires. L&#039;appareil g\u00e9n\u00e9tique utilise ce ph\u00e9nom\u00e8ne pour g\u00e9rer la demande d&#039;appel des programmes holographiques dans ses propres chromosomes. De telles demandes se r\u00e9alisent dans les syst\u00e8mes biologiques des processus de r\u00e9g\u00e9n\u00e9ration des organes et des tissus, lorsque nous voulons appeler, le &quot;retour&quot; de la structure informationnelle du foie humain regeneriruemoj, griffes de cancer, queue de l\u00e9zard, etc. Ces &quot;check-in&quot;, selon nos recherches, non seulement de l&#039;ADN, mais aussi de mes nucl\u00e9oprot\u00e9ines (ribosomes), prot\u00e9ines et biostructures (collag\u00e8ne, matrice extracellulaire).<\/p>\n\n\n\n<p class=\"has-ast-global-color-5-background-color has-background\">Le deuxi\u00e8me type de m\u00e9moire est l&#039;effet fant\u00f4me de l&#039;ADN, c&#039;est-\u00e0-dire un environnement de m\u00e9moire bas\u00e9 sur le r\u00f4le d&#039;onde dynamique des mol\u00e9cules d&#039;ADN ayant un caract\u00e8re d&#039;onde dynamique. L&#039;environnement est, par exemple, l&#039;espace du spectrom\u00e8tre \u00e0 compartiment cuvette ou l&#039;espace, des cellules et tissus vivants. Il est \u00e9galement utilis\u00e9 par les organismes pour amener l&#039;un des \u00e9tats quantiques.... mol\u00e9cules sous forme de fant\u00f4mes d\u2019ADN. En pratique, cela peut \u00eatre r\u00e9alis\u00e9 par la cr\u00e9ation artificielle de matrices quantiques de fragments d&#039;ADN inh\u00e9rents au corps, cela remplit et remplace les fragments d&#039;ADN perdus chez l&#039;homme et n&#039;entra\u00eene pas de dommages g\u00e9n\u00e9tiques. Par exemple, la mutation num\u00e9ro 508 dans la mucoviscidose.<\/p>\n\n\n\n<p class=\"has-ast-global-color-5-background-color has-background\">Une autre partie importante de notre travail concerne l\u2019ajustement du mod\u00e8le de codage actuel dans l\u2019appareil g\u00e9n\u00e9tique des prot\u00e9ines triplets. L&#039;essence de nos modifications est la suivante: quel est le syst\u00e8me d&#039;orientation contextuelle des ribosomes sur l&#039;ARN qui est r\u00e9alis\u00e9 dans le processus de biosynth\u00e8se des prot\u00e9ines. Cela signifie que nous introduisons la position forte des g\u00e8nes tekstovosti r\u00e9els (et non m\u00e9taphoriques) et des esprits quasi-pensants dans le cul du g\u00e9nome, comme un bioordinateur quantique. Utiliser le concept de dimensions fractales li\u00e9es aux niveaux de conscience et de pens\u00e9e des syst\u00e8mes biologiques. Et le dernier point cl\u00e9 est l\u2019utilisation du mod\u00e8le de l\u2019univers \u00ab Boma \u00bb Berkovica \u2013 pour l\u2019application pratique de nos technologies.<\/p>\n\n\n\n<p class=\"has-ast-global-color-5-background-color has-background\">Ces \u00e9tapes de notre travail ont constitu\u00e9 la base de l&#039;examen et de l&#039;ajout des fonctions d\u00e9j\u00e0 importantes de l&#039;ADN dans le codage g\u00e9n\u00e9tique. Lingvistiko - th\u00e9orie du g\u00e9nome ondulatoire. Nous avons publi\u00e9 des dizaines d&#039;articles scientifiques en coop\u00e9ration avec d&#039;\u00e9minents physiciens de l&#039;Universit\u00e9 d&#039;\u00c9tat de Moscou, de la FIANa, de l&#039;ISP RAS et des chercheurs \u00e9trangers. Trois monographies ont \u00e9t\u00e9 publi\u00e9es (auteur\u00a0<strong>Peter P. Garyaev<\/strong>). Brevets et priorit\u00e9s. Sur la base de tout cela, une technologie de correction fondamentalement nouvelle a \u00e9t\u00e9 d\u00e9velopp\u00e9e afin de prolonger leur sant\u00e9 et leur vie active. L&#039;un des points les plus importants des technologies \u00e9mergentes est la programmation quantique des cellules souches \u00e0 travers des programmes naturels, utilis\u00e9s par le corps humain.<\/p>\n\n\n\n<p class=\"has-ast-global-color-5-background-color has-background\"><strong>Peter P. Garjaev<\/strong>&nbsp;a \u00e9t\u00e9 nomin\u00e9 pour le prix Nobel de m\u00e9decine, qui aura lieu en 2021.<\/p>\n\n\n\n<figure class=\"wp-block-image size-full\"><img decoding=\"async\" width=\"513\" height=\"695\" src=\"https:\/\/ai-xtech.eu\/oordufup\/2024\/02\/the-nobel-committee.jpg\" alt=\"\" class=\"wp-image-6509\" srcset=\"https:\/\/ai-xtech.eu\/oordufup\/2024\/02\/the-nobel-committee.jpg 513w, https:\/\/ai-xtech.eu\/oordufup\/2024\/02\/the-nobel-committee-221x300.jpg 221w, https:\/\/ai-xtech.eu\/oordufup\/2024\/02\/the-nobel-committee-9x12.jpg 9w\" sizes=\"(max-width: 513px) 100vw, 513px\" \/><\/figure>","protected":false},"excerpt":{"rendered":"<p>Dr. Peter P. Garyaev, a biol\u00f3giai tudom\u00e1nyok doktora, rans \u00e9s RAMTN 1984 \u00f3ta,\u00a0Peter P. Garjajev\u00a0kutatni kezdett \u00faj ter\u00fcleteken a genetikai k\u00f3dol\u00e1s teruleten \u00e9s 1994-ben l\u00e9trehozott egy \u00faj ir\u00e1nyzatot a genetika &#8211; Genetics Wave, majd Lingvistiko &#8211; A Wave Genetics. Ebben a t\u00e9m\u00e1ban\u00a0Peter P. Garyaev\u00a01997-ben. megv\u00e9dte doktori disszert\u00e1ci\u00f3j\u00e1t fryazino. Bauman a HIAC-ban. A RANS \u00e9s a [&hellip;]<\/p>\n","protected":false},"author":1,"featured_media":0,"parent":0,"menu_order":0,"comment_status":"closed","ping_status":"closed","template":"","meta":{"_angie_page":false,"site-sidebar-layout":"no-sidebar","site-content-layout":"page-builder","ast-site-content-layout":"full-width-container","site-content-style":"default","site-sidebar-style":"default","ast-global-header-display":"","ast-banner-title-visibility":"","ast-main-header-display":"","ast-hfb-above-header-display":"","ast-hfb-below-header-display":"","ast-hfb-mobile-header-display":"","site-post-title":"disabled","ast-breadcrumbs-content":"","ast-featured-img":"disabled","footer-sml-layout":"","ast-disable-related-posts":"","theme-transparent-header-meta":"","adv-header-id-meta":"","stick-header-meta":"","header-above-stick-meta":"","header-main-stick-meta":"","header-below-stick-meta":"","astra-migrate-meta-layouts":"set","ast-page-background-enabled":"default","ast-page-background-meta":{"desktop":{"background-color":"","background-image":"","background-repeat":"repeat","background-position":"center center","background-size":"auto","background-attachment":"scroll","background-type":"","background-media":"","overlay-type":"","overlay-color":"","overlay-opacity":"","overlay-gradient":""},"tablet":{"background-color":"","background-image":"","background-repeat":"repeat","background-position":"center center","background-size":"auto","background-attachment":"scroll","background-type":"","background-media":"","overlay-type":"","overlay-color":"","overlay-opacity":"","overlay-gradient":""},"mobile":{"background-color":"","background-image":"","background-repeat":"repeat","background-position":"center center","background-size":"auto","background-attachment":"scroll","background-type":"","background-media":"","overlay-type":"","overlay-color":"","overlay-opacity":"","overlay-gradient":""}},"ast-content-background-meta":{"desktop":{"background-color":"var(--ast-global-color-5)","background-image":"","background-repeat":"repeat","background-position":"center center","background-size":"auto","background-attachment":"scroll","background-type":"","background-media":"","overlay-type":"","overlay-color":"","overlay-opacity":"","overlay-gradient":""},"tablet":{"background-color":"var(--ast-global-color-5)","background-image":"","background-repeat":"repeat","background-position":"center center","background-size":"auto","background-attachment":"scroll","background-type":"","background-media":"","overlay-type":"","overlay-color":"","overlay-opacity":"","overlay-gradient":""},"mobile":{"background-color":"var(--ast-global-color-5)","background-image":"","background-repeat":"repeat","background-position":"center center","background-size":"auto","background-attachment":"scroll","background-type":"","background-media":"","overlay-type":"","overlay-color":"","overlay-opacity":"","overlay-gradient":""}},"footnotes":"[]"},"class_list":["post-6469","page","type-page","status-publish","hentry"],"_links":{"self":[{"href":"https:\/\/ai-xtech.eu\/fr\/wp-json\/wp\/v2\/pages\/6469","targetHints":{"allow":["GET"]}}],"collection":[{"href":"https:\/\/ai-xtech.eu\/fr\/wp-json\/wp\/v2\/pages"}],"about":[{"href":"https:\/\/ai-xtech.eu\/fr\/wp-json\/wp\/v2\/types\/page"}],"author":[{"embeddable":true,"href":"https:\/\/ai-xtech.eu\/fr\/wp-json\/wp\/v2\/users\/1"}],"replies":[{"embeddable":true,"href":"https:\/\/ai-xtech.eu\/fr\/wp-json\/wp\/v2\/comments?post=6469"}],"version-history":[{"count":5,"href":"https:\/\/ai-xtech.eu\/fr\/wp-json\/wp\/v2\/pages\/6469\/revisions"}],"predecessor-version":[{"id":6512,"href":"https:\/\/ai-xtech.eu\/fr\/wp-json\/wp\/v2\/pages\/6469\/revisions\/6512"}],"wp:attachment":[{"href":"https:\/\/ai-xtech.eu\/fr\/wp-json\/wp\/v2\/media?parent=6469"}],"curies":[{"name":"wp","href":"https:\/\/api.w.org\/{rel}","templated":true}]}}