{"id":1252,"date":"2021-08-02T17:41:44","date_gmt":"2021-08-02T17:41:44","guid":{"rendered":"https:\/\/ai-xtech.eu\/?page_id=1252"},"modified":"2023-07-24T08:13:06","modified_gmt":"2023-07-24T08:13:06","slug":"data-protection-guidelines","status":"publish","type":"page","link":"https:\/\/ai-xtech.eu\/fr\/data-protection-guidelines\/","title":{"rendered":"Directives sur la protection des donn\u00e9es"},"content":{"rendered":"<h2 class=\"wp-block-heading\">Qui sommes nous<\/h2>\n\n\n\n<p><strong class=\"privacy-policy-tutorial\"> <\/strong>L&#039;adresse de notre site Web est : https:\/\/ai-xtech.eu.<\/p>\n\n\n\n<h2 class=\"wp-block-heading\">commentaires<\/h2>\n\n\n\n<p>Lors de la soumission d&#039;un commentaire, l&#039;adresse IP du commentateur et la cha\u00eene d&#039;identification du navigateur sont collect\u00e9es en plus de celles sp\u00e9cifi\u00e9es dans le formulaire de commentaire afin de filtrer le contenu non sollicit\u00e9.<\/p>\n\n\n\n<p>Une cha\u00eene de caract\u00e8res d\u00e9personnalis\u00e9e g\u00e9n\u00e9r\u00e9e \u00e0 partir de l&#039;adresse e-mail (g\u00e9n\u00e9ralement appel\u00e9e hash) est transmise au service Gravatar si elle est utilis\u00e9e sur le site. Les conditions du service Gravatar sont consultables \u00e0 l&#039;adresse suivante : https:\/\/automattic.com\/privacy\/. Une fois le commentaire accept\u00e9, le contenu de notre commentaire et notre photo de profil seront affich\u00e9s publiquement.<\/p>\n\n\n\n<h2 class=\"wp-block-heading\">M\u00e9dias<\/h2>\n\n\n\n<p>Si une image est t\u00e9l\u00e9charg\u00e9e sur le site Web par un utilisateur enregistr\u00e9, les EXIF qui incluent des donn\u00e9es de position GPS doivent \u00eatre \u00e9vit\u00e9s. Les visiteurs du site Web peuvent les t\u00e9l\u00e9charger et extraire des donn\u00e9es de localisation \u00e0 partir des images pr\u00e9sentes sur le site Web.<\/p>\n\n\n\n<h2 class=\"wp-block-heading\">Biscuits<\/h2>\n\n\n\n<p>Si vous \u00e9crivez un commentaire sur le site, le pr\u00e9nom, l&#039;adresse e-mail et l&#039;adresse du site sont stock\u00e9s dans des cookies. Le stockage est \u00e0 des fins de commodit\u00e9, vous n&#039;aurez donc pas \u00e0 remplir ces champs la prochaine fois que vous publierez. La date d&#039;expiration des cookies est d&#039;un an.<\/p>\n\n\n\n<p>Lorsque vous visitez la page de connexion, nous d\u00e9finissons des cookies temporaires afin de d\u00e9terminer si votre navigateur accepte les cookies. Ces cookies ne contiennent pas d&#039;informations personnelles et sont supprim\u00e9s lorsque vous fermez votre navigateur.<\/p>\n\n\n\n<p>Lorsque vous vous connectez au site Internet, nous cr\u00e9ons plusieurs cookies qui enregistrent les informations de connexion et les options d&#039;affichage de l&#039;interface d&#039;\u00e9dition. Les cookies de connexion sont valables deux jours et les cookies stockant les options d&#039;affichage de l&#039;interface d&#039;\u00e9dition sont valables un an. Si l&#039;option \u00ab Se souvenir de moi \u00bb est s\u00e9lectionn\u00e9e, l&#039;inscription se poursuivra pendant deux semaines. Les cookies de connexion sont supprim\u00e9s lorsque vous vous d\u00e9connectez.<\/p>\n\n\n\n<p>Si nous modifions une publication ou une page, notre navigateur stocke un autre cookie. Ce cookie ne contient aucune donn\u00e9e personnelle, il stocke simplement le num\u00e9ro d&#039;identification de la publication que nous avons \u00e9dit\u00e9e. Il expirera dans un jour.<\/p>\n\n\n\n<h2 class=\"wp-block-heading\">Contenu int\u00e9gr\u00e9 provenant d&#039;autres sites Web<\/h2>\n\n\n\n<p>Les publications disponibles sur le site Web peuvent utiliser du contenu int\u00e9gr\u00e9 provenant de sources externes (par exemple des vid\u00e9os, des images, des articles, etc.). Le contenu int\u00e9gr\u00e9 provenant d&#039;une source externe se comporte exactement comme si vous aviez visit\u00e9 un autre site Web.<\/p>\n\n\n\n<p>Ces sites Web peuvent collecter des informations sur les visiteurs, utiliser des cookies ou des codes de suivi tiers, surveiller le comportement des utilisateurs li\u00e9 au contenu int\u00e9gr\u00e9 si vous disposez d&#039;un compte utilisateur et \u00eates connect\u00e9 au site.<\/p>\n\n\n\n<h2 class=\"wp-block-heading\">Avec qui nous partageons les donn\u00e9es des utilisateurs<\/h2>\n\n\n\n<p>Si vous demandez une r\u00e9initialisation du mot de passe, l&#039;adresse IP sera incluse dans l&#039;e-mail de r\u00e9initialisation.<\/p>\n\n\n\n<h2 class=\"wp-block-heading\">Combien de temps conservons-nous les donn\u00e9es personnelles ?<\/h2>\n\n\n\n<p>Si nous commentons, le commentaire et ses m\u00e9tadonn\u00e9es resteront dans le syst\u00e8me pour une dur\u00e9e ind\u00e9termin\u00e9e. Le but est que tous les commentaires ult\u00e9rieurs soient connus et approuv\u00e9s par nous, c&#039;est-\u00e0-dire qu&#039;ils n&#039;apparaissent pas dans la liste des commentaires \u00e0 mod\u00e9rer.<\/p>\n\n\n\n<p>Les donn\u00e9es personnelles des utilisateurs enregistr\u00e9s sur le site Web (le cas \u00e9ch\u00e9ant) sont \u00e9galement stock\u00e9es dans leur propre profil d&#039;utilisateur. Tous les utilisateurs peuvent consulter, modifier ou supprimer leurs donn\u00e9es personnelles \u00e0 tout moment (sauf qu&#039;ils ne peuvent pas modifier leur propre nom d&#039;utilisateur). Les administrateurs du site Web peuvent \u00e9galement consulter et modifier ces informations.<\/p>\n\n\n\n<h2 class=\"wp-block-heading\">Quels sont les droits de l&#039;utilisateur par rapport \u00e0 ses propres donn\u00e9es<\/h2>\n\n\n\n<p>En cas d&#039;enregistrement d&#039;un compte ou de r\u00e9daction d&#039;un commentaire sur le site, il est possible de demander l&#039;envoi de donn\u00e9es personnelles dans un fichier d&#039;exportation, qui contient toutes les donn\u00e9es pr\u00e9alablement fournies par l&#039;utilisateur. Vous pouvez \u00e9galement demander que nous supprimions toutes les donn\u00e9es personnelles fournies pr\u00e9c\u00e9demment. Ceci ne s&#039;applique pas aux donn\u00e9es que nous sommes tenus de conserver pour des raisons administratives, juridiques ou de s\u00e9curit\u00e9.<\/p>\n\n\n\n<h2 class=\"wp-block-heading\">O\u00f9 nous transf\u00e9rons les donn\u00e9es<\/h2>\n\n\n\n<p>Les commentaires soumis par les visiteurs peuvent \u00eatre v\u00e9rifi\u00e9s par un service de filtrage automatique du spam.<\/p>","protected":false},"excerpt":{"rendered":"<p>Kik vagyunk A weboldalunk c\u00edme: https:\/\/ai-xtech.eu. Hozz\u00e1sz\u00f3l\u00e1sok Hozz\u00e1sz\u00f3l\u00e1s bek\u00fcld\u00e9sekor a hozz\u00e1sz\u00f3l\u00e1si \u0171rlapban megadottakon k\u00edv\u00fcl begy\u0171jt\u00e9sre ker\u00fcl a hozz\u00e1sz\u00f3l\u00f3 IP c\u00edme \u00e9s a b\u00f6ng\u00e9sz\u0151azonos\u00edt\u00f3 karakterl\u00e1nc a k\u00e9retlen tartalmak kisz\u0171r\u00e9se c\u00e9lj\u00e1b\u00f3l. Egy szem\u00e9lytelen\u00edtett, az e-mail c\u00edmb\u0151l el\u0151\u00e1ll\u00edtott karakterl\u00e1nc (hashnek szok\u00e1s nevezni) ker\u00fcl tov\u00e1bb\u00edt\u00e1sra a Gravatar szolg\u00e1ltat\u00e1s fel\u00e9, ha ez az oldalon haszn\u00e1latban van. A Gravatar szolg\u00e1ltat\u00e1s felt\u00e9telei [&hellip;]<\/p>\n","protected":false},"author":1,"featured_media":0,"parent":0,"menu_order":0,"comment_status":"closed","ping_status":"closed","template":"","meta":{"_angie_page":false,"site-sidebar-layout":"default","site-content-layout":"default","ast-site-content-layout":"default","site-content-style":"default","site-sidebar-style":"default","ast-global-header-display":"","ast-banner-title-visibility":"","ast-main-header-display":"","ast-hfb-above-header-display":"","ast-hfb-below-header-display":"","ast-hfb-mobile-header-display":"","site-post-title":"","ast-breadcrumbs-content":"","ast-featured-img":"","footer-sml-layout":"","ast-disable-related-posts":"","theme-transparent-header-meta":"default","adv-header-id-meta":"","stick-header-meta":"","header-above-stick-meta":"","header-main-stick-meta":"","header-below-stick-meta":"","astra-migrate-meta-layouts":"default","ast-page-background-enabled":"default","ast-page-background-meta":{"desktop":{"background-color":"","background-image":"","background-repeat":"repeat","background-position":"center center","background-size":"auto","background-attachment":"scroll","background-type":"","background-media":"","overlay-type":"","overlay-color":"","overlay-opacity":"","overlay-gradient":""},"tablet":{"background-color":"","background-image":"","background-repeat":"repeat","background-position":"center center","background-size":"auto","background-attachment":"scroll","background-type":"","background-media":"","overlay-type":"","overlay-color":"","overlay-opacity":"","overlay-gradient":""},"mobile":{"background-color":"","background-image":"","background-repeat":"repeat","background-position":"center center","background-size":"auto","background-attachment":"scroll","background-type":"","background-media":"","overlay-type":"","overlay-color":"","overlay-opacity":"","overlay-gradient":""}},"ast-content-background-meta":{"desktop":{"background-color":"var(--ast-global-color-5)","background-image":"","background-repeat":"repeat","background-position":"center center","background-size":"auto","background-attachment":"scroll","background-type":"","background-media":"","overlay-type":"","overlay-color":"","overlay-opacity":"","overlay-gradient":""},"tablet":{"background-color":"var(--ast-global-color-5)","background-image":"","background-repeat":"repeat","background-position":"center center","background-size":"auto","background-attachment":"scroll","background-type":"","background-media":"","overlay-type":"","overlay-color":"","overlay-opacity":"","overlay-gradient":""},"mobile":{"background-color":"var(--ast-global-color-5)","background-image":"","background-repeat":"repeat","background-position":"center center","background-size":"auto","background-attachment":"scroll","background-type":"","background-media":"","overlay-type":"","overlay-color":"","overlay-opacity":"","overlay-gradient":""}},"footnotes":""},"class_list":["post-1252","page","type-page","status-publish","hentry"],"_links":{"self":[{"href":"https:\/\/ai-xtech.eu\/fr\/wp-json\/wp\/v2\/pages\/1252","targetHints":{"allow":["GET"]}}],"collection":[{"href":"https:\/\/ai-xtech.eu\/fr\/wp-json\/wp\/v2\/pages"}],"about":[{"href":"https:\/\/ai-xtech.eu\/fr\/wp-json\/wp\/v2\/types\/page"}],"author":[{"embeddable":true,"href":"https:\/\/ai-xtech.eu\/fr\/wp-json\/wp\/v2\/users\/1"}],"replies":[{"embeddable":true,"href":"https:\/\/ai-xtech.eu\/fr\/wp-json\/wp\/v2\/comments?post=1252"}],"version-history":[{"count":4,"href":"https:\/\/ai-xtech.eu\/fr\/wp-json\/wp\/v2\/pages\/1252\/revisions"}],"predecessor-version":[{"id":5377,"href":"https:\/\/ai-xtech.eu\/fr\/wp-json\/wp\/v2\/pages\/1252\/revisions\/5377"}],"wp:attachment":[{"href":"https:\/\/ai-xtech.eu\/fr\/wp-json\/wp\/v2\/media?parent=1252"}],"curies":[{"name":"wp","href":"https:\/\/api.w.org\/{rel}","templated":true}]}}