{"id":1250,"date":"2022-09-19T09:28:50","date_gmt":"2022-09-19T09:28:50","guid":{"rendered":"https:\/\/ai-xtech.eu\/?page_id=1250"},"modified":"2022-09-19T09:28:59","modified_gmt":"2022-09-19T09:28:59","slug":"cookie-policy","status":"publish","type":"page","link":"https:\/\/ai-xtech.eu\/fr\/cookie-policy\/","title":{"rendered":"Politique en mati\u00e8re de cookies"},"content":{"rendered":"<div class=\"cli_pg_page_contaner\">\n<h3>Politique de cookies<\/h3>\n<div>Cette politique en mati\u00e8re de cookies explique ce que sont les cookies et comment nous les utilisons, les types de cookies que nous utilisons, c&#039;est-\u00e0-dire les informations que nous collectons \u00e0 l&#039;aide des cookies et comment ces informations sont utilis\u00e9es, et comment contr\u00f4ler les pr\u00e9f\u00e9rences en mati\u00e8re de cookies. Pour plus d&#039;informations sur la mani\u00e8re dont nous utilisons, stockons et gardons vos donn\u00e9es personnelles en s\u00e9curit\u00e9, consultez notre Politique de confidentialit\u00e9.<\/p>\n<p>Vous pouvez \u00e0 tout moment modifier ou retirer votre consentement \u00e0 la d\u00e9claration relative aux cookies sur notre site Internet.<br \/>\nApprenez-en davantage sur qui nous sommes, comment vous pouvez nous contacter et comment nous traitons les donn\u00e9es personnelles dans notre Politique de confidentialit\u00e9.<br \/>\nVotre consentement s&#039;applique aux domaines suivants : ai-xtech.eu<br \/>\n<div class=\"cli_user_consent_state\">Votre \u00e9tat actuel : Aucun consentement donn\u00e9. <a class=\"cli_manage_current_consent\" style=\"cursor:pointer;text-decoration:underline;\">G\u00e9rez votre consentement.<\/a> <\/div><\/p>\n<\/div>\n<h3>Que sont les cookies ?<\/h3>\n<div>Les cookies sont de petits fichiers texte utilis\u00e9s pour stocker de petites informations. Ils sont stock\u00e9s sur l&#039;appareil lors du chargement du site Internet dans le navigateur. Ces cookies aident le site Web \u00e0 fonctionner correctement, le rendent plus s\u00e9curis\u00e9, offrent une meilleure exp\u00e9rience utilisateur et nous aident \u00e0 comprendre les performances du site Web et \u00e0 analyser ce qui fonctionne et o\u00f9 il doit \u00eatre am\u00e9lior\u00e9.<\/div>\n<h3>Comment utiliser les cookies ?<\/h3>\n<div>Comme la plupart des services en ligne, notre site Web utilise des cookies propri\u00e9taires et tiers \u00e0 plusieurs fins. Les cookies primaires sont principalement n\u00e9cessaires au bon fonctionnement du site Web et ne collectent pas d&#039;informations personnelles identifiables. Les cookies tiers utilis\u00e9s sur notre site Web sont principalement utilis\u00e9s pour comprendre les performances du site Web, la fa\u00e7on dont vous interagissez avec notre site Web, assurer la s\u00e9curit\u00e9 de nos services, votre vous propose des publicit\u00e9s pertinentes, vous offre une exp\u00e9rience utilisateur globale de mieux en mieux et contribue \u00e0 acc\u00e9l\u00e9rer les interactions futures avec notre site Web.<\/div>\n<h3>Quel type de cookies utilisons-nous ?<\/h3>\n<div>Essentiel\u00a0: Certains cookies sont essentiels pour que vous puissiez profiter de toutes les fonctionnalit\u00e9s de notre site Web. Ils nous permettent de maintenir les sessions des utilisateurs et de pr\u00e9venir les menaces de s\u00e9curit\u00e9. Ils ne collectent ni ne stockent aucune information personnelle. Par exemple, ces cookies vous permettent de vous connecter \u00e0 votre compte, d&#039;ajouter des produits \u00e0 votre panier et de payer en toute s\u00e9curit\u00e9.Statistiques : Ces cookies stockent des informations telles que le nombre de visiteurs du site Internet, le nombre de visiteurs uniques, quelles pages du site Internet ont \u00e9t\u00e9 visit\u00e9s, la source de la visite, etc. Ces donn\u00e9es vous aident \u00e0 comprendre et \u00e0 analyser les performances de votre site Web. et o\u00f9 des am\u00e9liorations sont n\u00e9cessaires.Marketing\u00a0: Notre site Web affiche des publicit\u00e9s. Nous utilisons ces cookies pour personnaliser les publicit\u00e9s qui vous sont pr\u00e9sent\u00e9es afin qu&#039;elles soient significatives pour vous. Ces cookies aident \u00e9galement \u00e0 suivre l&#039;efficacit\u00e9 de ces campagnes publicitaires. Les informations stock\u00e9es dans ces cookies peuvent \u00e9galement \u00eatre utilis\u00e9es par des fournisseurs de publicit\u00e9 externes pour afficher des publicit\u00e9s sur d&#039;autres sites Web du navigateur. Fonctionnel\u00a0:\u00a0Ce sont les cookies qui aident certaines fonctionnalit\u00e9s non essentielles sur notre site Web. Ces fonctionnalit\u00e9s incluent l&#039;int\u00e9gration de contenu comme des vid\u00e9os ou le partage de contenu du site Web sur des plateformes de m\u00e9dias sociaux. Pr\u00e9f\u00e9rences\u00a0: ces cookies nous aident \u00e0 stocker vos param\u00e8tres et pr\u00e9f\u00e9rences de navigation, telles que les pr\u00e9f\u00e9rences linguistiques, afin que vous ayez une exp\u00e9rience meilleure et plus efficace lors de vos futures visites sur le site Web.<p>La liste ci-dessous d\u00e9taille les cookies utilis\u00e9s sur notre site Web.<\/p><table class=\"cookielawinfo-row-cat-table cookielawinfo-classic\"><thead><tr><th class=\"cookielawinfo-column-1\">Cookies<\/th><th class=\"cookielawinfo-column-4\">Description<\/th><\/tr><\/thead><tbody><tr class=\"cookielawinfo-row\"><td class=\"cookielawinfo-column-1\">cookielawinfo-checkbox-analytics<\/td><td class=\"cookielawinfo-column-4\">Ce cookie est d\u00e9fini par le plugin GDPR Cookie Consent. Le cookie est utilis\u00e9 pour stocker le consentement de l&#039;utilisateur pour les cookies de la cat\u00e9gorie \u00ab\u00a0Analytics\u00a0\u00bb.<\/td><\/tr><tr class=\"cookielawinfo-row\"><td class=\"cookielawinfo-column-1\">cookielawinfo-checkbox-fonctionnel<\/td><td class=\"cookielawinfo-column-4\">Le cookie est d\u00e9fini par le consentement aux cookies du RGPD pour enregistrer le consentement de l&#039;utilisateur pour les cookies de la cat\u00e9gorie \u00ab Fonctionnel \u00bb.<\/td><\/tr><tr class=\"cookielawinfo-row\"><td class=\"cookielawinfo-column-1\">cookielawinfo-case \u00e0 cocher-n\u00e9cessaire<\/td><td class=\"cookielawinfo-column-4\">Ce cookie est d\u00e9fini par le plugin GDPR Cookie Consent. Les cookies sont utilis\u00e9s pour stocker le consentement de l&#039;utilisateur pour les cookies dans la cat\u00e9gorie \u00ab\u00a0N\u00e9cessaire\u00a0\u00bb.<\/td><\/tr><tr class=\"cookielawinfo-row\"><td class=\"cookielawinfo-column-1\">cookielawinfo-checkbox-autres<\/td><td class=\"cookielawinfo-column-4\">Ce cookie est d\u00e9fini par le plugin GDPR Cookie Consent. Le cookie est utilis\u00e9 pour stocker le consentement de l&#039;utilisateur pour les cookies de la cat\u00e9gorie &quot;Autre&quot;.<\/td><\/tr><tr class=\"cookielawinfo-row\"><td class=\"cookielawinfo-column-1\">cookielawinfo-checkbox-performance<\/td><td class=\"cookielawinfo-column-4\">Ce cookie est d\u00e9fini par le plugin GDPR Cookie Consent. Le cookie est utilis\u00e9 pour stocker le consentement de l&#039;utilisateur pour les cookies de la cat\u00e9gorie \u00ab\u00a0Performance\u00a0\u00bb.<\/td><\/tr><tr class=\"cookielawinfo-row\"><td class=\"cookielawinfo-column-1\">visualis\u00e9_cookie_policy<\/td><td class=\"cookielawinfo-column-4\">Le cookie est d\u00e9fini par le plugin GDPR Cookie Consent et est utilis\u00e9 pour stocker si l&#039;utilisateur a consenti ou non \u00e0 l&#039;utilisation de cookies. Il ne stocke aucune donn\u00e9e personnelle.<\/td><\/tr><\/tbody><\/table><\/div>\n<h3>Comment puis-je contr\u00f4ler les param\u00e8tres des cookies ?<\/h3>\n<div>Si vous d\u00e9cidez de modifier vos param\u00e8tres ult\u00e9rieurement au cours de votre session de navigation, cliquez sur l&#039;onglet \u00ab\u00a0Politique de confidentialit\u00e9 et de cookies\u00a0\u00bb \u00e0 l&#039;\u00e9cran. Cela affichera \u00e0 nouveau l&#039;avis de consentement, vous permettant de modifier vos pr\u00e9f\u00e9rences ou de retirer compl\u00e8tement votre consentement. De plus, diff\u00e9rents navigateurs proposent diff\u00e9rentes mani\u00e8res de bloquer et de supprimer les cookies utilis\u00e9s par les sites Web. Vous pouvez modifier les param\u00e8tres de votre navigateur pour bloquer\/supprimer les cookies. Pour en savoir plus sur la gestion et la suppression des cookies, visitez wikipedia.org, www.allaboutcookies.org.<\/div>\n<\/div>","protected":false},"excerpt":{"rendered":"<p>Cookie policy This Cookie Policy explains what cookies are and how we use them, the types of cookies we use i.e, the information we collect using cookies and how that information is used, and how to control the cookie preferences. For further information on how we use, store, and keep your personal data secure, see [&hellip;]<\/p>\n","protected":false},"author":1,"featured_media":0,"parent":0,"menu_order":0,"comment_status":"closed","ping_status":"closed","template":"","meta":{"_angie_page":false,"site-sidebar-layout":"default","site-content-layout":"","ast-site-content-layout":"default","site-content-style":"default","site-sidebar-style":"default","ast-global-header-display":"","ast-banner-title-visibility":"","ast-main-header-display":"","ast-hfb-above-header-display":"","ast-hfb-below-header-display":"","ast-hfb-mobile-header-display":"","site-post-title":"","ast-breadcrumbs-content":"","ast-featured-img":"","footer-sml-layout":"","ast-disable-related-posts":"","theme-transparent-header-meta":"","adv-header-id-meta":"","stick-header-meta":"","header-above-stick-meta":"","header-main-stick-meta":"","header-below-stick-meta":"","astra-migrate-meta-layouts":"default","ast-page-background-enabled":"default","ast-page-background-meta":{"desktop":{"background-color":"","background-image":"","background-repeat":"repeat","background-position":"center center","background-size":"auto","background-attachment":"scroll","background-type":"","background-media":"","overlay-type":"","overlay-color":"","overlay-opacity":"","overlay-gradient":""},"tablet":{"background-color":"","background-image":"","background-repeat":"repeat","background-position":"center center","background-size":"auto","background-attachment":"scroll","background-type":"","background-media":"","overlay-type":"","overlay-color":"","overlay-opacity":"","overlay-gradient":""},"mobile":{"background-color":"","background-image":"","background-repeat":"repeat","background-position":"center center","background-size":"auto","background-attachment":"scroll","background-type":"","background-media":"","overlay-type":"","overlay-color":"","overlay-opacity":"","overlay-gradient":""}},"ast-content-background-meta":{"desktop":{"background-color":"var(--ast-global-color-5)","background-image":"","background-repeat":"repeat","background-position":"center center","background-size":"auto","background-attachment":"scroll","background-type":"","background-media":"","overlay-type":"","overlay-color":"","overlay-opacity":"","overlay-gradient":""},"tablet":{"background-color":"var(--ast-global-color-5)","background-image":"","background-repeat":"repeat","background-position":"center center","background-size":"auto","background-attachment":"scroll","background-type":"","background-media":"","overlay-type":"","overlay-color":"","overlay-opacity":"","overlay-gradient":""},"mobile":{"background-color":"var(--ast-global-color-5)","background-image":"","background-repeat":"repeat","background-position":"center center","background-size":"auto","background-attachment":"scroll","background-type":"","background-media":"","overlay-type":"","overlay-color":"","overlay-opacity":"","overlay-gradient":""}},"footnotes":""},"class_list":["post-1250","page","type-page","status-publish","hentry"],"_links":{"self":[{"href":"https:\/\/ai-xtech.eu\/fr\/wp-json\/wp\/v2\/pages\/1250","targetHints":{"allow":["GET"]}}],"collection":[{"href":"https:\/\/ai-xtech.eu\/fr\/wp-json\/wp\/v2\/pages"}],"about":[{"href":"https:\/\/ai-xtech.eu\/fr\/wp-json\/wp\/v2\/types\/page"}],"author":[{"embeddable":true,"href":"https:\/\/ai-xtech.eu\/fr\/wp-json\/wp\/v2\/users\/1"}],"replies":[{"embeddable":true,"href":"https:\/\/ai-xtech.eu\/fr\/wp-json\/wp\/v2\/comments?post=1250"}],"version-history":[{"count":2,"href":"https:\/\/ai-xtech.eu\/fr\/wp-json\/wp\/v2\/pages\/1250\/revisions"}],"predecessor-version":[{"id":2676,"href":"https:\/\/ai-xtech.eu\/fr\/wp-json\/wp\/v2\/pages\/1250\/revisions\/2676"}],"wp:attachment":[{"href":"https:\/\/ai-xtech.eu\/fr\/wp-json\/wp\/v2\/media?parent=1250"}],"curies":[{"name":"wp","href":"https:\/\/api.w.org\/{rel}","templated":true}]}}