{"id":899,"date":"2021-07-31T20:33:25","date_gmt":"2021-07-31T20:33:25","guid":{"rendered":"https:\/\/ai-xtech.eu\/?post_type=product&#038;p=899"},"modified":"2026-04-08T11:55:39","modified_gmt":"2026-04-08T10:55:39","slug":"garyaev-hullamgenetikai-matrixai","status":"publish","type":"product","link":"https:\/\/ai-xtech.eu\/es\/producto\/garyaev-hullamgenetikai-matrixai\/","title":{"rendered":"Archivos de audio que utilizan la tecnolog\u00eda Tertyshny-Garyaev (matrices gen\u00e9ticas de ondas)"},"content":{"rendered":"<p>Creamos 21 tipos de matrices gen\u00e9ticas de ondas basadas en el trabajo del Dr. Pyotr Garyaev Petrovich y el Prof. Luc Montaigner.<br \/>\n<strong>\u00a1Tambi\u00e9n es posible solicitar una matriz \u00fanica!<\/strong><br \/>\nEscuchar las matrices tambi\u00e9n es efectivo, pero con el dispositivo gen\u00e9tico de ondas, esta es la efectividad.<br \/>\nse puede triplicar. \u00a1Estos archivos gen\u00e9ticos (sonidos) de subonda tambi\u00e9n son perfectamente adecuados para el tratamiento del agua!<br \/>\nSi no tienes un dispositivo de gen\u00e9tica de ondas, coloca un recipiente lleno de agua limpia frente al altavoz\/altavoz.<br \/>\nDespu\u00e9s de jugar el programa de gen\u00e9tica de olas, \u00a1bebe el agua!<br \/>\nSi tiene un dispositivo de gen\u00e9tica de ondas, coloque una botella de 2 litros llena de agua limpia en la bobina m\u00e1s grande,<br \/>\n\u00a1y bebe el agua despu\u00e9s de que se jueguen los allomanyos!<br \/>\n\u00a1Elija un subtipo de gen\u00e9tica de ondas de la lista desplegable!<\/p>","protected":false},"excerpt":{"rendered":"<h2>Gen\u00e9tica de olas<\/h2>\n<p>La medicina moderna ha llegado a una encrucijada. Si bien los avances tecnol\u00f3gicos han abierto oportunidades sin precedentes, la atenci\u00f3n a la salud humana est\u00e1 perdiendo cada vez m\u00e1s su car\u00e1cter personal y los pacientes a menudo se sienten solos y vulnerables. El enfoque hol\u00edstico de la curaci\u00f3n tradicional, que trataba a la persona como una unidad f\u00edsico-espiritual, est\u00e1 desapareciendo lentamente en las brumas del pasado, y su lugar ha sido ocupado por tratamientos de base qu\u00edmica y terapias de aplicaci\u00f3n masiva.<\/p>\n<figure id=\"attachment_6568\" aria-describedby=\"caption-attachment-6568\" style=\"width: 300px\" class=\"wp-caption alignnone\"><img fetchpriority=\"high\" decoding=\"async\" class=\"size-medium wp-image-6568\" src=\"https:\/\/ai-xtech.eu\/oordufup\/2024\/02\/aixtech._Implicit_functions_of_the_genetic_apparatus_b6a2dc44-26af-4c4c-a3a9-590733c167d1-1-300x168.jpg\" alt=\"hull\u00e1mgenetika\" width=\"300\" height=\"168\" srcset=\"https:\/\/ai-xtech.eu\/oordufup\/2024\/02\/aixtech._Implicit_functions_of_the_genetic_apparatus_b6a2dc44-26af-4c4c-a3a9-590733c167d1-1-300x168.jpg 300w, https:\/\/ai-xtech.eu\/oordufup\/2024\/02\/aixtech._Implicit_functions_of_the_genetic_apparatus_b6a2dc44-26af-4c4c-a3a9-590733c167d1-1-768x430.jpg 768w, https:\/\/ai-xtech.eu\/oordufup\/2024\/02\/aixtech._Implicit_functions_of_the_genetic_apparatus_b6a2dc44-26af-4c4c-a3a9-590733c167d1-1-18x10.jpg 18w, https:\/\/ai-xtech.eu\/oordufup\/2024\/02\/aixtech._Implicit_functions_of_the_genetic_apparatus_b6a2dc44-26af-4c4c-a3a9-590733c167d1-1-600x336.jpg 600w, https:\/\/ai-xtech.eu\/oordufup\/2024\/02\/aixtech._Implicit_functions_of_the_genetic_apparatus_b6a2dc44-26af-4c4c-a3a9-590733c167d1-1.jpg 800w\" sizes=\"(max-width: 300px) 100vw, 300px\" \/><figcaption id=\"caption-attachment-6568\" class=\"wp-caption-text\">gen\u00e9tica de ondas<\/figcaption><\/figure>\n<p>Enlace\u00a0<a href=\"https:\/\/wavegenetics.org\/en\/\">https:\/\/wavegenetics.org\/en\/<\/a><br \/>\nEn un mundo donde el tratamiento de enfermedades est\u00e1 dominado por procesos mec\u00e1nicos e impersonales, los cient\u00edficos que han desarrollado enfoques nuevos y m\u00e1s hol\u00edsticos en respuesta a las necesidades humanas b\u00e1sicas merecen especial atenci\u00f3n. La ciencia de la gen\u00e9tica de las ondas, atribuida a Pyotr Garjayev, es un descubrimiento revolucionario. Este m\u00e9todo se mueve en la frontera de la f\u00edsica cu\u00e1ntica y la biolog\u00eda humana, construyendo un puente entre el mundo material y las dimensiones superiores para arrojar nueva luz sobre las posibilidades de curaci\u00f3n.<\/p>\n<p>En esta era, la cuesti\u00f3n ya no es s\u00f3lo c\u00f3mo eliminar una enfermedad. El verdadero desaf\u00edo radica en comprender c\u00f3mo restablecer el equilibrio interior de una persona y c\u00f3mo se puede utilizar la innovaci\u00f3n para restablecer la armon\u00eda f\u00edsica y mental. La gen\u00e9tica de las ondas y otros descubrimientos innovadores prometen que la humanidad finalmente podr\u00e1 salir de la era oscura de la medicina y avanzar hacia un futuro m\u00e1s brillante y esperanzador.<\/p>\n<p>Todas las matrices en un solo paquete:<br \/>\n<a href=\"https:\/\/ai-xtech.eu\/termek\/garjajev-osszes-hullamgenetikai-matrixa-egy-csomagban\/\">https:\/\/ai-xtech.eu\/termek\/garjajev-osszes-hullamgenetikai-matrixa-egy-csomagban\/<\/a><\/p>\n<p>En la historia de la humanidad, la curaci\u00f3n siempre ha jugado un papel central, ya que nuestra salud es la base de la felicidad y la longevidad. Sin embargo, a lo largo de los \u00faltimos siglos, la medicina se ha inclinado cada vez m\u00e1s hacia la tecnolog\u00eda y los tratamientos de base qu\u00edmica, lo que a menudo ha alejado al paciente de un enfoque personalizado y hol\u00edstico. Al mismo tiempo, nuevos descubrimientos cient\u00edficos y herramientas innovadoras han abierto la puerta a un nuevo tipo de medicina que trata el cuerpo y el alma humanos como una unidad.<\/p>\n<p class=\" translation-block\">&quot;Durante los siglos pasados, la enfermedad y su cura se separaron del paciente y se volvieron cada vez m\u00e1s impersonales, adem\u00e1s, se orient\u00f3 fuertemente hacia el uso de sustancias qu\u00edmicas. De esta manera, la gente se volvi\u00f3 cada vez m\u00e1s sola y desesperada en medio de sus enfermedades y dolores.<br> Desde los inicios de la cultura, el paciente siempre ha sido visto y tratado junto con su enfermedad y su entorno.<\/p>\n<p>El escritor, poeta y acad\u00e9mico franc\u00e9s Paul Claudel llama a los pacientes &quot;invitados a la atenci\u00f3n&quot;.<\/p>\n<p>Entre los cient\u00edficos que trabajan para hacer la vida humana m\u00e1s bella y mejor, muchos de ellos hicieron descubrimientos cuya aplicaci\u00f3n alivi\u00f3 a la persona que sufr\u00eda con la ayuda de personas curativas. Entre los primeros inventores se encontraba Nikola Tesla, con cuyos inventos Pyotr Garjayev cre\u00f3 la ciencia de la gen\u00e9tica ondulatoria combinando varios campos de la ciencia y con la ayuda de la f\u00edsica cu\u00e1ntica. Paralelamente, Alexander Misin cre\u00f3 un dispositivo dise\u00f1ado para optimizar los cambios f\u00edsicos y qu\u00edmicos del cuerpo humano. Despu\u00e9s de que el profesor Garjajev se familiarizara con el funcionamiento del dispositivo, combin\u00f3 sus propios conocimientos para perfeccionarlo y hacerlo m\u00e1s eficaz, creando as\u00ed un nuevo y revolucionario dispositivo que sit\u00faa la curaci\u00f3n sobre una base diferente a los m\u00e9todos anteriores.<\/p>\n<p>Finalmente, con esta herramienta podemos abrir una nueva era, ya que el mundo entero debe atravesar la era oscura de la medicina y la enfermedad.<\/p>\n<p>El XXI. El hombre del siglo XXI ha llegado a una encrucijada y se enfrenta a un dilema. Como consumidor ciego, hace depender su existencia futura del inexorable desarrollo de nuevas tecnolog\u00edas y del mayor uso de bienes materiales, o encuentra el camino que conduce a la responsabilidad espiritual y espiritual, as\u00ed como a un comportamiento consciente de la salud que pueda superar sus enfermedades y consolidar su bienestar y existencia individual.<\/p>\n<p>Estar sano no significa s\u00f3lo no estar enfermo. Como personas sanas, nos sentimos maravillosos.<\/p>\n<p>La salud es como cuando recordamos los momentos felices de nuestra infancia y creemos que nos esperan muchas m\u00e1s experiencias similares&quot;<\/p>\n<p class=\" translation-block\"><em><strong>L\u00e1szl\u00f3 Lehoczki<\/strong><\/em><br> editor-director de televisi\u00f3n<br> editor en jefe fundador del Departamento Editorial Religioso de Duna Television<br> el caballero de la cultura h\u00fangara<\/p>\n<p data-wtdl-uid=\"10\" data-wtdl-original=\"true\" data-wtdl-translated=\"true\">Los programas universales son mapeos de ondas (espintr\u00f3nicos), espectros especiales, de sustancias naturales, biol\u00f3gicamente activas y de origen natural. Por ejemplo, jalea real, miel, ginseng siberiano, germen de trigo, etc. A diferencia de las matrices individuales, que requieren fotograf\u00edas al compilarlas, este programa no las requiere. Estos son los programas terminados. Los actualizamos constantemente seg\u00fan el procesamiento de nuevas propiedades del material.<\/p>\n<p data-wtdl-uid=\"11\" data-wtdl-original=\"true\" data-wtdl-translated=\"true\">Parte del programa universal se desarroll\u00f3 junto con Raisa Akhmetovna Mansurova. En mis seminarios utiliza activamente la matriz con fines de salud.<\/p>\n<p data-wtdl-uid=\"12\" data-wtdl-original=\"true\" data-wtdl-translated=\"true\">Tenga en cuenta que las matrices universales se anuncian en Internet, no conocen la tecnolog\u00eda, solo venden copias falsas de calidad escandalosa, y no se responsabilizan de su uso, no dan factura.<\/p>","protected":false},"featured_media":6568,"comment_status":"closed","ping_status":"closed","template":"","meta":{"_angie_page":false,"site-sidebar-layout":"no-sidebar","site-content-layout":"plain-container","ast-site-content-layout":"full-width-container","site-content-style":"unboxed","site-sidebar-style":"unboxed","ast-global-header-display":"","ast-banner-title-visibility":"","ast-main-header-display":"","ast-hfb-above-header-display":"","ast-hfb-below-header-display":"","ast-hfb-mobile-header-display":"","site-post-title":"","ast-breadcrumbs-content":"","ast-featured-img":"","footer-sml-layout":"","ast-disable-related-posts":"","theme-transparent-header-meta":"default","adv-header-id-meta":"","stick-header-meta":"","header-above-stick-meta":"","header-main-stick-meta":"","header-below-stick-meta":"","astra-migrate-meta-layouts":"set","ast-page-background-enabled":"default","ast-page-background-meta":{"desktop":{"background-color":"","background-image":"","background-repeat":"repeat","background-position":"center center","background-size":"auto","background-attachment":"scroll","background-type":"","background-media":"","overlay-type":"","overlay-color":"","overlay-opacity":"","overlay-gradient":""},"tablet":{"background-color":"","background-image":"","background-repeat":"repeat","background-position":"center center","background-size":"auto","background-attachment":"scroll","background-type":"","background-media":"","overlay-type":"","overlay-color":"","overlay-opacity":"","overlay-gradient":""},"mobile":{"background-color":"","background-image":"","background-repeat":"repeat","background-position":"center center","background-size":"auto","background-attachment":"scroll","background-type":"","background-media":"","overlay-type":"","overlay-color":"","overlay-opacity":"","overlay-gradient":""}},"ast-content-background-meta":{"desktop":{"background-color":"var(--ast-global-color-5)","background-image":"","background-repeat":"repeat","background-position":"center center","background-size":"auto","background-attachment":"scroll","background-type":"","background-media":"","overlay-type":"","overlay-color":"","overlay-opacity":"","overlay-gradient":""},"tablet":{"background-color":"var(--ast-global-color-5)","background-image":"","background-repeat":"repeat","background-position":"center center","background-size":"auto","background-attachment":"scroll","background-type":"","background-media":"","overlay-type":"","overlay-color":"","overlay-opacity":"","overlay-gradient":""},"mobile":{"background-color":"var(--ast-global-color-5)","background-image":"","background-repeat":"repeat","background-position":"center center","background-size":"auto","background-attachment":"scroll","background-type":"","background-media":"","overlay-type":"","overlay-color":"","overlay-opacity":"","overlay-gradient":""}}},"product_brand":[],"product_cat":[22],"product_tag":[74],"class_list":{"0":"post-899","1":"product","2":"type-product","3":"status-publish","4":"has-post-thumbnail","6":"product_cat-hullamgenetikai-megoldasok","7":"product_tag-matrix","8":"product_shipping_class-matrices","9":"desktop-align-left","10":"tablet-align-left","11":"mobile-align-left","13":"first","14":"instock","15":"taxable","16":"shipping-taxable","17":"purchasable","18":"product-type-variable"},"_links":{"self":[{"href":"https:\/\/ai-xtech.eu\/es\/wp-json\/wp\/v2\/product\/899","targetHints":{"allow":["GET"]}}],"collection":[{"href":"https:\/\/ai-xtech.eu\/es\/wp-json\/wp\/v2\/product"}],"about":[{"href":"https:\/\/ai-xtech.eu\/es\/wp-json\/wp\/v2\/types\/product"}],"replies":[{"embeddable":true,"href":"https:\/\/ai-xtech.eu\/es\/wp-json\/wp\/v2\/comments?post=899"}],"version-history":[{"count":10,"href":"https:\/\/ai-xtech.eu\/es\/wp-json\/wp\/v2\/product\/899\/revisions"}],"predecessor-version":[{"id":7396,"href":"https:\/\/ai-xtech.eu\/es\/wp-json\/wp\/v2\/product\/899\/revisions\/7396"}],"wp:featuredmedia":[{"embeddable":true,"href":"https:\/\/ai-xtech.eu\/es\/wp-json\/wp\/v2\/media\/6568"}],"wp:attachment":[{"href":"https:\/\/ai-xtech.eu\/es\/wp-json\/wp\/v2\/media?parent=899"}],"wp:term":[{"taxonomy":"product_brand","embeddable":true,"href":"https:\/\/ai-xtech.eu\/es\/wp-json\/wp\/v2\/product_brand?post=899"},{"taxonomy":"product_cat","embeddable":true,"href":"https:\/\/ai-xtech.eu\/es\/wp-json\/wp\/v2\/product_cat?post=899"},{"taxonomy":"product_tag","embeddable":true,"href":"https:\/\/ai-xtech.eu\/es\/wp-json\/wp\/v2\/product_tag?post=899"}],"curies":[{"name":"gracias","href":"https:\/\/api.w.org\/{rel}","templated":true}]}}