{"id":7488,"date":"2025-03-11T18:22:44","date_gmt":"2025-03-11T17:22:44","guid":{"rendered":"https:\/\/ai-xtech.eu\/?post_type=product&#038;p=7488"},"modified":"2026-04-08T11:57:35","modified_gmt":"2026-04-08T10:57:35","slug":"zenpeak-melleny","status":"publish","type":"product","link":"https:\/\/ai-xtech.eu\/es\/producto\/zenpeak-melleny\/","title":{"rendered":"Chaleco ZenPeak"},"content":{"rendered":"<h1><b>El chaleco ZenPeak<\/b><\/h1>\n<p>Cantidad:<strong> Plazo de entrega: 4-8 semanas<\/strong><\/p>\n<p><span dir=\"auto\">Chaleco aut\u00f3nomo con bobinas de inducci\u00f3n de campo electromagn\u00e9tico y capacidad para cambiar a modo de campo est\u00e1tico. C\u00f3modo, dise\u00f1ado para uso diario sin necesidad de conectarlo a una toma de corriente. El generador se fija directamente al chaleco, lo que permite libertad de movimiento por la habitaci\u00f3n o al caminar. Tiene las mismas propiedades que las bobinas tradicionales.<\/span><\/p>\n<p><span dir=\"auto\">Una caracter\u00edstica clave del tratamiento es que permite tratar simult\u00e1neamente una mayor \u00e1rea del cuerpo desde ambos lados. Esto aumenta la eficiencia y reduce el tiempo de tratamiento. Esto se logra cambiando al modo est\u00e1tico mediante un transformador elevador. Se utiliza otro m\u00e9todo de funcionamiento del chaleco. Este m\u00e9todo de influir en el paciente con un campo electrost\u00e1tico se basa en la interacci\u00f3n del cuerpo con un campo electrost\u00e1tico alterno de baja frecuencia y alta intensidad.<\/span><\/p>\n<p><span dir=\"auto\">El campo electrost\u00e1tico provoca vibraciones tisulares de diversos grados, que se propagan a profundidades considerables. Estas vibraciones tisulares (desplazamientos), seg\u00fan su frecuencia, intensidad y duraci\u00f3n de aplicaci\u00f3n, pueden afectar el sistema neurorreceptor, el sistema sangu\u00edneo y linf\u00e1tico local, regular el tono muscular y afectar el estado funcional de los \u00f3rganos internos.<\/span><\/p>\n<p><span dir=\"auto\">El m\u00e9todo presentado de terapia electrost\u00e1tica es eficaz en el tratamiento de patolog\u00edas del sistema musculoesquel\u00e9tico, enfermedades del sistema nervioso central y perif\u00e9rico, insuficiencia linf\u00e1tica y venosa, as\u00ed como patolog\u00edas del sistema broncopulmonar y de los \u00f3rganos digestivos.<\/span><\/p>\n<p><span dir=\"auto\">Detalles:<\/span><\/p>\n<p><span dir=\"auto\">El kit del chaleco consta de dos bobinas de cable MGTF integradas ubicadas en el propio chaleco, un generador sinusoidal m\u00f3vil de 300 kHz, una unidad de carga y un transformador elevador.<\/span><\/p>","protected":false},"excerpt":{"rendered":"<p>A ZenPeak mell\u00e9ny Mennyis\u00e9g: 4-8 h\u00e9t rend\u00e9lesi ido \u00d6n\u00e1ll\u00f3 mell\u00e9ny elektrom\u00e1gneses mez\u0151 indukci\u00f3s tekercsekkel \u00e9s statikus mez\u0151 \u00fczemm\u00f3dba kapcsolhat\u00f3s\u00e1g\u00e1val. K\u00e9nyelmes, mindennapi haszn\u00e1latra tervezve, an\u00e9lk\u00fcl, hogy konnektorhoz kellene k\u00f6tni. A gener\u00e1tor k\u00f6zvetlen\u00fcl a mell\u00e9nyhez r\u00f6gz\u00edthet\u0151, \u00edgy szabad mozg\u00e1st biztos\u00edt a szob\u00e1ban vagy j\u00e1r\u00e1s k\u00f6zben. Ugyanazokkal a tulajdons\u00e1gokkal rendelkezik, mint a hagyom\u00e1nyos tekercsek. A kezel\u00e9s egyik kulcsfontoss\u00e1g\u00fa [&hellip;]<\/p>\n","protected":false},"featured_media":7489,"comment_status":"closed","ping_status":"closed","template":"","meta":{"_angie_page":false,"site-sidebar-layout":"default","site-content-layout":"","ast-site-content-layout":"default","site-content-style":"default","site-sidebar-style":"default","ast-global-header-display":"","ast-banner-title-visibility":"","ast-main-header-display":"","ast-hfb-above-header-display":"","ast-hfb-below-header-display":"","ast-hfb-mobile-header-display":"","site-post-title":"","ast-breadcrumbs-content":"","ast-featured-img":"","footer-sml-layout":"","ast-disable-related-posts":"","theme-transparent-header-meta":"default","adv-header-id-meta":"","stick-header-meta":"","header-above-stick-meta":"","header-main-stick-meta":"","header-below-stick-meta":"","astra-migrate-meta-layouts":"set","ast-page-background-enabled":"default","ast-page-background-meta":{"desktop":{"background-color":"","background-image":"","background-repeat":"repeat","background-position":"center center","background-size":"auto","background-attachment":"scroll","background-type":"","background-media":"","overlay-type":"","overlay-color":"","overlay-opacity":"","overlay-gradient":""},"tablet":{"background-color":"","background-image":"","background-repeat":"repeat","background-position":"center center","background-size":"auto","background-attachment":"scroll","background-type":"","background-media":"","overlay-type":"","overlay-color":"","overlay-opacity":"","overlay-gradient":""},"mobile":{"background-color":"","background-image":"","background-repeat":"repeat","background-position":"center center","background-size":"auto","background-attachment":"scroll","background-type":"","background-media":"","overlay-type":"","overlay-color":"","overlay-opacity":"","overlay-gradient":""}},"ast-content-background-meta":{"desktop":{"background-color":"var(--ast-global-color-5)","background-image":"","background-repeat":"repeat","background-position":"center center","background-size":"auto","background-attachment":"scroll","background-type":"","background-media":"","overlay-type":"","overlay-color":"","overlay-opacity":"","overlay-gradient":""},"tablet":{"background-color":"var(--ast-global-color-5)","background-image":"","background-repeat":"repeat","background-position":"center center","background-size":"auto","background-attachment":"scroll","background-type":"","background-media":"","overlay-type":"","overlay-color":"","overlay-opacity":"","overlay-gradient":""},"mobile":{"background-color":"var(--ast-global-color-5)","background-image":"","background-repeat":"repeat","background-position":"center center","background-size":"auto","background-attachment":"scroll","background-type":"","background-media":"","overlay-type":"","overlay-color":"","overlay-opacity":"","overlay-gradient":""}}},"product_brand":[],"product_cat":[22],"product_tag":[],"class_list":{"0":"post-7488","1":"product","2":"type-product","3":"status-publish","4":"has-post-thumbnail","6":"product_cat-hullamgenetikai-megoldasok","7":"product_shipping_class-free","8":"desktop-align-left","9":"tablet-align-left","10":"mobile-align-left","12":"first","13":"instock","14":"taxable","15":"shipping-taxable","16":"purchasable","17":"product-type-simple"},"_links":{"self":[{"href":"https:\/\/ai-xtech.eu\/es\/wp-json\/wp\/v2\/product\/7488","targetHints":{"allow":["GET"]}}],"collection":[{"href":"https:\/\/ai-xtech.eu\/es\/wp-json\/wp\/v2\/product"}],"about":[{"href":"https:\/\/ai-xtech.eu\/es\/wp-json\/wp\/v2\/types\/product"}],"replies":[{"embeddable":true,"href":"https:\/\/ai-xtech.eu\/es\/wp-json\/wp\/v2\/comments?post=7488"}],"version-history":[{"count":7,"href":"https:\/\/ai-xtech.eu\/es\/wp-json\/wp\/v2\/product\/7488\/revisions"}],"predecessor-version":[{"id":8098,"href":"https:\/\/ai-xtech.eu\/es\/wp-json\/wp\/v2\/product\/7488\/revisions\/8098"}],"wp:featuredmedia":[{"embeddable":true,"href":"https:\/\/ai-xtech.eu\/es\/wp-json\/wp\/v2\/media\/7489"}],"wp:attachment":[{"href":"https:\/\/ai-xtech.eu\/es\/wp-json\/wp\/v2\/media?parent=7488"}],"wp:term":[{"taxonomy":"product_brand","embeddable":true,"href":"https:\/\/ai-xtech.eu\/es\/wp-json\/wp\/v2\/product_brand?post=7488"},{"taxonomy":"product_cat","embeddable":true,"href":"https:\/\/ai-xtech.eu\/es\/wp-json\/wp\/v2\/product_cat?post=7488"},{"taxonomy":"product_tag","embeddable":true,"href":"https:\/\/ai-xtech.eu\/es\/wp-json\/wp\/v2\/product_tag?post=7488"}],"curies":[{"name":"gracias","href":"https:\/\/api.w.org\/{rel}","templated":true}]}}