{"id":7175,"date":"2024-08-07T15:43:32","date_gmt":"2024-08-07T14:43:32","guid":{"rendered":"https:\/\/ai-xtech.eu\/?post_type=product&#038;p=7175"},"modified":"2026-04-08T11:58:16","modified_gmt":"2026-04-08T10:58:16","slug":"zenpeak-aura-torzos-technologia","status":"publish","type":"product","link":"https:\/\/ai-xtech.eu\/es\/producto\/zenpeak-aura-torzos-technologia\/","title":{"rendered":"Restauraci\u00f3n Remota de la Salud - (ZenPeakAura)"},"content":{"rendered":"<p>Aura del pico Zen<br \/>\nEste tratamiento energ\u00e9tico tiene como objetivo restaurar un estado de salud.<br \/>\nEl tratamiento energ\u00e9tico con la barra de torsi\u00f3n tiene una duraci\u00f3n de 1 semana.<\/p>\n<p>Durante 4 semanas, una vez a la semana, los viernes, activamos un dispositivo emisor de se\u00f1al de torsi\u00f3n con tu foto.<br \/>\ncombinado con matrices gen\u00e9ticas wavelet considerando su problema.<br \/>\nDeber\u00e1s rellenar una ficha de datos, que te enviaremos tras la compra.<\/p>\n<p>Ampliamos la tecnolog\u00eda cu\u00e1ntica no local, por lo que no tiene que estar presente durante el tratamiento energ\u00e9tico,<br \/>\n\u00a1Puedes quedarte en cualquier parte del mundo y disfrutar de las oportunidades y alegr\u00edas de la vida!<\/p>\n<p>Adem\u00e1s, para garantizar la efectividad, tambi\u00e9n puede utilizar 3 matrices gen\u00e9ticas de ondas generales, que debe acordar con nosotros de antemano, le enviaremos los enlaces de descarga y recibir\u00e1 una gu\u00eda de usuario detallada basada en video si desconoce la tecnolog\u00eda gen\u00e9tica de ondas.<\/p>\n<p>Estos archivos de sonido est\u00e1n destinados a restablecer el equilibrio energ\u00e9tico de su cuerpo.<\/p>\n<p>Hasta ahora nadie ha ofrecido la posibilidad de utilizar un m\u00e9todo de energ\u00eda combinada de este tipo; los cambios esperados pueden ocurrir incluso en una semana, pero normalmente el proceso completo dura seis meses.<\/p>\n<p>La tecnolog\u00eda fue desarrollada por el Prof. Dr. Fue fundado por el biof\u00edsico franc\u00e9s Luc Montaigner (principios desarrollados para almacenar informaci\u00f3n sobre el agua, recuperaci\u00f3n de ADN basada en sonidos, descubrimiento del virus VIH - Premio Nobel), el Prof. Dr. Anatoly Pavlenko Akimov (desarrollador y aplicaci\u00f3n de la teor\u00eda del espacio-tiempo de torsi\u00f3n) reconoci\u00f3 el modelo energ\u00e9tico detr\u00e1s del proceso, el Prof. Dr. Pyotr Petrovich Garjaev (profesor ruso de ciencias biol\u00f3gicas) cre\u00f3 los primeros prototipos de archivos gen\u00e9ticos ondulatorios a partir de muestras biol\u00f3gicas y los aplic\u00f3 a muestras de c\u00e9lulas, animales y luego humanos.<br \/>\nLa combinaci\u00f3n de tecnolog\u00edas fue aplicada por primera vez a mayor escala por G\u00e1bor Roland T\u00f3th (investigador) (Ai-Xtech GmbH)<\/p>\n<p><strong>El paquete incluye: Tratamiento de energ\u00eda de torsi\u00f3n de 4 semanas (tratamiento a distancia)<\/strong><\/p>\n<p><strong>\u00a13 matrices gen\u00e9ticas de ondas generales que t\u00fa o los miembros de tu familia pod\u00e9is utilizar en cualquier momento!<\/strong><\/p>\n<p><strong>Tratamiento MedBed (c\u00e1psula Garjaev) de media hora en Miskolc. Cl\u00ednica de Bioinform\u00e1tica Miskolc, J\u00e0nos \u00f9t 1<\/strong><\/p>\n<p>(Aura del Pico Zen)<\/p>","protected":false},"excerpt":{"rendered":"<p>ZenPeak Aura Ezen energetikai kezel\u00e9s, az eg\u00e9szs\u00e9ges \u00e1llapotot hivatott vissza\u00e1ll\u00edtani. Az energetikai kezel\u00e9s a torzi\u00f3s jelsug\u00e1rz\u00f3val, 1 h\u00e9tig tart. 4 h\u00e9tig, hetente 1 alkalommal, p\u00e9nteken aktiv\u00e1lunk egy torzi\u00f3s jel emitter eszk\u00f6zt, az \u00d6n fot\u00f3j\u00e1val kombin\u00e1lva a hull\u00e1mgenetikai m\u00e1trixokkal az \u00d6n probl\u00e9m\u00e1j\u00e1t figyelembe v\u00e9ve. Ki kell t\u00f6ltenie egy adatlapot, melyet a v\u00e1s\u00e1rl\u00e1s ut\u00e1n elk\u00fcld\u00fcnk. A kvantum [&hellip;]<\/p>\n","protected":false},"featured_media":7176,"comment_status":"closed","ping_status":"closed","template":"","meta":{"_angie_page":false,"site-sidebar-layout":"default","site-content-layout":"","ast-site-content-layout":"default","site-content-style":"default","site-sidebar-style":"default","ast-global-header-display":"","ast-banner-title-visibility":"","ast-main-header-display":"","ast-hfb-above-header-display":"","ast-hfb-below-header-display":"","ast-hfb-mobile-header-display":"","site-post-title":"","ast-breadcrumbs-content":"","ast-featured-img":"","footer-sml-layout":"","ast-disable-related-posts":"","theme-transparent-header-meta":"default","adv-header-id-meta":"","stick-header-meta":"","header-above-stick-meta":"","header-main-stick-meta":"","header-below-stick-meta":"","astra-migrate-meta-layouts":"set","ast-page-background-enabled":"default","ast-page-background-meta":{"desktop":{"background-color":"","background-image":"","background-repeat":"repeat","background-position":"center center","background-size":"auto","background-attachment":"scroll","background-type":"","background-media":"","overlay-type":"","overlay-color":"","overlay-opacity":"","overlay-gradient":""},"tablet":{"background-color":"","background-image":"","background-repeat":"repeat","background-position":"center center","background-size":"auto","background-attachment":"scroll","background-type":"","background-media":"","overlay-type":"","overlay-color":"","overlay-opacity":"","overlay-gradient":""},"mobile":{"background-color":"","background-image":"","background-repeat":"repeat","background-position":"center center","background-size":"auto","background-attachment":"scroll","background-type":"","background-media":"","overlay-type":"","overlay-color":"","overlay-opacity":"","overlay-gradient":""}},"ast-content-background-meta":{"desktop":{"background-color":"var(--ast-global-color-5)","background-image":"","background-repeat":"repeat","background-position":"center center","background-size":"auto","background-attachment":"scroll","background-type":"","background-media":"","overlay-type":"","overlay-color":"","overlay-opacity":"","overlay-gradient":""},"tablet":{"background-color":"var(--ast-global-color-5)","background-image":"","background-repeat":"repeat","background-position":"center center","background-size":"auto","background-attachment":"scroll","background-type":"","background-media":"","overlay-type":"","overlay-color":"","overlay-opacity":"","overlay-gradient":""},"mobile":{"background-color":"var(--ast-global-color-5)","background-image":"","background-repeat":"repeat","background-position":"center center","background-size":"auto","background-attachment":"scroll","background-type":"","background-media":"","overlay-type":"","overlay-color":"","overlay-opacity":"","overlay-gradient":""}}},"product_brand":[],"product_cat":[22],"product_tag":[],"class_list":{"0":"post-7175","1":"product","2":"type-product","3":"status-publish","4":"has-post-thumbnail","6":"product_cat-hullamgenetikai-megoldasok","7":"product_shipping_class-free","8":"desktop-align-left","9":"tablet-align-left","10":"mobile-align-left","12":"first","13":"instock","14":"taxable","15":"shipping-taxable","16":"purchasable","17":"product-type-simple"},"_links":{"self":[{"href":"https:\/\/ai-xtech.eu\/es\/wp-json\/wp\/v2\/product\/7175","targetHints":{"allow":["GET"]}}],"collection":[{"href":"https:\/\/ai-xtech.eu\/es\/wp-json\/wp\/v2\/product"}],"about":[{"href":"https:\/\/ai-xtech.eu\/es\/wp-json\/wp\/v2\/types\/product"}],"replies":[{"embeddable":true,"href":"https:\/\/ai-xtech.eu\/es\/wp-json\/wp\/v2\/comments?post=7175"}],"version-history":[{"count":8,"href":"https:\/\/ai-xtech.eu\/es\/wp-json\/wp\/v2\/product\/7175\/revisions"}],"predecessor-version":[{"id":7309,"href":"https:\/\/ai-xtech.eu\/es\/wp-json\/wp\/v2\/product\/7175\/revisions\/7309"}],"wp:featuredmedia":[{"embeddable":true,"href":"https:\/\/ai-xtech.eu\/es\/wp-json\/wp\/v2\/media\/7176"}],"wp:attachment":[{"href":"https:\/\/ai-xtech.eu\/es\/wp-json\/wp\/v2\/media?parent=7175"}],"wp:term":[{"taxonomy":"product_brand","embeddable":true,"href":"https:\/\/ai-xtech.eu\/es\/wp-json\/wp\/v2\/product_brand?post=7175"},{"taxonomy":"product_cat","embeddable":true,"href":"https:\/\/ai-xtech.eu\/es\/wp-json\/wp\/v2\/product_cat?post=7175"},{"taxonomy":"product_tag","embeddable":true,"href":"https:\/\/ai-xtech.eu\/es\/wp-json\/wp\/v2\/product_tag?post=7175"}],"curies":[{"name":"gracias","href":"https:\/\/api.w.org\/{rel}","templated":true}]}}