{"id":6693,"date":"2024-02-14T15:04:12","date_gmt":"2024-02-14T14:04:12","guid":{"rendered":"https:\/\/ai-xtech.eu\/?post_type=product&#038;p=6693"},"modified":"2026-04-08T11:59:02","modified_gmt":"2026-04-08T10:59:02","slug":"zenpeak-light-villanofenyes-uv-keszulek","status":"publish","type":"product","link":"https:\/\/ai-xtech.eu\/es\/producto\/zenpeak-light-villanofenyes-uv-keszulek\/","title":{"rendered":"ZenPeak Light (dispositivo flash UV)"},"content":{"rendered":"<p><strong><b>\u00a1Plazo de entrega: 4 semanas!<\/b><br \/>\n(Ecosvet)<\/strong><\/p>\n<p>&nbsp;<\/p>","protected":false},"excerpt":{"rendered":"<p data-dl-uid=\"28\" data-dl-original=\"true\" data-dl-translated=\"true\">La \u201cLuz ZenPeak\u201d \u2013<\/p>\n<p><span dir=\"auto\">Tras a\u00f1os de ensayos cl\u00ednicos, ZenPeak Light cuenta con la aprobaci\u00f3n y recomendaci\u00f3n de Roszdravnadzor, la Academia Rusa de Ciencias M\u00e9dicas y la Sociedad Rusa de M\u00e9dicos Rehabilitadores. ZenPeak Light ayuda a fortalecer el sistema inmunitario en casa, mejorar el metabolismo, retrasar el envejecimiento, normalizar la presi\u00f3n arterial y la funci\u00f3n cardiovascular, reducir la viscosidad sangu\u00ednea, disminuir los niveles de az\u00facar en sangre y tratar diversas enfermedades. \u00bfLe preocupa su salud y la de su familia?<\/span><\/p>\n<h5 class=\"fw-500\"><span dir=\"auto\">Mecanismos biomoleculares de acci\u00f3n de la irradiaci\u00f3n ultravioleta de la sangre (UVIB)<\/span><\/h5>\n<p><span dir=\"auto\">La irradiaci\u00f3n ultravioleta (UVBI) es un m\u00e9todo que consiste en exponer la sangre a cuantos de luz ultravioleta. Este m\u00e9todo se utiliza en medicina desde hace m\u00e1s de 80 a\u00f1os. En 1928, V. Hancock y E. Knott realizaron los primeros tratamientos extracorp\u00f3reos de UVBI en una mujer que falleci\u00f3 por sepsis durante el parto. El volumen de sangre irradiada fue de 100-120 ml. La paciente se recuper\u00f3. En la URSS, este m\u00e9todo se utiliz\u00f3 por primera vez en Leningrado en 1937 por los transfusi\u00f3logos A. N. Filatov y G. I. Kasumov. En 1979, en el Instituto Estatal de \u00d3ptica S. I. Vavilov de Leningrado, Yu. V. Popov, en colaboraci\u00f3n con L. M. Kukui, desarroll\u00f3 y prob\u00f3 el dispositivo Izolda MD-73, que todav\u00eda utilizan los m\u00e9dicos en la actualidad.<\/span><\/p>\n<p><span dir=\"auto\">Los efectos biol\u00f3gicos de la radiaci\u00f3n ultravioleta (RUV) se deben a la capacidad de las mol\u00e9culas en las c\u00e9lulas de los organismos vivos para absorber cuantos de radiaci\u00f3n y, como resultado, participar en diversas reacciones fotoqu\u00edmicas que modifican su estructura y funci\u00f3n. El mecanismo del efecto de la sangre irradiada en los seres humanos es complejo y multifac\u00e9tico. Si bien a\u00fan no existe una teor\u00eda unificada sobre los efectos de la RUV en el cuerpo humano, los cient\u00edficos han demostrado que la RUV aumenta dr\u00e1sticamente la actividad bactericida de la sangre e inactiva sustancias t\u00f3xicas y enzimas mediante oxidaci\u00f3n. En una segunda etapa, la funci\u00f3n de las c\u00e9lulas sangu\u00edneas se activa en la sangre irradiada, liber\u00e1ndose diversos factores inmunitarios inespec\u00edficos. Bajo la influencia de la energ\u00eda cu\u00e1ntica, se forman nuevos surfactantes en la superficie de los gl\u00f3bulos rojos, modificando la carga el\u00e9ctrica de la membrana, lo que reduce la viscosidad sangu\u00ednea y aumenta su capacidad de transporte de ox\u00edgeno.<\/span><\/p>\n<p><span dir=\"auto\">El efecto terap\u00e9utico de la fototerapia UVB desempe\u00f1a un papel importante en la reorganizaci\u00f3n del sistema inmunitario. Los efectos cl\u00ednicos positivos de la fototerapia UVB se asocian a una mejor microcirculaci\u00f3n debido a la disminuci\u00f3n de la viscosidad sangu\u00ednea y la eliminaci\u00f3n de dep\u00f3sitos de fibrina de los vasos sangu\u00edneos, lo que aumenta el flujo sangu\u00edneo perif\u00e9rico y mejora la oxigenaci\u00f3n tisular.<\/span><\/p>\n<p><span dir=\"auto\">Uno de los efectos m\u00e1s importantes de la radiaci\u00f3n UVB es su efecto bactericida. Al actuar sobre ciertas sustancias en las c\u00e9lulas bacterianas, los rayos ultravioleta tienen un efecto bactericida en la sangre del paciente. Se ha descubierto que el efecto bactericida de la sangre fotomodificada es muy similar al de los antibi\u00f3ticos.<\/span><\/p>\n<p><span dir=\"auto\">De este modo, el OVNI proporciona los siguientes efectos terap\u00e9uticos:<\/span><\/p>\n<ul>\n<li><span dir=\"auto\">bactericida;<\/span><\/li>\n<li><span dir=\"auto\">antiinflamatorio;<\/span><\/li>\n<li><span dir=\"auto\">mejorar la microcirculaci\u00f3n;<\/span><\/li>\n<li><span dir=\"auto\">aumentar la capacidad de oxigenaci\u00f3n de la sangre y mejorar el suministro de ox\u00edgeno a los \u00f3rganos y tejidos;<\/span><\/li>\n<li><span dir=\"auto\">normalizaci\u00f3n y estimulaci\u00f3n de los procesos regenerativos y metab\u00f3licos;<\/span><\/li>\n<li><span dir=\"auto\">inmunocorrectivo;<\/span><\/li>\n<li><span dir=\"auto\">Estimula la regeneraci\u00f3n, mejorando las propiedades funcionales de los eritrocitos.<\/span><\/li>\n<\/ul>\n<p><span dir=\"auto\">A pesar de los avances logrados en el estudio de los mecanismos de acci\u00f3n de la radiaci\u00f3n UVB, la investigaci\u00f3n contin\u00faa para desarrollar programas de tratamiento \u00f3ptimos para diversas enfermedades.<\/span><\/p>\n<p><span dir=\"auto\">Los datos presentados demuestran claramente la necesidad de generalizar el uso de la terapia UVB, eficaz y segura, en la pr\u00e1ctica cl\u00ednica diaria, tanto como parte de un enfoque terap\u00e9utico integral para una amplia gama de enfermedades y afecciones cl\u00ednicas, como tratamiento \u00fanico, especialmente en casos de intolerancia, falta de disponibilidad o alto costo de ciertos f\u00e1rmacos. Esto debe guiarse por los siguientes principios: no invasividad, eficacia adecuada, seguridad, efectos terap\u00e9uticos de amplio espectro, facilidad de uso y tama\u00f1o compacto. El exclusivo dispositivo UVB \u201cZenPeak Light\u201d para uso dom\u00e9stico cumple plenamente con estos requisitos.<\/span><\/p>\n<h4 class=\"text-center color-blue fw-500\"><span dir=\"auto\">\u00bfC\u00f3mo afecta el dispositivo ZenPeak Light a la salud humana?<\/span><\/h4>\n<div class=\"row d-flex justify-content-center text-center align-middle py-4\">\n<div class=\"col-xl-3 col-lg-3 col-md-3 col-6\">\n<p><img decoding=\"async\" class=\"img-fluid\" title=\"\" src=\"https:\/\/xn----7sbajjre4ayapgs2d8e2b.xn--p1ai\/wp-content\/themes\/biolis\/assets\/img\/ekosvet__ico-1.png\" alt=\"\" \/><\/p>\n<p class=\"text-center\"><span dir=\"auto\">Retrasa el proceso de envejecimiento del cuerpo<\/span><\/p>\n<\/div>\n<div class=\"col-xl-3 col-lg-3 col-md-3 col-6\">\n<p><img decoding=\"async\" class=\"img-fluid\" title=\"\" src=\"https:\/\/xn----7sbajjre4ayapgs2d8e2b.xn--p1ai\/wp-content\/themes\/biolis\/assets\/img\/ekosvet__ico-2.png\" alt=\"\" \/><\/p>\n<p class=\"text-center\"><span dir=\"auto\">Reduce los niveles de az\u00facar en sangre y los niveles de colesterol &quot;malo&quot;.<\/span><\/p>\n<\/div>\n<div class=\"col-xl-3 col-lg-3 col-md-3 col-6\">\n<p><img decoding=\"async\" class=\"img-fluid\" title=\"\" src=\"https:\/\/xn----7sbajjre4ayapgs2d8e2b.xn--p1ai\/wp-content\/themes\/biolis\/assets\/img\/ekosvet__ico-3.png\" alt=\"\" \/><\/p>\n<p class=\"text-center\"><span dir=\"auto\">Normaliza los procesos del sistema nervioso<\/span><\/p>\n<\/div>\n<div class=\"col-xl-3 col-lg-3 col-md-3 col-6\">\n<p><img decoding=\"async\" class=\"img-fluid\" title=\"\" src=\"https:\/\/xn----7sbajjre4ayapgs2d8e2b.xn--p1ai\/wp-content\/themes\/biolis\/assets\/img\/ekosvet__ico-4.png\" alt=\"\" \/><\/p>\n<p class=\"text-center\"><span dir=\"auto\">Reduce la viscosidad de la sangre y la enriquece con ox\u00edgeno.<\/span><\/p>\n<\/div>\n<\/div>\n<div class=\"row d-flex justify-content-center text-center align-middle pb-5\">\n<div class=\"col-xl-3 col-lg-3 col-md-3 col-6\">\n<p><img decoding=\"async\" class=\"img-fluid\" title=\"\" src=\"https:\/\/xn----7sbajjre4ayapgs2d8e2b.xn--p1ai\/wp-content\/themes\/biolis\/assets\/img\/ekosvet__ico-5.png\" alt=\"\" \/><\/p>\n<p class=\"text-center\"><span dir=\"auto\">Mejora el metabolismo<\/span><\/p>\n<\/div>\n<div class=\"col-xl-3 col-lg-3 col-md-3 col-6\">\n<p><img decoding=\"async\" class=\"img-fluid\" title=\"\" src=\"https:\/\/xn----7sbajjre4ayapgs2d8e2b.xn--p1ai\/wp-content\/themes\/biolis\/assets\/img\/ekosvet__ico-6.png\" alt=\"\" \/><\/p>\n<p class=\"text-center\"><span dir=\"auto\">Normaliza los procesos del sistema nervioso<\/span><\/p>\n<\/div>\n<div class=\"col-xl-3 col-lg-3 col-md-3 col-6\">\n<p><img decoding=\"async\" class=\"img-fluid\" title=\"\" src=\"https:\/\/xn----7sbajjre4ayapgs2d8e2b.xn--p1ai\/wp-content\/themes\/biolis\/assets\/img\/ekosvet__ico-7.png\" alt=\"\" \/><\/p>\n<p class=\"text-center\"><span dir=\"auto\">Restaura y fortalece el sistema inmunol\u00f3gico<\/span><\/p>\n<\/div>\n<div class=\"col-xl-3 col-lg-3 col-md-3 col-6\">\n<p><img decoding=\"async\" class=\"img-fluid\" title=\"\" src=\"https:\/\/xn----7sbajjre4ayapgs2d8e2b.xn--p1ai\/wp-content\/themes\/biolis\/assets\/img\/ekosvet__ico-8.png\" alt=\"\" \/><\/p>\n<p class=\"\"><span dir=\"auto\">Elimina las infecciones, alivia la inflamaci\u00f3n<\/span><\/p>\n<\/div>\n<\/div>\n<h4 class=\"text-center color-blue fw-500\"><span dir=\"auto\">\u00bfPor qu\u00e9 la gente elige Ecosvet 1?<\/span><\/h4>\n<div class=\"row d-flex justify-content-center text-center align-middle py-4\">\n<div class=\"col-xl-3 col-lg-3 col-md-3 col-6\">\n<p><img decoding=\"async\" class=\"img-fluid\" title=\"\" src=\"https:\/\/xn----7sbajjre4ayapgs2d8e2b.xn--p1ai\/wp-content\/themes\/biolis\/assets\/img\/ekosvet__ico-9.png\" alt=\"\" \/><\/p>\n<p class=\"text-center\"><span class=\"fw-500\"><span dir=\"auto\">Seguridad:<\/span><\/span><br \/>\n<span dir=\"auto\">Presenta m\u00ednimas contraindicaciones y es apto para el tratamiento de adultos y ni\u00f1os a partir de los 4 a\u00f1os de edad.<\/span><\/p>\n<\/div>\n<div class=\"col-xl-3 col-lg-3 col-md-3 col-6\">\n<p><img decoding=\"async\" class=\"img-fluid\" title=\"\" src=\"https:\/\/xn----7sbajjre4ayapgs2d8e2b.xn--p1ai\/wp-content\/themes\/biolis\/assets\/img\/ekosvet__ico-10.png\" alt=\"\" \/><\/p>\n<p class=\"text-center\"><span class=\"fw-500\"><span dir=\"auto\">Seguridad:<\/span><\/span><br \/>\n<span dir=\"auto\">Presenta m\u00ednimas contraindicaciones y es apto para el tratamiento de adultos y ni\u00f1os a partir de los 4 a\u00f1os de edad.<\/span><\/p>\n<\/div>\n<div class=\"col-xl-3 col-lg-3 col-md-3 col-6\">\n<p><img decoding=\"async\" class=\"img-fluid\" title=\"\" src=\"https:\/\/xn----7sbajjre4ayapgs2d8e2b.xn--p1ai\/wp-content\/themes\/biolis\/assets\/img\/ekosvet__ico-11.png\" alt=\"\" \/><\/p>\n<p class=\"text-center\"><span dir=\"auto\">Ecosvet 1\u00a0<span class=\"fw-500\">Las garant\u00edas est\u00e1n recomendadas por la Sociedad Rusa de M\u00e9dicos Rehabilitadores y aprobadas por el Consejo Cient\u00edfico de la Academia Rusa de Ciencias M\u00e9dicas.<\/span><\/span><\/p>\n<\/div>\n<div class=\"col-xl-3 col-lg-3 col-md-3 col-6\">\n<p><img decoding=\"async\" class=\"img-fluid\" title=\"\" src=\"https:\/\/xn----7sbajjre4ayapgs2d8e2b.xn--p1ai\/wp-content\/themes\/biolis\/assets\/img\/ekosvet__ico-12.png\" alt=\"\" \/><\/p>\n<p class=\"text-center\"><span class=\"fw-500\"><span dir=\"auto\">Comodidad<\/span><\/span><br \/>\n<span dir=\"auto\">Se trata de un procedimiento seguro y c\u00f3modo que puede realizarse f\u00e1cilmente en casa en 10 minutos.<\/span><\/p>\n<\/div>\n<\/div>\n<p><strong>\u00a0\u00a0\u00a0\u00a0\u00a0\u00a0<\/strong><strong><span dir=\"auto\">Contraindicaciones generales para los ovnis\u00a0<\/span><\/strong><strong><span dir=\"auto\">:<\/span><\/strong><\/p>\n<ul>\n<li><span dir=\"auto\">hipersensibilidad a la radiaci\u00f3n UV<\/span><\/li>\n<li><span dir=\"auto\">hipocoagulaci\u00f3n<\/span><\/li>\n<li><span dir=\"auto\">III. hipertensi\u00f3n en etapa<\/span><\/li>\n<li><span dir=\"auto\">formas graves de aterosclerosis<\/span><\/li>\n<li><span dir=\"auto\">accidentes cerebrovasculares agudos<\/span><\/li>\n<\/ul>\n<p><strong><span dir=\"auto\">\u00a0\u00a0\u00a0\u00a0\u00a0\u00a0 Contraindicaciones para la aplicaci\u00f3n local de OVNIs:<\/span><\/strong><\/p>\n<ul>\n<li><span dir=\"auto\">tumores malignos<\/span><\/li>\n<li><span dir=\"auto\">tuberculosis activa<\/span><\/li>\n<li><span dir=\"auto\">Enfermedades hep\u00e1ticas y renales con deterioro funcional grave<\/span><\/li>\n<li><span dir=\"auto\">tirotoxicosis<\/span><\/li>\n<li><span dir=\"auto\">lupus eritematoso sist\u00e9mico<\/span><\/li>\n<\/ul>","protected":false},"featured_media":5598,"comment_status":"closed","ping_status":"closed","template":"","meta":{"_angie_page":false,"site-sidebar-layout":"default","site-content-layout":"","ast-site-content-layout":"default","site-content-style":"default","site-sidebar-style":"default","ast-global-header-display":"","ast-banner-title-visibility":"","ast-main-header-display":"","ast-hfb-above-header-display":"","ast-hfb-below-header-display":"","ast-hfb-mobile-header-display":"","site-post-title":"","ast-breadcrumbs-content":"","ast-featured-img":"","footer-sml-layout":"","ast-disable-related-posts":"","theme-transparent-header-meta":"default","adv-header-id-meta":"","stick-header-meta":"","header-above-stick-meta":"","header-main-stick-meta":"","header-below-stick-meta":"","astra-migrate-meta-layouts":"set","ast-page-background-enabled":"default","ast-page-background-meta":{"desktop":{"background-color":"","background-image":"","background-repeat":"repeat","background-position":"center center","background-size":"auto","background-attachment":"scroll","background-type":"","background-media":"","overlay-type":"","overlay-color":"","overlay-opacity":"","overlay-gradient":""},"tablet":{"background-color":"","background-image":"","background-repeat":"repeat","background-position":"center center","background-size":"auto","background-attachment":"scroll","background-type":"","background-media":"","overlay-type":"","overlay-color":"","overlay-opacity":"","overlay-gradient":""},"mobile":{"background-color":"","background-image":"","background-repeat":"repeat","background-position":"center center","background-size":"auto","background-attachment":"scroll","background-type":"","background-media":"","overlay-type":"","overlay-color":"","overlay-opacity":"","overlay-gradient":""}},"ast-content-background-meta":{"desktop":{"background-color":"var(--ast-global-color-5)","background-image":"","background-repeat":"repeat","background-position":"center center","background-size":"auto","background-attachment":"scroll","background-type":"","background-media":"","overlay-type":"","overlay-color":"","overlay-opacity":"","overlay-gradient":""},"tablet":{"background-color":"var(--ast-global-color-5)","background-image":"","background-repeat":"repeat","background-position":"center center","background-size":"auto","background-attachment":"scroll","background-type":"","background-media":"","overlay-type":"","overlay-color":"","overlay-opacity":"","overlay-gradient":""},"mobile":{"background-color":"var(--ast-global-color-5)","background-image":"","background-repeat":"repeat","background-position":"center center","background-size":"auto","background-attachment":"scroll","background-type":"","background-media":"","overlay-type":"","overlay-color":"","overlay-opacity":"","overlay-gradient":""}}},"product_brand":[],"product_cat":[22],"product_tag":[],"class_list":{"0":"post-6693","1":"product","2":"type-product","3":"status-publish","4":"has-post-thumbnail","6":"product_cat-hullamgenetikai-megoldasok","7":"product_shipping_class-free","8":"desktop-align-left","9":"tablet-align-left","10":"mobile-align-left","12":"first","13":"instock","14":"taxable","15":"shipping-taxable","16":"purchasable","17":"product-type-simple"},"_links":{"self":[{"href":"https:\/\/ai-xtech.eu\/es\/wp-json\/wp\/v2\/product\/6693","targetHints":{"allow":["GET"]}}],"collection":[{"href":"https:\/\/ai-xtech.eu\/es\/wp-json\/wp\/v2\/product"}],"about":[{"href":"https:\/\/ai-xtech.eu\/es\/wp-json\/wp\/v2\/types\/product"}],"replies":[{"embeddable":true,"href":"https:\/\/ai-xtech.eu\/es\/wp-json\/wp\/v2\/comments?post=6693"}],"version-history":[{"count":6,"href":"https:\/\/ai-xtech.eu\/es\/wp-json\/wp\/v2\/product\/6693\/revisions"}],"predecessor-version":[{"id":7840,"href":"https:\/\/ai-xtech.eu\/es\/wp-json\/wp\/v2\/product\/6693\/revisions\/7840"}],"wp:featuredmedia":[{"embeddable":true,"href":"https:\/\/ai-xtech.eu\/es\/wp-json\/wp\/v2\/media\/5598"}],"wp:attachment":[{"href":"https:\/\/ai-xtech.eu\/es\/wp-json\/wp\/v2\/media?parent=6693"}],"wp:term":[{"taxonomy":"product_brand","embeddable":true,"href":"https:\/\/ai-xtech.eu\/es\/wp-json\/wp\/v2\/product_brand?post=6693"},{"taxonomy":"product_cat","embeddable":true,"href":"https:\/\/ai-xtech.eu\/es\/wp-json\/wp\/v2\/product_cat?post=6693"},{"taxonomy":"product_tag","embeddable":true,"href":"https:\/\/ai-xtech.eu\/es\/wp-json\/wp\/v2\/product_tag?post=6693"}],"curies":[{"name":"gracias","href":"https:\/\/api.w.org\/{rel}","templated":true}]}}